{"id":162271,"date":"2025-12-02T17:17:06","date_gmt":"2025-12-02T16:17:06","guid":{"rendered":"https:\/\/www.esteri.it\/?page_id=162271"},"modified":"2026-01-13T10:50:52","modified_gmt":"2026-01-13T09:50:52","slug":"prove-scritte-2024","status":"publish","type":"page","link":"https:\/\/www.esteri.it\/en\/trasparenza_comunicazioni_legali\/bandi_di_concorso\/concorsi\/prove-scritte-2024\/","title":{"rendered":"Prove scritte 2024"},"content":{"rendered":"<p><strong>Storia delle relazioni internazionali a partire dal Congresso di Vienna<\/strong><\/p>\n<p>L\u2019Egitto del \u201cperiodo liberale\u201d nella politica internazionale (1922-1952).<\/p>\n<p><strong>\u00a0<\/strong><\/p>\n<p><strong>Politica economica e cooperazione economica, commerciale e finanziaria multilaterale<\/strong><\/p>\n<p>Produttivit\u00e0 del lavoro e produttivit\u00e0 totale dei fattori sono le determinanti principali della prosperit\u00e0 delle nazioni. Si discuta questa affermazione, alla luce delle diverse teorie, del legame con il livello dei salari e delle determinanti della produttivit\u00e0 stessa. Si interpretino le evidenze sulle differenze tra paesi europei e con gli Stati Uniti.<\/p>\n<p>&nbsp;<\/p>\n<p><strong>Diritto internazionale pubblico e dell\u2019Unione Europea<\/strong><\/p>\n<p>L\u2019Intelligenza Artificiale e la tutela dei diritti umani nel Diritto internazionale: sfide normative e strumenti di tutela.<\/p>\n<p>&nbsp;<\/p>\n<p><strong>Lingua inglese<\/strong><\/p>\n<p>The war in Ukraine brought new momentum to the enlargement process of the European Union. Perspectives and challenges.<\/p>\n<p>&nbsp;<\/p>\n<p><strong>Seconda lingua<\/strong><\/p>\n<p>Si illustri il ruolo che le religioni e il dialogo interreligioso potrebbero avere nel ridurre le tensioni geopolitiche, prevenire situazioni di crisi e conflitto, rafforzare la collaborazione internazionale.<\/p>\n<p><strong>\u00a0<\/strong><\/p>\n<p><strong>\u00a0<\/strong><\/p>\n<h5><strong>Tracce non estratte 2024<\/strong><\/h5>\n<p><strong>Storia delle relazioni internazionali a partire dal Congresso di Vienna<\/strong><\/p>\n<p>La politica estera italiana, la diplomazia vaticana e lo \u201cspirito di Helsinki\u201d (1973-1975).<\/p>\n<p>L\u2019America Latina tra la politica estera statunitense e le ingerenze europee, dalla dottrina Monroe al corollario Roosevelt.<\/p>\n<p><strong>\u00a0<\/strong><\/p>\n<p><strong>Politica economica e cooperazione economica, commerciale e finanziaria multilaterale<\/strong><\/p>\n<p>Illustrare il rapporto tra Deficit, dinamica del Debito e sua sostenibilit\u00e0. Si discuta della ratio dei vincoli di bilancio europei alla luce delle variabili dette.<\/p>\n<p>Illustrare gli scopi, l\u2019efficacia e gli effetti reali dei dazi, anche in termini di disuguaglianza, in un regime di forte interdipendenza economica.<\/p>\n<p><strong>\u00a0<\/strong><\/p>\n<p><strong>Diritto internazionale pubblico e dell\u2019Unione Europea<\/strong><\/p>\n<p>Analisi dei processi decisionali della politica estera e di sicurezza comune dell\u2019Unione europea: aspetti giuridici e prospettive future.<\/p>\n<p>Le delimitazioni dello spazio marittimo nel Diritto internazionale: giurisdizione e strumenti di tutela.<\/p>\n<p><strong>\u00a0<\/strong><\/p>\n<p><strong>Lingua inglese<\/strong><\/p>\n<p>The Head of the Italian delegation to a conference on Italian-African relations is due to deliver the opening remarks. You are asked to provide elements for the statement.<\/p>\n<p>\u201cThe West and the rest\u201d? Different narratives within the multilateral system.<\/p>\n<p><strong>\u00a0<\/strong><\/p>\n<p><strong>Seconda lingua<\/strong><\/p>\n<p>Il modello italiano di qualit\u00e0 di vita: punto di forza della nostra economia sia in termini di esportazioni che di attrazione del turismo.<\/p>\n<p>Si illustri il contributo che la cultura, le industrie culturali e creative e la valorizzazione del patrimonio culturale possano fornire a una crescita sostenibile, anche con riferimento ai compiti ed alle attivit\u00e0 dell\u2019Unesco.<\/p>\n","protected":false},"excerpt":{"rendered":"Storia delle relazioni internazionali a partire dal Congresso di Vienna L\u2019Egitto del \u201cperiodo liberale\u201d nella politica internazionale (1922-1952). \u00a0 Politica economica e cooperazione economica, commerciale e finanziaria multilaterale Produttivit\u00e0 del lavoro e produttivit\u00e0 totale dei fattori sono le determinanti principali della prosperit\u00e0 delle nazioni. Si discuta questa affermazione, alla luce delle diverse teorie, del legame [&hellip;]","protected":false},"author":1,"featured_media":0,"parent":29256,"menu_order":0,"comment_status":"closed","ping_status":"closed","template":"","meta":{"footnotes":""},"class_list":["post-162271","page","type-page","status-publish","hentry"],"_links":{"self":[{"href":"https:\/\/www.esteri.it\/en\/wp-json\/wp\/v2\/pages\/162271","targetHints":{"allow":["GET"]}}],"collection":[{"href":"https:\/\/www.esteri.it\/en\/wp-json\/wp\/v2\/pages"}],"about":[{"href":"https:\/\/www.esteri.it\/en\/wp-json\/wp\/v2\/types\/page"}],"author":[{"embeddable":true,"href":"https:\/\/www.esteri.it\/en\/wp-json\/wp\/v2\/users\/1"}],"replies":[{"embeddable":true,"href":"https:\/\/www.esteri.it\/en\/wp-json\/wp\/v2\/comments?post=162271"}],"version-history":[{"count":2,"href":"https:\/\/www.esteri.it\/en\/wp-json\/wp\/v2\/pages\/162271\/revisions"}],"predecessor-version":[{"id":169694,"href":"https:\/\/www.esteri.it\/en\/wp-json\/wp\/v2\/pages\/162271\/revisions\/169694"}],"up":[{"embeddable":true,"href":"https:\/\/www.esteri.it\/en\/wp-json\/wp\/v2\/pages\/29256"}],"wp:attachment":[{"href":"https:\/\/www.esteri.it\/en\/wp-json\/wp\/v2\/media?parent=162271"}],"curies":[{"name":"wp","href":"https:\/\/api.w.org\/{rel}","templated":true}]}}