{"id":162309,"date":"2025-12-02T17:27:55","date_gmt":"2025-12-02T16:27:55","guid":{"rendered":"https:\/\/www.esteri.it\/?page_id=162309"},"modified":"2026-01-13T10:42:03","modified_gmt":"2026-01-13T09:42:03","slug":"prove-scritte-2021","status":"publish","type":"page","link":"https:\/\/www.esteri.it\/en\/trasparenza_comunicazioni_legali\/bandi_di_concorso\/concorsi\/prove-scritte-2021\/","title":{"rendered":"Prove scritte 2021"},"content":{"rendered":"<p><strong>Storia delle relazioni internazionali a partire dal Congresso di Vienna<\/strong><\/p>\n<p>Imperi coloniali e impero sovietico: analogie e differenze nella struttura dei rapporti centro-periferia e nelle modalit\u00e0 di disgregazione.<\/p>\n<p>&nbsp;<\/p>\n<p><strong>Politica economica e cooperazione economica, commerciale e finanziaria multilaterale<\/strong><\/p>\n<p>La condivisione internazionale e sovranazionale del debito nazionale. Da Le conseguenze economiche della pace (1919) di J. M. Keynes al Next Generation EU (2021).<\/p>\n<p>&nbsp;<\/p>\n<p><strong>Diritto internazionale pubblico e dell\u2019Unione Europea<\/strong><\/p>\n<p>I principi generali di diritto riconosciuti dalle Nazioni civili come fonte formale del diritto internazionale distinta dalle consuetudini internazionali (art. 38 dello Statuto della Corte Internazionale di Giustizia): applicabilit\u00e0 ed applicazioni. Si illustrino altres\u00ec la natura e le funzioni dei principi generali di diritto nella giurisprudenza della Corte di Giustizia dell\u2019Unione europea.<\/p>\n<p>&nbsp;<\/p>\n<p><strong>Lingua inglese<\/strong><\/p>\n<p>As Head of the Trade &amp; Economic Office of the Embassy of Italy in London, your Ambassador asks you to prepare a speech to highlight the strengths of the Italian economy to an audience of institutional investors.<\/p>\n<p>&nbsp;<\/p>\n<p><strong>Seconda lingua<\/strong><\/p>\n<p>Quale diplomatico in servizio presso un\u2019Ambasciata d\u2019Italia, il candidato rediga un intervento inaugurale da pronunciare in occasione dell\u2019apertura di una fiera alimentare e vincola di prodotti italiani, mettendo in risalto la combinazione di eccellenze produttive, sostenibilit\u00e0 e valori etici e culturali.<\/p>\n<p>&nbsp;<\/p>\n<h5><strong>Tracce non estratte 2021<\/strong><\/h5>\n<p><strong>Storia delle relazioni internazionali a partire dal Congresso di Vienna<\/strong><\/p>\n<p>Napoleone III tra revisionismo e Realpolitik: ambizioni e limiti della politica estera del Secondo Impero.<\/p>\n<p>Marte e Venere: gli effetti dell\u2019intervento in Iraq (2003) sull\u2019alleanza atlantica e sul processo di integrazione europea.<\/p>\n<p><strong>\u00a0<\/strong><\/p>\n<p><strong>Politica economica e cooperazione economica, commerciale e finanziaria multilaterale<\/strong><\/p>\n<p>I fallimenti delle nazioni: istituzioni inclusive ed estrattive, libert\u00e0 economiche e libert\u00e0 politiche, povert\u00e0 e disuguaglianza.<\/p>\n<p>Grandi infrastrutture pubbliche, appalti e corruzione. Distorsioni di mercato, concorrenza e sicurezza dei cittadini.<\/p>\n<p><strong>\u00a0<\/strong><\/p>\n<p><strong>Diritto internazionale pubblico e dell\u2019Unione Europea<\/strong><\/p>\n<p>Libert\u00e0 dei mari e controllo degli Stati costieri sui mari adiacenti in base alle norme della Convenzione di Montego Bay del 10 dicembre 1982: la posizione dell\u2019Italia e quella dell\u2019Unione europea.<\/p>\n<p>Differenze tra inchiesta internazionale, conciliazione e arbitrato internazionale, con riferimento al fondamento giuridico, al procedimento e alla natura degli atti.<\/p>\n<p><strong>\u00a0<\/strong><\/p>\n<p><strong>Lingua inglese<\/strong><\/p>\n<p>The Minister of Foreign Affairs and International Cooperation will participate in a seminar on \u201cChina and the EU: confrontation or cooperation?\u201d You are requested to prepare a short memo.<\/p>\n<p>As Head of the Press Office of the Embassy of Italy in Washington, your Ambassador asks you to prepare a letter to the Washington Post underlining Italy\u2019s commitment for a world without death penalty.<\/p>\n<p><strong>\u00a0<\/strong><\/p>\n<p><strong>Seconda lingua<\/strong><\/p>\n<p>Quale diplomatico in servizio presso un\u2019Ambasciata d\u2019Italia, il candidato rediga un discorso, da pronunciare di fronte ad un pubblico qualificato del Paese di accreditamento, per presentare i prossimi Giochi olimpici invernali Milano Cortina 2026.<\/p>\n<p>Quale diplomatico in servizio presso l\u2019Ambasciata d\u2019Italia in Utopia, il candidato prepari una breve nota di prospettiva da inviare alla Farnesina, in cui siano esaminati alcuni aspetti trascurati delle relazioni bilaterali con l\u2019Italia e che potrebbero essere sviluppati negli anni a venire.<\/p>\n<p>&nbsp;<\/p>\n","protected":false},"excerpt":{"rendered":"Storia delle relazioni internazionali a partire dal Congresso di Vienna Imperi coloniali e impero sovietico: analogie e differenze nella struttura dei rapporti centro-periferia e nelle modalit\u00e0 di disgregazione. &nbsp; Politica economica e cooperazione economica, commerciale e finanziaria multilaterale La condivisione internazionale e sovranazionale del debito nazionale. Da Le conseguenze economiche della pace (1919) di J. [&hellip;]","protected":false},"author":1,"featured_media":0,"parent":29256,"menu_order":0,"comment_status":"closed","ping_status":"closed","template":"","meta":{"footnotes":""},"class_list":["post-162309","page","type-page","status-publish","hentry"],"_links":{"self":[{"href":"https:\/\/www.esteri.it\/en\/wp-json\/wp\/v2\/pages\/162309","targetHints":{"allow":["GET"]}}],"collection":[{"href":"https:\/\/www.esteri.it\/en\/wp-json\/wp\/v2\/pages"}],"about":[{"href":"https:\/\/www.esteri.it\/en\/wp-json\/wp\/v2\/types\/page"}],"author":[{"embeddable":true,"href":"https:\/\/www.esteri.it\/en\/wp-json\/wp\/v2\/users\/1"}],"replies":[{"embeddable":true,"href":"https:\/\/www.esteri.it\/en\/wp-json\/wp\/v2\/comments?post=162309"}],"version-history":[{"count":2,"href":"https:\/\/www.esteri.it\/en\/wp-json\/wp\/v2\/pages\/162309\/revisions"}],"predecessor-version":[{"id":169675,"href":"https:\/\/www.esteri.it\/en\/wp-json\/wp\/v2\/pages\/162309\/revisions\/169675"}],"up":[{"embeddable":true,"href":"https:\/\/www.esteri.it\/en\/wp-json\/wp\/v2\/pages\/29256"}],"wp:attachment":[{"href":"https:\/\/www.esteri.it\/en\/wp-json\/wp\/v2\/media?parent=162309"}],"curies":[{"name":"wp","href":"https:\/\/api.w.org\/{rel}","templated":true}]}}