{"id":162315,"date":"2025-12-02T17:31:46","date_gmt":"2025-12-02T16:31:46","guid":{"rendered":"https:\/\/www.esteri.it\/?page_id=162315"},"modified":"2026-01-13T10:36:20","modified_gmt":"2026-01-13T09:36:20","slug":"prove-scritte-2020","status":"publish","type":"page","link":"https:\/\/www.esteri.it\/en\/trasparenza_comunicazioni_legali\/bandi_di_concorso\/concorsi\/prove-scritte-2020\/","title":{"rendered":"Prove scritte 2020"},"content":{"rendered":"<p><strong>Storia delle relazioni internazionali a partire dal Congresso di Vienna<\/strong><\/p>\n<p>Il triangolo sino-sovietico-americano nella genesi della distensione (1955-1966).<\/p>\n<p>&nbsp;<\/p>\n<p><strong>Politica economica e cooperazione economica, commerciale e finanziaria multilaterale<\/strong><\/p>\n<p>Con riferimento alle due maggiori potenze economiche mondiali attuali, si invita la candidata \/ il candidato a presentare le principali determinanti, caratteristiche e criticit\u00e0 del loro sviluppo economico negli ultimi decenni nonch\u00e9 ad analizzare i legami di interdipendenza economica e finanziaria. Nella seconda parte si invita la candidata \/ il candidato a discutere brevemente dell\u2019impatto economico della pandemia Covid-19 su tali due potenze economiche e le principali risposte di politica economica finora adottate.<\/p>\n<p><strong>\u00a0<\/strong><\/p>\n<p><strong>Diritto internazionale pubblico e dell\u2019Unione Europea<\/strong><\/p>\n<p>La protezione diplomatica degli investimenti all\u2019estero: presupposti per l\u2019esercizio e mezzi di tutela alternativi.<\/p>\n<p>&nbsp;<\/p>\n<p><strong>Lingua inglese<\/strong><\/p>\n<p>Italy and its key alliances on the world stage: tradition and evolution.<\/p>\n<p>&nbsp;<\/p>\n<p><strong>Seconda lingua<\/strong><\/p>\n<p>L\u2019eredit\u00e0 di Angela Merkel: Germania ed Europa negli anni 20 del XXI secolo.<\/p>\n<p>&nbsp;<\/p>\n<h5><strong>Tracce non estratte 2020<\/strong><\/h5>\n<p><strong>Storia delle relazioni internazionali a partire dal Congresso di Vienna<\/strong><\/p>\n<p>La questione delle nazionalit\u00e0 nell\u2019impero asburgico.<\/p>\n<p>Dallo \u201cscramble for Africa\u201d allo \u201cscramble from Africa\u201d: politiche e strutture economiche della colonizzazione e della decolonizzazione.<\/p>\n<p>&nbsp;<\/p>\n<p><strong>Politica economica e cooperazione economica, commerciale e finanziaria multilaterale<\/strong><\/p>\n<p>Presentare e discutere le caratteristiche, i limiti e le prospettive della \u201cgovernance\u201d internazionale nonch\u00e9 la sua rilevanza rispetto al livello politico-economico nazionale anche con riferimento agli interventi di politica macroeconomica intervenuti dopo la crisi finanziaria scoppiata nel 2008 e dopo lo scoppio della crisi da pandemia Covid-19.<\/p>\n<p>Con riferimento agli ultimi decenni, presentare e discutere il processo di integrazione europea e le relative motivazioni economiche e politiche. Nella seconda parte dell\u2019elaborato si invita la candidata \/ il candidato ad analizzare criticit\u00e0 e prospettive di tale processo di integrazione, anche considerando brevemente cause e conseguenze della Brexit nonch\u00e9 le recenti decisioni di politica economica europea in risposta all\u2019impatto della pandemia Covid-19.<\/p>\n<p><strong>\u00a0<\/strong><\/p>\n<p><strong>Diritto internazionale pubblico e dell\u2019Unione Europea<\/strong><\/p>\n<p>Inquadramento giuridico della cooperazione economica internazionale tra multilateralismo e unilateralismo.<\/p>\n<p>Rilevanza ed evoluzione del principio di democrazia nel diritto dell\u2019Unione Europea.<\/p>\n<p>&nbsp;<\/p>\n<p><strong>Lingua inglese<\/strong><\/p>\n<p>Legacies of the arab springs a decade on and current constraints on Italy\u2019s foreign policy.<\/p>\n<p>German reunification 30 years later: how \u201cEuropean\u201d has Germany grown since the early 90s and how \u201cGerman\u201d looks today\u2019s Europe?<\/p>\n<p>&nbsp;<\/p>\n<p><strong>Seconda lingua<\/strong><\/p>\n<p>Verso le elezioni americane 2020: la maggior parte del corpo elettorale americano \u00e8 femminile, ma solamente il 24% dei membri del Congresso \u00e8 donna. Per la prima volta, la candidata alla Vice Presidenza USA \u00e8 una senatrice di origini indo-giamaicane. A vostro avviso, si tratta di una candidatura che comporta pi\u00f9 rischi o pi\u00f9 opportunit\u00e0? Per quali motivi?<\/p>\n<p>\u00c8 auspicabile il controllo democratico sulla politica estera?<\/p>\n<p>&nbsp;<\/p>\n","protected":false},"excerpt":{"rendered":"Storia delle relazioni internazionali a partire dal Congresso di Vienna Il triangolo sino-sovietico-americano nella genesi della distensione (1955-1966). &nbsp; Politica economica e cooperazione economica, commerciale e finanziaria multilaterale Con riferimento alle due maggiori potenze economiche mondiali attuali, si invita la candidata \/ il candidato a presentare le principali determinanti, caratteristiche e criticit\u00e0 del loro sviluppo [&hellip;]","protected":false},"author":1,"featured_media":0,"parent":29256,"menu_order":0,"comment_status":"closed","ping_status":"closed","template":"","meta":{"footnotes":""},"class_list":["post-162315","page","type-page","status-publish","hentry"],"_links":{"self":[{"href":"https:\/\/www.esteri.it\/en\/wp-json\/wp\/v2\/pages\/162315","targetHints":{"allow":["GET"]}}],"collection":[{"href":"https:\/\/www.esteri.it\/en\/wp-json\/wp\/v2\/pages"}],"about":[{"href":"https:\/\/www.esteri.it\/en\/wp-json\/wp\/v2\/types\/page"}],"author":[{"embeddable":true,"href":"https:\/\/www.esteri.it\/en\/wp-json\/wp\/v2\/users\/1"}],"replies":[{"embeddable":true,"href":"https:\/\/www.esteri.it\/en\/wp-json\/wp\/v2\/comments?post=162315"}],"version-history":[{"count":4,"href":"https:\/\/www.esteri.it\/en\/wp-json\/wp\/v2\/pages\/162315\/revisions"}],"predecessor-version":[{"id":169674,"href":"https:\/\/www.esteri.it\/en\/wp-json\/wp\/v2\/pages\/162315\/revisions\/169674"}],"up":[{"embeddable":true,"href":"https:\/\/www.esteri.it\/en\/wp-json\/wp\/v2\/pages\/29256"}],"wp:attachment":[{"href":"https:\/\/www.esteri.it\/en\/wp-json\/wp\/v2\/media?parent=162315"}],"curies":[{"name":"wp","href":"https:\/\/api.w.org\/{rel}","templated":true}]}}