{"id":185254,"date":"2026-04-24T17:20:35","date_gmt":"2026-04-24T15:20:35","guid":{"rendered":"https:\/\/www.esteri.it\/?page_id=185254"},"modified":"2026-04-24T17:41:07","modified_gmt":"2026-04-24T15:41:07","slug":"i-giusti-della-farnesina","status":"publish","type":"page","link":"https:\/\/www.esteri.it\/en\/ministero\/il_mae\/i-giusti-della-farnesina\/","title":{"rendered":"I \u201cGiusti della Farnesina\u201d"},"content":{"rendered":"<p>I \u201c<strong>Giusti della Farnesina<\/strong>\u201d sono uomini e donne che, con coraggio e responsabilit\u00e0, si sono distinti nella difesa della dignit\u00e0 umana, dei diritti umani e della giustizia. Essi sono onorati nel <strong>Giardino dei Giusti della Farnesina<\/strong>, uno spazio simbolico collocato di fronte al Ministero degli Affari Esteri e della Cooperazione internazionale nel viale che porta lo stesso nome.<\/p>\n<p>Il Giardino, nato in stretta collaborazione con la <a href=\"https:\/\/it.gariwo.net\/\">Fondazione Gariwo<\/a>, \u00e8 dedicato a coloro che hanno agito con altruismo e determinazione per proteggere vite umane o promuovere valori universali, spesso a rischio della propria incolumit\u00e0, questo luogo rappresenta un tributo permanente al coraggio morale e all\u2019umanit\u00e0. Il luogo \u00e8 un invito alla riflessione e alla memoria, nonch\u00e9 un simbolo dell\u2019impegno italiano nella promozione dei diritti umani e della cooperazione internazionale.<\/p>\n<p>Le personalit\u00e0 onorate vengono selezionate da una apposita Commissione, nominata dal Ministero degli Affari esteri e della Cooperazione internazionale, attraverso criteri definiti nel settembre 2024:<br \/>\n\u2013 Essere stati in organico al Ministero degli Affari Esteri aver svolto servizio attivo presso la sede centrale o la rete istituzionale di Ambasciate, Consolati, Rappresentanze Permanenti o Uffici della rete diplomatico-consolare Italiana;<br \/>\n\u2013 Essersi distinti in maniera eccezionale per atti di coraggio, abnegazione e tutela a favore degli altri nell\u2019esercizio delle proprie funzioni, o di attivit\u00e0 direttamente o indirettamente collegate;<\/p>\n<p>I requisiti per l\u2019inserimento fra i \u201cGiusti della Farnesina\u201d non possono essere accertati se non \u201c<em>post mortem<\/em>\u201d e dopo un\u2019attenta verifica che comprende anche i fascicoli personali custoditi presso l\u2019Archivio storico-diplomatico e quello della DGRI del Ministero degli Affari Esteri e della Cooperazione internazionale.<\/p>\n<p>&nbsp;<\/p>\n<p>I \u201c<a href=\"https:\/\/diplosor.wordpress.com\/i-giusti-della-farnesina\/\">Giusti della Farnesina<\/a>\u201d che sono stati finora nominati sono:<\/p>\n<p><strong>\u00a0<\/strong><\/p>\n<p><strong>Nel marzo 2025:<\/strong><br \/>\n\u2013 L\u2019Ambasciatore <strong><a href=\"https:\/\/it.gariwo.net\/giusti\/diplomatici-giusti\/francesco-babuscio-rizzo-28349.html\">Francesco Babuscio Rizzo<\/a><\/strong> che si distinse durante il difficile periodo fra le due guerre mondiali. Come Incaricato d\u2019Affari presso la Santa Sede fra il 1943 ed il 1944 contribu\u00ec, con le autorit\u00e0 vaticane, a salvare centinaia di vite fra esuli e perseguitati, nel periodo di occupazione nazi-fascista di Roma.<br \/>\n\u2013 Il Ministro Plenipotenziario <strong><a href=\"https:\/\/it.gariwo.net\/giusti\/diplomatici-giusti\/piero-de-masi-28356.html\">Piero De Masi<\/a><\/strong>, noto per il suo intervento a Santiago del Cile nel 1973, trasform\u00f2 l\u2019Ambasciata italiana in un rifugio sicuro, proteggendo con coraggio e sensibilit\u00e0 oppositori politici e ordinari cittadini cileni.<br \/>\n\u2013 L\u2019Ambasciatore <strong><a href=\"https:\/\/it.gariwo.net\/giusti\/diplomatici-giusti\/giorgio-giacomelli-28357.html\">Giorgio Giacomelli<\/a><\/strong>, che nel 1964, durante il turbolento scenario della crisi in Congo, organizz\u00f2 con straordinaria prontezza missioni di soccorso per salvare numerose vite in pericolo.<br \/>\n\u2013 Il Console <strong><a href=\"https:\/\/it.gariwo.net\/giusti\/diplomatici-giusti\/vito-positano-24385.html\">Vito Positano<\/a><\/strong>, che durante la guerra di liberazione dagli ottomani a Sofia nel 1877, fronteggi\u00f2 la minaccia di saccheggio e distruzione e guid\u00f2 la popolazione verso la salvezza. La sua audacia ispir\u00f2 un\u2019intera citt\u00e0, che gli confer\u00ec onori e riconoscimenti.<br \/>\n\u2013 L\u2019Addetto <strong><a href=\"https:\/\/it.gariwo.net\/giusti\/diplomatici-giusti\/tito-spoglia-28358.html\">Tito Spoglia<\/a><\/strong> che fu protagonista, nel 1960, di un atto eroico: in Congo, nel mezzo di una rivolta, il giovane diplomatico sacrific\u00f2 la propria vita nel tentativo di salvare connazionali e colleghi.<\/p>\n<p><strong>\u00a0<\/strong><\/p>\n<p><strong>Nel marzo 2024:<\/strong><br \/>\n\u2013 <a href=\"https:\/\/it.gariwo.net\/giusti\/diplomatici-giusti\/guelfo-zamboni-1498.html\"><strong>Guelfo Zamboni<\/strong><\/a>, Console Generale d\u2019Italia a Salonicco, che si oppose ai nazisti per salvare ebrei italiani e greci.<br \/>\n\u2013 <a href=\"https:\/\/it.gariwo.net\/giusti\/diplomatici-giusti\/lucillo-merci-1536.html\"><strong>Lucillo Merci<\/strong><\/a>, Capitano dell\u2019Esercito italiano, che collabor\u00f2 con il Console Zamboni per salvare gli ebrei a Salonicco.<br \/>\n\u2013 <a href=\"https:\/\/it.gariwo.net\/giusti\/diplomatici-giusti\/giuseppe-castruccio-1544.html\"><strong>Giuseppe Castruccio<\/strong><\/a>, Console Generale d\u2019Italia a Salonicco, che organizz\u00f2 il \u201ctreno della salvezza\u201d per gli ebrei da Salonicco ad Atene.<br \/>\n\u2013 <a href=\"https:\/\/it.gariwo.net\/giusti\/diplomatici-giusti\/vittorio-castellani-1514.html\"><strong>Vittorio Castellani Pastoris<\/strong><\/a>, diplomatico italiano che salv\u00f2 gli ebrei in Croazia.<br \/>\n\u2013 <a href=\"https:\/\/it.gariwo.net\/giusti\/diplomatici-giusti\/tomaso-de-vergottini-14513.html\"><strong>Tomaso de Vergottini<\/strong><\/a>, diplomatico italiano che accolse rifugiati e oppositori al regime di Pinochet nell\u2019edificio dell\u2019Ambasciata italiana a Santiago del Cile, contribuendo alla loro salvezza attraverso migliaia di salvacondotti.<br \/>\n\u2013 <a href=\"https:\/\/it.gariwo.net\/giusti\/diplomatici-giusti\/pierantonio-costa-2409.html\"><strong>Pierantonio Costa<\/strong><\/a>, Console onorario della Repubblica Italiana, che salv\u00f2 quasi 2000 persone, tra cui 375 bambini, durante il genocidio in Ruanda.<br \/>\n\u2013 <a href=\"https:\/\/it.gariwo.net\/giusti\/diplomatici-giusti\/luca-attanasio-25172.html\"><strong>Luca Attanasio<\/strong><\/a>, Ambasciatore italiano a Kinshasa, che perse tragicamente la vita il 22 febbraio 2021 durante un attentato mentre viaggiava sul convoglio del Programma Alimentare Mondiale per un progetto di cooperazione in Repubblica Democratica del Congo.<br \/>\n\u2013 <strong>Vittorio Iacovacci<\/strong>, carabiniere che perse la vita nella Repubblica Democratica del Congo nel tentativo di proteggere l\u2019Ambasciatore Attanasio durante l\u2019agguato del 22 febbraio 2021.<br \/>\n\u2013 <strong>Mustapha Milambo<\/strong>, autista congolese del Programma Alimentare Mondiale, che perse la vita nella Repubblica Democratica del Congo durante l\u2019agguato del 22 febbraio 2021.<\/p>\n<p>&nbsp;<\/p>\n<p>Comunicati Stampa usciti sul tema:<\/p>\n<p>22 aprile 2026 &#8211; <a href=\"https:\/\/www.esteri.it\/it\/sala_stampa\/archivionotizie\/notestampa\/2026\/04\/nota-di-accreditamento-stampa-inaugurazione-di-cinque-nuove-targhe-nel-giardino-dei-giusti-della-farnesina-piazzale-della-farnesina-23-aprile-2026\/\">Inaugurazione di cinque nuove targhe nel Giardino dei Giusti della Farnesina<\/a><\/p>\n<p>6 marzo 2026 &#8211; <a href=\"https:\/\/www.esteri.it\/it\/sala_stampa\/archivionotizie\/comunicati\/2026\/03\/giornata-europea-dei-giusti-la-farnesina-ricorda-il-coraggio-della-sua-diplomazia\/\">Giornata Europea dei Giusti: la Farnesina ricorda il coraggio della sua diplomazia<\/a><\/p>\n<p>6 marzo 2025 &#8211; <a href=\"https:\/\/www.esteri.it\/it\/sala_stampa\/archivionotizie\/comunicati\/2025\/03\/nomina-di-cinque-nuovi-giusti-della-farnesina\/\">Nomina di cinque nuovi \u201cGiusti della Farnesina\u201d<\/a><\/p>\n<p>11 marzo 2024 &#8211; <a href=\"https:\/\/www.esteri.it\/it\/sala_stampa\/archivionotizie\/notestampa\/2024\/03\/reminder-nota-di-accreditamento-stampa-inaugurazione-del-giardino-dei-giusti-della-farnesina-martedi-12-marzo-2024\/\">Inaugurazione del Giardino dei Giusti della Farnesina<\/a><\/p>\n","protected":false},"excerpt":{"rendered":"I \u201cGiusti della Farnesina\u201d sono uomini e donne che, con coraggio e responsabilit\u00e0, si sono distinti nella difesa della dignit\u00e0 umana, dei diritti umani e della giustizia. Essi sono onorati nel Giardino dei Giusti della Farnesina, uno spazio simbolico collocato di fronte al Ministero degli Affari Esteri e della Cooperazione internazionale nel viale che porta [&hellip;]","protected":false},"author":4,"featured_media":0,"parent":29161,"menu_order":10,"comment_status":"closed","ping_status":"closed","template":"","meta":{"footnotes":""},"class_list":["post-185254","page","type-page","status-publish","hentry"],"_links":{"self":[{"href":"https:\/\/www.esteri.it\/en\/wp-json\/wp\/v2\/pages\/185254","targetHints":{"allow":["GET"]}}],"collection":[{"href":"https:\/\/www.esteri.it\/en\/wp-json\/wp\/v2\/pages"}],"about":[{"href":"https:\/\/www.esteri.it\/en\/wp-json\/wp\/v2\/types\/page"}],"author":[{"embeddable":true,"href":"https:\/\/www.esteri.it\/en\/wp-json\/wp\/v2\/users\/4"}],"replies":[{"embeddable":true,"href":"https:\/\/www.esteri.it\/en\/wp-json\/wp\/v2\/comments?post=185254"}],"version-history":[{"count":2,"href":"https:\/\/www.esteri.it\/en\/wp-json\/wp\/v2\/pages\/185254\/revisions"}],"predecessor-version":[{"id":185274,"href":"https:\/\/www.esteri.it\/en\/wp-json\/wp\/v2\/pages\/185254\/revisions\/185274"}],"up":[{"embeddable":true,"href":"https:\/\/www.esteri.it\/en\/wp-json\/wp\/v2\/pages\/29161"}],"wp:attachment":[{"href":"https:\/\/www.esteri.it\/en\/wp-json\/wp\/v2\/media?parent=185254"}],"curies":[{"name":"wp","href":"https:\/\/api.w.org\/{rel}","templated":true}]}}