{"id":29187,"date":"2007-04-18T10:44:42","date_gmt":"2007-04-18T08:44:42","guid":{"rendered":"https:\/\/www.esteri.it\/ministero\/struttura\/il_mae\/ministri_esteri\/antonio_martino\/"},"modified":"2025-10-15T19:03:56","modified_gmt":"2025-10-15T17:03:56","slug":"antonio_martino","status":"publish","type":"page","link":"https:\/\/www.esteri.it\/en\/ministero\/il_mae\/ministri_esteri\/antonio_martino\/","title":{"rendered":"Antonio Martino"},"content":{"rendered":"<p>E&#8217; nato nel 1942 a Messina, dove nel 1964 si \u00e8 laureato in Giurisprudenza col massimo dei voti. Nel 1965, a seguito di un concorso a livello europeo, \u00e8 stato nominato Harkness Fellow of the Commonwealth Fund per il biennio 1966-68. Durante tale periodo si \u00e8 specializzato presso il Dipartimento di Economia della University of Chicago, dove \u00e8 stato allievo di Milton Friedman, George Stigler ed altri eminenti economisti.<\/p>\n<p>Nel corso della sua carriera accademica ha insegnato nelle Universit\u00e0 di Roma &#8220;La Sapienza&#8221; (assistente volontario, 1964-70; assistente ordinario, 1970-76; professore ordinario, 1979-92); Messina (professore incaricato, 1970-76); Bari (professore straordinario, 1976); Napoli (professore straordinario, 1976-79). Dal 1992 \u00e8 professore ordinario di Economia Politica nella Facolt\u00e0 di Scienze Politiche della LUISS &#8220;G. Carli&#8221; di Roma, Facolt\u00e0 della quale \u00e8 stato Preside, 1992-94. Dal 1994 \u00e8 in aspettativa parlamentare.<\/p>\n<p>E&#8217; autore di 12 libri ed oltre 150 pubblicazioni scientifiche. I suoi libri pi\u00f9 recenti sono: Stato padrone, La schiavit\u00f9 fiscale: dimensioni, cause e possibili rimedi, Sperling &amp; Kupfer Editori, Milano 1997; Economia e libert\u00e0, Rubbettino editore srl, Soveria Mannelli (CZ) 1996; Friedman, Giunti &amp; Lisciani editori, Teramo 1994.<\/p>\n<p>Uno dei fondatori di Forza Italia (la sua tessera del 1994 aveva il numero 2), \u00e8 stato eletto deputato nelle elezioni politiche del 1994 e rieletto in quelle del 1996 e del 2001. Attualmente \u00e8 Ministro della Difesa. E\u2019 stato Ministro degli Affari Esteri nel primo Governo presieduto da Silvio Berlusconi (1994). Presidente del gruppo italiano dell&#8217;Unione Interparlamentare dal 1995, \u00e8 stato membro della Commissione Affari Esteri della Camera dei Deputati nella XIII legislatura.<\/p>\n<p>Ha svolto e continua a svolgere attivit\u00e0 pubblicistica sulla stampa quotidiana e periodica sia italiana che estera. E&#8217; membro di consigli direttivi e comitati scientifici di fondazioni ed istituti di vari paesi. Fa parte del comitato editoriale di alcune riviste estere.<\/p>\n<p>Resident Distinguished Scholar, The Heritage Foundation, Washington (1980-81). Grande Ufficiale dell&#8217;Ordine al Merito della Repubblica Italiana (1993). Gran Croce, Classe speciale, dell&#8217;Ordine al merito melitense del Sovrano Militare Ordine di Malta (1995). Laurea honoris causa in Scienze Politiche, &#8220;F. Marroquin&#8221; University, Guatemala (1997).<\/p>\n<p>E&#8217; sposato (dal 1970) ed ha due figlie.<\/p>\n","protected":false},"excerpt":{"rendered":"E&#8217; nato nel 1942 a Messina, dove nel 1964 si \u00e8 laureato in Giurisprudenza col massimo dei voti. Nel 1965, a seguito di un concorso a livello europeo, \u00e8 stato nominato Harkness Fellow of the Commonwealth Fund per il biennio 1966-68. Durante tale periodo si \u00e8 specializzato presso il Dipartimento di Economia della University of [&hellip;]","protected":false},"author":1,"featured_media":0,"parent":29167,"menu_order":20,"comment_status":"closed","ping_status":"closed","template":"","meta":{"footnotes":""},"class_list":["post-29187","page","type-page","status-publish","hentry"],"_links":{"self":[{"href":"https:\/\/www.esteri.it\/en\/wp-json\/wp\/v2\/pages\/29187","targetHints":{"allow":["GET"]}}],"collection":[{"href":"https:\/\/www.esteri.it\/en\/wp-json\/wp\/v2\/pages"}],"about":[{"href":"https:\/\/www.esteri.it\/en\/wp-json\/wp\/v2\/types\/page"}],"author":[{"embeddable":true,"href":"https:\/\/www.esteri.it\/en\/wp-json\/wp\/v2\/users\/1"}],"replies":[{"embeddable":true,"href":"https:\/\/www.esteri.it\/en\/wp-json\/wp\/v2\/comments?post=29187"}],"version-history":[{"count":2,"href":"https:\/\/www.esteri.it\/en\/wp-json\/wp\/v2\/pages\/29187\/revisions"}],"predecessor-version":[{"id":153098,"href":"https:\/\/www.esteri.it\/en\/wp-json\/wp\/v2\/pages\/29187\/revisions\/153098"}],"up":[{"embeddable":true,"href":"https:\/\/www.esteri.it\/en\/wp-json\/wp\/v2\/pages\/29167"}],"wp:attachment":[{"href":"https:\/\/www.esteri.it\/en\/wp-json\/wp\/v2\/media?parent=29187"}],"curies":[{"name":"wp","href":"https:\/\/api.w.org\/{rel}","templated":true}]}}