{"id":29319,"date":"2012-06-06T15:20:32","date_gmt":"2012-06-06T13:20:32","guid":{"rendered":"https:\/\/www.esteri.it\/ministero\/lavora-con-noi\/concorsi-pubblici\/carriera_diplom\/concorso_diplomatico\/requisiti_e_domanda\/"},"modified":"2026-02-23T11:46:25","modified_gmt":"2026-02-23T10:46:25","slug":"requisiti_e_domanda","status":"publish","type":"page","link":"https:\/\/www.esteri.it\/en\/servizi-opportunita\/opportunita\/al-maeci\/carriera_diplom\/requisiti_e_domanda\/","title":{"rendered":"I requisiti e la domanda"},"content":{"rendered":"<p><strong>Requisiti<\/strong><\/p>\n<p>I requisiti per poter essere ammessi a partecipare al concorso per la carriera diplomatica sonoindicati dal DPCM n. 72 del 2008.<\/p>\n<ul>\n<li>Tra questi rilevano:\n<ul>\n<li>Il possesso della cittadinanza italiana;<\/li>\n<li>et\u00e0 non superiore ai trentacinque anni compiuti. Il limite di et\u00e0 pu\u00f2 essere innalzato per un massimo complessivo di tre anni in alcune ipotesi specificamente previste dal regolamento.<\/li>\n<li>laurea magistrale o titolo equiparato secondo la normativa vigente. Ai titoli accademici conseguiti all&#8217;estero si applica l&#8217;<a href=\"https:\/\/www.normattiva.it\/uri-res\/N2Ls?urn:nir:stato:decreto.legislativo:2001-03-30;165~art38-com3\">articolo 38, comma 3, del decreto legislativo 30 marzo 2001, n. 165<\/a>.<\/li>\n<li>idoneit\u00e0 psico-fisica tale da permettere di svolgere l\u2019attivit\u00e0 diplomatica sia presso l\u2019Amministrazione centrale che in sedi estere, ed in particolare in quelle con caratteristiche di disagio.<\/li>\n<\/ul>\n<\/li>\n<\/ul>\n<p>I requisiti prescritti devono essere posseduti alla data di scadenza del termine stabilito per la presentazione delle domande di ammissione alle prove concorsuali.<br \/>\nNon sono ammessi alle prove concorsuali i candidati che, nei concorsi banditi dopo il 1\u00b0 gennaio 2003, abbiano gi\u00e0 portato a termine per quattro volte, senza superarle, le prove scritte d\u2019esame. Ad esempio, la partecipazione alla prova attitudinale e il suo mancato superamento non rappresentano un tentativo a questo fine; nemmeno rappresenta un tentativo il superamento delle prove scritte e l\u2019insuccesso alla prova orale.<\/p>\n<p><strong>Come presentare domanda? <\/strong><\/p>\n<p>La domanda di partecipazione al concorso deve essere trasmessa al Ministero degli affari esteri e della cooperazione internazionale \u2013 DGRI \u2013 Ufficio V \u2013 secondo le modalit\u00e0 ed entro il termine indicati dal bando. La domanda \u00e8 inviata per via telematica, compilando il modulo on line all\u2019indirizzo internet <a href=\"https:\/\/portaleconcorsi.esteri.it\/\">https:\/\/portaleconcorsi.esteri.it\/<\/a>.<\/p>\n<p>La data di presentazione on line della domanda di partecipazione al concorso \u00e8 certificata dal sistema informatico che, allo scadere del termine utile per la sua presentazione, non permette pi\u00f9 l\u2019accesso e l\u2019invio del modulo elettronico.<\/p>\n","protected":false},"excerpt":{"rendered":"Requisiti I requisiti per poter essere ammessi a partecipare al concorso per la carriera diplomatica sonoindicati dal DPCM n. 72 del 2008. Tra questi rilevano: Il possesso della cittadinanza italiana; et\u00e0 non superiore ai trentacinque anni compiuti. Il limite di et\u00e0 pu\u00f2 essere innalzato per un massimo complessivo di tre anni in alcune ipotesi specificamente [&hellip;]","protected":false},"author":1,"featured_media":0,"parent":29259,"menu_order":0,"comment_status":"closed","ping_status":"closed","template":"","meta":{"footnotes":""},"class_list":["post-29319","page","type-page","status-publish","hentry"],"_links":{"self":[{"href":"https:\/\/www.esteri.it\/en\/wp-json\/wp\/v2\/pages\/29319","targetHints":{"allow":["GET"]}}],"collection":[{"href":"https:\/\/www.esteri.it\/en\/wp-json\/wp\/v2\/pages"}],"about":[{"href":"https:\/\/www.esteri.it\/en\/wp-json\/wp\/v2\/types\/page"}],"author":[{"embeddable":true,"href":"https:\/\/www.esteri.it\/en\/wp-json\/wp\/v2\/users\/1"}],"replies":[{"embeddable":true,"href":"https:\/\/www.esteri.it\/en\/wp-json\/wp\/v2\/comments?post=29319"}],"version-history":[{"count":3,"href":"https:\/\/www.esteri.it\/en\/wp-json\/wp\/v2\/pages\/29319\/revisions"}],"predecessor-version":[{"id":176641,"href":"https:\/\/www.esteri.it\/en\/wp-json\/wp\/v2\/pages\/29319\/revisions\/176641"}],"up":[{"embeddable":true,"href":"https:\/\/www.esteri.it\/en\/wp-json\/wp\/v2\/pages\/29259"}],"wp:attachment":[{"href":"https:\/\/www.esteri.it\/en\/wp-json\/wp\/v2\/media?parent=29319"}],"curies":[{"name":"wp","href":"https:\/\/api.w.org\/{rel}","templated":true}]}}