{"id":89823,"date":"2019-09-05T19:48:38","date_gmt":"2019-09-05T17:48:38","guid":{"rendered":"https:\/\/www.esteri.it\/ministero\/struttura\/il_mae\/ministri_esteri\/enzo-moavero-milanesi_0\/"},"modified":"2022-10-24T11:12:00","modified_gmt":"2022-10-24T09:12:00","slug":"enzo-moavero-milanesi_0","status":"publish","type":"page","link":"https:\/\/www.esteri.it\/en\/ministero\/il_mae\/ministri_esteri\/enzo-moavero-milanesi_0\/","title":{"rendered":"Enzo Moavero Milanesi"},"content":{"rendered":"<p>Minister of Foreign Affairs and International Cooperation (since 31 May 2018 to 5 September 2019);<\/p>\n<p>University LUISS Guido Carli: Director of the School of Law and professor of EU Law at the Department of Law (since 2014; at present, he is on unpaid leave).<\/p>\n<p>Coll\u00e8ge d\u2019Europe (Bruges, Belgium): professor (since 2007; presently on leave).<\/p>\n<p>In the Italian Government: Minister for European Affairs (2011-2014); Representative of Italy to the EU \u2018General Affairs\u2019 Council and \u2018Competitiveness\u2019 Council; Chairman of the Inter-ministerial Committee for European Affairs (CIAE).<\/p>\n<p>Court of Justice of the European Union: President of Chamber and judge at the General Court of the Court of Justice of the European Union (2006-2011).<\/p>\n<p>At the European Commission: Deputy Secretary-General of the Commission (2002-2005); Director General of BEPA, the Bureau of the European Policy Advisors (2005-2006); Director of \u2018Antitrust Services\u2019 (2000-2002); Chief of staff (&#8216;cabinet&#8217;) of the Commissioner in charge of the &#8216;Single Market&#8217;, Financial Services, Taxation and Competition Policy (1995-1999) and of the Vice President responsible for Telecommunication, Information Technologies and Research Policy (1989-1992); Special Adviser to the European Commissioner for Internal Market and Services on the legal aspects of the \u2018internal market\u2019\u00a0 (2014) and Special Adviser to the First Vice-President of the European Commission on the Rule of Law and \u2018Better Regulation\u2019 (2015-2017).<\/p>\n<p>LUISS University (1993-1996, 2002-2006 and 2004-2011), Bocconi University (1991-1998 and 1996-2000) and La Sapienza University (1993-1995): professor of European Union Law.<\/p>\n<p>For the Office of the Italian Prime Minister, he served as: member of the Committee of Experts for the Government Agenda (Ciampi Government, 1993-1994); head of the Secretariat of EU Affairs (1993-1995); member of the Working Group to analyse the business and financial plans of State-owned enterprises (1993-1994); member of the Technical Committee for CIPE Resolutions on coordinating national and EU economic policies (1993-1994); member of the Committee of Inquiry on Poverty (1993-1995); and member of the Scientific Committee for the Transposition of EU Law in Italy (1999).<\/p>\n<p>Co-editor-in-chief of the \u201cRivista italiana di Antitrust\u201d &#8211; Italian Antitrust Review (AGCM) and of \u201cLa Comunit\u00e0 internazionale\u201d (Editoriale Scientifica). Member of the Editorial Board of the following magazines: Rivista delle societ\u00e0 (Giuffr\u00e8); Revue du droit de l\u2019Union Europ\u00e9enne (Cl\u00e8ment Juglar); Diritto degli scambi e del commercio internazionale (Editoriale Scientifica).<\/p>\n<p>He is a member of: Scientific Board of the Institute of the Italian Encyclopaedia (Treccani); Scientific Council of the Global Competition Law Centre (GCLC). He also sat on the Board of Directors of the Italian Society for International Organization (SIOI).<\/p>\n<p>He holds a degree in Law from the University La Sapienza, Rome (1977) with a doctoral dissertation on Commercial Law, and in EU Law from the College of Europe Bruges (Belgium).<\/p>\n<p>He has authored several scientific publications, including the following:<\/p>\n<p>&#8211;\u00a0<i>Diritto della concorrenza dell\u2019Unione Europea<\/i>, Scientifica, Naples, 2004, pp. XVI\/303.<\/p>\n<p>&#8211;\u00a0<i>Lezioni di diritto comunitario<\/i>, Scientifica, Naples; 4th edition, 2002, Volume 2, pp. XI\/491 (co-authored with L. Ferrari Bravo, who wrote Part One).<\/p>\n<p>&#8211;\u00a0<i>Antitrust e concentrazioni fra imprese nel diritto comunitario<\/i>, Giuffr\u00e8, Milan, 1992, pp. XXVI\/ 612.<\/p>\n<p>&#8211;\u00a0<i>Le regole a garanzia della libera concorrenza<\/i>, in Europa, Institute of the Italian Encyclopaedia (Treccani), 2018, pp. 318 ff.<\/p>\n<p>&#8211;\u00a0<i>Non solo Fiscal Compact: badiamo alla pi\u00f9 generale cornice in cui si inserisce<\/i>, in \u2018\u00c8 possibile una riforma radicale della governance fiscale europea? Fondazione Basso, 2017, Rome.<\/p>\n<p>&#8211;\u00a0<i>Serve, ancora, un&#8217;Europa dei piccoli passi?,\u00a0<\/i>in \u2018Il Piano Juncker per l&#8217;Europa in crisi. Verso industria 4.0 e crescita verde?\u2019, edited by L. Paganetto, Fondazione Economia Tor Vergata,\u00a0 Eurlink, Rome, 2016, pp. 181 ff.<\/p>\n<p>&#8211;\u00a0<i>Il sistema delle &#8216;conferenze&#8217; di raccordo fra lo Stato e le autonomie territoriali: riflessioni in relazione all&#8217;ordinamento dell&#8217;Unione Europea<\/i>, in Rassegna Parlamentare, 2016, pp. 481 ff.<\/p>\n<p>&#8211;\u00a0<i>Some Considerations on the Role of the Court of Justice of the European Union and the Compliance of Italy with EU Law, in New Journal of European Criminal Law<\/i>, Vol. 6, Special Issue, 2015, Intersentia Publishers, Belgium, pp. 414 ff.<\/p>\n<p>&#8211;\u00a0<i>Quattro punti programmatici (realizzabili) per rafforzare l\u2019Unione Economica e Monetaria e l\u2019Unione Europea<\/i>, in \u2018La sfida europea. Crescita, occupazione e riforme\u2019, Franco Angeli, 2015, pp. 129 ff.<\/p>\n<p>&#8211;\u00a0<i>L\u2019Unione Europea: un cantiere aperto<\/i>, in \u2018Rapporto dei 20: Revitalizing Anaemic Europe\u2019, edited by L. Paganetto, Fondazione Economia Tor Vergata, Eurlink, Rome, 2014, pp. 233 ff.<\/p>\n<p>&#8211;\u00a0<i>I servizi d\u2019interesse generale e i servizi d\u2019interesse economico generale<\/i>, in \u2018Il mercato unico dei servizi\u2019, Giuffr\u00e8, Milan, 2007, pp. 89 ff.<\/p>\n<p>&#8211;\u00a0<i>L\u2019azione della Commissione europea per migliorare il processo legislativo dell\u2019Unione europea<\/i>, in \u2018La qualit\u00e0 della regolazione, Presidenza del Consiglio dei Ministri\u2019, Maggioli ed., Rome, 2006, pp. 77 ff.<\/p>\n<p>&#8211;\u00a0<i>Legami personali fra imprese (\u00abinterlocking directorship\u00bb) e diritto comunitario della concorrenza: riflessioni<\/i>, in \u2018Scritti giuridici per Guido Rossi\u2019 Giuffr\u00e8, Milan, 2002, pp. 943 ff.<\/p>\n<p>&#8211;\u00a0<i>Minority Shareholdings, Interlocking Directorships and the EC Competition rules. Recent Commission practice<\/i>, in Competition Policy Newsletter, 1\/2002, pp. 15 ff. (co-authored with A. Winterstein).<\/p>\n<p>&#8211;\u00a0<i>Minderheitsbeteiligungen und personelle Verflechtungen zwichen Wettbewerbern. Zur Anwendung von Artikel 81 und 82 EG Vertrag<\/i>, in \u2018Handbuch der europaichen Finanzdienstleistungsindustrie\u2019, F.Knapp Verlag, Frankfurt am Main, 2001, pp. 251 ff. (co-authored with A. Winterstein).<\/p>\n<p>&#8211;\u00a0<i>Les \u00abservices d\u2019int\u00e9r\u00eat \u00e9conomique g\u00e9n\u00e9ral\u00bb, les entreprises publiques et les privatisations<\/i>, in Revue du droit de l\u2019Union europ\u00e9enne, 2000, pp. 117 ff.<\/p>\n<p>&#8211;\u00a0<i>Commercio intracomunitario<\/i>, in \u2018Trattato di diritto amministrativo europeo\u2019, edited by M. Chiti and B. Greco, Giuffr\u00e8, Milano, 1998, Special Part, Vol. 1, pp. 465 ff.<\/p>\n<p>&#8211;\u00a0<i>Sovereignty and federalism<\/i>, in \u2018Europa &#8211; Programme, Today\u2019s Europe: the present situation, trends in Italy and in the Nordic Countries\u2019, Oslo, 1995, n. 7, pp. 22 ff.<\/p>\n<p>&#8211;\u00a0<i>Privatizzazioni. Diritto comunitario<\/i>, entry in \u2018Enciclopedia giuridica\u2019, Institute of the Italian Encyclopaedia, Rome, Update IV, 1995, pp. 1 ff.<\/p>\n<p>&#8211;\u00a0<i>La Commissione: funzioni e organizzazione<\/i>, in Rivista italiana di diritto pubblico comunitario, 1993, pp. 1133 ff.<\/p>\n<p>&#8211;\u00a0<i>Normativa ed organizzazione comunitaria per il controllo delle concentrazioni tra imprese<\/i>, in \u2018Concorrenza e controllo delle concentrazioni in Europa\u2019, Il Mulino, Bologna, 1993, pp. 95 ff.<\/p>\n<p>&#8211;\u00a0<i>La politica industriale della Comunit\u00e0 Europea. Dal trattato di Roma al trattato di Maastricht<\/i>, in Acquisizioni, Fusioni, Concorrenza, Laboratorio di politica industriale, Nomisma, 1992, pp. 11 ff.<\/p>\n<p>&#8211;\u00a0<i>Il trattato di Maastricht e le novit\u00e0 che comporta: spunti di compendio e riflessioni<\/i>, in Diritto comunitario e degli scambi internazionali, 1992, pp. 7 ff.<\/p>\n<p>&#8211;\u00a0<i>Il nuovo Regolamento CEE sul controllo delle concentrazioni tra imprese<\/i>, in Rivista delle societ\u00e0, 1990, pp. 1153 ff.<\/p>\n<p>&#8211;\u00a0<i>Spunti per uno studio del diritto antitrust della CEE<\/i>, in Diritto comunitario e degli scambi internazionali, 1990, pp. 331 ff.<\/p>\n<p>&#8211;\u00a0<i>Partecipazione dello Stato nelle imprese e disciplina comunitaria degli aiuti pubblici<\/i>, in Rivista di diritto europeo, 1990, pp. 515 ff.<\/p>\n<p>&#8211;\u00a0<i>Disciplina comunitaria delle concentrazioni tra imprese<\/i>, in Acquisizioni, Fusioni, Concorrenza, Laboratorio di Politica Industriale, Nomisma, 1990, pp. 13 ff.<\/p>\n<p>&#8211;\u00a0<i>Normativa comunitaria antitrust e accordi di ristrutturazione industriale<\/i>, in Diritto comunitario e degli scambi internazionali, 1989, pp. 301 ff.<\/p>\n<p>&#8211;\u00a0<i>Concorrenza e concentrazioni tra imprese<\/i>, in Rivista delle societ\u00e0, 1988, pp. 499 ff.<\/p>\n<p>&#8211;\u00a0<i>Legittimazione attiva ai fini della constatazione da parte della Commissione CE di un&#8217;infrazione alle norme comunitarie in materia di concorrenza,<\/i>\u00a0in Diritto comunitario e degli scambi internazionali, 1988, pp. 17 ff.<\/p>\n<p>&#8211;\u00a0<i>Provvedimenti provvisori nei procedimenti amministrativi del diritto comunitario della concorrenza: precisazioni giurisprudenziali della Corte di Giustizia<\/i>, in Rivista di diritto industriale, 1985, pp. 119 ff.<\/p>\n<p>&#8211;\u00a0<i>Libera circolazione delle merci: osservazioni circa l&#8217;attualit\u00e0 dell&#8217;obiettivo per gli scambi commerciali nella CEE<\/i>, in Rivista del diritto commerciale e delle obbligazioni, 1984, pp. 331 ff.<\/p>\n<p>&#8211;\u00a0<i>Il potere della Commissione CE di adottare provvedimenti cautelari provvisori nel corso delle procedure di applicazione delle regole di concorrenza<\/i>, in Rivista di diritto industriale, 1984, pp. 97 ff.<\/p>\n<p>&#8211;\u00a0<i>Licenza di diritti della propriet\u00e0 industriale, unicit\u00e0 del mercato comune e regole di concorrenza in una controversa sentenza della Corte di Giustizia; prime osservazioni<\/i>, in Rivista di diritto industriale, 1983, pp. 106 ff.<\/p>\n<p>&#8211;\u00a0<i>Il principio dell&#8217;esaurimento del brevetto nella CEE alla luce della Convenzione sul brevetto comunitario e della giurisprudenza<\/i>, in \u2018Studi in onore di Remo Franceschelli\u2019, Giuffr\u00e8, 1983, pp. 674 ff.<\/p>\n<p>&#8211;\u00a0<i>Gli sviluppi della giurisprudenza tedesca in materia di diritti della propriet\u00e0 industriale e di liberalizzazione degli scambi commerciali tra gli Stati nella Comunit\u00e0 Economica Europea<\/i>, in Rivista di diritto industriale, 1982, pp. 219 ff.<\/p>\n<p>&#8211;\u00a0<i>Conferenza e risoluzione delle Nazioni Unite sulle pratiche commerciali restrittive<\/i>, in Rivista di diritto industriale, 1982, pp. 61 ff.<\/p>\n<p>&#8211;\u00a0<i>L&#8217;attuazione dell&#8217;articolo 90 CEE, paragrafo 3, e la direttiva della Commissione CE relativa alla trasparenza delle relazioni finanziarie tra gli Stati membri e le loro imprese<\/i>, in Rivista di diritto industriale, 1981, pp. 302 ff.<\/p>\n","protected":false},"excerpt":{"rendered":"Minister of Foreign Affairs and International Cooperation (since 31 May 2018 to 5 September 2019); University LUISS Guido Carli: Director of the School of Law and professor of EU Law at the Department of Law (since 2014; at present, he is on unpaid leave). Coll\u00e8ge d\u2019Europe (Bruges, Belgium): professor (since 2007; presently on leave). In [&hellip;]","protected":false},"author":1,"featured_media":0,"parent":30929,"menu_order":37,"comment_status":"closed","ping_status":"closed","template":"","meta":{"footnotes":""},"class_list":["post-89823","page","type-page","status-publish","hentry"],"_links":{"self":[{"href":"https:\/\/www.esteri.it\/en\/wp-json\/wp\/v2\/pages\/89823","targetHints":{"allow":["GET"]}}],"collection":[{"href":"https:\/\/www.esteri.it\/en\/wp-json\/wp\/v2\/pages"}],"about":[{"href":"https:\/\/www.esteri.it\/en\/wp-json\/wp\/v2\/types\/page"}],"author":[{"embeddable":true,"href":"https:\/\/www.esteri.it\/en\/wp-json\/wp\/v2\/users\/1"}],"replies":[{"embeddable":true,"href":"https:\/\/www.esteri.it\/en\/wp-json\/wp\/v2\/comments?post=89823"}],"version-history":[{"count":1,"href":"https:\/\/www.esteri.it\/en\/wp-json\/wp\/v2\/pages\/89823\/revisions"}],"predecessor-version":[{"id":89825,"href":"https:\/\/www.esteri.it\/en\/wp-json\/wp\/v2\/pages\/89823\/revisions\/89825"}],"up":[{"embeddable":true,"href":"https:\/\/www.esteri.it\/en\/wp-json\/wp\/v2\/pages\/30929"}],"wp:attachment":[{"href":"https:\/\/www.esteri.it\/en\/wp-json\/wp\/v2\/media?parent=89823"}],"curies":[{"name":"wp","href":"https:\/\/api.w.org\/{rel}","templated":true}]}}