{"id":90398,"date":"2022-10-31T12:39:31","date_gmt":"2022-10-31T11:39:31","guid":{"rendered":"https:\/\/www.esteri.it\/?page_id=90398"},"modified":"2026-01-22T17:05:16","modified_gmt":"2026-01-22T16:05:16","slug":"esperti-collegio-di-difesa-per-contenzioso-dinanzi-a-corte-internazionale-di-giustizia","status":"publish","type":"page","link":"https:\/\/www.esteri.it\/en\/trasparenza_comunicazioni_legali\/consulenti-e-collaboratori\/titolari-di-incarichi-di-collaborazione\/esperti-collegio-di-difesa-per-contenzioso-dinanzi-a-corte-internazionale-di-giustizia\/","title":{"rendered":"Esperti collegio di difesa per contenzioso dinanzi a Corte Internazionale di Giustizia"},"content":{"rendered":"<table id=\"Table1\" class=\"tblComLegali\" summary=\"Esperti collegio di difesa per contenzioso\">\n<tbody>\n<tr>\n<th>Nome<\/th>\n<th>Oggetto dell&#8217;incarico<\/th>\n<th>Estremi Atto di conferimento<\/th>\n<th>Decorrenza attivit\u00e0<\/th>\n<th>Fine attivit\u00e0<\/th>\n<th>Compenso lordo per l&#8217;intero periodo dell&#8217;attivit\u00e0 (Euro)<\/th>\n<th>Curriculum Vitae<\/th>\n<th>Dichiarazione di insussistenza conflitto di interessi<\/th>\n<\/tr>\n<tr>\n<td>TANZI<br \/>\nAttila Massimiliano<\/td>\n<td>Incarico per servizi legali. Esperto nel collegio di difesa italiano costituito nel procedimento dinnanzi alla Corte Internazionale di Giustizia \u201cQuestions of jurisdictional immunities of the State and measures of constraint against State-owned property\u201d<\/td>\n<td>Determina di proroga dell&#8217;incarico del 19\/06\/2024<\/p>\n<p style=\"font-size: 1em; line-height: 1.5em;\">Lettera di prosecuzione dell&#8217;incarico del 25\/06\/2024<\/p>\n<p style=\"font-size: 1em; line-height: 1.5em;\">Lettera d&#8217;incarico del 04\/08\/2022<\/p>\n<\/td>\n<td>01\/07\/2024<\/td>\n<td>30\/06\/2026<\/td>\n<td>40.000,00<\/td>\n<td><a href=\"https:\/\/www.esteri.it\/wp-content\/uploads\/2024\/09\/TANZI-CV.pdf\">CV<\/a><\/td>\n<td><a href=\"https:\/\/www.esteri.it\/wp-content\/uploads\/2024\/09\/TANZI_Dichiarazione.pdf\">S\u00ec<\/a><\/td>\n<\/tr>\n<tr>\n<td>FORLATI<br \/>\nSerena<\/td>\n<td>Incarico per servizi legali. Esperto nel collegio di difesa italiano costituito nel procedimento dinnanzi alla Corte Internazionale di Giustizia \u201cQuestions of jurisdictional immunities of the State and measures of constraint against State-owned property<\/td>\n<td>Determina di proroga dell&#8217;incarico del 19\/06\/2024<\/p>\n<p style=\"font-size: 1em; line-height: 1.5em;\">Lettera di prosecuzione dell&#8217;incarico del 25\/06\/2024<\/p>\n<p style=\"font-size: 1em; line-height: 1.5em;\">Lettera d&#8217;incarico del 04\/08\/2022<\/p>\n<\/td>\n<td>01\/07\/2024<\/td>\n<td>30\/06\/2026<\/td>\n<td>40.000,00<\/td>\n<td><a href=\"https:\/\/www.esteri.it\/wp-content\/uploads\/2024\/09\/FORLATI-CV.pdf\">CV<\/a><\/td>\n<td><a href=\"https:\/\/www.esteri.it\/wp-content\/uploads\/2024\/09\/FORLATI_Dichiarazione.pdf\">S\u00ec<\/a><\/td>\n<\/tr>\n<tr>\n<td>WEBB<br \/>\nPhilippa<\/td>\n<td>Incarico per servizi legali. Esperto nel collegio di difesa italiano costituito nel procedimento dinnanzi alla Corte Internazionale di Giustizia \u201cQuestions of jurisdictional immunities of the State and measures of constraint against State-owned property\u201d<\/td>\n<td>Determina di proroga dell&#8217;incarico del 19\/06\/2024<\/p>\n<p style=\"font-size: 1em; line-height: 1.5em;\">Lettera di prosecuzione dell&#8217;incarico del 25\/06\/2024<\/p>\n<p style=\"font-size: 1em; line-height: 1.5em;\">Lettera d&#8217;incarico del 04\/08\/2022<\/p>\n<\/td>\n<td>01\/07\/2024<\/td>\n<td>30\/06\/2026<\/td>\n<td>40.000,00<\/td>\n<td><a href=\"https:\/\/www.esteri.it\/wp-content\/uploads\/2024\/09\/WEBB-CV.pdf\">CV<\/a><\/td>\n<td><a href=\"https:\/\/www.esteri.it\/wp-content\/uploads\/2024\/09\/WEBB_Dichiarazione.pdf\">S\u00ec<\/a><\/td>\n<\/tr>\n<tr>\n<td>PALOMBINO<br \/>\nFulvio Maria<\/td>\n<td>Incarico per servizi legali. Esperto nel collegio di difesa italiano costituito nel procedimento dinnanzi alla Corte Internazionale di Giustizia \u201cQuestions of jurisdictional immunities of the State and measures of constraint against State-owned property\u201d<\/td>\n<td>Determina di proroga dell&#8217;incarico del 19\/06\/2024<\/p>\n<p style=\"font-size: 1em; line-height: 1.5em;\">Lettera di prosecuzione dell&#8217;incarico del 27\/06\/2024<\/p>\n<p style=\"font-size: 1em; line-height: 1.5em;\">Lettera d&#8217;incarico del 04\/08\/2022<\/p>\n<\/td>\n<td>01\/07\/2024<\/td>\n<td>30\/06\/2026<\/td>\n<td>40.000,00<\/td>\n<td><a href=\"https:\/\/www.esteri.it\/wp-content\/uploads\/2024\/09\/PALOMBINO-CV.pdf\">CV<\/a><\/td>\n<td><a href=\"https:\/\/www.esteri.it\/wp-content\/uploads\/2024\/09\/PALOMBINO_Dichiarazione.pdf\">S\u00ec<\/a><\/td>\n<\/tr>\n<tr>\n<td>FONTANELLI<br \/>\nFilippo<\/td>\n<td>Incarico per servizi legali. Esperto nel collegio di difesa italiano costituito nel procedimento dinnanzi alla Corte Internazionale di Giustizia \u201cQuestions of jurisdictional immunities of the State and measures of constraint against State-owned property\u201d<\/td>\n<td>Determina di proroga dell&#8217;incarico del 20\/06\/2024<\/p>\n<p style=\"font-size: 1em; line-height: 1.5em;\">Lettera di prosecuzione dell&#8217;incarico del 25\/06\/2024<\/p>\n<p style=\"font-size: 1em; line-height: 1.5em;\">Lettera d&#8217;incarico del 04\/08\/2022<\/p>\n<\/td>\n<td>01\/07\/2024<\/td>\n<td>12\/06\/2025<br \/>\ncessato<\/td>\n<td>Incarico svolto a titolo gratuito (salvo rimborso spese di missione)<\/td>\n<td><a href=\"https:\/\/www.esteri.it\/wp-content\/uploads\/2024\/09\/FONTANELLI-CV.pdf\">CV<\/a><\/td>\n<td><a href=\"https:\/\/www.esteri.it\/wp-content\/uploads\/2024\/09\/FONTANELLI_Dichiarazione.pdf\">S\u00ec<\/a><\/td>\n<\/tr>\n<tr>\n<td>BUSCO<br \/>\nPaolo<\/td>\n<td>Incarico per servizi legali. Esperto nel collegio di difesa italiano costituito nel procedimento dinnanzi alla Corte Internazionale di Giustizia \u201cQuestions of jurisdictional immunities of the State and measures of constraint against State-owned property\u201d<\/td>\n<td>Determina di proroga incarico del 20\/06\/2024<\/p>\n<p style=\"font-size: 1em; line-height: 1.5em;\">Lettera di prosecuzione dell&#8217;incarico del 25\/06\/2024<\/p>\n<p style=\"font-size: 1em; line-height: 1.5em;\">Lettera d&#8217;incarico del 04\/08\/2022<\/p>\n<\/td>\n<td>01\/07\/2024<\/td>\n<td>30\/06\/2026<\/td>\n<td>Incarico svolto a titolo gratuito (salvo rimborso spese di missione)<\/td>\n<td><a href=\"https:\/\/www.esteri.it\/wp-content\/uploads\/2024\/09\/BUSCO-CV.pdf\">CV<\/a><\/td>\n<td><a href=\"https:\/\/www.esteri.it\/wp-content\/uploads\/2024\/09\/BUSCO_Dichiarazione.pdf\">S\u00ec<\/a><\/td>\n<\/tr>\n<tr>\n<td>CHIUSSI CURZI<br \/>\nLudovica<\/td>\n<td>Incarico per servizi legali. Esperto nel collegio di difesa italiano costituito nel procedimento dinnanzi alla Corte Internazionale di Giustizia \u201cQuestions of jurisdictional immunities of the State and measures of constraint against State-owned property\u201d<\/td>\n<td>Determina di proroga dell&#8217;incarico del 21\/06\/2024<\/p>\n<p style=\"font-size: 1em; line-height: 1.5em;\">Lettera di prosecuzione dell&#8217;incarico del 25\/06\/2024<\/p>\n<p style=\"font-size: 1em; line-height: 1.5em;\">Lettera d&#8217;incarico del 04\/08\/2022<\/p>\n<\/td>\n<td>01\/07\/2024<\/td>\n<td>30\/06\/2026<\/td>\n<td>20.000,00<\/td>\n<td><a href=\"https:\/\/www.esteri.it\/wp-content\/uploads\/2024\/09\/CHIUSSI-CURZI-CV.pdf\">CV<\/a><\/td>\n<td><a href=\"https:\/\/www.esteri.it\/wp-content\/uploads\/2024\/09\/CHIUSSI_Dichiarazione.pdf\">S\u00ec<\/a><\/td>\n<\/tr>\n<tr>\n<td>FARNELLI<br \/>\nGian Maria<\/td>\n<td>Incarico per servizi legali. Esperto nel collegio di difesa italiano costituito nel procedimento dinnanzi alla Corte Internazionale di Giustizia \u201cQuestions of jurisdictional immunities of the State and measures of constraint against State-owned property\u201d<\/td>\n<td>Determina di proroga dell&#8217;incarico del 19\/06\/2024<\/p>\n<p style=\"font-size: 1em; line-height: 1.5em;\">Lettera di prosecuzione dell&#8217;incarico del 25\/06\/2024<\/p>\n<p style=\"font-size: 1em; line-height: 1.5em;\">Lettera d&#8217;incarico del 04\/08\/2022<\/p>\n<\/td>\n<td>01\/07\/2024<\/td>\n<td>30\/06\/2026<\/td>\n<td>20.000,00<\/td>\n<td><a href=\"https:\/\/www.esteri.it\/wp-content\/uploads\/2024\/09\/FARNELLI-CV.pdf\">CV<\/a><\/td>\n<td><a href=\"https:\/\/www.esteri.it\/wp-content\/uploads\/2024\/09\/FARNELLI_Dichiarazione.pdf\">S\u00ec<\/a><\/td>\n<\/tr>\n<tr>\n<td>RIDI<br \/>\nNiccol\u00f2<\/td>\n<td>Incarico per servizi legali. Esperto nel collegio di difesa italiano costituito nel procedimento dinnanzi alla Corte Internazionale di Giustizia \u201cQuestions of jurisdictional immunities of the State and measures of constraint against State-owned property\u201d<\/td>\n<td>Determina di incarico del 24\/09\/2025<\/p>\n<p style=\"font-size: 1em; line-height: 1.5em;\">Lettera di incarico del 25\/09\/2025<\/p>\n<\/td>\n<td>06\/10\/2025<\/td>\n<td>30\/06\/2026<\/td>\n<td>Incarico svolto a titolo gratuito (salvo rimborso spese di missione)<\/td>\n<td><a href=\"https:\/\/www.esteri.it\/wp-content\/uploads\/2025\/11\/RIDI_CV.pdf\">CV<\/a><\/td>\n<td><a href=\"https:\/\/www.esteri.it\/wp-content\/uploads\/2025\/11\/Dichiarazione_sostitutiva_RIDI.pdf\">S\u00ec<\/a><\/td>\n<\/tr>\n<\/tbody>\n<\/table>\n<p>&nbsp;<\/p>\n","protected":false},"excerpt":{"rendered":"Nome Oggetto dell&#8217;incarico Estremi Atto di conferimento Decorrenza attivit\u00e0 Fine attivit\u00e0 Compenso lordo per l&#8217;intero periodo dell&#8217;attivit\u00e0 (Euro) Curriculum Vitae Dichiarazione di insussistenza conflitto di interessi TANZI Attila Massimiliano Incarico per servizi legali. Esperto nel collegio di difesa italiano costituito nel procedimento dinnanzi alla Corte Internazionale di Giustizia \u201cQuestions of jurisdictional immunities of the State [&hellip;]","protected":false},"author":4,"featured_media":0,"parent":27570,"menu_order":0,"comment_status":"closed","ping_status":"closed","template":"","meta":{"footnotes":""},"class_list":["post-90398","page","type-page","status-publish","hentry"],"_links":{"self":[{"href":"https:\/\/www.esteri.it\/en\/wp-json\/wp\/v2\/pages\/90398","targetHints":{"allow":["GET"]}}],"collection":[{"href":"https:\/\/www.esteri.it\/en\/wp-json\/wp\/v2\/pages"}],"about":[{"href":"https:\/\/www.esteri.it\/en\/wp-json\/wp\/v2\/types\/page"}],"author":[{"embeddable":true,"href":"https:\/\/www.esteri.it\/en\/wp-json\/wp\/v2\/users\/4"}],"replies":[{"embeddable":true,"href":"https:\/\/www.esteri.it\/en\/wp-json\/wp\/v2\/comments?post=90398"}],"version-history":[{"count":11,"href":"https:\/\/www.esteri.it\/en\/wp-json\/wp\/v2\/pages\/90398\/revisions"}],"predecessor-version":[{"id":171240,"href":"https:\/\/www.esteri.it\/en\/wp-json\/wp\/v2\/pages\/90398\/revisions\/171240"}],"up":[{"embeddable":true,"href":"https:\/\/www.esteri.it\/en\/wp-json\/wp\/v2\/pages\/27570"}],"wp:attachment":[{"href":"https:\/\/www.esteri.it\/en\/wp-json\/wp\/v2\/media?parent=90398"}],"curies":[{"name":"wp","href":"https:\/\/api.w.org\/{rel}","templated":true}]}}