{"id":99265,"date":"2023-04-06T14:52:29","date_gmt":"2023-04-06T12:52:29","guid":{"rendered":"https:\/\/www.esteri.it\/?page_id=99265"},"modified":"2026-01-19T13:55:00","modified_gmt":"2026-01-19T12:55:00","slug":"dg-europa-e-politica-commerciale-internazionale","status":"publish","type":"page","link":"https:\/\/www.esteri.it\/en\/trasparenza_comunicazioni_legali\/organizzazione\/organi_indirizzo_politico_amministrativo\/segr-gen-dir-gen-vice-dir-gen-e-incarichi-di-liv-dir-gen\/dg-europa-e-politica-commerciale-internazionale\/","title":{"rendered":"DG Europa e Politica Commerciale Internazionale"},"content":{"rendered":"<p><strong>Direttore Generale Ministro Plenipotenziario VEROLA NICOLA<\/strong><\/p>\n<div class=\"table-responsive mb-4\">\n<table class=\"table table-sm table-bordered\">\n<tbody>\n<tr>\n<td>Atto di conferimento<\/td>\n<td>Decreto N. 7 del 17-03-2023<\/td>\n<\/tr>\n<tr>\n<td>CV<\/td>\n<td><a href=\"https:\/\/www.esteri.it\/it\/trasparenza_comunicazioni_legali\/personale\/informazioni_dirigenti\/cv_funzionari_diplomatici\/?searchCV=VEROLA+NICOLA\">link<\/a><\/td>\n<\/tr>\n<tr>\n<td>Compensi di qualsiasi natura connessi all&#8217;assunzione dell&#8217;incarico<\/td>\n<td><a href=\"https:\/\/www.esteri.it\/it\/trasparenza_comunicazioni_legali\/personale\/informazioni_dirigenti\/retribuzioni_dirigenziali_mae\/\">link<\/a><\/td>\n<\/tr>\n<tr>\n<td>Importi di viaggi di servizio e missioni pagati con fondi pubblici<\/td>\n<td><a href=\"https:\/\/www.esteri.it\/it\/trasparenza_comunicazioni_legali\/personale\/dirigenti\/viaggi-e-missioni\/?pin=8401\">link<\/a><\/td>\n<\/tr>\n<tr>\n<td>Dati relativi all&#8217;assunzione di altre cariche, presso enti pubblici o privati, e relativi compensi a qualsiasi titolo corrisposti<\/td>\n<td><a href=\"https:\/\/consulentipubblici.dfp.gov.it\/\">https:\/\/consulentipubblici.dfp.gov.it\/<\/a><\/td>\n<\/tr>\n<tr>\n<td>1) dichiarazione concernente diritti reali su beni immobili e su beni mobili iscritti in pubblici registri, titolarit\u00e0 di imprese, azioni di societ\u00e0, quote di partecipazione a societ\u00e0, esercizio di funzioni di amministratore o di sindaco di societ\u00e0<\/td>\n<td>Non applicabile<\/td>\n<\/tr>\n<tr>\n<td>2) copia dell&#8217;ultima dichiarazione dei redditi soggetti all&#8217;imposta sui redditi delle persone fisiche<\/td>\n<td>Non applicabile<\/td>\n<\/tr>\n<tr>\n<td>3) attestazione concernente le variazioni della situazione patrimoniale intervenute nell&#8217;anno precedente e copia della dichiarazione dei redditi<\/td>\n<td>Non applicabile<\/td>\n<\/tr>\n<tr>\n<td>Altri eventuali incarichi con oneri a carico della finanza pubblica e indicazione dei compensi spettanti<\/td>\n<td><a href=\"https:\/\/www.esteri.it\/it\/trasparenza_comunicazioni_legali\/personale\/incarichi-conferiti-e-autorizzati\/\">link<\/a><\/td>\n<\/tr>\n<tr>\n<td>Ammontare complessivo degli emolumenti percepiti a carico della finanza pubblica<\/td>\n<td><a href=\"https:\/\/www.esteri.it\/it\/trasparenza_comunicazioni_legali\/personale\/informazioni_dirigenti\/retribuzioni_dirigenziali_mae\/\">link<\/a><\/td>\n<\/tr>\n<tr>\n<td>Dichiarazione sulla insussistenza di una delle cause di inconferibilit\u00e0 dell&#8217;incarico<\/td>\n<td><a href=\"https:\/\/www.esteri.it\/it\/trasparenza_comunicazioni_legali\/personale\/informazioni_dirigenti\/dichiarazioni_sostitutive_e_acquisizione_ufficio_dei_dati\/\">link<\/a><\/td>\n<\/tr>\n<tr>\n<td>Dichiarazione sulla insussistenza di una delle cause di incompatibilit\u00e0 dell&#8217;incarico<\/td>\n<td><a href=\"https:\/\/www.esteri.it\/it\/trasparenza_comunicazioni_legali\/personale\/informazioni_dirigenti\/dichiarazioni_sostitutive_e_acquisizione_ufficio_dei_dati\/\">link<\/a><\/td>\n<\/tr>\n<\/tbody>\n<\/table>\n<\/div>\n<p>&nbsp;<\/p>\n<p><strong>Vice Direttore Generale\/Direttore Centrale Ministro Plenipotenziario CANFORA MAURIZIO<\/strong><\/p>\n<div class=\"table-responsive mb-4\">\n<table class=\"table table-sm table-bordered\">\n<tbody>\n<tr>\n<td>Atto di conferimento<\/td>\n<td>&#8211; &#8211;<\/td>\n<\/tr>\n<tr>\n<td>CV<\/td>\n<td><a href=\"https:\/\/www.esteri.it\/it\/trasparenza_comunicazioni_legali\/personale\/informazioni_dirigenti\/cv_funzionari_diplomatici\/?searchCV=CANFORA+MAURIZIO\">link<\/a><\/td>\n<\/tr>\n<tr>\n<td>Compensi di qualsiasi natura connessi all&#8217;assunzione dell&#8217;incarico<\/td>\n<td><a href=\"https:\/\/www.esteri.it\/it\/trasparenza_comunicazioni_legali\/personale\/informazioni_dirigenti\/retribuzioni_dirigenziali_mae\/\">link<\/a><\/td>\n<\/tr>\n<tr>\n<td>Importi di viaggi di servizio e missioni pagati con fondi pubblici<\/td>\n<td><a href=\"https:\/\/www.esteri.it\/it\/trasparenza_comunicazioni_legali\/personale\/dirigenti\/viaggi-e-missioni\/?pin=1213\">link<\/a><\/td>\n<\/tr>\n<tr>\n<td>Dati relativi all&#8217;assunzione di altre cariche, presso enti pubblici o privati, e relativi compensi a qualsiasi titolo corrisposti<\/td>\n<td><a href=\"https:\/\/consulentipubblici.dfp.gov.it\/\">https:\/\/consulentipubblici.dfp.gov.it\/<\/a><\/td>\n<\/tr>\n<tr>\n<td>1) dichiarazione concernente diritti reali su beni immobili e su beni mobili iscritti in pubblici registri, titolarit\u00e0 di imprese, azioni di societ\u00e0, quote di partecipazione a societ\u00e0, esercizio di funzioni di amministratore o di sindaco di societ\u00e0<\/td>\n<td>Non applicabile<\/td>\n<\/tr>\n<tr>\n<td>2) copia dell&#8217;ultima dichiarazione dei redditi soggetti all&#8217;imposta sui redditi delle persone fisiche<\/td>\n<td>Non applicabile<\/td>\n<\/tr>\n<tr>\n<td>3) attestazione concernente le variazioni della situazione patrimoniale intervenute nell&#8217;anno precedente e copia della dichiarazione dei redditi<\/td>\n<td>Non applicabile<\/td>\n<\/tr>\n<tr>\n<td>Altri eventuali incarichi con oneri a carico della finanza pubblica e indicazione dei compensi spettanti<\/td>\n<td><a href=\"https:\/\/www.esteri.it\/it\/trasparenza_comunicazioni_legali\/personale\/incarichi-conferiti-e-autorizzati\/\">link<\/a><\/td>\n<\/tr>\n<tr>\n<td>Ammontare complessivo degli emolumenti percepiti a carico della finanza pubblica<\/td>\n<td><a href=\"https:\/\/www.esteri.it\/it\/trasparenza_comunicazioni_legali\/personale\/informazioni_dirigenti\/retribuzioni_dirigenziali_mae\/\">link<\/a><\/td>\n<\/tr>\n<tr>\n<td>Dichiarazione sulla insussistenza di una delle cause di inconferibilit\u00e0 dell&#8217;incarico<\/td>\n<td><a href=\"https:\/\/www.esteri.it\/it\/trasparenza_comunicazioni_legali\/personale\/informazioni_dirigenti\/dichiarazioni_sostitutive_e_acquisizione_ufficio_dei_dati\/\">link<\/a><\/td>\n<\/tr>\n<tr>\n<td>Dichiarazione sulla insussistenza di una delle cause di incompatibilit\u00e0 dell&#8217;incarico<\/td>\n<td><a href=\"https:\/\/www.esteri.it\/it\/trasparenza_comunicazioni_legali\/personale\/informazioni_dirigenti\/dichiarazioni_sostitutive_e_acquisizione_ufficio_dei_dati\/\">link<\/a><\/td>\n<\/tr>\n<\/tbody>\n<\/table>\n<\/div>\n<p>&nbsp;<\/p>\n<p><strong>Vice Direttore Generale\/Direttore Centrale\/Vicario &#8211; C1 Ministro Plenipotenziario GAUDIANO ALESSANDRO<\/strong><\/p>\n<div class=\"table-responsive mb-4\">\n<table class=\"table table-sm table-bordered\">\n<tbody>\n<tr>\n<td>Atto di conferimento<\/td>\n<td>&#8211; &#8211;<\/td>\n<\/tr>\n<tr>\n<td>CV<\/td>\n<td><a href=\"https:\/\/www.esteri.it\/it\/trasparenza_comunicazioni_legali\/personale\/informazioni_dirigenti\/cv_funzionari_diplomatici\/?searchCV=GAUDIANO+ALESSANDRO\">link<\/a><\/td>\n<\/tr>\n<tr>\n<td>Compensi di qualsiasi natura connessi all&#8217;assunzione dell&#8217;incarico<\/td>\n<td><a href=\"https:\/\/www.esteri.it\/it\/trasparenza_comunicazioni_legali\/personale\/informazioni_dirigenti\/retribuzioni_dirigenziali_mae\/\">link<\/a><\/td>\n<\/tr>\n<tr>\n<td>Importi di viaggi di servizio e missioni pagati con fondi pubblici<\/td>\n<td><a href=\"https:\/\/www.esteri.it\/it\/trasparenza_comunicazioni_legali\/personale\/dirigenti\/viaggi-e-missioni\/?pin=3267\">link<\/a><\/td>\n<\/tr>\n<tr>\n<td>Dati relativi all&#8217;assunzione di altre cariche, presso enti pubblici o privati, e relativi compensi a qualsiasi titolo corrisposti<\/td>\n<td><a href=\"https:\/\/consulentipubblici.dfp.gov.it\/\">https:\/\/consulentipubblici.dfp.gov.it\/<\/a><\/td>\n<\/tr>\n<tr>\n<td>1) dichiarazione concernente diritti reali su beni immobili e su beni mobili iscritti in pubblici registri, titolarit\u00e0 di imprese, azioni di societ\u00e0, quote di partecipazione a societ\u00e0, esercizio di funzioni di amministratore o di sindaco di societ\u00e0<\/td>\n<td>Non applicabile<\/td>\n<\/tr>\n<tr>\n<td>2) copia dell&#8217;ultima dichiarazione dei redditi soggetti all&#8217;imposta sui redditi delle persone fisiche<\/td>\n<td>Non applicabile<\/td>\n<\/tr>\n<tr>\n<td>3) attestazione concernente le variazioni della situazione patrimoniale intervenute nell&#8217;anno precedente e copia della dichiarazione dei redditi<\/td>\n<td>Non applicabile<\/td>\n<\/tr>\n<tr>\n<td>Altri eventuali incarichi con oneri a carico della finanza pubblica e indicazione dei compensi spettanti<\/td>\n<td><a href=\"https:\/\/www.esteri.it\/it\/trasparenza_comunicazioni_legali\/personale\/incarichi-conferiti-e-autorizzati\/\">link<\/a><\/td>\n<\/tr>\n<tr>\n<td>Ammontare complessivo degli emolumenti percepiti a carico della finanza pubblica<\/td>\n<td><a href=\"https:\/\/www.esteri.it\/it\/trasparenza_comunicazioni_legali\/personale\/informazioni_dirigenti\/retribuzioni_dirigenziali_mae\/\">link<\/a><\/td>\n<\/tr>\n<tr>\n<td>Dichiarazione sulla insussistenza di una delle cause di inconferibilit\u00e0 dell&#8217;incarico<\/td>\n<td><a href=\"https:\/\/www.esteri.it\/it\/trasparenza_comunicazioni_legali\/personale\/informazioni_dirigenti\/dichiarazioni_sostitutive_e_acquisizione_ufficio_dei_dati\/\">link<\/a><\/td>\n<\/tr>\n<tr>\n<td>Dichiarazione sulla insussistenza di una delle cause di incompatibilit\u00e0 dell&#8217;incarico<\/td>\n<td><a href=\"https:\/\/www.esteri.it\/it\/trasparenza_comunicazioni_legali\/personale\/informazioni_dirigenti\/dichiarazioni_sostitutive_e_acquisizione_ufficio_dei_dati\/\">link<\/a><\/td>\n<\/tr>\n<\/tbody>\n<\/table>\n<\/div>\n<p>&nbsp;<\/p>\n<p><strong>Vice Direttore Generale\/Direttore Centrale Ministro Plenipotenziario CONTE ALFREDO<\/strong><\/p>\n<div class=\"table-responsive mb-4\">\n<table class=\"table table-sm table-bordered\">\n<tbody>\n<tr>\n<td>Atto di conferimento<\/td>\n<td>&#8211; &#8211;<\/td>\n<\/tr>\n<tr>\n<td>CV<\/td>\n<td><a href=\"https:\/\/www.esteri.it\/it\/trasparenza_comunicazioni_legali\/personale\/informazioni_dirigenti\/cv_funzionari_diplomatici\/?searchCV=CONTE+ALFREDO\">link<\/a><\/td>\n<\/tr>\n<tr>\n<td>Compensi di qualsiasi natura connessi all&#8217;assunzione dell&#8217;incarico<\/td>\n<td><a href=\"https:\/\/www.esteri.it\/it\/trasparenza_comunicazioni_legali\/personale\/informazioni_dirigenti\/retribuzioni_dirigenziali_mae\/\">link<\/a><\/td>\n<\/tr>\n<tr>\n<td>Importi di viaggi di servizio e missioni pagati con fondi pubblici<\/td>\n<td><a href=\"https:\/\/www.esteri.it\/it\/trasparenza_comunicazioni_legali\/personale\/dirigenti\/viaggi-e-missioni\/?pin=1271\">link<\/a><\/td>\n<\/tr>\n<tr>\n<td>Dati relativi all&#8217;assunzione di altre cariche, presso enti pubblici o privati, e relativi compensi a qualsiasi titolo corrisposti<\/td>\n<td><a href=\"https:\/\/consulentipubblici.dfp.gov.it\/\">https:\/\/consulentipubblici.dfp.gov.it\/<\/a><\/td>\n<\/tr>\n<tr>\n<td>1) dichiarazione concernente diritti reali su beni immobili e su beni mobili iscritti in pubblici registri, titolarit\u00e0 di imprese, azioni di societ\u00e0, quote di partecipazione a societ\u00e0, esercizio di funzioni di amministratore o di sindaco di societ\u00e0<\/td>\n<td>Non applicabile<\/td>\n<\/tr>\n<tr>\n<td>2) copia dell&#8217;ultima dichiarazione dei redditi soggetti all&#8217;imposta sui redditi delle persone fisiche<\/td>\n<td>Non applicabile<\/td>\n<\/tr>\n<tr>\n<td>3) attestazione concernente le variazioni della situazione patrimoniale intervenute nell&#8217;anno precedente e copia della dichiarazione dei redditi<\/td>\n<td>Non applicabile<\/td>\n<\/tr>\n<tr>\n<td>Altri eventuali incarichi con oneri a carico della finanza pubblica e indicazione dei compensi spettanti<\/td>\n<td><a href=\"https:\/\/www.esteri.it\/it\/trasparenza_comunicazioni_legali\/personale\/incarichi-conferiti-e-autorizzati\/\">link<\/a><\/td>\n<\/tr>\n<tr>\n<td>Ammontare complessivo degli emolumenti percepiti a carico della finanza pubblica<\/td>\n<td><a href=\"https:\/\/www.esteri.it\/it\/trasparenza_comunicazioni_legali\/personale\/informazioni_dirigenti\/retribuzioni_dirigenziali_mae\/\">link<\/a><\/td>\n<\/tr>\n<tr>\n<td>Dichiarazione sulla insussistenza di una delle cause di inconferibilit\u00e0 dell&#8217;incarico<\/td>\n<td><a href=\"https:\/\/www.esteri.it\/it\/trasparenza_comunicazioni_legali\/personale\/informazioni_dirigenti\/dichiarazioni_sostitutive_e_acquisizione_ufficio_dei_dati\/\">link<\/a><\/td>\n<\/tr>\n<tr>\n<td>Dichiarazione sulla insussistenza di una delle cause di incompatibilit\u00e0 dell&#8217;incarico<\/td>\n<td><a href=\"https:\/\/www.esteri.it\/it\/trasparenza_comunicazioni_legali\/personale\/informazioni_dirigenti\/dichiarazioni_sostitutive_e_acquisizione_ufficio_dei_dati\/\">link<\/a><\/td>\n<\/tr>\n<\/tbody>\n<\/table>\n<p>&nbsp;<\/p>\n<\/div>\n<p><em>(*) Per la Carriera diplomatica, in regime di diritto pubblico (art. 3, c. 1, D.lgs. n. 165\/2001), non \u00e8 prevista durata minima o massima dell&#8217;incarico.<\/em><\/p>\n<p><em>(**) Per la dirigenza amministrativa, la durata dell\u2019incarico non pu\u00f2 essere inferiore a tre anni n\u00e9 eccedere il termine di cinque anni (art. 19, comma 2, D.lgs. n. 165\/2001).<\/em><\/p>\n","protected":false},"excerpt":{"rendered":"Direttore Generale Ministro Plenipotenziario VEROLA NICOLA Atto di conferimento Decreto N. 7 del 17-03-2023 CV link Compensi di qualsiasi natura connessi all&#8217;assunzione dell&#8217;incarico link Importi di viaggi di servizio e missioni pagati con fondi pubblici link Dati relativi all&#8217;assunzione di altre cariche, presso enti pubblici o privati, e relativi compensi a qualsiasi titolo corrisposti https:\/\/consulentipubblici.dfp.gov.it\/ [&hellip;]","protected":false},"author":1,"featured_media":0,"parent":99207,"menu_order":0,"comment_status":"closed","ping_status":"closed","template":"page-trasparente.php","meta":{"footnotes":""},"class_list":["post-99265","page","type-page","status-publish","hentry"],"_links":{"self":[{"href":"https:\/\/www.esteri.it\/en\/wp-json\/wp\/v2\/pages\/99265","targetHints":{"allow":["GET"]}}],"collection":[{"href":"https:\/\/www.esteri.it\/en\/wp-json\/wp\/v2\/pages"}],"about":[{"href":"https:\/\/www.esteri.it\/en\/wp-json\/wp\/v2\/types\/page"}],"author":[{"embeddable":true,"href":"https:\/\/www.esteri.it\/en\/wp-json\/wp\/v2\/users\/1"}],"replies":[{"embeddable":true,"href":"https:\/\/www.esteri.it\/en\/wp-json\/wp\/v2\/comments?post=99265"}],"version-history":[{"count":6,"href":"https:\/\/www.esteri.it\/en\/wp-json\/wp\/v2\/pages\/99265\/revisions"}],"predecessor-version":[{"id":170541,"href":"https:\/\/www.esteri.it\/en\/wp-json\/wp\/v2\/pages\/99265\/revisions\/170541"}],"up":[{"embeddable":true,"href":"https:\/\/www.esteri.it\/en\/wp-json\/wp\/v2\/pages\/99207"}],"wp:attachment":[{"href":"https:\/\/www.esteri.it\/en\/wp-json\/wp\/v2\/media?parent=99265"}],"curies":[{"name":"wp","href":"https:\/\/api.w.org\/{rel}","templated":true}]}}