{"id":100164,"date":"2023-08-03T14:02:07","date_gmt":"2023-08-03T12:02:07","guid":{"rendered":"https:\/\/www.esteri.it\/?page_id=100164"},"modified":"2025-12-22T15:02:49","modified_gmt":"2025-12-22T14:02:49","slug":"biblioteca-uap","status":"publish","type":"page","link":"https:\/\/www.esteri.it\/it\/temi\/uapsds\/archivio-storico-e-biblioteca\/biblioteca-uap\/","title":{"rendered":"Biblioteca"},"content":{"rendered":"<p><img loading=\"lazy\" decoding=\"async\" class=\"alignnone size-medium wp-image-110537 img-fluid\" src=\"https:\/\/www.esteri.it\/wp-content\/uploads\/2024\/01\/biblioteca1-300x226.jpg\" alt=\"biblioteca1\" width=\"300\" height=\"226\" srcset=\"https:\/\/www.esteri.it\/wp-content\/uploads\/2024\/01\/biblioteca1-300x226.jpg 300w, https:\/\/www.esteri.it\/wp-content\/uploads\/2024\/01\/biblioteca1-768x579.jpg 768w, https:\/\/www.esteri.it\/wp-content\/uploads\/2024\/01\/biblioteca1.jpg 985w\" sizes=\"auto, (max-width: 300px) 100vw, 300px\" \/><\/p>\n<p><strong>SI INFORMA CHE LA BIBLIOTECA RIMARR\u00c0 CHIUSA PER LE FESTIVIT\u00c0 NATALIZIE DAL GIORNO 24 AL GIORNO 31 DICEMBRE COMPRESI<\/strong><\/p>\n<p>&nbsp;<\/p>\n<div style=\"background-color: #f0f0f0; padding: 25px; margin-top: 15px;\" role=\"tablist\">\n<div>\n<p><strong>AMPLIAMENTO DELL\u2019ORARIO DI APERTURA AL PUBBLICO DELLA BIBLIOTECA MAECI \u2013 settembre 2025<\/strong><\/p>\n<\/div>\n<div>\n<p class=\"x_MsoNormal\">Si avvisa la gentile utenza che, a partire dal 1\u00b0 settembre 2025, la Biblioteca Maeci anticiper\u00e0 dalle ore 10 alle ore 9 l\u2019orario di apertura al pubblico.<br \/>\nDunque la Sala lettura sar\u00e0 aperta al pubblico dal luned\u00ec al gioved\u00ec dalle ore 9 alle ore 14.<\/p>\n<\/div>\n<\/div>\n<p>&nbsp;<\/p>\n<p class=\"x_MsoNormal\">Si informa che la Biblioteca di questo Ministero ha attivato, anche sulla base delle richieste giunte dalle diverse strutture ministeriali, i seguenti abbonamenti a riviste digitali, consultabili presso i pc allestiti nella Sala Lettura al Piano 0 (lato Olimpico).<\/p>\n<p class=\"x_MsoNormal\"><b><span lang=\"EN-US\">Africa e Affari, Asian Survey, Euro intelligence, Financial Times, Foreign Affairs, Foreign Policy, Il Diritto dell\u2019Unione Europea, International Affairs, International Security Journal, Le Grand Continent, Le Monde Diplomatique, Limes, Nigrizia, Pacific Affairs, Rivista Africa, South China Morning Post, The Economist, The Middle East Journal<\/span><\/b><span lang=\"EN-US\">.<\/span><\/p>\n<p class=\"x_MsoNormal\">Orari e modalit\u00e0 di accesso sono disponibili qui\u00a0<a title=\"https:\/\/www.esteri.it\/it\/uapsds\/archivio-storico-e-biblioteca\/biblioteca-uap\/accesso\/\" href=\"https:\/\/www.esteri.it\/it\/uapsds\/archivio-storico-e-biblioteca\/biblioteca-uap\/accesso\/\" target=\"_blank\" rel=\"noopener noreferrer\">https:\/\/www.esteri.it\/it\/uapsds\/archivio-storico-e-biblioteca\/biblioteca-uap\/accesso\/<\/a><\/p>\n<div style=\"background-color: #f0f0f0; padding: 25px; margin-top: 15px;\" role=\"tablist\">\n<div>\n<p class=\"x_MsoNormal\"><b>AVVIO DEL SERVIZIO DI PRESTITO INTERBIBLIOTECARIO \u2013 settembre 2024<\/b><\/p>\n<\/div>\n<div>\n<p class=\"x_MsoNormal\">La Biblioteca del MAECI aderisce, dal 1\u00b0 settembre 2024, al servizio di Prestito Interbibliotecario nell\u2019ambito della rete del Sistema Bibliotecario Nazionale (ILL-SBN).<br \/>\nLa richiesta di prestito pu\u00f2 essere effettuata, dalle biblioteche partner, attraverso l\u2019OPAC SBN al seguente link: <a href=\"https:\/\/opac.sbn.it\/web\/opacsbn\" target=\"_blank\" rel=\"noopener noreferrer\">https:\/\/opac.sbn.it\/web\/opacsbn<\/a>\u00a0o via mail\u00a0 scrivendo a\u00a0<a href=\"mailto:uap.ILL\/DD@esteri.it\" target=\"_blank\" rel=\"noopener noreferrer\">uap.ILL\/DD@esteri.it<\/a>.<br \/>\nPer eventuali richieste di assistenza rivolgersi al seguente indirizzo mail <a href=\"mailto:biblioteca.mae@esteri.it\" target=\"_blank\" rel=\"noopener noreferrer\">biblioteca.mae@esteri.it<\/a>.<br \/>\nSi invita la gentile utenza a prendere visione del Regolamento per il prestito inter bibliotecario, disponibile alla pagina\u00a0<a href=\"https:\/\/www.esteri.it\/it\/uapsds\/archivio-storico-e-biblioteca\/biblioteca-uap\/accesso\/\" target=\"_blank\" rel=\"noopener noreferrer\">https:\/\/www.esteri.it\/it\/uapsds\/archivio-storico-e-biblioteca\/biblioteca-uap\/accesso\/<\/a><\/p>\n<\/div>\n<\/div>\n<p>&nbsp;<\/p>\n<p><strong>Missione<\/strong><\/p>\n<p>La Biblioteca del Ministero degli Affari Esteri e della Cooperazione Internazionale cura la gestione del patrimonio librario e di emeroteca (storico e corrente) ed effettua servizio al pubblico, sia interno che esterno.<br \/>\nIl <strong>nucleo originario<\/strong> della Biblioteca si deve, con ogni probabilit\u00e0, all\u2019iniziativa di <strong>Camillo Benso, Conte di Cavour<\/strong>, che s\u2019interess\u00f2 personalmente alla sistemazione di un fondo di circa 9.000 volumi, che comprendeva opere storiche, giuridiche e letterarie appartenenti al Gabinetto Reale dei Re di Sardegna.<br \/>\nAl fondo iniziale si sommarono, in periodi successivi,<strong> importanti lasciti<\/strong> di opere storiche e politiche, collezioni di trattati e convenzioni di tutti i paesi del mondo, opere di geografia, di statistica e di diritto internazionale, unitamente alla ricchissima collezione di documenti diplomatici, facendone<strong> la pi\u00f9 importante Biblioteca specialistica del Regno d\u2019Italia<\/strong>.<br \/>\nCon il trasferimento della capitale a Roma, la Biblioteca segu\u00ec le sorti del Ministero e venne successivamente ospitata presso il Palazzo della Consulta, Palazzo Chigi e nei locali del Governatorato di Roma, ove rimase fino al 1958, data del definitivo trasferimento del MAECI presso il Palazzo della Farnesina.<\/p>\n<p><img loading=\"lazy\" decoding=\"async\" class=\"alignnone size-medium wp-image-110539 img-fluid\" src=\"https:\/\/www.esteri.it\/wp-content\/uploads\/2024\/01\/biblioteca3-224x300.jpg\" alt=\"biblioteca3\" width=\"224\" height=\"300\" srcset=\"https:\/\/www.esteri.it\/wp-content\/uploads\/2024\/01\/biblioteca3-224x300.jpg 224w, https:\/\/www.esteri.it\/wp-content\/uploads\/2024\/01\/biblioteca3-766x1024.jpg 766w, https:\/\/www.esteri.it\/wp-content\/uploads\/2024\/01\/biblioteca3-768x1027.jpg 768w, https:\/\/www.esteri.it\/wp-content\/uploads\/2024\/01\/biblioteca3.jpg 845w\" sizes=\"auto, (max-width: 224px) 100vw, 224px\" \/><\/p>\n<p><strong>Fondi<\/strong><\/p>\n<p>Il patrimonio disponibile per la consultazione online \u00e8 visibile al seguente <a href=\"http:\/\/opacbiblioroma.polorml.it\/opac2\/RML\/09\/ricercaSemplice\">indirizzo<\/a>. Ulteriori ricerche bibliografiche possono essere svolte presso gli altri servizi di ricerca elencati nella<a href=\"https:\/\/www.esteri.it\/it\/?page_id=104069\"> pagina dedicata<\/a><\/p>\n<p>Attraverso successive acquisizioni e versamenti il patrimonio librario si \u00e8 progressivamente arricchito fino a raggiungere i quasi 200.000 volumi attuali, cui si sommano i 1.500 periodici tra riviste italiane e straniere di diverse epoche.<br \/>\nLa Biblioteca conserva, inoltre, alcuni importanti fondi librari che, per la loro organicit\u00e0 e per l&#8217;elevato valore storico e artistico dei volumi, sono catalogati autonomamente e la cui consultazione \u00e8 sottoposta a particolari vincoli, al fine di preservarne l&#8217;integrit\u00e0.<\/p>\n<p>\u2022 <a href=\"http:\/\/opacbiblioroma.polorml.it\/opac2\/RML\/09\/ricercaSemplice\"><strong>\u201cFondo Antico\u201d<\/strong><\/a><br \/>\nCostituito da un nucleo di circa <strong>3.000 opere<\/strong> edite tra il 1500 e il 1830 in via di identificazione e catalogazione, rappresenta la dotazione di maggior pregio della Biblioteca. Di questi volumi, una parte cospicua \u00e8 costituita da preziose e rare \u201ccinquecentine\u201d di vario argomento, ma vi sono poi molti volumi editi nel Seicento e nel Settecento riguardanti, fra l\u2019altro, convenzioni internazionali e letteratura di viaggio.<br \/>\nMeritano una particolare menzione anche le prime edizioni di <em>Dei delitti e delle pene<\/em> di <strong>Cesare Beccaria<\/strong> e del <em>Codex juris gentium et diplomaticus<\/em> di <strong>Gottfried Wilhelm von Leibniz<\/strong>.<\/p>\n<p>\u2022<a href=\"http:\/\/opacbiblioroma.polorml.it\/opac2\/RML\/09\/ricercaSemplice\"><strong> \u201cFondo Armao\u201d<\/strong><\/a><br \/>\nDonato alla Biblioteca dall\u2019<strong>Ambasciatore Ermanno Armao (1887-1976)<\/strong>, \u00e8 costituito da 252 volumi pubblicati tra il 1544 e il 1950. Comprende pregevoli opere storiche e geografiche del Sei e Settecento, numerose opere di storia e politica riguardanti l\u2019Europa e i Paesi del Mediterraneo e un importante corpus di volumi dedicati alla storia di Venezia. Tra le opere principali spiccano quelle legate al nome del grande geografo e cosmografo veneziano Vincenzo Maria Coronelli. Tra queste si segnalano:<em> l\u2019Atlante Veneto, l\u2019Isolario, il Corso geografico<\/em> e i volumi della <em>Biblioteca universale sacro-profana.<\/em><\/p>\n<p>\u2022 <a href=\"http:\/\/opacbiblioroma.polorml.it\/opac2\/RML\/09\/ricercaSemplice\"><strong>\u201cFondo Asiatico\u201d<\/strong><\/a><br \/>\nDonato dall\u2019<strong>Ambasciatore Gerardo Zampaglione (1917-1996)<\/strong>, comprende circa 1.000 volumi, editi principalmente nel periodo compreso tra 1850 e il 1990, riguardanti soprattutto l\u2019India, l\u2019Indonesia, il Pakistan e il mondo arabo. In particolare, sono conservati circa 600 volumi riguardanti la cultura, la storia e la letteratura indiana.<\/p>\n<p>\u2022<strong><a href=\"https:\/\/www.esteri.it\/wp-content\/uploads\/2024\/03\/Fondo-Eritrea-Web.pdf\">\u201cFondo Eritrea\u201d<\/a><\/strong>&#8211; I volumi monografici del fondo, evidenziati con le sequenze F.Eritrea-A-(nn) e F.Eritrea-B-(nn), sono in restauro.<br \/>\n\u00c8 un patrimonio librario proveniente dalla <strong>biblioteca italiana di Asmara<\/strong> e comprende materiale d\u2019eccezionale valore storico-documentario, in particolare giornali e quotidiani, pubblicati sotto le varie amministrazioni succedutesi in Eritrea, oltre a numerose pubblicazioni ufficiali (1892-1941) del Governo coloniale.<\/p>\n<p>\u2022 <strong><a href=\"https:\/\/www.esteri.it\/wp-content\/uploads\/2025\/06\/Guerra-civile-spagnola.pdf\">Fondo Miscellaneo Guerra civile Spagnola<\/a><br \/>\n<\/strong>Si tratta di un Fondo Miscellaneo composto da 120 pubblicazioni circa, relative alla Guerra civile spagnola, di diverse tipologie, tra cui libri, opuscoli, periodici (alcuni umoristici) e volantini.<br \/>\nProvenienti dal Fondo di Gabinetto 1923-1943, in particolare dalle carte dell\u2019Ufficio Spagna, forse a motivo del loro invio al Ministero da parte degli Uffici della propaganda italiana in Spagna, essi rappresentano un\u2019importante testimonianza della propaganda ideologica sia di destra sia di sinistra, negli anni fra le due Guerre.<\/p>\n<p>\u2022<strong> Documenti diplomatici<\/strong><\/p>\n<p>Una delle peculiarit\u00e0 della Biblioteca \u00e8 costituita dalle collezioni di documenti diplomatici stranieri e italiani. Fra queste, di particolare pregio si presentano i cosiddetti \u201c<strong>libri di colore<\/strong>\u201d, raccolte di documenti diplomatici pubblicate per documentare la politica estera di un determinato paese e che assolvevano, nella sostanza, alla funzione dell\u2019attuale <em>public diplomacy<\/em>. Sono conservate, tra le altre, le raccolte dei <strong>Libri Verdi italiani<\/strong> (1858 -1923), dei <strong>Libri Azzurri inglesi <\/strong>(1815-1882) e dei <strong>Libri Gialli francesi<\/strong> (1850-1939).<\/p>\n<p>\u00c8 presente anche l\u2019intera collezione de \u201c<a href=\"https:\/\/www.esteri.it\/it\/uapsds\/documenti_diplomatici\/\"><strong>I Documenti Diplomatici Italiani<\/strong><\/a>\u201d. I volumi, suddivisi in 12 serie, documentano storicamente lo sviluppo della politica estera italiana.<\/p>\n<p>\u2022<strong> Periodici<\/strong><\/p>\n<p>Un settore della Biblioteca \u00e8 costituito dall\u2019emeroteca, che raccoglie e conserva riviste specialistiche di carattere storico, politico, giuridico e diplomatico, sia in lingua italiana che in lingua straniera<\/p>\n<section class=\"container\">\n<h2 class=\"visually-hidden\">Naviga tra le pagine di sezione<\/h2>\n<div class=\"row mt-4 mb-4\">\n<div class=\"col-12 col-lg-3\">\n<p><!--start card--><\/p>\n<div class=\"card-wrapper card-space\">\n<div class=\"card card-bg card-big border-bottom-card text-center ico-bck-card no-after p-4\" style=\"background: url('\\'\\'');\">\n<div class=\"card-body\">\n<p class=\"card-title\" style=\"margin-top: 17%;\"><a class=\"fw-bold h5\" title=\"Vai alla pagina Accesso documenti online IPZS\" href=\"https:\/\/www.esteri.it\/it\/uapsds\/archivio-storico-e-biblioteca\/biblioteca-uap\/accesso\/\">Accesso e Servizi all&#8217;utenza<\/a><\/p>\n<\/div>\n<\/div>\n<\/div>\n<p><!--end card--><\/p>\n<\/div>\n<div class=\"col-12 col-lg-3\">\n<p><!--start card--><\/p>\n<div class=\"card-wrapper card-space\">\n<div class=\"card card-bg card-big border-bottom-card text-center ico-bck-card no-after p-4\" style=\"background: url('\\'\\'');\">\n<div class=\"card-body\">\n<p class=\"card-title\" style=\"margin-top: 28%;\"><a class=\"fw-bold h5\" title=\"Vai alla pagina Link e OPAC SBN\" href=\"https:\/\/www.esteri.it\/it\/uapsds\/archivio-storico-e-biblioteca\/biblioteca-uap\/accesso-volumi-online\/\">Volumi online<\/a><\/p>\n<\/div>\n<\/div>\n<\/div>\n<p><!--end card--><\/p>\n<\/div>\n<div class=\"col-12 col-lg-3\">\n<p><!--start card--><\/p>\n<div class=\"card-wrapper card-space\">\n<div class=\"card card-bg card-big border-bottom-card text-center ico-bck-card no-after p-4\" style=\"background: url('\\'\\'');\">\n<div class=\"card-body\">\n<p class=\"card-title\" style=\"margin-top: 28%;\"><a class=\"fw-bold h5\" title=\"Vai alla pagina FAQ\" href=\"https:\/\/www.esteri.it\/it\/uapsds\/archivio-storico-e-biblioteca\/biblioteca-uap\/link-e-opac-sbn\/\">Link a OPAC e SBN<\/a><\/p>\n<\/div>\n<\/div>\n<\/div>\n<p><!--end card--><\/p>\n<\/div>\n<div class=\"col-12 col-lg-3\">\n<p><!--start card--><\/p>\n<div class=\"card-wrapper card-space\">\n<div class=\"card card-bg card-big border-bottom-card text-center ico-bck-card no-after p-4\" style=\"background: url('\\'\\'');\">\n<div class=\"card-body\">\n<p class=\"card-title\" style=\"margin-top: 28%;\"><a class=\"fw-bold h5\" title=\"Vai alla pagina Accesso\" href=\"https:\/\/www.esteri.it\/it\/uapsds\/archivio-storico-e-biblioteca\/biblioteca-uap\/faq\/\">FAQ<\/a><\/p>\n<\/div>\n<\/div>\n<\/div>\n<p><!--end card--><\/p>\n<\/div>\n<\/div>\n<\/section>\n","protected":false},"excerpt":{"rendered":"La Biblioteca MAECI cura la gestione del patrimonio librario oltre ad una emeroteca di materiale storico e corrente. Custodisce volumi antichi di pregio risalenti alla met\u00e0 del \u2018500. Effettua servizio al pubblico, sia interno che esterno.","protected":false},"author":8,"featured_media":0,"parent":100134,"menu_order":0,"comment_status":"closed","ping_status":"closed","template":"page-full.php","meta":{"footnotes":""},"class_list":["post-100164","page","type-page","status-publish","hentry"],"_links":{"self":[{"href":"https:\/\/www.esteri.it\/it\/wp-json\/wp\/v2\/pages\/100164","targetHints":{"allow":["GET"]}}],"collection":[{"href":"https:\/\/www.esteri.it\/it\/wp-json\/wp\/v2\/pages"}],"about":[{"href":"https:\/\/www.esteri.it\/it\/wp-json\/wp\/v2\/types\/page"}],"author":[{"embeddable":true,"href":"https:\/\/www.esteri.it\/it\/wp-json\/wp\/v2\/users\/8"}],"replies":[{"embeddable":true,"href":"https:\/\/www.esteri.it\/it\/wp-json\/wp\/v2\/comments?post=100164"}],"version-history":[{"count":8,"href":"https:\/\/www.esteri.it\/it\/wp-json\/wp\/v2\/pages\/100164\/revisions"}],"predecessor-version":[{"id":166450,"href":"https:\/\/www.esteri.it\/it\/wp-json\/wp\/v2\/pages\/100164\/revisions\/166450"}],"up":[{"embeddable":true,"href":"https:\/\/www.esteri.it\/it\/wp-json\/wp\/v2\/pages\/100134"}],"wp:attachment":[{"href":"https:\/\/www.esteri.it\/it\/wp-json\/wp\/v2\/media?parent=100164"}],"curies":[{"name":"wp","href":"https:\/\/api.w.org\/{rel}","templated":true}]}}