{"id":101593,"date":"2023-05-31T16:16:13","date_gmt":"2023-05-31T14:16:13","guid":{"rendered":"https:\/\/www.esteri.it\/?page_id=101593"},"modified":"2025-11-25T16:56:03","modified_gmt":"2025-11-25T15:56:03","slug":"insiemeperglisdg-2022","status":"publish","type":"page","link":"https:\/\/www.esteri.it\/it\/politica-estera-e-cooperazione-allo-sviluppo\/cooperaz_sviluppo\/eventi\/insiemeperglisdg\/insiemeperglisdg-2022\/","title":{"rendered":"#InsiemepergliSDG 2022"},"content":{"rendered":"<p><img decoding=\"async\" src=\"https:\/\/www.esteri.it\/wp-content\/uploads\/2022\/06\/Poster_INSIEMEPERGLISDG_2022.jpg\" alt=\"Poster INSIEMEPERGLISDG 2022\" width=\"700\" \/><\/p>\n<p><strong>#INSIEMEPERGLISDG 2022<\/strong><\/p>\n<p>Dopo l\u2019avvio ufficiale del 3 maggio celebrato a Milano (leggi comunicato MAECI <a href=\"https:\/\/www.esteri.it\/it\/sala_stampa\/archivionotizie\/comunicati\/2022\/05\/lancio-della-campagna-insiemeperglisdg-partecipazione-della-vice-ministra-sereni\/\">Lancio della campagna #InsiemepergliSDG. Partecipazione della Vice Ministra Sereni \u2013 Ministero degli Affari Esteri e della Cooperazione Internazionale<\/a>), riparte la campagna #InsiemepergliSDG promossa dal <strong>Ministero degli Affari Esteri e della Cooperazione Internazionale<\/strong>, insieme ai partner <strong>UN SDG Action Campaign, FAO, Commissione Europea, CIHEAM Iamb di Bari e Save the Children<\/strong>, per sensibilizzare l\u2019opinione pubblica sugli <strong>Obiettivi di Sviluppo Sostenibile (gli SDG)<\/strong> e sul lavoro della <strong>Cooperazione Italiana<\/strong> e dei suoi partner per il raggiungimento di tali obiettivi nel mondo post \u2013 Covid19. Per l\u2019edizione del 2022, #InsiemepergliSDG toccher\u00e0 le citt\u00e0 di Siena (15-18 giugno), di Catania (22-25 settembre), e si concluder\u00e0 dal 21-30 ottobre a Brescia e Bergamo (Capitale della Cultura 2023). Per il 2022, \u00e8 stata avviata una media partnership nazionale con WILL MEDIA e nelle diverse tappe media partnership locali.<\/p>\n<p><strong>#InsiemepergliSDG<\/strong> \u00e8 stata avviata a Bari nell\u2019ottobre 2020 e nel 2021 ha viaggiato per le citt\u00e0 di Bari, Teramo, Roma, Prato e Cremona per sensibilizzare l\u2019opinione pubblica sugli <strong>Obiettivi di Sviluppo Sostenibile (gli SDG)<\/strong> e sul lavoro della <strong>Cooperazione Italiana<\/strong> e dei suoi partner per il raggiungimento di tali obiettivi nel mondo post \u2013 Covid19.<\/p>\n<p>Ciascuna tappa di #InsiemepergliSDG contribuisce a un percorso che crea legami e relazioni tra i partner promotori dell\u2019iniziativa e le realt\u00e0 locali con l\u2019obiettivo di far emergere e valorizzare le migliori esperienze\u00a0locali. L\u2019iniziativa sostiene e sviluppa percorsi di condivisione attraverso formazione e didattica, politica partecipativa, cittadinanza attiva, gioco e creativit\u00e0. Infine, l\u2019iniziativa sviluppa partenariati con i media locali per promuovere i messaggi della campagna e partecipazione sul territorio. La campagna<\/p>\n<p>Parte integrante della campagna #InsiemepergliSDG sono le installazioni itineranti per informare e responsabilizzare i visitatori sugli obiettivi di sviluppo sostenibile e sul ruolo che ogni individuo pu\u00f2 svolgere per il loro raggiungimento e per mostrare, con esempi pratici, come la Cooperazione Italiana e i suoi numerosi partner internazionali, nazionali e locali, lavorano in Italia per contribuire al raggiungimento degli SDG, informando giovani, studenti, famiglie e cittadini sull\u2019 impegno comune per lo sviluppo sostenibile.<\/p>\n<p>Oltre alle installazioni, il format della campagna prevede numerose attivit\u00e0, che vengono definite insieme ai partner locali: ad esempio, consigli comunali straordinari che discutono del ruolo degli enti locali per raggiungere l\u2019AGENDA2030; iniziative didattiche con il coinvolgimento di bambine, bambini, adolescenti e scuole, attraverso\u00a0laboratori dedicati agli SDG e organizzati da Save the Children Italia; realizzazione di opere di street-art murales sugli obiettivi di sviluppo sostenibile, in partenariato con la UN SDG Action Campaign, per valorizzare il ruolo dell\u2019arte come strumento per mobilitare, ispirare e connettere il grande pubblico sugli SDG, coinvolgendo artisti locali e avviando un percorso di rigenerazione urbana attraverso questa modalit\u00e0 di street-art; giornate dedicate allo sport come strumento di inclusione e dialogo.<\/p>\n<p>Per maggiori info e galleria immagini di tutte le tappe di #InsiemepergliSDG realizzate finora clicca sulla finestra #InsiemepergliSDG 2021.<\/p>\n<p><a href=\"https:\/\/www.youtube.com\/watch?v=etpA-y7ejvc\"><em>Guarda il promo #InsiemepergliSDG2022<\/em><\/a><\/p>\n<p>&nbsp;<\/p>\n<p><strong>MULTIMEDIA<\/strong><\/p>\n  <div class=\"row\">\n        <div class=\"col-6 col-lg-4 mt-3\">\n        <div class=\"it-grid-item-wrapper shadow-sm rounded\">\n          <a href=\"https:\/\/www.esteri.it\/it\/sala_stampa\/archiviomultimedia\/insiemeperglisdg-siena-15-18-giugno-2022\/\" title=\"#InsiemepergliSDG &#8211; Siena &#8211; 15-18 Giugno 2022\">\n            <div class=\"img-responsive-wrapper\">\n              <div class=\"img-responsive\">\n                <div class=\"img-wrapper\">\n                    <img loading=\"lazy\" decoding=\"async\" width=\"640\" height=\"480\" src=\"https:\/\/www.esteri.it\/wp-content\/uploads\/2022\/06\/InsiemepergliSDG_Siena_15-18_062022-768x576.jpg\" srcset= \"https:\/\/www.esteri.it\/wp-content\/uploads\/2022\/06\/InsiemepergliSDG_Siena_15-18_062022.jpg 1200w, https:\/\/www.esteri.it\/wp-content\/uploads\/2022\/06\/InsiemepergliSDG_Siena_15-18_062022-300x225.jpg 300w, https:\/\/www.esteri.it\/wp-content\/uploads\/2022\/06\/InsiemepergliSDG_Siena_15-18_062022-1024x768.jpg 1024w, https:\/\/www.esteri.it\/wp-content\/uploads\/2022\/06\/InsiemepergliSDG_Siena_15-18_062022-768x576.jpg 768w\" sizes=\"auto, (max-width: 1200px) 100vw, 1200px\" alt=\"#InsiemepergliSDG, Siena, 15-18 giugno 2022\" class=\"img-fluid\">\n                <\/div>\n              <\/div>\n            <\/div>\n            <span class=\"it-griditem-text-wrapper\">\n              <span class=\"it-griditem-text\">#InsiemepergliSDG &#8211; Siena &#8211; 15-18 Giugno 2022<\/span>\n              <!-- <svg class=\"icon\">\n                <use xlink:href=\"assets\/svg\/sprite.svg#it-link\"><\/use>\n              <\/svg> -->\n            <\/span>\n          <\/a>\n        <\/div>\n    <\/div>\n      <\/div>\n    \n","protected":false},"excerpt":{"rendered":"#INSIEMEPERGLISDG 2022 Dopo l\u2019avvio ufficiale del 3 maggio celebrato a Milano (leggi comunicato MAECI Lancio della campagna #InsiemepergliSDG. Partecipazione della Vice Ministra Sereni \u2013 Ministero degli Affari Esteri e della Cooperazione Internazionale), riparte la campagna #InsiemepergliSDG promossa dal Ministero degli Affari Esteri e della Cooperazione Internazionale, insieme ai partner UN SDG Action Campaign, FAO, Commissione [&hellip;]","protected":false},"author":5,"featured_media":0,"parent":161190,"menu_order":3,"comment_status":"closed","ping_status":"closed","template":"page-estera.php","meta":{"footnotes":""},"class_list":["post-101593","page","type-page","status-publish","hentry"],"_links":{"self":[{"href":"https:\/\/www.esteri.it\/it\/wp-json\/wp\/v2\/pages\/101593","targetHints":{"allow":["GET"]}}],"collection":[{"href":"https:\/\/www.esteri.it\/it\/wp-json\/wp\/v2\/pages"}],"about":[{"href":"https:\/\/www.esteri.it\/it\/wp-json\/wp\/v2\/types\/page"}],"author":[{"embeddable":true,"href":"https:\/\/www.esteri.it\/it\/wp-json\/wp\/v2\/users\/5"}],"replies":[{"embeddable":true,"href":"https:\/\/www.esteri.it\/it\/wp-json\/wp\/v2\/comments?post=101593"}],"version-history":[{"count":1,"href":"https:\/\/www.esteri.it\/it\/wp-json\/wp\/v2\/pages\/101593\/revisions"}],"predecessor-version":[{"id":101596,"href":"https:\/\/www.esteri.it\/it\/wp-json\/wp\/v2\/pages\/101593\/revisions\/101596"}],"up":[{"embeddable":true,"href":"https:\/\/www.esteri.it\/it\/wp-json\/wp\/v2\/pages\/161190"}],"wp:attachment":[{"href":"https:\/\/www.esteri.it\/it\/wp-json\/wp\/v2\/media?parent=101593"}],"curies":[{"name":"wp","href":"https:\/\/api.w.org\/{rel}","templated":true}]}}