{"id":102617,"date":"2023-06-30T09:38:03","date_gmt":"2023-06-30T07:38:03","guid":{"rendered":"https:\/\/www.esteri.it\/?page_id=102617"},"modified":"2026-02-17T18:03:57","modified_gmt":"2026-02-17T17:03:57","slug":"autorita-nazionale-uama","status":"publish","type":"page","link":"https:\/\/www.esteri.it\/it\/trasparenza_comunicazioni_legali\/consulenti-e-collaboratori\/titolari-di-incarichi-di-collaborazione\/autorita-nazionale-uama\/","title":{"rendered":"Autorit\u00e0 Nazionale &#8211; UAMA"},"content":{"rendered":"<p style=\"text-align: center;\"><strong>Anni 2023 &#8211; 2026<\/strong><\/p>\n<p>&nbsp;<\/p>\n<table id=\"Table1\" class=\"tblComLegali\" summary=\"Tabella esperti dell'Autorit\u00e0 Nazionale per l'attuazione della Convenzione per la Proibizione delle Armi Chimiche\">\n<tbody>\n<tr>\n<th scope=\"col\">Nominativo<\/th>\n<th scope=\"col\">Oggetto dell&#8217;incarico<\/th>\n<th scope=\"col\">Estremi Atto conferimento<\/th>\n<th scope=\"col\">Decorrenza attivit\u00e0<\/th>\n<th scope=\"col\">Fine attivit\u00e0<\/th>\n<th scope=\"col\">Compenso lordo per l&#8217;intero periodo dell&#8217;attivit\u00e0 (Euro)<\/th>\n<th scope=\"col\"><strong>Curriculum Vitae<\/strong><\/th>\n<th scope=\"col\"><strong>Dichiarazione di insussistenza conflitto di interessi<\/strong><\/th>\n<\/tr>\n<tr>\n<td>Sepielli<br \/>\nMassimo<\/td>\n<td>Contratto di consulenza in materia di beni a duplice uso &#8211; regime nucleare<\/td>\n<td style=\"width: 250px;\">contratto stipulato in data 03.05.2023 &#8211; decreto n. 20 in data 23\/05\/2023<\/td>\n<td>01.06.2023<\/td>\n<td>30.05.2026<\/td>\n<td>Euro 144.000,00<\/td>\n<td><a href=\"https:\/\/www.esteri.it\/wp-content\/uploads\/2023\/07\/CV_Europeo_Sepielli_Massimo_signed.pdf\">CV<\/a><\/td>\n<td><a href=\"https:\/\/www.esteri.it\/wp-content\/uploads\/2023\/07\/Dich_insuss.incom_inconf.pdf\">SI<\/a><\/td>\n<\/tr>\n<tr>\n<td>Minotti Angelo<\/td>\n<td style=\"width: 220px;\">Contratto di consulenza in materia di beni a duplice uso &#8211; regime missilistico<\/td>\n<td style=\"width: 200px;\">Contratto stipulato in data 08.05.2023 &#8211; decreto n. 21 del 23.05.2023<\/td>\n<td>01.06.2023<\/td>\n<td>30.05.2026<\/td>\n<td>Euro 144.000,00<\/td>\n<td><a href=\"https:\/\/www.esteri.it\/wp-content\/uploads\/2023\/06\/CV_ANGELO-MINOTTI.pdf\">CV<\/a><\/td>\n<td><a href=\"https:\/\/www.esteri.it\/wp-content\/uploads\/2023\/06\/Dich_insus_incof_incompatibilita_Minotti.pdf\">SI <\/a><\/td>\n<\/tr>\n<tr>\n<td>Rinaldi<br \/>\nTeresa<\/td>\n<td>Contratto di consulenza in materia di beni a duplice uso &#8211; regime chimico-biologico<\/td>\n<td style=\"width: 250px;\">Contratto stipulato in data 08.05.2023 &#8211; decreto n. 22 del 23.05.2023<\/td>\n<td>01.06.2023<\/td>\n<td>30.05.2026<\/td>\n<td>Euro 144.000,00<\/td>\n<td><a href=\"https:\/\/www.esteri.it\/wp-content\/uploads\/2026\/02\/CV-Teresa-Rinaldi.pdf\">CV<\/a><\/td>\n<td><a href=\"https:\/\/www.esteri.it\/wp-content\/uploads\/2023\/06\/Dich_insuss_inconf_incompatibilita_Rinaldi.pdf\">SI<\/a><\/td>\n<\/tr>\n<\/tbody>\n<\/table>\n","protected":false},"excerpt":{"rendered":"Anni 2023 &#8211; 2026 &nbsp; Nominativo Oggetto dell&#8217;incarico Estremi Atto conferimento Decorrenza attivit\u00e0 Fine attivit\u00e0 Compenso lordo per l&#8217;intero periodo dell&#8217;attivit\u00e0 (Euro) Curriculum Vitae Dichiarazione di insussistenza conflitto di interessi Sepielli Massimo Contratto di consulenza in materia di beni a duplice uso &#8211; regime nucleare contratto stipulato in data 03.05.2023 &#8211; decreto n. 20 in [&hellip;]","protected":false},"author":5,"featured_media":0,"parent":27570,"menu_order":0,"comment_status":"closed","ping_status":"closed","template":"page-trasparente.php","meta":{"footnotes":""},"class_list":["post-102617","page","type-page","status-publish","hentry"],"_links":{"self":[{"href":"https:\/\/www.esteri.it\/it\/wp-json\/wp\/v2\/pages\/102617","targetHints":{"allow":["GET"]}}],"collection":[{"href":"https:\/\/www.esteri.it\/it\/wp-json\/wp\/v2\/pages"}],"about":[{"href":"https:\/\/www.esteri.it\/it\/wp-json\/wp\/v2\/types\/page"}],"author":[{"embeddable":true,"href":"https:\/\/www.esteri.it\/it\/wp-json\/wp\/v2\/users\/5"}],"replies":[{"embeddable":true,"href":"https:\/\/www.esteri.it\/it\/wp-json\/wp\/v2\/comments?post=102617"}],"version-history":[{"count":5,"href":"https:\/\/www.esteri.it\/it\/wp-json\/wp\/v2\/pages\/102617\/revisions"}],"predecessor-version":[{"id":176013,"href":"https:\/\/www.esteri.it\/it\/wp-json\/wp\/v2\/pages\/102617\/revisions\/176013"}],"up":[{"embeddable":true,"href":"https:\/\/www.esteri.it\/it\/wp-json\/wp\/v2\/pages\/27570"}],"wp:attachment":[{"href":"https:\/\/www.esteri.it\/it\/wp-json\/wp\/v2\/media?parent=102617"}],"curies":[{"name":"wp","href":"https:\/\/api.w.org\/{rel}","templated":true}]}}