{"id":104071,"date":"2024-03-15T16:00:07","date_gmt":"2024-03-15T15:00:07","guid":{"rendered":"https:\/\/www.esteri.it\/?page_id=104071"},"modified":"2024-04-04T11:00:08","modified_gmt":"2024-04-04T09:00:08","slug":"faq","status":"publish","type":"page","link":"https:\/\/www.esteri.it\/it\/temi\/uapsds\/archivio-storico-e-biblioteca\/biblioteca-uap\/faq\/","title":{"rendered":"FAQ"},"content":{"rendered":"<ol>\n<li><strong> \u00c8 possibile prendere libri in prestito?<\/strong><br \/>\n\u00c8 possibile prendere libri in prestito per le sole persone domiciliate nella regione Lazio, dopo aver effettuato in sede una registrazione interna. \u00c8 attivabile il servizio di prestito locale per la durata di un mese.<\/li>\n<\/ol>\n<p><strong>\u00a0<\/strong><\/p>\n<ol start=\"2\">\n<li><strong> Quali libri \u00e8 possibile prendere in prestito?<\/strong><br \/>\nSono disponibili al prestito tutti i libri a catalogo, con l&#8217;esclusione di:<\/li>\n<\/ol>\n<ul>\n<li>opere antecedenti il 1900;<\/li>\n<li>opere in precario stato di conservazione;<\/li>\n<li>opere collocate nelle sale di consultazione;<\/li>\n<li>periodici;<\/li>\n<li>giornali;<\/li>\n<li>atti ufficiali;<\/li>\n<li>tesi di studio;<\/li>\n<li>miscellanee legate in volume;<\/li>\n<li>pubblicazioni trattate per gruppi;<\/li>\n<li>carte geografiche;<\/li>\n<li>incisioni;<\/li>\n<li>stampe;<\/li>\n<li>volumi collocati in fondi speciali;<\/li>\n<li>materiale di consultazione generale, ivi compresi i dizionari, le enciclopedie, i repertori catalografici e bibliografici, o considerato di rilevanza bibliografica, in rapporto alla specificit\u00e0 ed integrit\u00e0 delle raccolte;<\/li>\n<li>pubblicazioni sottoposte a particolari vincoli giuridici;<\/li>\n<li>pubblicazioni soggette a particolari tecniche di protezione<\/li>\n<\/ul>\n<p>&nbsp;<\/p>\n<ol start=\"3\">\n<li><strong> Quanti libri \u00e8 possibile prendere in prestito?<\/strong><br \/>\nSi possono richiedere contemporaneamente 2 opere per un massimo di 4 volumi.<\/li>\n<\/ol>\n<p>&nbsp;<\/p>\n<ol start=\"4\">\n<li><strong> Quanto dura il prestito?<\/strong><br \/>\nLa durata del prestito dei volumi \u00e8 di trenta giorni. Eventualmente rinnovabile per comprovate esigenze.<\/li>\n<\/ol>\n<p>&nbsp;<\/p>\n<ol start=\"5\">\n<li><strong> \u00c8 possibile fare fotocopie dei libri?<\/strong><br \/>\nNel rispetto delle vigenti disposizioni di legge \u00e8 consentita ai lettori, previa autorizzazione della Direzione della Biblioteca, la fotoriproduzione con mezzi propri del materiale richiesto in lettura. La Biblioteca si riserva l\u2019eventuale indicazione di limitazioni ai fini della conservazione del patrimonio.<\/li>\n<\/ol>\n<p>&nbsp;<\/p>\n<ol start=\"6\">\n<li><strong> Cosa \u00e8 possibile portare all\u2019interno della Sala di Lettura?<\/strong><\/li>\n<\/ol>\n<ul>\n<li>Previa autorizzazione, volumi o fotocopie propri esclusivamente se necessari alla consultazione di opere della Biblioteca;<\/li>\n<li>computer portatili;<\/li>\n<li>macchine fotografiche o digitali per gli usi consentiti ed autorizzati e per dichiarati motivi di studio.<\/li>\n<\/ul>\n<p>&nbsp;<\/p>\n<ol start=\"7\">\n<li><strong> \u00c8 possibile consultare libri rari e antichi?<\/strong><br \/>\nLa consultazione dei libri rari e di particolare pregio della Biblioteca \u00e8 sottoposta al nulla osta della Direzione della Biblioteca, evidenziando l\u2019esigenza per motivi di studio.<\/li>\n<\/ol>\n<p>&nbsp;<\/p>\n<ol start=\"8\">\n<li><strong> Quali servizi di condivisione documentale sono attivi?<\/strong><br \/>\nPresso la Biblioteca \u00e8 attivo il servizio di Fornitura Documenti (Document Delivery). Il servizio \u00e8 erogato in regime di reciproca gratuit\u00e0 con le biblioteche collegate. Per info e richieste: ILL\/DD@esteri.it.<\/li>\n<\/ol>\n","protected":false},"excerpt":{"rendered":"\u00c8 possibile prendere libri in prestito? \u00c8 possibile prendere libri in prestito per le sole persone domiciliate nella regione Lazio, dopo aver effettuato in sede una registrazione interna. \u00c8 attivabile il servizio di prestito locale per la durata di un mese. \u00a0 Quali libri \u00e8 possibile prendere in prestito? Sono disponibili al prestito tutti i [&hellip;]","protected":false},"author":1,"featured_media":0,"parent":100164,"menu_order":0,"comment_status":"closed","ping_status":"closed","template":"","meta":{"footnotes":""},"class_list":["post-104071","page","type-page","status-publish","hentry"],"_links":{"self":[{"href":"https:\/\/www.esteri.it\/it\/wp-json\/wp\/v2\/pages\/104071","targetHints":{"allow":["GET"]}}],"collection":[{"href":"https:\/\/www.esteri.it\/it\/wp-json\/wp\/v2\/pages"}],"about":[{"href":"https:\/\/www.esteri.it\/it\/wp-json\/wp\/v2\/types\/page"}],"author":[{"embeddable":true,"href":"https:\/\/www.esteri.it\/it\/wp-json\/wp\/v2\/users\/1"}],"replies":[{"embeddable":true,"href":"https:\/\/www.esteri.it\/it\/wp-json\/wp\/v2\/comments?post=104071"}],"version-history":[{"count":3,"href":"https:\/\/www.esteri.it\/it\/wp-json\/wp\/v2\/pages\/104071\/revisions"}],"predecessor-version":[{"id":115242,"href":"https:\/\/www.esteri.it\/it\/wp-json\/wp\/v2\/pages\/104071\/revisions\/115242"}],"up":[{"embeddable":true,"href":"https:\/\/www.esteri.it\/it\/wp-json\/wp\/v2\/pages\/100164"}],"wp:attachment":[{"href":"https:\/\/www.esteri.it\/it\/wp-json\/wp\/v2\/media?parent=104071"}],"curies":[{"name":"wp","href":"https:\/\/api.w.org\/{rel}","templated":true}]}}