{"id":104073,"date":"2024-03-15T16:00:25","date_gmt":"2024-03-15T15:00:25","guid":{"rendered":"https:\/\/www.esteri.it\/?page_id=104073"},"modified":"2026-03-09T12:40:21","modified_gmt":"2026-03-09T11:40:21","slug":"accesso","status":"publish","type":"page","link":"https:\/\/www.esteri.it\/it\/uapsds\/archivio-storico-e-biblioteca\/biblioteca-uap\/accesso\/","title":{"rendered":"Accesso e Servizi all&#8217;utenza"},"content":{"rendered":"<p style=\"text-align: center;\"><img loading=\"lazy\" decoding=\"async\" class=\"img-fluid alignnone wp-image-114938\" src=\"https:\/\/www.esteri.it\/wp-content\/uploads\/2024\/03\/Accesso-e-Servizi-allutenza.jpg\" alt=\"Accesso e Servizi all\u2019utenza\" width=\"800\" height=\"600\" srcset=\"https:\/\/www.esteri.it\/wp-content\/uploads\/2024\/03\/Accesso-e-Servizi-allutenza.jpg 1000w, https:\/\/www.esteri.it\/wp-content\/uploads\/2024\/03\/Accesso-e-Servizi-allutenza-300x225.jpg 300w, https:\/\/www.esteri.it\/wp-content\/uploads\/2024\/03\/Accesso-e-Servizi-allutenza-768x576.jpg 768w\" sizes=\"auto, (max-width: 800px) 100vw, 800px\" \/><\/p>\n<p><a href=\"https:\/\/www.esteri.it\/wp-content\/uploads\/2024\/07\/Regolamento-del-servizio-di-prestito-interbibliotecario-e-fornitura-di-documenti-MAECI.docx\">Regolamento per il prestito inter bibliotecario<\/a><\/p>\n<p><strong>Regolamento<\/strong><\/p>\n<p>Di seguito vengono riportati i punti principali estratti dal regolamento completo:<\/p>\n<ul>\n<li><strong>Art. 6<\/strong> \u2013 L\u2019accesso alla Biblioteca \u00e8 consentito a tutti coloro che abbiano compiuto 18 anni e siano in possesso di un documento di identit\u00e0 valido. [\u2026] Non \u00e8 permesso entrare con videocamere e scanner portatili. Se necessari alla consultazione dei documenti posseduti dalla Biblioteca, gli utenti possono introdurre volumi o fotocopie di loro propriet\u00e0 previa autorizzazione. [\u2026] La consultazione dei libri rari e di particolare pregio della Biblioteca \u00e8 riservata a studiosi e ricercatori. Gli studenti laureandi che hanno necessit\u00e0 di consultare il materiale raro devono esibire una lettera di presentazione del docente che ha assegnato la ricerca, scritta su carta intestata dell\u2019Universit\u00e0 e dotata di timbro del relativo dipartimento.<\/li>\n<li><strong>Art. 8<\/strong> \u2013 La distribuzione dei testi si effettua tutti i giorni di apertura dalle ore 9.00 alle 13.50. Ogni documento desiderato in lettura deve essere richiesto con la presentazione del modulo fornito dalla Biblioteca compilato chiaramente in tutte le sue parti. Il numero di richieste giornaliere \u00e8 di 4 (per un massimo di 3 volumi per richiesta).<\/li>\n<li><strong>Art. 11<\/strong> \u2013 [\u2026] L\u2019utente deve rigorosamente rispettare le norme di legge che regolano l\u2019uso dei luoghi pubblici e le disposizioni del presente regolamento<\/li>\n<li><strong>Art. 13<\/strong> \u2013 [\u2026] Per fotografare con mezzi propri i documenti \u00e8 necessaria l\u2019autorizzazione della Direzione della Biblioteca. La ripresa fotografica deve essere svolta in modo da non arrecare danno al documento e nel rispetto delle disposizioni di legge vigenti. Le richieste vanno fatte su un modulo disponibile in Sala lettura.<\/li>\n<\/ul>\n<p><strong><br \/>\nCome raggiungerci<\/strong><\/p>\n<p>La Biblioteca, che dispone di un\u2019ampia Sala di Lettura aperta al pubblico, \u00e8 raggiungibile dall\u2019Ufficio Passi, lato stadio Olimpico, piano terra, p.le della Farnesina 1, 00135 Roma.<\/p>\n<p><strong>ORARIO<\/strong>:<br \/>\nLa Sala di Lettura della Biblioteca \u00e8 aperta per consultazione e informazioni nei giorni di luned\u00ec, marted\u00ec, mercoled\u00ec e gioved\u00ec dalle ore 09:00 alle ore 14:00<\/p>\n<p>\u00c8 necessario prenotare l\u2019entrata con almeno 24 ore di anticipo scrivendo ad uno dei seguenti indirizzi:<br \/>\n<a href=\"mailto:biblioteca.mae@esteri.it\">biblioteca.mae@esteri.it<\/a><br \/>\n<u><a href=\"mailto:ersilia.fabbricatore@esteri.it\">ersilia.fabbricatore@esteri.it<\/a><\/u><\/p>\n<p>&nbsp;<\/p>\n<p><strong>CHIUSURA<\/strong>:<br \/>\n1-31 agosto e una breve chiusura in occasione di Natale e Pasqua<\/p>\n<p>&nbsp;<\/p>\n<p>&nbsp;<\/p>\n<p><strong>Contatti<\/strong><\/p>\n<p>Direzione Generale per gli Affari Politici e la Sicurezza Internazionale, Unit\u00e0 per l\u2019Analisi, la Programmazione e la Documentazione Storica<\/p>\n<p>Biblioteca del Ministero degli Affari Esteri e della Cooperazione Internazionale<\/p>\n<p>P. le della Farnesina, 1 00135 Roma<\/p>\n<p><strong>Dr. Ersilia Fabbricatore<\/strong>\u00a0\u2013 Capo sezione V \u2013 Responsabile Biblioteca<br \/>\ne-mail: <u><a href=\"mailto:ersilia.fabbricatore@esteri.it\">ersilia.fabbricatore@esteri.it<\/a><\/u><br \/>\nTel. 06\/36913316<\/p>\n<p><strong>Per informazioni:<\/strong><br \/>\ne-mail: <a href=\"mailto:biblioteca.mae@esteri.it\">biblioteca.mae@esteri.it<\/a><br \/>\nTel. 06\/36913279<\/p>\n<p>&nbsp;<\/p>\n","protected":false},"excerpt":{"rendered":"Regolamento per il prestito inter bibliotecario Regolamento Di seguito vengono riportati i punti principali estratti dal regolamento completo: Art. 6 \u2013 L\u2019accesso alla Biblioteca \u00e8 consentito a tutti coloro che abbiano compiuto 18 anni e siano in possesso di un documento di identit\u00e0 valido. [\u2026] Non \u00e8 permesso entrare con videocamere e scanner portatili. Se [&hellip;]","protected":false},"author":1,"featured_media":0,"parent":100164,"menu_order":0,"comment_status":"closed","ping_status":"closed","template":"","meta":{"footnotes":""},"class_list":["post-104073","page","type-page","status-publish","hentry"],"_links":{"self":[{"href":"https:\/\/www.esteri.it\/it\/wp-json\/wp\/v2\/pages\/104073","targetHints":{"allow":["GET"]}}],"collection":[{"href":"https:\/\/www.esteri.it\/it\/wp-json\/wp\/v2\/pages"}],"about":[{"href":"https:\/\/www.esteri.it\/it\/wp-json\/wp\/v2\/types\/page"}],"author":[{"embeddable":true,"href":"https:\/\/www.esteri.it\/it\/wp-json\/wp\/v2\/users\/1"}],"replies":[{"embeddable":true,"href":"https:\/\/www.esteri.it\/it\/wp-json\/wp\/v2\/comments?post=104073"}],"version-history":[{"count":7,"href":"https:\/\/www.esteri.it\/it\/wp-json\/wp\/v2\/pages\/104073\/revisions"}],"predecessor-version":[{"id":178867,"href":"https:\/\/www.esteri.it\/it\/wp-json\/wp\/v2\/pages\/104073\/revisions\/178867"}],"up":[{"embeddable":true,"href":"https:\/\/www.esteri.it\/it\/wp-json\/wp\/v2\/pages\/100164"}],"wp:attachment":[{"href":"https:\/\/www.esteri.it\/it\/wp-json\/wp\/v2\/media?parent=104073"}],"curies":[{"name":"wp","href":"https:\/\/api.w.org\/{rel}","templated":true}]}}