{"id":104137,"date":"2024-03-15T15:45:10","date_gmt":"2024-03-15T14:45:10","guid":{"rendered":"https:\/\/www.esteri.it\/?page_id=104137"},"modified":"2026-03-26T11:28:08","modified_gmt":"2026-03-26T10:28:08","slug":"rome-med-dialogues","status":"publish","type":"page","link":"https:\/\/www.esteri.it\/it\/uapsds\/analisi-e-programmazione\/rome-med-dialogues\/","title":{"rendered":"Dialoghi Mediterranei \u2013 MED Dialogues"},"content":{"rendered":"<p>I Dialoghi Mediterranei \u2013 MED Dialogues sono una conferenza internazionale che dal 2015 riunisce in Italia, con cadenza annuale, rappresentanti politico-istituzionali di primo livello, funzionari, esperti, analisti ed esponenti della societ\u00e0, dell\u2019economia e dei media per discutere di alcuni dei temi fondamentali per il Mediterraneo e per migliorare la cooperazione intra-regionale. L\u2019evento mira a favorire un dibattito aperto e informale di alto livello sulle sfide del Mediterraneo allargato, al fine di evidenziare la centralit\u00e0 di quest\u2019area strategica per la politica estera dell\u2019Italia e definire una \u201cAgenda positiva\u201d per il rilancio della regione.<\/p>\n<p>La Conferenza \u00e8 organizzata in collaborazione con <a href=\"https:\/\/www.ispionline.it\/it\">ISPI<\/a>, l\u2019Istituto per gli Studi di Politica Internazionale, attraverso un protocollo d\u2019intesa di durata annuale, con l\u2019obiettivo di approfondire dal punto di vista scientifico gli aspetti della sicurezza e della soluzione dei conflitti in corso, dello sviluppo economico e delle infrastrutture, delle migrazioni, della cultura e della ricerca scientifica e tecnologica.<\/p>\n<div class=\"row\">\n<div class=\"col-lg-6\">\n<ul>\n<li><a href=\"https:\/\/med.ispionline.it\/publications?edition=2025\">Dialoghi Mediterranei &#8211; MED Dialogues 2025<\/a><\/li>\n<li><a href=\"https:\/\/med.ispionline.it\/ \">Rome MED Dialogues 2024<\/a><\/li>\n<li><a href=\"https:\/\/www.ispionline.it\/en\/publication\/highlights-of-rome-med-dialogues-extraordinary-expert-meeting-164040\">Rome MED Dialogues \u2013 Extraordinary Expert Meeting 2023<\/a><\/li>\n<li><a href=\"https:\/\/med.ispionline.it\/events?edition=2022\">Rome MED Dialogues 2022<\/a><\/li>\n<li><a href=\"https:\/\/med.ispionline.it\/events?edition=2021\">Rome MED Dialogues 2021<\/a><\/li>\n<li><a href=\"https:\/\/med.ispionline.it\/events?edition=2020\">Rome MED Dialogues 2020<\/a><\/li>\n<li><a href=\"https:\/\/med.ispionline.it\/events?edition=2019\">Rome MED Dialogues 2019<\/a><\/li>\n<li><a href=\"https:\/\/med.ispionline.it\/events?edition=2018\">Rome MED Dialogues 2018<\/a><\/li>\n<li><a href=\"https:\/\/2017.med.ispionline.it\/\">Rome MED Dialogues 2017<\/a><\/li>\n<li><a href=\"https:\/\/2016.med.ispionline.it\/\">Rome MED Dialogues 2016<\/a><\/li>\n<li><a href=\"https:\/\/2015.med.ispionline.it\/\">Rome MED Dialogues 2015<\/a><\/li>\n<\/ul>\n<\/div>\n<div class=\"col-lg-6\">\n<p><img decoding=\"async\" class=\"alignnone wp-image-113542 img-fluid\" src=\"https:\/\/www.esteri.it\/wp-content\/uploads\/2026\/03\/Logo-MED.jpg\" width=\"251\" \/><\/p>\n<\/div>\n<\/div>\n<p><a href=\"https:\/\/www.esteri.it\/it\/sala_stampa\/archiviomultimedia\/precedenti-edizioni-rome-med-dialogues\/\">Foto edizioni 2018 &#8211;<\/a><a href=\"https:\/\/www.esteri.it\/it\/sala_stampa\/archiviomultimedia\/precedenti-edizioni-rome-med-dialogues\/\"> 2022<\/a><\/p>\n<p>&nbsp;<\/p>\n<div id=\"collapseExample\" class=\"accordion\">\n<div class=\"accordion-item\">\n<h2 id=\"heading1z\" class=\"accordion-header \"><button class=\"accordion-button\" type=\"button\" data-bs-toggle=\"collapse\" data-bs-target=\"#collapse1z\" aria-expanded=\"true\" aria-controls=\"collapse1z\"> Rinnovo Protocollo d\u2019intesa MAECI-ISPI \u2013 26-03-2026\u00a0<\/button><\/h2>\n<div id=\"collapse1z\" role=\"region\" aria-labelledby=\"heading0z\">Si comunica che il Ministero degli Affari Esteri e della Cooperazione Internazionale intende rinnovare la collaborazione con l\u2019<strong>Istituto per gli Studi di Politica Internazionale (ISPI)<\/strong> in vista dell\u2019organizzazione della prossima edizione della Conferenza Internazionale \u201cDialoghi Mediterranei\/MED-Dialogues\u201d, prevista dall\u2019articolo 7 del decreto legge n. 243 del 29 dicembre 2016, convertito con modificazioni dalla legge 27 febbraio 2017, n. 18 pubblicata in G.U. 28\/02\/2017, n. 49, che sar\u00e0 organizzata a <strong>Napoli dal 19 al 21 novembre 2026<\/strong> (salvo modifiche richieste da eventuali, sopravvenuti motivi logistici\/organizzativi).<br \/>\nLa collaborazione proposta verrebbe regolata da un <strong>protocollo di intesa di durata annuale<\/strong> che sar\u00e0 successivamente negoziato ed \u00e8 finalizzata all\u2019approfondimento scientifico dei temi connessi con la Conferenza, con particolare attenzione ai seguenti aspetti: sicurezza e soluzione dei conflitti in corso; sviluppo economico, energetico e delle infrastrutture; migrazioni; questioni ambientali; cultura e tutela del patrimonio storico-artistico; ricerca scientifica e tecnologica.<br \/>\nIl Ministero non erogher\u00e0 pagamenti, contributi, rimborsi o altre erogazioni di denaro in relazione alla collaborazione proposta.<br \/>\nTrascorso il termine di <strong>trenta giorni dalla pubblicazione del presente avviso<\/strong>, il citato protocollo d\u2019intesa sar\u00e0 liberamente negoziato da questo Ministero degli Affari Esteri e della Cooperazione Internazionale, nel rispetto dei principi di imparzialit\u00e0 e di parit\u00e0 di trattamento fra gli eventuali ulteriori operatori che abbiano manifestato analogo interesse e che rispondano ai requisiti di legge.<\/div>\n<\/div>\n<div class=\"accordion-item\">\n<h2 id=\"heading0z\" class=\"accordion-header \"><button class=\"accordion-button collapsed\" type=\"button\" data-bs-toggle=\"collapse\" data-bs-target=\"#collapse0z\" aria-expanded=\"false\" aria-controls=\"collapse0z\"> Rinnovo Protocollo d&#8217;intesa MAECI-ISPI &#8211; 21-03-2025\u00a0<\/button><\/h2>\n<div id=\"collapse0z\" class=\"accordion-collapse collapse\" role=\"region\" aria-labelledby=\"heading0z\">Si comunica che il Ministero degli Affari Esteri e della Cooperazione Internazionale intende rinnovare la collaborazione con l\u2019<strong>Istituto per gli Studi di Politica Internazionale (ISPI)<\/strong> in vista dell\u2019organizzazione della prossima edizione della Conferenza Internazionale \u201cDialoghi Mediterranei-MED-Dialogues\u201d, prevista dall\u2019articolo 7 del decreto legge n. 243 del 29 dicembre 2016, convertito con modificazioni dalla legge 27 febbraio 2017, n. 18 pubblicata in G.U. 28\/02\/2017, n. 49, che sar\u00e0 organizzata a Napoli <strong>dal 15 al 17 ottobre 2025<\/strong> (salvo modifiche richieste da eventuali, sopravvenuti motivi logistici\/organizzativi). La collaborazione proposta verrebbe regolata dal <strong>protocollo di intesa sottoscritto nel 2024<\/strong> che sar\u00e0 rinnovato in base all\u2019art. 6 dello stesso ed \u00e8 finalizzata all\u2019approfondimento scientifico dei temi connessi con la Conferenza, con particolare attenzione ai seguenti aspetti: sicurezza e soluzione dei conflitti in corso; sviluppo economico, energetico e delle infrastrutture; migrazioni; questioni ambientali; cultura e tutela del patrimonio storico-artistico; ricerca scientifica e tecnologica.<br \/>\nIl Ministero non erogher\u00e0 pagamenti, contributi, rimborsi o altre erogazioni di denaro in relazione alla collaborazione proposta.<br \/>\nTrascorso il termine di <strong>sette giorni dalla pubblicazione del presente avviso<\/strong>, il citato protocollo d\u2019intesa sar\u00e0 rinnovato da questo Ministero degli Affari Esteri e della Cooperazione Internazionale, nel rispetto dei principi di imparzialit\u00e0 e di parit\u00e0 di trattamento fra gli eventuali ulteriori operatori che abbiano manifestato interesse e che rispondano ai requisiti di legge.<br \/>\n<a href=\"https:\/\/www.esteri.it\/wp-content\/uploads\/2025\/04\/Rinnovo-protocollo-dintesa-2025.pdf\">Rinnovo Protocollo d\u2019intesa 2025<\/a><\/div>\n<\/div>\n<div class=\"accordion-item\">\n<h2 id=\"heading0c\" class=\"accordion-header \"><button class=\"accordion-button collapsed\" type=\"button\" data-bs-toggle=\"collapse\" data-bs-target=\"#collapse0c\" aria-expanded=\"false\" aria-controls=\"collapse0c\"> Rinnovo Protocollo d&#8217;intesa MAECI-ISPI &#8211; 26-03-2024\u00a0<\/button><\/h2>\n<div id=\"collapse0c\" class=\"accordion-collapse collapse\" role=\"region\" aria-labelledby=\"heading0c\">Si comunica che il Ministero degli Affari Esteri e della Cooperazione Internazionale intende rinnovare la collaborazione con l\u2019Istituto per gli Studi di Politica Internazionale (ISPI) in vista dell\u2019organizzazione della prossima edizione della Conferenza Internazionale \u201cMED-Dialogues\u201d, prevista dall\u2019articolo 7 del decreto legge n. 243 del 29 dicembre 2016, convertito con modificazioni dalla legge 27 febbraio 2017, n. 18 pubblicata in G.U. 28\/02\/2017, n. 49, che sar\u00e0 organizzata a Roma dal 25 al 27 novembre 2024 (salvo modifiche richieste da eventuali, sopravvenuti motivi logistici\/organizzativi).<br \/>\nLa collaborazione proposta verrebbe regolata da un protocollo di intesa di durata annuale che sar\u00e0 successivamente negoziato ed \u00e8 finalizzata all\u2019approfondimento scientifico dei temi connessi con la Conferenza, con particolare attenzione ai seguenti aspetti: sicurezza e soluzione dei conflitti in corso; sviluppo economico, energetico e delle infrastrutture; migrazioni; questioni ambientali; cultura e tutela del patrimonio storico-artistico; ricerca scientifica e tecnologica.<br \/>\nIl Ministero non erogher\u00e0 pagamenti, contributi, rimborsi o altre erogazioni di denaro in relazione alla collaborazione proposta.<br \/>\nTrascorso il termine di trenta giorni dalla pubblicazione del presente avviso, il citato protocollo d\u2019intesa sar\u00e0 liberamente negoziato da questo Ministero degli Affari Esteri e della Cooperazione Internazionale, nel rispetto dei principi di imparzialit\u00e0 e di parit\u00e0 di trattamento fra gli eventuali ulteriori operatori che abbiano manifestato analogo interesse e che rispondano ai requisiti di legge. <a href=\"https:\/\/www.esteri.it\/wp-content\/uploads\/2024\/11\/Med_Dialogues_2024_conv_protocollata_31052024_0072261.pdf\">Rinnovo protocollo d\u2019intesa 2024 <\/a><\/div>\n<\/div>\n<div class=\"accordion-item\">\n<h2 id=\"heading1m\" class=\"accordion-header \"><button class=\"accordion-button collapsed\" type=\"button\" data-bs-toggle=\"collapse\" data-bs-target=\"#collapse1m\" aria-expanded=\"false\" aria-controls=\"collapse1m\"> Rinnovo Protocollo d&#8217;intesa MAECI-ISPI &#8211; 28-02-2023 <\/button><\/h2>\n<div id=\"collapse1m\" class=\"accordion-collapse collapse \" role=\"region\" aria-labelledby=\"heading1m\">Si comunica che il Ministero degli Affari Esteri e della Cooperazione Internazionale intende rinnovare la collaborazione con\u00a0l\u2019Istituto per gli Studi di Politica Internazionale (ISPI)\u00a0in vista dell\u2019organizzazione della prossima edizione della Conferenza Internazionale \u201cMED-Dialogues\u201d, prevista dall\u2019articolo 7 del decreto legge n. 243 del 29 dicembre 2016, convertito con modificazioni dalla legge 27 febbraio 2017, n. 18 pubblicata in G.U. 28\/02\/2017, n. 49, che sar\u00e0 organizzata a\u00a0Roma dal 2 al 4 novembre 2023.<br \/>\nLa collaborazione proposta verrebbe regolata da un protocollo di intesa di durata annuale che sar\u00e0 successivamente negoziato ed \u00e8 finalizzata all\u2019approfondimento scientifico dei temi connessi con la Conferenza con particolare attenzione ai seguenti aspetti: sicurezza e soluzione dei conflitti in corso; sviluppo economico e delle infrastrutture; migrazioni; cultura, alla tutela del patrimonio storico-artistico e ricerca scientifica e tecnologica. Il Ministero non erogher\u00e0 pagamenti, contributi, rimborsi o altre erogazioni di denaro in relazione alla collaborazione proposta.<br \/>\nTrascorso il termine di\u00a0trenta giorni dalla pubblicazione del presente avviso, il citato protocollo d\u2019intesa sar\u00e0 liberamente negoziato da questo Ministero degli Affari Esteri e della Cooperazione Internazionale, nel rispetto dei principi di imparzialit\u00e0 e di parit\u00e0 di trattamento fra gli eventuali ulteriori operatori che abbiano manifestato analogo interesse e che rispondano ai requisiti di legge. <a href=\"https:\/\/www.esteri.it\/wp-content\/uploads\/2024\/11\/Protocollo_dintesa_ISPI_MED2023.pdf\">Protocollo d\u2019intesa MAECI- ISPI per la realizzazione di una Conferenza annuale sul dialogo mediterraneo denominata \u201cMED Dialogues\u201d<\/a><\/div>\n<\/div>\n<div class=\"accordion-item\">\n<h2 id=\"heading1c\" class=\"accordion-header \"><button class=\"accordion-button collapsed\" type=\"button\" data-bs-toggle=\"collapse\" data-bs-target=\"#collapse1c\" aria-expanded=\"false\" aria-controls=\"collapse1c\"> Rinnovo Protocollo d&#8217;intesa MAECI-ISPI &#8211; 25-02-2022 <\/button><\/h2>\n<div id=\"collapse1c\" class=\"accordion-collapse collapse \" role=\"region\" aria-labelledby=\"heading1c\">\n<div class=\"accordion-body\">Si comunica che il Ministero degli Affari Esteri e della Cooperazione Internazionale intende rinnovare la collaborazione con l&#8217;Istituto per gli Studi di Politica Internazionale (ISPI) in vista dell&#8217;organizzazione della prossima edizione della Conferenza Internazionale \u201cMED-Dialogues\u201d, prevista dall&#8217;articolo 7 del decreto legge n. 243 del 29 dicembre 2016, convertito con modificazioni dalla legge 27 febbraio 2017, n. 18 pubblicata in G.U. 28\/02\/2017, n. 49, che sar\u00e0 organizzata auspicabilmente in presenza a Roma dal 1 al 3 dicembre 2021. La collaborazione proposta verrebbe regolata da un protocollo di intesa di durata annuale che sar\u00e0 successivamente negoziato ed \u00e8 finalizzata all&#8217;approfondimento scientifico dei temi connessi con la Conferenza con particolare attenzione ai seguenti aspetti: sicurezza e soluzione dei conflitti in corso; sviluppo economico e delle infrastrutture; migrazioni, con specifico riferimento ai diritti dei rifugiati e richiedenti asilo; cultura, alla tutela del patrimonio storico-artistico e ricerca scientifica e tecnologica. Il Ministero non erogher\u00e0 pagamenti, contributi, rimborsi o altre erogazioni di denaro in relazione alla collaborazione proposta. Trascorso il termine di trenta giorni dalla pubblicazione del presente avviso, il citato protocollo d&#8217;intesa sar\u00e0 liberamente negoziato da questo Ministero degli Affari Esteri e della Cooperazione Internazionale, nel rispetto dei principi di imparzialit\u00e0 e di parit\u00e0 di trattamento fra gli eventuali ulteriori operatori che abbiano manifestato analogo interesse e che rispondano ai requisiti di legge. <a href=\"https:\/\/www.esteri.it\/wp-content\/uploads\/2022\/04\/Protocollo-dintesa-MAECI-ISPI_2022.pdf\">Protocollo d&#8217;intesa MAECI- ISPI per la realizzazione di una Conferenza annuale sul dialogo mediterraneo denominata \u201cMED Dialogues\u201d<\/a><\/div>\n<\/div>\n<\/div>\n<div class=\"accordion-item\">\n<h2 id=\"heading2c\" class=\"accordion-header \"><button class=\"accordion-button collapsed\" type=\"button\" data-bs-toggle=\"collapse\" data-bs-target=\"#collapse2c\" aria-expanded=\"false\" aria-controls=\"collapse2c\"> Rinnovo Protocollo d&#8217;intesa MAECI-ISPI &#8211; 02-02-2021 <\/button><\/h2>\n<div id=\"collapse2c\" class=\"accordion-collapse collapse\" role=\"region\" aria-labelledby=\"heading2c\">\n<div class=\"accordion-body\">Si comunica che il Ministero degli Affari Esteri e della Cooperazione Internazionale intende rinnovare la collaborazione con l&#8217;Istituto per gli Studi di Politica Internazionale (ISPI) in vista dell&#8217;organizzazione della prossima edizione della Conferenza Internazionale \u201cMED-Dialogues\u201d, prevista dall&#8217;articolo 7 del decreto legge n. 243 del 29 dicembre 2016, convertito con modificazioni dalla legge 27 febbraio 2017, n. 18 pubblicata in G.U. 28\/02\/2017, n. 49, che sar\u00e0 organizzata auspicabilmente in presenza a Roma dal 2 al 4 dicembre 2021. La collaborazione proposta verrebbe regolata da un protocollo di intesa di durata annuale che sar\u00e0 successivamente negoziato ed \u00e8 finalizzata all&#8217;approfondimento scientifico dei temi connessi con la Conferenza con particolare attenzione ai seguenti aspetti: sicurezza e soluzione dei conflitti in corso; sviluppo economico e delle infrastrutture; migrazioni, con specifico riferimento ai diritti dei rifugiati e richiedenti asilo; cultura, alla tutela del patrimonio storico-artistico e ricerca scientifica e tecnologica. Il Ministero non erogher\u00e0 pagamenti, contributi, rimborsi o altre erogazioni di denaro in relazione alla collaborazione proposta. Trascorso il termine di trenta giorni dalla pubblicazione del presente avviso, il citato protocollo d&#8217;intesa sar\u00e0 liberamente negoziato da questo Ministero degli Affari Esteri e della Cooperazione Internazionale, nel rispetto dei principi di imparzialit\u00e0 e di parit\u00e0 di trattamento fra gli eventuali ulteriori operatori che abbiano manifestato analogo interesse e che rispondano ai requisiti di legge. <a href=\"https:\/\/www.esteri.it\/mae\/resource\/doc\/2021\/05\/med2021_protocollo_di_intesa_ispi.pdf\">Protocollo d&#8217;intesa MAECI- ISPI per la realizzazione di una Conferenza annuale sul dialogo mediterraneo denominata \u201cMED Dialogues\u201d<\/a><\/div>\n<\/div>\n<\/div>\n<div class=\"accordion-item\">\n<h2 id=\"heading3c\" class=\"accordion-header \"><button class=\"accordion-button collapsed\" type=\"button\" data-bs-toggle=\"collapse\" data-bs-target=\"#collapse3c\" aria-expanded=\"false\" aria-controls=\"collapse3c\"> Rinnovo Protocollo d&#8217;intesa MAECI-ISPI &#8211; 30\/01\/2020 <\/button><\/h2>\n<div id=\"collapse3c\" class=\"accordion-collapse collapse\" role=\"region\" aria-labelledby=\"heading3c\">\n<div class=\"accordion-body\">Si comunica che il Ministero degli Affari Esteri e della Cooperazione Internazionale intende rinnovare la collaborazione con l&#8217;Istituto per gli studi di politica internazionale (ISPI) in vista dell&#8217;organizzazione della prossima edizione della Conferenza Internazionale \u201cMED-Dialogues\u201d, prevista dall&#8217;articolo 7 del decreto legge n. 243 del 29 dicembre 2016, convertito con modificazioni dalla legge 27 febbraio 2017, n. 18 pubblicata in G.U. 28\/02\/2017, n. 49, che sar\u00e0 organizzata a Roma dal 3 al 5 dicembre 2020.La collaborazione proposta verrebbe regolata da un protocollo di intesa di durata annuale che sar\u00e0 successivamente negoziato sulla base dello schema allegato, ed \u00e8 finalizzata all&#8217;approfondimento scientifico dei temi connessi con la Conferenza con particolare attenzione ai seguenti aspetti: sicurezza e soluzione dei conflitti in corso; sviluppo economico e delle infrastrutture; migrazioni, con specifico riferimento ai diritti dei rifugiati e richiedenti asilo; cultura, alla tutela del patrimonio storico-artistico e ricerca scientifica e tecnologica. Il Ministero non erogher\u00e0 pagamenti, contributi, rimborsi o altre erogazioni di denaro a favore dell&#8217;ISPI in relazione alla collaborazione proposta. L&#8217;ISPI si impegna a contribuire all&#8217;approfondimento dei citati argomenti sia con <i>concept papers<\/i> di inquadramento che proponendo oratori e ospiti di alto livello tra rappresentanti politici, analisti ed esponenti della societ\u00e0, del mondo economico, culturale e dei media e prende atto che il Ministero provveder\u00e0 in piena autonomia e nel rispetto della normativa vigente, a impiegare le proprie risorse finanziarie per acquisti diretti di beni e servizi che riterr\u00e0 utili allo svolgimento della conferenza. Trascorso il termine di trenta giorni dalla pubblicazione del presente avviso, il citato protocollo d&#8217;intesa sar\u00e0 liberamente negoziato da questo Ministero degli Affari Esteri e della Cooperazione Internazionale, nel rispetto dei principi di imparzialit\u00e0 e di parit\u00e0 di trattamento fra gli eventuali ulteriori operatori che abbiano manifestato analogo interesse e che rispondano ai requisiti di legge.<\/div>\n<\/div>\n<\/div>\n<div class=\"accordion-item\">\n<h2 id=\"heading4c\" class=\"accordion-header \"><button class=\"accordion-button collapsed\" type=\"button\" data-bs-toggle=\"collapse\" data-bs-target=\"#collapse4c\" aria-expanded=\"false\" aria-controls=\"collapse4c\"> Rinnovo Protocollo d\u2019intesa MAECI-ISPI &#8211; 04\/03\/2020 <\/button><\/h2>\n<div id=\"collapse4c\" class=\"accordion-collapse collapse\" role=\"region\" aria-labelledby=\"heading4c\">\n<div class=\"accordion-body\">Si comunica che il Ministero degli Affari Esteri e della Cooperazione Internazionale ha rinnovato la collaborazione con l\u2019Istituto per gli studi di politica internazionale (ISPI) in vista dell\u2019organizzazione della prossima edizione della Conferenza Internazionale \u201cMED-Dialogues\u201d, prevista dall\u2019articolo 7 del decreto legge n. 243 del 29 dicembre 2016, convertito con modificazioni dalla legge 27 febbraio 2017, n. 18 pubblicata in G.U. 28\/02\/2017, n. 49, che sar\u00e0 organizzata a Roma dal 3 al 5 dicembre 2020.La collaborazione proposta \u00e8 regolata da un protocollo di intesa di durata annuale ed \u00e8 finalizzata all\u2019approfondimento scientifico dei temi connessi con la Conferenza con particolare attenzione ai seguenti aspetti: sicurezza e soluzione dei conflitti in corso; sviluppo economico e delle infrastrutture; migrazioni, con specifico riferimento ai diritti dei rifugiati e richiedenti asilo; cultura, alla tutela del patrimonio storico-artistico e ricerca scientifica e tecnologica. Il Ministero non erogher\u00e0 pagamenti, contributi, rimborsi o altre erogazioni di denaro a favore dell\u2019ISPI in relazione alla collaborazione proposta. L\u2019ISPI si impegna a contribuire all\u2019approfondimento dei citati argomenti sia con concept papers di inquadramento che proponendo oratori e ospiti di alto livello tra rappresentanti politici, analisti ed esponenti della societ\u00e0, del mondo economico, culturale e dei media e prende atto che il Ministero provveder\u00e0 in piena autonomia e nel rispetto della normativa vigente, a impiegare le proprie risorse finanziarie per acquisti diretti di beni e servizi che riterr\u00e0 utili allo svolgimento della conferenza. Scaduto il termine di trenta giorni dalla pubblicazione del presente avviso, senza che altri operatori abbiano manifestato analogo interesse alla collaborazione in questione, il citato protocollo d\u2019intesa \u00e8 stato negoziato e rinnovato da questo Ministero degli Affari Esteri e della Cooperazione Internazionale con l\u2019ISPI. <a href=\"https:\/\/www.esteri.it\/mae\/resource\/doc\/2020\/03\/protocollointesarevfirmato.pdf\">Protocollo d\u2019intesa MAECI- ISPI per la realizzazione di una Conferenza annuale sul dialogo mediterraneo denominata \u201cMED Dialogues\u201d<\/a><\/div>\n<\/div>\n<\/div>\n<div class=\"accordion-item\">\n<h2 id=\"heading5c\" class=\"accordion-header \"><button class=\"accordion-button collapsed\" type=\"button\" data-bs-toggle=\"collapse\" data-bs-target=\"#collapse5c\" aria-expanded=\"false\" aria-controls=\"collapse5c\"> Rinnovo Protocollo d\u2019intesa MAECI-ISPI &#8211; 14\/03\/2019 <\/button><\/h2>\n<div id=\"collapse5c\" class=\"accordion-collapse collapse\" role=\"region\" aria-labelledby=\"heading5c\">\n<div class=\"accordion-body\">MAECI-ISPI per MED Dialogues 2019 &#8211; 14\/03\/2019<br \/>\n<a href=\"https:\/\/www.esteri.it\/mae\/resource\/doc\/2019\/06\/maeci_-_lettera_min._barucco_a_ispi-2019-03-11.pdf\">MAECI &#8211; Lettera Min. Barucco a ISPI<\/a><br \/>\n<a href=\"https:\/\/www.esteri.it\/mae\/resource\/doc\/2019\/06\/ispi_-_conferma_rinnovo_2019-03-14.pdf\">ISPI \u2013 Conferma rinnovo<\/a><\/div>\n<\/div>\n<\/div>\n<\/div>\n","protected":false},"excerpt":{"rendered":"I Dialoghi Mediterranei \u2013 MED Dialogues sono una conferenza internazionale che dal 2015 riunisce in Italia, con cadenza annuale, rappresentanti politico-istituzionali di primo livello, funzionari, esperti, analisti ed esponenti della societ\u00e0, dell\u2019economia e dei media per discutere di alcuni dei temi fondamentali per il Mediterraneo e per migliorare la cooperazione intra-regionale. L\u2019evento mira a favorire [&hellip;]","protected":false},"author":1,"featured_media":0,"parent":100132,"menu_order":6,"comment_status":"closed","ping_status":"closed","template":"","meta":{"footnotes":""},"class_list":["post-104137","page","type-page","status-publish","hentry"],"_links":{"self":[{"href":"https:\/\/www.esteri.it\/it\/wp-json\/wp\/v2\/pages\/104137","targetHints":{"allow":["GET"]}}],"collection":[{"href":"https:\/\/www.esteri.it\/it\/wp-json\/wp\/v2\/pages"}],"about":[{"href":"https:\/\/www.esteri.it\/it\/wp-json\/wp\/v2\/types\/page"}],"author":[{"embeddable":true,"href":"https:\/\/www.esteri.it\/it\/wp-json\/wp\/v2\/users\/1"}],"replies":[{"embeddable":true,"href":"https:\/\/www.esteri.it\/it\/wp-json\/wp\/v2\/comments?post=104137"}],"version-history":[{"count":9,"href":"https:\/\/www.esteri.it\/it\/wp-json\/wp\/v2\/pages\/104137\/revisions"}],"predecessor-version":[{"id":181020,"href":"https:\/\/www.esteri.it\/it\/wp-json\/wp\/v2\/pages\/104137\/revisions\/181020"}],"up":[{"embeddable":true,"href":"https:\/\/www.esteri.it\/it\/wp-json\/wp\/v2\/pages\/100132"}],"wp:attachment":[{"href":"https:\/\/www.esteri.it\/it\/wp-json\/wp\/v2\/media?parent=104137"}],"curies":[{"name":"wp","href":"https:\/\/api.w.org\/{rel}","templated":true}]}}