{"id":113509,"date":"2024-02-27T17:30:01","date_gmt":"2024-02-27T16:30:01","guid":{"rendered":"https:\/\/www.esteri.it\/?page_id=113509"},"modified":"2026-01-20T16:07:46","modified_gmt":"2026-01-20T15:07:46","slug":"artico","status":"publish","type":"page","link":"https:\/\/www.esteri.it\/it\/politica-estera-e-cooperazione-allo-sviluppo\/aree_geografiche\/europa\/artico\/","title":{"rendered":"Artico"},"content":{"rendered":"<p>In data 16 gennaio 2026 si \u00e8 svolta a Roma presso Villa Madama la conferenza di presentazione del nuovo documento strategico italiano sull\u2019Artico, intitolato \u201c<a href=\"https:\/\/www.esteri.it\/wp-content\/uploads\/2026\/01\/WEB_strategia-artica-italiana_16012026.pdf\"><strong>La Politica Artica Italiana. L\u2019Italia e l\u2019Artico: i valori della cooperazione in una regione in rapida trasformazione<\/strong><\/a>\u201d.<\/p>\n<p>L\u2019innalzamento della temperatura (in Artico tra il triplo ed il quadruplo rispetto alla media mondiale) e la progressiva fusione dei ghiacci hanno fatto crescere l\u2019attenzione verso la regione, oltre che per le comprensibili preoccupazioni ambientali, anche per il suo possibile maggiore sfruttamento economico. Con una lunga tradizione di spedizioni polari risalente ad oltre cento anni fa, l\u2019Italia \u00e8 Stato Osservatore al Consiglio Artico dal 2013. La ricerca scientifica \u00e8 il motore primo dell\u2019azione italiana in Artico ed ha come principale punto di riferimento la Base \u201cDirigibile Italia\u201d nelle Isole Svalbard (Norvegia), attiva dal 1997. Per fornire ulteriore impulso a tali attivit\u00e0, la legge di bilancio per il 2018 ha istituito il Comitato Scientifico per l\u2019Artico, con il compito principale di elaborare e monitorare il Programma di Ricerche in Artico. Inoltre, alla Farnesina si riunisce periodicamente il Tavolo Artico, con la partecipazione di Ministeri, aziende ed enti interessati alla regione.<\/p>\n<p>Principale foro di collaborazione regionale \u00e8 il Consiglio Artico creato nel 1996 e composto da Canada, Danimarca, Finlandia, Islanda, Norvegia, Russia, Svezia e Stati Uniti. Il Consiglio Artico include come Partecipanti Permanenti sei associazioni delle popolazioni indigene dell\u2019Artico ed opera attraverso gruppi di lavoro su temi quali lo sviluppo sostenibile, il monitoraggio ambientale, la protezione dell\u2019ambiente marino, la conservazione della biodiversit\u00e0, la prevenzione e gestione delle emergenze. Le attivit\u00e0 del Consiglio Artico sono state sospese nei primi giorni del marzo 2022 a causa dell\u2019invasione dell\u2019Ucraina da parte della Russia, che deteneva la Presidenza rotativa biennale del Consiglio, ma successivamente riprese con il passaggio della Presidenza alla Norvegia l\u201911 maggio 2023. Dal 13 maggio 2025 fino al 2027 la Presidenza sar\u00e0, invece, detenuta dalla Danimarca. Numerosi sono gli eventi di natura congressuale su temi artici: tra quelli con periodicit\u00e0 annuale, da segnalare in particolare Arctic Circle, che si svolge ad ottobre a Reykjav\u00eck, e Arctic Frontiers, che ha luogo a Troms\u00f8 tra fine gennaio ed inizio febbraio.<br \/>\nNegli Approfondimenti, ulteriori informazioni e documenti sull\u2019Italia in Artico e sui principali organismi internazionali di interesse per la regione.<\/p>\n","protected":false},"excerpt":{"rendered":"In data 16 gennaio 2026 si \u00e8 svolta a Roma presso Villa Madama la conferenza di presentazione del nuovo documento strategico italiano sull\u2019Artico, intitolato \u201cLa Politica Artica Italiana. L\u2019Italia e l\u2019Artico: i valori della cooperazione in una regione in rapida trasformazione\u201d. L\u2019innalzamento della temperatura (in Artico tra il triplo ed il quadruplo rispetto alla media [&hellip;]","protected":false},"author":1,"featured_media":0,"parent":30486,"menu_order":6,"comment_status":"closed","ping_status":"closed","template":"page-estera.php","meta":{"footnotes":""},"class_list":["post-113509","page","type-page","status-publish","hentry"],"_links":{"self":[{"href":"https:\/\/www.esteri.it\/it\/wp-json\/wp\/v2\/pages\/113509","targetHints":{"allow":["GET"]}}],"collection":[{"href":"https:\/\/www.esteri.it\/it\/wp-json\/wp\/v2\/pages"}],"about":[{"href":"https:\/\/www.esteri.it\/it\/wp-json\/wp\/v2\/types\/page"}],"author":[{"embeddable":true,"href":"https:\/\/www.esteri.it\/it\/wp-json\/wp\/v2\/users\/1"}],"replies":[{"embeddable":true,"href":"https:\/\/www.esteri.it\/it\/wp-json\/wp\/v2\/comments?post=113509"}],"version-history":[{"count":4,"href":"https:\/\/www.esteri.it\/it\/wp-json\/wp\/v2\/pages\/113509\/revisions"}],"predecessor-version":[{"id":170954,"href":"https:\/\/www.esteri.it\/it\/wp-json\/wp\/v2\/pages\/113509\/revisions\/170954"}],"up":[{"embeddable":true,"href":"https:\/\/www.esteri.it\/it\/wp-json\/wp\/v2\/pages\/30486"}],"wp:attachment":[{"href":"https:\/\/www.esteri.it\/it\/wp-json\/wp\/v2\/media?parent=113509"}],"curies":[{"name":"wp","href":"https:\/\/api.w.org\/{rel}","templated":true}]}}