{"id":114524,"date":"2024-03-18T12:58:26","date_gmt":"2024-03-18T11:58:26","guid":{"rendered":"https:\/\/www.esteri.it\/?page_id=114524"},"modified":"2025-11-25T17:05:33","modified_gmt":"2025-11-25T16:05:33","slug":"il-festival-dello-sviluppo-sostenibile-2024-nel-mondo-il-partenariato-con-il-maeci-e-la-rete-estera","status":"publish","type":"page","link":"https:\/\/www.esteri.it\/it\/politica-estera-e-cooperazione-allo-sviluppo\/cooperaz_sviluppo\/eventi\/il-festival-dello-sviluppo-sostenibile-2024-nel-mondo-il-partenariato-con-il-maeci-e-la-rete-estera\/","title":{"rendered":"Il festival dello Sviluppo Sostenibile 2024 nel mondo. Il partenariato con il MAECI e la rete estera"},"content":{"rendered":"<p>Il Ministero degli Affari Esteri e della Cooperazione Internazionale partecipa anche quest\u2019anno al\u00a0<a href=\"https:\/\/2024.festivalsvilupposostenibile.it\/\">Festival dello Sviluppo Sostenibile<\/a>, che si terr\u00e0 dal 7 al 23 maggio 2024 in tutta Italia, online e all\u2019estero, attraverso il coinvolgimento della Rete diplomatico-consolare. Il Festival \u00e8 la pi\u00f9 grande iniziativa italiana per sensibilizzare e mobilitare cittadini, imprese, associazioni e istituzioni sui temi della sostenibilit\u00e0 economica, sociale e ambientale, e realizzare un cambiamento culturale e politico che consenta all\u2019Italia di attuare l\u2019Agenda 2030 dell\u2019Onu e i 17 Obiettivi di sviluppo sostenibile.<\/p>\n<p>L\u2019Alleanza Italiana per lo Sviluppo Sostenibile (ASviS), che riunisce oltre 320 organizzazioni del mondo economico e sociale, organizza il Festival su un arco di 17 giorni, tanti quanti gli Obiettivi di sviluppo sostenibile previsti dall\u2019Agenda 20301 dell\u2019Onu. Il Festival sensibilizza ogni anno fasce molto ampie della popolazione sui temi della sostenibilit\u00e0 (economica, sociale e ambientale) e l\u2019Agenda 2030. Con il coinvolgimento di centinaia di organizzazioni in tutta Italia, della rete di ambasciate e di istituti di cultura italiani all\u2019estero, il ruolo attivo giocato dalle Universit\u00e0 e la collaborazione dei territori, la manifestazione raggiunge milioni di persone, confermandosi un\u2019esperienza unica nel panorama internazionale.<\/p>\n<p><a href=\"https:\/\/2024.festivalsvilupposostenibile.it\/festival-nel-mondo\/\"><strong>Scopri di pi\u00f9 sul festival nel Mondo<\/strong> <\/a><\/p>\n<p>Di seguito le iniziative realizzate dalla rete estera MAECI:<\/p>\n<p>&nbsp;<\/p>\n<p><strong>Berlino, Germania. 15 maggio 2024<\/strong><\/p>\n<p><strong>\u00a0ADVANCES IN BIOMEDICINE AND HEALTHCARE: A EUROPEAN PERSPECTIVE<\/strong><\/p>\n<p><a href=\"https:\/\/ambberlino.esteri.it\/it\/\">Ambasciata d&#8217;Italia a Berlino<\/a><\/p>\n<p>La tavola rotonda, che vede la partecipazione di eminenti ricercatori operanti in Italia e Germania, oltre che di industrie italiane di punta nel settore farmaceutico e biomedicale, intende fare il punto su alcuni recenti sviluppi nel settore, con particolare riferimento al caso europeo e alle prospettive di cooperazione bilaterale italo-tedesca.<\/p>\n<p><a href=\"https:\/\/2024.festivalsvilupposostenibile.it\/cal\/159\/advances-in-biomedicine-and-healthcare-a-european-perspective\">Advances in biomedicine and healthcare: a European perspective (festivalsvilupposostenibile.it)<\/a><\/p>\n<p><strong>Maputo, Mozambico. WEB TV ASviS<\/strong><\/p>\n<p><strong>BARRIGAS<\/strong><\/p>\n<p><a href=\"https:\/\/ambmaputo.esteri.it\/it\/\">Ambasciata d\u2019Italia a Maputo<\/a>, <a href=\"https:\/\/maputo.aics.gov.it\/\">AICS Maputo<\/a><\/p>\n<p>Il documentario, che sar\u00e0 proiettato nella citt\u00e0 di Chimoio, \u00e8 firmato dall\u2019artista visivo italiano Angelo Ghidoni e ambientato in una\u00a0Casa M\u00e3e Espera\u00a0nella Provincia di Manica: queste strutture, situate vicino ai centri sanitari, svolgono un ruolo cruciale nell\u2019aumento dei parti sicuri, contribuendo cos\u00ec alla\u00a0riduzione della mortalit\u00e0 materno-infantile. Il documentario ha dato voce alle storie di vita di tre donne negli ultimi giorni della propria gravidanza.<\/p>\n<p><a href=\"https:\/\/www.youtube.com\/watch?v=m4IP3-OUSlA\">https:\/\/www.youtube.com\/watch?v=m4IP3-OUSlA<\/a><\/p>\n<p><strong>Hong Kong.\u00a0 7 maggio 2024<\/strong><\/p>\n<p><strong>EVOLVING DISCOURSES OF URBAN REGENERATION AND THE ROAD TO SUSTAINABILITY: A LINGUISTIC APPROACH<\/strong><\/p>\n<p><a href=\"https:\/\/conshongkong.esteri.it\/it\/\">Consolato Generale d&#8217;Italia a Hong Kong<\/a><strong><em>, <\/em><\/strong>City University of Hong Kong<\/p>\n<p>Il seminario, focalizzato sulla presentazione dei risultati preliminari di un progetto sulla sostenibilit\u00e0 urbana condotto nell&#8217;ambito del pi\u00f9 ampio progetto Musa (Multi-layered urban sustainability action), \u00e8 finanziato dal Ministero dell&#8217;Universit\u00e0 e della Ricerca con l&#8217;obiettivo di trasformare l&#8217;area metropolitana di Milano in un ecosistema di innovazione per la rigenerazione urbana.<\/p>\n<p><a href=\"https:\/\/2024.festivalsvilupposostenibile.it\/cal\/276\/evolving-discourses-of-urban-regeneration-and-the-road-to-sustainability-a-linguistic-approach\">Evolving discourses of urban regeneration and the road to sustainability: a linguistic approach (festivalsvilupposostenibile.it)<\/a><\/p>\n<p><strong>Tripoli, Libia<\/strong><strong>. <\/strong><strong>30 aprile 2024<\/strong><\/p>\n<p><strong>ITALIAN DESIGN DAY A TRIPOLI. RIQUALIFICAZIONE URBANA: ESPERIENZE A CONFRONTO<\/strong><\/p>\n<p><a href=\"https:\/\/ambtripoli.esteri.it\/it\/\">Ambasciata d\u2019Italia a Tripoli<\/a>, Desk ICE Tripoli<\/p>\n<p>Il testimonial del design italiano 2024 per la Libia, Prof.ssa Chiara Spangaro, partecipa alla Tavola rotonda organizzata nell\u2019ambito della fiera internazionale Libya Build di Tripoli in collaborazione con il Desk ICE. Il suo intervento verte sulle citt\u00e0 storiche e la riqualificazione urbana, ovvero sull\u2019esperienza italiana nel settore, con specifico riferimento alla citt\u00e0 di Milano. La serata prevede la partecipazione anche di un esperto libico che parler\u00e0 dell\u2019esperienza in atto per la riqualificazione della citt\u00e0 di Tripoli e del suo lungomare.<\/p>\n<p><a href=\"https:\/\/2024.festivalsvilupposostenibile.it\/cal\/350\/italian-design-day-a-tripoli-riqualificazione-urbana-esperienze-a-confronto\">Italian design day a Tripoli. Riqualificazione urbana: esperienze a confronto (festivalsvilupposostenibile.it)<\/a><\/p>\n<p><strong>Tripoli, Libia<\/strong><strong>. <\/strong><strong>12 maggio 2024<\/strong><\/p>\n<p><strong>PROTECTION AND CONSERVATION OF ANTIQUITIES IN LIBYA<\/strong><\/p>\n<p>Eu delegation in Libia in collaborazione con Department of antiquities in Libya e <a href=\"https:\/\/ambtripoli.esteri.it\/it\/\">Ambasciata d&#8217;Italia in Libia<\/a><\/p>\n<p>Workshop internazionale a cura della Delegazione dell\u2019UE in Libia in collaborazione con l\u2019Ambasciata d\u2019Italia a Tripoli e Il Dipartimento di Antichit\u00e0 della Libia. Il convegno vede la partecipazione di esperti nel campo del restauro, della salvaguardia e del recupero del patrimonio culturale, in relazione al fenomeno del traffico illecito delle opere d\u2019arte. \u00a0Partecipano gli Stati membri UE, tra cui l\u2019Italia che conta il maggior numero di missioni archeologiche attive in Libia.<\/p>\n<p><a href=\"https:\/\/2024.festivalsvilupposostenibile.it\/cal\/352\/protection-and-conservation-of-antiquities-in-lybia\">Protection and conservation of antiquities in Lybia (festivalsvilupposostenibile.it)<\/a><\/p>\n<p><strong>Chengdu, Cina. 16 maggio 2024<\/strong><\/p>\n<p><strong>L\u2019ITALIA ALLA ECOMONDO CHINA-CDEPE<\/strong><\/p>\n<p><a href=\"https:\/\/conschongqing.esteri.it\/it\/\">Consolato generale d\u2019Italia a Chongqing<\/a>, Ufficio per gli affari esteri della Citt\u00e0 di Chengdu, Italian exhibition group, Agenzia Ice, Camera di commercio italiana in Cina<\/p>\n<p>L\u2019iniziativa si svolge a margine della partecipazione italiana, con un Padiglione curato da Agenzia Ice, alla Ecomondo China, manifestazione fieristica tra le pi\u00f9 importanti in Cina nei campi della protezione ambientale e dello Sviluppo Sostenibile. L\u2019evento, programmato nella giornata inaugurale del 16 maggio, vedr\u00e0 interventi e presentazioni da parte dei rappresentanti delle 11 aziende italiane ospitate all\u2019interno del Padiglione Italia. I temi affrontati dai relatori sono i seguenti: trattamento delle acque reflue; raccolta e trasporto dei rifiuti; economia circolare; monitoraggio ambientale. La platea sar\u00e0 composta da autorit\u00e0 locali, associazioni di settore, aziende e altre possibili controparti locali delle aziende italiane.<\/p>\n<p><a href=\"https:\/\/2024.festivalsvilupposostenibile.it\/cal\/358\/litalia-alla-ecomondo-china-cdepe\">L\u2019Italia alla Ecomondo China-Cdepe (festivalsvilupposostenibile.it)<\/a><\/p>\n<p><strong>Sofia, Bulgaria. 4 maggio 2024<\/strong><\/p>\n<p><strong>MARCO POLO A PEDALI<\/strong><\/p>\n<p><a href=\"https:\/\/ambsofia.esteri.it\/it\/\">Ambasciata d&#8217;Italia a Sofia<\/a>, <a href=\"https:\/\/iicsofia.esteri.it\/it\/gli_eventi\/calendario\/progetto-marco-polo-a-pedali-e-proiezione-del-film-wonderful-losers-sul-giro-ditalia\/\">Istituto italiano di cultura a Sofia<\/a><\/p>\n<p>I protagonisti del progetto sono il presidente della societ\u00e0 veneta \u201cPonti per la pace\u201d Alberto Fiorin e il suo segretario Dino Facchinetti. I due ciclisti raggiungeranno Pechino il primo agosto 2024 partendo da Venezia il 25 aprile, seguendo le orme del grande viaggiatore Marco Polo \u2013 un tragitto lungo 12mila km, che verr\u00e0 percorso in bicicletta in soli cento giorni e che vede Sofia quale prima tappa ufficiale del viaggio. L\u2019iniziativa, in occasione del settecentesimo anniversario della morte di Marco Polo, mira a enfatizzare\u00a0l\u2019importanza dello sport quale strumento per la costruzione di ponti di pace\u00a0tra i Paesi e a porre l\u2019attenzione internazionale sulla mobilit\u00e0 sostenibile, di cui la bicicletta \u00e8 un simbolo. Il 4 maggio i viaggiatori porteranno da Venezia a Sofia un messaggio di amicizia e di attenzione per l\u2019ambiente e in questa occasione, l\u2019IIC di Sofia organizza la proiezione del film &#8220;Wonderful losers&#8221;.<\/p>\n<p><a href=\"https:\/\/2024.festivalsvilupposostenibile.it\/cal\/224\/marco-polo-a-pedali\">Marco Polo a pedali (festivalsvilupposostenibile.it)<\/a><\/p>\n<p><strong>Il Cairo, Egitto. 2-22 maggio 2024<\/strong><\/p>\n<p><strong>SABBART: REIMAGINING A SUSTAINABLE WORLD THROUGH ARTS AND CULTURE #FOLLOWTHECACTUS<\/strong><\/p>\n<p><a href=\"https:\/\/iiccairo.esteri.it\/it\/gli_eventi\/calendario\/sabbart-reimagining-a-sustainable-world-through-arts-and-culture\/\">Istituto Italiano di Cultura Il Cairo<\/a>, Eunic, Delegazione dell&#8217;Unione Europea Il Cairo, Osterreichisches forum, Ambasciata della Repubblica Ceca, Ambasciata Ucraina, Institut Francaise<\/p>\n<p>Video installazione dell&#8217;artista Stefano Cagol, &#8220;We are the flood. Gemmation&#8221;. Stefano Cagol torna al Cairo con la sua piattaforma liquida, legata all&#8217;idea di diluvio, che per sua natura si continua a espandere attraverso evoluzioni e gemmazioni. In mostra in questa occasione opere dell&#8217;artista italiano recentissime e non, realizzate nel corso del progetto e in altri a esso legati, secondo una processualit\u00e0 senza soluzione di continuit\u00e0, coerente ma molteplice, che caratterizza il suo modus operandi.<\/p>\n<p><a href=\"https:\/\/2024.festivalsvilupposostenibile.it\/cal\/346\/sabbart-reimagining-a-sustainable-world-through-arts-and-culture-followthecactus\">Sabbart: reimagining a sustainable world through arts and culture #followthecactus (festivalsvilupposostenibile.it)<\/a><\/p>\n<p><strong>Belgrado, Serbia. 10-30 maggio 2024<\/strong><\/p>\n<p><strong>PREVENTIVNI MIR | LA PACE PREVENTIVA &#8211; MICHELANGELO PISTOLETTO<\/strong><\/p>\n<p>Museo d&#8217;arte contemporanea di Belgrado, Fondazione Pistoletto Cittadellarte, Zerynthia<a href=\"https:\/\/iicbelgrado.esteri.it\/it\/\">, Istituto Italiano di Cultura di Belgrado<\/a><\/p>\n<p>&#8220;La pace preventiva&#8221; \u00e8 il titolo della mostra che render\u00e0 omaggio a Michelangelo Pistoletto, offrendo al pubblico un viaggio discorsivo e mistico. &#8220;La pace preventiva&#8221; si propone di trascendere le convenzioni di una tradizionale mostra d&#8217;arte, caricandola di significati profondi, invitando il pubblico a riflettere su questo delicato momento storico di guerre e conflitti che non solo annientano esseri umani, ma erodono anche l&#8217;amore, enfatizzando le differenze culturali e razziali e la violenta natura umana. La mostra aspira a dare voce ai temi dell&#8217;amore, dell&#8217;empatia, della pace e dell&#8217;imperativo di coltivare la tolleranza e di nutrire un maggiore rispetto per la natura.<\/p>\n<p><a href=\"https:\/\/2024.festivalsvilupposostenibile.it\/cal\/431\/preventivni-mir-la-pace-preventiva-michelangelo-pistoletto\">Preventivni Mir | La pace preventiva &#8211; Michelangelo Pistoletto (festivalsvilupposostenibile.it)<\/a><\/p>\n<p><strong>Addis Abeba, Etiopia. 30 aprile-20 maggio 2024<\/strong><\/p>\n<p><strong>IL MADE IN ITALY SOSTENIBILE. DALL\u2019ALTA MODA AI GIOVANI STILISTI <\/strong><\/p>\n<p><a href=\"https:\/\/iicaddisabeba.esteri.it\/it\/\">Istituto Italiano di Cultura ad Addis Abeba<\/a>, <a href=\"https:\/\/ambaddisabeba.esteri.it\/it\/\">Ambasciata d&#8217;Italia Addis Abeba<\/a><\/p>\n<p>L\u2019Ambasciata d\u2019Italia e l\u2019Istituto italiano di cultura ad Addis Abeba hanno promosso il progetto creativo sulla moda sostenibile\u00a0haute couture\u00a0e dei giovani, curato dal presidente di Maison Gattinoni, Stefano Dominella, e dalla direttrice creativa di Modartech, Alessandra Carta. Attraverso oltre 20 creazioni sostenibili, l\u2019esposizione testimonia\u00a0il rispetto della moda italiana per l&#8217;ambiente e l&#8217;equit\u00e0 sociale, valori tramandati dalle nostre storiche maison ai giovani designer, rappresentando la continuazione di questa eredit\u00e0, una sinergia tra contemporaneit\u00e0 e memoria.<\/p>\n<p><a href=\"https:\/\/2024.festivalsvilupposostenibile.it\/cal\/507\/il-made-in-italy-sostenibile-dallalta-moda-ai-giovani-stilisti\">Il Made in Italy sostenibile. Dall&#8217;alta moda ai giovani stilisti (festivalsvilupposostenibile.it)<\/a><\/p>\n<p><strong>Nairobi, Kenya. 21 maggio 2024<\/strong><\/p>\n<p><strong>CLIMATE RESILIENCE AND ECONOMIC SUSTAINABILITY IN KENYA AND UGANDA: THE ROLE OF CARBON CREDITS<\/strong><\/p>\n<p><a href=\"https:\/\/nairobi.aics.gov.it\/\">Agenzia italiana per la cooperazione allo sviluppo &#8211; Ufficio di Nairobi<\/a>, Ambasciata d&#8217;Italia in Kenya (Tbc), Ambasciata d&#8217;Italia in Uganda (Tbc), <a href=\"https:\/\/iicnairobi.esteri.it\/it\/\">Istituto italiano di cultura &#8211; Nairobi<\/a><\/p>\n<p>L&#8217;obiettivo della tavola rotonda \u00e8\u00a0esplorare il ruolo dei crediti di carbonio\u00a0nel promuovere la conservazione e il ripristino degli ecosistemi,\u00a0con un&#8217;enfasi specifica sulle esperienze e le strategie impiegate dall&#8217;Agenzia italiana per la cooperazione allo sviluppo e dai suoi partner in Kenya e Uganda. Riunendo esperti e responsabili politici, il webinar mira a facilitare lo scambio di conoscenze, identificare le migliori pratiche e catalizzare gli sforzi di collaborazione verso la gestione ambientale sostenibile e la resilienza climatica. Il webinar, in lingua inglese e in formato virtuale, contribuir\u00e0 alla condivisione di buone pratiche per il raggiungimento del Goal 13 &#8220;Lotta contro il cambiamento climatico&#8221;.<\/p>\n<p><a href=\"https:\/\/2024.festivalsvilupposostenibile.it\/cal\/651\/climate-resilience-and-economic-sustainability-in-kenya-and-uganda-the-role-of-carbon-credits\">Climate resilience and economic sustainability in Kenya and Uganda: the role of carbon credits (festivalsvilupposostenibile.it)<\/a><\/p>\n<p><strong>Ankara, Turchia. 13 maggio 2024<\/strong><\/p>\n<p><strong>CLIMATE CHANGE: A NEW CHALLENGE FOR THE MEDITTERANENAN<\/strong><\/p>\n<p><a href=\"https:\/\/ambankara.esteri.it\/it\/\">Ambasciata d&#8217;Italia ad Ankara<\/a><\/p>\n<p>Il 13 maggio a Istanbul, presso Palazzo di Venezia, la residenza dell&#8217;ambasciatore d&#8217;Italia in Turchia, si terr\u00e0 un seminario dal titolo \u201cClimate change: a new challenge for the Meditteranean\u201d. L\u2019evento avr\u00e0 come focus gli effetti del cambiamento climatico sul Mediterraneo e le strategie per contrastarlo, contribuendo pertanto in particolare agli Obiettivi numero 7, 13 e 14 dell&#8217;Agenda 2030. Tra gli speaker previsti vi saranno, l\u2019ambasciatore d&#8217;Italia in Turchia Giorgio Marrapodi, il vicesegretario generale dell\u2019Unione per il Mediterraneo, Grammenos Mastrojeni, e la professoressa dell\u2019Universit\u00e0 di Ankara \u015eebnem K\u00f6\u015fer Ak\u00e7apar. L\u2019evento sar\u00e0 moderato da Armando Guastella, associate partner di Bain. L&#8217;evento si inserisce nella rassegna di eventi &#8220;MeeTurkitaly&#8221;, originale formato di eventi dell&#8217;Ambasciata d&#8217;Italia in Turchia volto a favorire il dialogo e lo scambio di idee tra importanti personalit\u00e0 turche e italiane.<\/p>\n<p><a href=\"https:\/\/2024.festivalsvilupposostenibile.it\/cal\/776\/climate-change-a-new-challenge-for-the-mediterranean\">Climate change: a new challenge for the Mediterranean (festivalsvilupposostenibile.it)<\/a><\/p>\n<p><strong>Baghdad, Iraq. 19 maggio 2024<\/strong><\/p>\n<p><strong>PROIEZIONE DEL FILM \u201cWELCOME VENICE\u201d<\/strong><\/p>\n<p><a href=\"https:\/\/ambbaghdad.esteri.it\/it\/\">Ambasciata d\u2019Italia a Baghdad<\/a><\/p>\n<p>La pellicola girata e ambientata in una Venezia post-pandemia (2021), affronta il dramma della progressiva perdita d\u2019identit\u00e0 di una citt\u00e0 sopraffatta da un turismo becero, invadente e non pi\u00f9 sostenibile, attraverso le vicende turbolente di una delle ultime famiglie di \u201cmolecanti\u201d della Giudecca. Il lungometraggio di Segre partecipa al dibattito attualissimo sullo sfruttamento incontrollato di citt\u00e0, ecosistemi e risorse da parte del turismo di massa, con conseguenze disastrose e pressoch\u00e9 irreversibili per i nostri territori. In Italia, Venezia \u00e8 notoriamente la principale vittima di questo fenomeno. L\u2019aspro dissidio tra i due fratelli protagonisti del film &#8211; uno furiosamente ancorato alle tradizioni, l\u2019altro predisposto al compromesso pur di rimanere a galla &#8211; \u00e8 quindi la metafora delle due anime di quella citt\u00e0 antica e fragile che, oggi pi\u00f9 che mai, appare in lotta con s\u00e9 stessa. Gli Obiettivi dell\u2019Agenda 2030 sui quali si intende insistere sono, in particolare, i numeri 8, 11 e 12.<\/p>\n<p><a href=\"https:\/\/2024.festivalsvilupposostenibile.it\/cal\/735\/proiezione-del-film-welcome-venice\">Proiezione del film \u201cWelcome Venice\u201d (festivalsvilupposostenibile.it)<\/a><\/p>\n<p><strong>Tirana, Albania. 21 maggio-2 luglio 2024<\/strong><\/p>\n<p><strong>ARTIVAZIONE PER UNA TRASFORMAZIONE SOCIALE RESPONSABILE<\/strong><\/p>\n<p>Fondazione Pistoletto Cittadellarte Onlus,<a href=\"https:\/\/iictirana.esteri.it\/it\/\"> Istituto Italiano di Cultura a Tirana<\/a>, Cod Center for Openness and Dialogue Tirana<\/p>\n<p>L&#8217;artivazione fonde due parole: &#8220;arte&#8221; e &#8220;attivazione&#8221;. Rappresenta l&#8217;idea di utilizzare l&#8217;arte come strumento attivo per stimolare, coinvolgere e attivare il cambiamento sociale. Si tratta di un approccio che va oltre l&#8217;espressione artistica, incoraggiando gli artisti e le persone che lavorano con l\u2019arte a diventare agenti attivi di trasformazione attraverso le loro opere e le loro interazioni con la societ\u00e0. La mostra, raccontando le attivit\u00e0 e gli uffici di Cittadellarte, descrive l&#8217;attivit\u00e0 dell&#8217;arte socialmente impegnata e ne racconta il connubio con l&#8217;Agenda 2030 a partire dal primo evento in cui furono presentati i 17 SDGs, a Cuba nell&#8217;ottobre del 2015, fino alla recente apertura della conferenza dei Ministri sull&#8217;educare alla pace di Pistoletto all&#8217;Unesco.<\/p>\n<p><a href=\"https:\/\/2024.festivalsvilupposostenibile.it\/cal\/566\/artivazione-per-una-trasformazione-sociale-responsabile\">Artivazione per una trasformazione sociale responsabile (festivalsvilupposostenibile.it)<\/a><\/p>\n<p><strong>Kiev, Ucraina. 23 maggio 2024<\/strong><\/p>\n<p><strong>SICUREZZA ALIMENTARE: LE CONSEGUENZE GLOBALI DEL CONFLITTO IN UCRAINA<\/strong><\/p>\n<p>Aics Kiev, <a href=\"https:\/\/ambkiev.esteri.it\/it\/\">Ambasciata d&#8217;Italia in Ucraina<\/a><\/p>\n<p>Questo evento, partendo dal programma \u201cGrain from Ukraine\u201d, si propone di\u00a0analizzare le conseguenze del conflitto sulla situazione alimentare globale, oltre che le interconnessioni tra azioni e soluzioni per perseguire gli Obiettivi dell\u2019Agenda 2030. Il webinar si prefigge di promuovere una discussione informata e concreta sulle sfide attuali e future della sicurezza alimentare globale. Attraverso un coinvolgimento attivo di stakeholder locali e internazionali, l&#8217;evento mira a identificare soluzioni efficaci e a promuovere azioni coordinate per il raggiungimento degli Obiettivi dell&#8217;Agenda 2030. L\u2019approccio globale alla questione della\u00a0food security\u00a0viene supportato dalla partecipazione di panelist impegnati in differenti contesti.<\/p>\n<p><a href=\"https:\/\/2024.festivalsvilupposostenibile.it\/cal\/575\/sicurezza-alimentare-le-conseguenze-globali-del-conflitto-in-ucraina\">Sicurezza alimentare: le conseguenze globali del conflitto in Ucraina (festivalsvilupposostenibile.it)<\/a><\/p>\n<p><strong>Rimini, Italia. 8-10 maggio 2024<\/strong><\/p>\n<p><strong>L&#8217;IMPEGNO DI AICS PER UNA FILIERA SOSTENIBILE DEL CAFF\u00c8 TRA AMERICA LATINA E AFRICA<\/strong><\/p>\n<p><a href=\"https:\/\/www.aics.gov.it\/\">Agenzia italiana per la cooperazione allo sviluppo<\/a> &#8211; Sede di Bogot\u00e1, L&#8217;Avana, Maputo e San Salvador<\/p>\n<p>L\u2019Agenzia italiana per la cooperazione allo sviluppo (Aics) partecipa dall\u20198 a 10 maggio a Macfrut, la fiera internazionale di riferimento del settore ortofrutticolo. Nell\u2019ambito di questo evento, l\u2019Aics porter\u00e0 la sua\u00a0esperienza di sostegno del settore del caff\u00e8 in Africa e America Latina.\u00a0Con la sua partecipazione al Macfrut, l\u2019Aics ribadisce il suo contributo al raggiungimento del Goal 1 &#8220;Sconfiggere la povert\u00e0&#8221;, Goal 13 &#8220;Lotta contro il cambiamento climatico&#8221;, Goal 8 &#8220;Lavoro dignitoso e crescita economica&#8221; e Goal 12 &#8220;Consumo e produzione responsabili&#8221;. Le tematiche centrali nell\u2019intervento di Aics al Macfrut saranno: sicurezza alimentare; resilienza delle filiere agroalimentari al cambiamento climatico; innovazione e commercializzazione.<\/p>\n<p><a href=\"https:\/\/2024.festivalsvilupposostenibile.it\/cal\/1022\/limpegno-di-aics-per-una-filiera-sostenibile-del-caffe-tra-america-latina-e-africa\">L&#8217;impegno di Aics per una filiera sostenibile del caff\u00e8 tra America Latina e Africa (festivalsvilupposostenibile.it)<\/a><\/p>\n<p><strong>\u00a0<\/strong><\/p>\n<p>&nbsp;<\/p>\n","protected":false},"excerpt":{"rendered":"Il Ministero degli Affari Esteri e della Cooperazione Internazionale partecipa anche quest\u2019anno al\u00a0Festival dello Sviluppo Sostenibile, che si terr\u00e0 dal 7 al 23 maggio 2024 in tutta Italia, online e all\u2019estero, attraverso il coinvolgimento della Rete diplomatico-consolare. Il Festival \u00e8 la pi\u00f9 grande iniziativa italiana per sensibilizzare e mobilitare cittadini, imprese, associazioni e istituzioni sui [&hellip;]","protected":false},"author":5,"featured_media":0,"parent":31229,"menu_order":6,"comment_status":"closed","ping_status":"closed","template":"","meta":{"footnotes":""},"class_list":["post-114524","page","type-page","status-publish","hentry"],"_links":{"self":[{"href":"https:\/\/www.esteri.it\/it\/wp-json\/wp\/v2\/pages\/114524","targetHints":{"allow":["GET"]}}],"collection":[{"href":"https:\/\/www.esteri.it\/it\/wp-json\/wp\/v2\/pages"}],"about":[{"href":"https:\/\/www.esteri.it\/it\/wp-json\/wp\/v2\/types\/page"}],"author":[{"embeddable":true,"href":"https:\/\/www.esteri.it\/it\/wp-json\/wp\/v2\/users\/5"}],"replies":[{"embeddable":true,"href":"https:\/\/www.esteri.it\/it\/wp-json\/wp\/v2\/comments?post=114524"}],"version-history":[{"count":5,"href":"https:\/\/www.esteri.it\/it\/wp-json\/wp\/v2\/pages\/114524\/revisions"}],"predecessor-version":[{"id":117070,"href":"https:\/\/www.esteri.it\/it\/wp-json\/wp\/v2\/pages\/114524\/revisions\/117070"}],"up":[{"embeddable":true,"href":"https:\/\/www.esteri.it\/it\/wp-json\/wp\/v2\/pages\/31229"}],"wp:attachment":[{"href":"https:\/\/www.esteri.it\/it\/wp-json\/wp\/v2\/media?parent=114524"}],"curies":[{"name":"wp","href":"https:\/\/api.w.org\/{rel}","templated":true}]}}