{"id":118897,"date":"2024-06-19T11:28:59","date_gmt":"2024-06-19T09:28:59","guid":{"rendered":"https:\/\/www.esteri.it\/?page_id=118897"},"modified":"2025-06-19T10:36:34","modified_gmt":"2025-06-19T08:36:34","slug":"scuole-paritarie-e-non-paritarie","status":"publish","type":"page","link":"https:\/\/www.esteri.it\/it\/diplomazia-culturale-e-diplomazia-scientifica\/cultura\/sistema-della-formazione-italiana-nel-mondo\/scuole-paritarie-e-non-paritarie\/","title":{"rendered":"Scuole paritarie e non paritarie"},"content":{"rendered":"<p><strong>Le scuole paritarie<\/strong><\/p>\n<p>Le scuole paritarie sono istituzioni la cui gestione \u00e8 affidata a enti privati o a persone fisiche, che si impegnano a contribuire alla realizzazione della finalit\u00e0 di istruzione ed educazione che la Costituzione assegna alla scuola e ottengono il riconoscimento della parit\u00e0 scolastica.<\/p>\n<p>All\u2019estero le scuole paritarie sono\u00a0<strong>47<\/strong>. Esse concorrono al perseguimento della\u00a0<strong>promozione della lingua e cultura italiana<\/strong>\u00a0secondo le linee di indirizzo della nostra politica estera.<\/p>\n<p>Il\u00a0<strong>riconoscimento<\/strong>\u00a0della parit\u00e0 scolastica avviene dopo una valutazione condotta dal Ministero degli Affari Esteri e della Cooperazione Internazionale in raccordo con il Ministero dell\u2019Istruzione e del Merito sulla base dell\u2019analisi del progetto educativo che deve essere rispondente ai\u00a0<strong>principi formativi della scuola italiana<\/strong>\u00a0e con un piano triennale dell\u2019offerta formativa coerente con gli ordinamenti generali dell\u2019istruzione. Il riconoscimento della parit\u00e0 garantisce, inoltre, l\u2019<strong>equiparazione <\/strong>dei diritti e dei doveri degli studenti, le medesime modalit\u00e0 di svolgimento degli esami di Stato e l\u2019abilitazione a rilasciare titoli di studio aventi <strong>lo stesso valore legale<\/strong> di quelli delle scuole statali. La regolare frequenza della scuola paritaria costituisce, per i cittadini italiani, assolvimento dell\u2019obbligo di istruzione e i <strong>titoli di studio<\/strong> rilasciati consentono la prosecuzione degli studi anche in Italia.<\/p>\n<p>Alle scuole paritarie italiane all\u2019estero possono essere destinati docenti italiani selezionati ed inviati tramite le medesime procedure che si applicano alle scuole statali.<\/p>\n<p>Nonostante l\u2019aderenza di questi istituti ai modelli scolastici nazionali, le scuole paritarie si contraddistinguono per un collegamento maggiormente osmotico con l\u2019offerta educativa straniera. Frequentate da un maggior numero di\u00a0<strong>alunni stranieri<\/strong>, sono caratterizzate da una proposta formativa di stampo italiano, ma al contempo da un\u2019impostazione di respiro internazionale.<\/p>\n<p><strong>\u00a0<\/strong><\/p>\n<p><strong>Le scuole non paritarie<\/strong><\/p>\n<p>Questa tipologia di scuole, presente anche in territorio nazionale, non consente agli studenti che la frequentano di ottenere il rilascio di titoli di studio aventi valore legale, validi ossia per la prosecuzione degli studi in Italia; la loro frequenza assicura tuttavia <strong>l\u2019assolvimento dell\u2019obbligo d\u2019istruzione per gli studenti italiani<\/strong>.<\/p>\n<p>Attualmente l\u2019unica scuola iscritta all\u2019elenco delle scuole non paritarie all\u2019estero \u00e8 a Smirne in Turchia.<\/p>\n<p>&nbsp;<\/p>\n","protected":false},"excerpt":{"rendered":"Le scuole paritarie Le scuole paritarie sono istituzioni la cui gestione \u00e8 affidata a enti privati o a persone fisiche, che si impegnano a contribuire alla realizzazione della finalit\u00e0 di istruzione ed educazione che la Costituzione assegna alla scuola e ottengono il riconoscimento della parit\u00e0 scolastica. All\u2019estero le scuole paritarie sono\u00a047. Esse concorrono al perseguimento [&hellip;]","protected":false},"author":1,"featured_media":0,"parent":30073,"menu_order":1,"comment_status":"closed","ping_status":"closed","template":"page-diplomazia.php","meta":{"footnotes":""},"class_list":["post-118897","page","type-page","status-publish","hentry"],"_links":{"self":[{"href":"https:\/\/www.esteri.it\/it\/wp-json\/wp\/v2\/pages\/118897","targetHints":{"allow":["GET"]}}],"collection":[{"href":"https:\/\/www.esteri.it\/it\/wp-json\/wp\/v2\/pages"}],"about":[{"href":"https:\/\/www.esteri.it\/it\/wp-json\/wp\/v2\/types\/page"}],"author":[{"embeddable":true,"href":"https:\/\/www.esteri.it\/it\/wp-json\/wp\/v2\/users\/1"}],"replies":[{"embeddable":true,"href":"https:\/\/www.esteri.it\/it\/wp-json\/wp\/v2\/comments?post=118897"}],"version-history":[{"count":4,"href":"https:\/\/www.esteri.it\/it\/wp-json\/wp\/v2\/pages\/118897\/revisions"}],"predecessor-version":[{"id":139076,"href":"https:\/\/www.esteri.it\/it\/wp-json\/wp\/v2\/pages\/118897\/revisions\/139076"}],"up":[{"embeddable":true,"href":"https:\/\/www.esteri.it\/it\/wp-json\/wp\/v2\/pages\/30073"}],"wp:attachment":[{"href":"https:\/\/www.esteri.it\/it\/wp-json\/wp\/v2\/media?parent=118897"}],"curies":[{"name":"wp","href":"https:\/\/api.w.org\/{rel}","templated":true}]}}