{"id":120379,"date":"2024-07-17T11:03:22","date_gmt":"2024-07-17T09:03:22","guid":{"rendered":"https:\/\/www.esteri.it\/?page_id=120379"},"modified":"2024-08-27T17:47:16","modified_gmt":"2024-08-27T15:47:16","slug":"organizzazione-internazionale-del-caffe-ico","status":"publish","type":"page","link":"https:\/\/www.esteri.it\/it\/politica-estera-e-cooperazione-allo-sviluppo\/politica_europea\/politica-commerciale-internazionale\/prodotti-di-base\/organizzazione-internazionale-del-caffe-ico\/","title":{"rendered":"Organizzazione Internazionale del Caff\u00e8 (ICO)"},"content":{"rendered":"<p>L&#8217;<a href=\"https:\/\/www.ico.org\">Organizzazione Internazionale del Caff\u00e8 (ICO)<\/a> \u00e8 stata istituita nel 1963 sotto l&#8217;egida delle Nazioni Unite, in seguito all&#8217;approvazione del primo Accordo Internazionale sul Caff\u00e8 del 1962. L&#8217;ICO \u00e8 l&#8217;unica organizzazione intergovernativa per il caff\u00e8, che riunisce i governi esportatori e importatori. Attualmente rappresenta il 93% della produzione mondiale di caff\u00e8 e il 63% del consumo mondiale.<\/p>\n<p>La sede centrale dell&#8217;Organizzazione si trova a Londra, nel Regno Unito.<\/p>\n<p><strong>Mandato<\/strong><\/p>\n<p>La missione dell&#8217;Organizzazione \u00e8 quella di rafforzare il settore globale del caff\u00e8 e di promuoverne l&#8217;espansione sostenibile in un ambiente basato sul mercato, a beneficio di tutti gli attori della filiera del caff\u00e8.<\/p>\n<p>L&#8217;ICO offre un forum unico per il dialogo tra i governi, il settore privato e tutti gli stakeholder del caff\u00e8 per affrontare le sfide del settore attraverso la cooperazione internazionale.<\/p>\n<p><strong>L&#8217;Organizzazione<\/strong>:<\/p>\n<ul>\n<li>Raccoglie e compila statistiche ufficiali indipendenti sulla produzione, il commercio e il consumo di caff\u00e8;<\/li>\n<li>Sostiene lo sviluppo e il finanziamento di progetti di cooperazione tecnica e di partenariati pubblico-privati; promuove la sostenibilit\u00e0 e il consumo di caff\u00e8.<\/li>\n<li>Facilita il contributo del settore del caff\u00e8 al raggiungimento degli Obiettivi di Sviluppo Sostenibile (SDG) delle Nazioni Unite per aumentare la resilienza delle comunit\u00e0 locali e dei coltivatori di caff\u00e8 (in particolare dei piccoli proprietari)<\/li>\n<\/ul>\n<p>L&#8217;attuale Piano d&#8217;azione quinquennale mira a contribuire concretamente allo sviluppo sostenibile del settore del caff\u00e8 e a ridurre la povert\u00e0 nei Paesi in via di sviluppo. Il Piano identifica tre ambiti prioritari per le proprie attivit\u00e0:<\/p>\n<ol>\n<li>Fornire dati, analisi e informazioni di livello mondiale al settore e ai responsabili politici;<\/li>\n<li>Fornire un forum di dialogo tra il settore pubblico e quello privato;<\/li>\n<li>Facilitare lo sviluppo di progetti e programmi di promozione attraverso partenariati pubblico-privati.<\/li>\n<\/ol>\n<p><strong>Membri<\/strong><\/p>\n<ul>\n<li>Membri esportatori: Angola, Bolivia, Brasile, Burundi, Camerun, Repubblica Centrafricana, Colombia, Costa Rica, Costa d&#8217;Avorio, Cuba, Repubblica Democratica del Congo, Ecuador, El Salvador, Etiopia, Gabon, Ghana, Honduras, India, Indonesia, Kenya, Liberia, Madagascar, Malawi, Messico, Nepal, Nicaragua, Nigeria, Panama, Papua Nuova Guinea, Per\u00f9, Filippine, Ruanda, Sierra Leone, Tanzania, Thailandia, Timor-Leste, Togo, Venezuela, Vietnam, Yemen, Zambia, Zimbabwe.<\/li>\n<li>Membri importatori: Unione europea, Giappone, Norvegia, Federazione Russa, Svizzera, Tunisia, Regno Unito<\/li>\n<\/ul>\n<p><strong>Struttura Organizzativa<\/strong><\/p>\n<p>Il Consiglio \u00e8 la massima autorit\u00e0 dell&#8217;Organizzazione ed \u00e8 composto dai rappresentanti di ciascun governo membro. Si riunisce a marzo e a settembre per discutere di questioni relative al caff\u00e8, approvare documenti strategici ed esaminare le raccomandazioni degli organi consultivi e dei comitati.<\/p>\n<p>Le sessioni del Consiglio consentono ai delegati di avere contatti di alto livello con i principali attori dell&#8217;industria mondiale del caff\u00e8. I rappresentanti provengono da governi, ministeri, enti del caff\u00e8 e ambasciate, affiancati da supplenti dell&#8217;industria e da consulenti.<\/p>\n<p>Il Consiglio \u00e8 coadiuvato dall\u2019attivit\u00e0 di alcuni comitati consultivi. Fra questi: il comitato d\u2019amministrazione e bilancio e il comitato congiunto.<\/p>\n","protected":false},"excerpt":{"rendered":"L&#8217;Organizzazione Internazionale del Caff\u00e8 (ICO) \u00e8 stata istituita nel 1963 sotto l&#8217;egida delle Nazioni Unite, in seguito all&#8217;approvazione del primo Accordo Internazionale sul Caff\u00e8 del 1962. L&#8217;ICO \u00e8 l&#8217;unica organizzazione intergovernativa per il caff\u00e8, che riunisce i governi esportatori e importatori. Attualmente rappresenta il 93% della produzione mondiale di caff\u00e8 e il 63% del consumo [&hellip;]","protected":false},"author":5,"featured_media":0,"parent":48164,"menu_order":1,"comment_status":"closed","ping_status":"closed","template":"","meta":{"footnotes":""},"class_list":["post-120379","page","type-page","status-publish","hentry"],"_links":{"self":[{"href":"https:\/\/www.esteri.it\/it\/wp-json\/wp\/v2\/pages\/120379","targetHints":{"allow":["GET"]}}],"collection":[{"href":"https:\/\/www.esteri.it\/it\/wp-json\/wp\/v2\/pages"}],"about":[{"href":"https:\/\/www.esteri.it\/it\/wp-json\/wp\/v2\/types\/page"}],"author":[{"embeddable":true,"href":"https:\/\/www.esteri.it\/it\/wp-json\/wp\/v2\/users\/5"}],"replies":[{"embeddable":true,"href":"https:\/\/www.esteri.it\/it\/wp-json\/wp\/v2\/comments?post=120379"}],"version-history":[{"count":4,"href":"https:\/\/www.esteri.it\/it\/wp-json\/wp\/v2\/pages\/120379\/revisions"}],"predecessor-version":[{"id":120410,"href":"https:\/\/www.esteri.it\/it\/wp-json\/wp\/v2\/pages\/120379\/revisions\/120410"}],"up":[{"embeddable":true,"href":"https:\/\/www.esteri.it\/it\/wp-json\/wp\/v2\/pages\/48164"}],"wp:attachment":[{"href":"https:\/\/www.esteri.it\/it\/wp-json\/wp\/v2\/media?parent=120379"}],"curies":[{"name":"wp","href":"https:\/\/api.w.org\/{rel}","templated":true}]}}