{"id":120416,"date":"2024-07-17T11:34:42","date_gmt":"2024-07-17T09:34:42","guid":{"rendered":"https:\/\/www.esteri.it\/?page_id=120416"},"modified":"2024-07-17T12:32:43","modified_gmt":"2024-07-17T10:32:43","slug":"organizzazione-internazionale-per-il-legno-tropicale-itto","status":"publish","type":"page","link":"https:\/\/www.esteri.it\/it\/politica-estera-e-cooperazione-allo-sviluppo\/politica_europea\/politica-commerciale-internazionale\/prodotti-di-base\/organizzazione-internazionale-per-il-legno-tropicale-itto\/","title":{"rendered":"Organizzazione Internazionale per il Legno Tropicale (ITTO)"},"content":{"rendered":"<p>L&#8217;<a href=\"https:\/\/www.itto.int\">International Tropical Timber Organization (ITTO)<\/a> \u00e8 stata fondata nel 1986 ed \u00e8 un&#8217;organizzazione internazionale dedicata alla promozione e alla gestione sostenibile delle foreste tropicali e al commercio equo e sostenibile del legname tropicale. L&#8217;ITTO \u00e8 stato istituito sotto gli auspici dell&#8217;Organizzazione delle Nazioni Unite (ONU) ed \u00e8 nato in virt\u00f9 dell\u2019ITTA, l\u2019Accordo Internazionale sui Legni Tropicali. L\u2019Organizzazione ha sede a Yokohama, in Giappone.<\/p>\n<p><strong>Membri<\/strong><\/p>\n<p>Attualmente, l&#8217;International Tropical Timber Organization (ITTO) conta 33 membri, tra cui 27 paesi produttori di legname tropicale e 6 paesi consumatori. I membri dell&#8217;ITTO rappresentano circa il 90% del commercio globale di legname tropicale e oltre l&#8217;80% della estensione delle foreste tropicali nel mondo.<\/p>\n<p>I paesi produttori sono: Angola, Benin, Camerun, Repubblica Centrafricana, Congo, Costa d&#8217;Avorio, Repubblica Democratica del Congo, Gabon, Ghana, Liberia, Madagascar, Mali, Mozambico, Togo, Cambogia, Figi, India, Indonesia, Malesia, Myanmar, Papua Nuova Guinea, Filippine, Tailandia, Vietnam, Brasile, Colombia, Costa Rica, Ecuador, Guatemala, Guyana, Honduras, Messico, Panama, Peru, Suriname, Trinidad e Tobago, Venezuela. I paesi consumatori sono: Albania, Australia, Canada, Cina, Unione Europea, Giappone, Nuova Zelanda, Norvegia, Repubblica di Corea, Svizzera, Regno Unito, Stati Uniti d&#8217;America.<\/p>\n<p><strong>Mandato<\/strong><\/p>\n<p>L&#8217;Organizzazione Internazionale dei Legnami Tropicali (ITTO) \u00e8 un&#8217;organizzazione intergovernativa che promuove la gestione e la conservazione sostenibile delle foreste tropicali e l&#8217;espansione e la diversificazione del commercio internazionale di legni tropicali provenienti da foreste. L&#8217;ITTO:<\/p>\n<ul>\n<li>Sviluppa linee guida e norme concordate a livello internazionale per incoraggiare la gestione sostenibile delle foreste, coordinando l\u2019operato di industrie e commerci sostenibili di legni tropicali.<\/li>\n<li>Assiste i Paesi tropicali membri dell\u2019organizzazione ad adattare tali linee guida e tali norme alle circostanze locali, attuandole sul campo attraverso progetti e altre attivit\u00e0.<\/li>\n<li>Raccoglie, analizza e diffonde dati sulla produzione e sul commercio di legni tropicali.<\/li>\n<li>Promuove catene di approvvigionamento di legni tropicali sostenibili.<\/li>\n<li>Contribuisce allo sviluppo della capacit\u00e0 produttiva della silvicoltura tropicale.<\/li>\n<\/ul>\n<p>L&#8217;ITTO \u00e8 un&#8217;organizzazione con approccio operativo che vanta oltre 30 anni di esperienza. Ha finanziato e assistito l&#8217;attuazione di oltre 1.200 progetti e altre attivit\u00e0 che affrontano i numerosi aspetti della gestione sostenibile delle foreste, come il ripristino delle foreste, l&#8217;efficienza nell&#8217;uso del legno, la competitivit\u00e0 dei prodotti legnosi, l&#8217;informazione sul mercato e la trasparenza nel commercio dei legni tropicali e nelle catene di approvvigionamento di legni tropicali, l&#8217;applicazione delle leggi e la governance forestale, la lotta al disboscamento illegale, la conservazione della biodiversit\u00e0, la mitigazione e l&#8217;adattamento ai cambiamenti climatici, il contributo dei prodotti forestali non legnosi e dei servizi ambientali ai mezzi di sussistenza delle comunit\u00e0 che dipendono dalle foreste.<\/p>\n<p><strong>Struttura Organizzativa<\/strong><\/p>\n<p>L&#8217;ITTO ha una struttura organizzativa composta dai seguenti organi:<\/p>\n<ol>\n<li>Il Consiglio &#8211; \u00c8 l&#8217;organo decisionale composto da rappresentanti di tutti i membri dell&#8217;organizzazione. Si riunisce regolarmente per definire le politiche generali, adottare decisioni e programmi di lavoro, nonch\u00e9 per esaminare e approvare il bilancio.<\/li>\n<li>I Comitati &#8211; Il Consiglio \u00e8 assistito da quattro comitati: il Comitato per l&#8217;economia, le statistiche e i mercati, il Comitato per il rimboschimento e la gestione forestale, il Comitato per l&#8217;industria forestale e il Comitato per le finanze e l&#8217;amministrazione. Di solito questi comitati si riuniscono durante le sessioni del Consiglio.<\/li>\n<li>Il Segretariato &#8211; \u00c8 l&#8217;organo esecutivo dell&#8217;ITTO ed \u00e8 responsabile della gestione quotidiana dell&#8217;organizzazione. Il Segretariato coordina le attivit\u00e0, implementa i programmi e le decisioni prese dal Consiglio, fornisce supporto tecnico e amministrativo ai membri e svolge un ruolo di coordinamento nei rapporti con altre organizzazioni internazionali.<\/li>\n<\/ol>\n","protected":false},"excerpt":{"rendered":"L&#8217;International Tropical Timber Organization (ITTO) \u00e8 stata fondata nel 1986 ed \u00e8 un&#8217;organizzazione internazionale dedicata alla promozione e alla gestione sostenibile delle foreste tropicali e al commercio equo e sostenibile del legname tropicale. L&#8217;ITTO \u00e8 stato istituito sotto gli auspici dell&#8217;Organizzazione delle Nazioni Unite (ONU) ed \u00e8 nato in virt\u00f9 dell\u2019ITTA, l\u2019Accordo Internazionale sui Legni [&hellip;]","protected":false},"author":5,"featured_media":0,"parent":48164,"menu_order":8,"comment_status":"closed","ping_status":"closed","template":"","meta":{"footnotes":""},"class_list":["post-120416","page","type-page","status-publish","hentry"],"_links":{"self":[{"href":"https:\/\/www.esteri.it\/it\/wp-json\/wp\/v2\/pages\/120416","targetHints":{"allow":["GET"]}}],"collection":[{"href":"https:\/\/www.esteri.it\/it\/wp-json\/wp\/v2\/pages"}],"about":[{"href":"https:\/\/www.esteri.it\/it\/wp-json\/wp\/v2\/types\/page"}],"author":[{"embeddable":true,"href":"https:\/\/www.esteri.it\/it\/wp-json\/wp\/v2\/users\/5"}],"replies":[{"embeddable":true,"href":"https:\/\/www.esteri.it\/it\/wp-json\/wp\/v2\/comments?post=120416"}],"version-history":[{"count":2,"href":"https:\/\/www.esteri.it\/it\/wp-json\/wp\/v2\/pages\/120416\/revisions"}],"predecessor-version":[{"id":120459,"href":"https:\/\/www.esteri.it\/it\/wp-json\/wp\/v2\/pages\/120416\/revisions\/120459"}],"up":[{"embeddable":true,"href":"https:\/\/www.esteri.it\/it\/wp-json\/wp\/v2\/pages\/48164"}],"wp:attachment":[{"href":"https:\/\/www.esteri.it\/it\/wp-json\/wp\/v2\/media?parent=120416"}],"curies":[{"name":"wp","href":"https:\/\/api.w.org\/{rel}","templated":true}]}}