{"id":120439,"date":"2024-07-17T12:06:11","date_gmt":"2024-07-17T10:06:11","guid":{"rendered":"https:\/\/www.esteri.it\/?page_id=120439"},"modified":"2024-10-28T14:35:37","modified_gmt":"2024-10-28T13:35:37","slug":"gruppo-internazionale-di-studio-sul-piombo-e-lo-zinco-ilzsg","status":"publish","type":"page","link":"https:\/\/www.esteri.it\/it\/politica-estera-e-cooperazione-allo-sviluppo\/politica_europea\/politica-commerciale-internazionale\/prodotti-di-base\/gruppo-internazionale-di-studio-sul-piombo-e-lo-zinco-ilzsg\/","title":{"rendered":"Gruppo Internazionale di Studio sul Piombo e lo Zinco (ILZSG)"},"content":{"rendered":"<p>Il <a href=\"https:\/\/www.ilzsg.org\">Gruppo Internazionale di Studio sul Piombo e lo Zinco (ILZSG)<\/a> \u00e8 stato istituito nell&#8217;ambito delle Nazioni Unite nel 1959, e nel 1977 \u00e8 diventato un&#8217;organizzazione intergovernativa indipendente.<\/p>\n<p>Le sue funzioni principali sono:<\/p>\n<ul>\n<li>promuovere la trasparenza nei mercati del piombo e dello zinco attraverso la fornitura di informazioni aggiornate, accurate e continue sulla domanda e l&#8217;offerta di piombo e zinco e sui suoi probabili sviluppi.<\/li>\n<li>facilitare la cooperazione tra i governi e l&#8217;industria attraverso l&#8217;organizzazione di riunioni semestrali e di conferenze e seminari speciali a cadenza regolare.<\/li>\n<li>condurre ricerche approfondite su altre questioni di interesse per i membri attraverso la compilazione di rapporti e studi speciali.<\/li>\n<\/ul>\n<p>L&#8217;ILZSG \u00e8 una delle pi\u00f9 longeve organizzazioni internazionali di prodotti di base ed \u00e8 stata il modello per la creazione di altre organizzazioni simili, come l&#8217;International Nickel Study Group (INSG) e l&#8217;International Copper Study Group (ICSG).<\/p>\n<p>Quota dei membri dell&#8217;ILZSG sul mercato mondiale del piombo\/zinco al 2024:<\/p>\n<p>&#8211; Produzione in miniera di piombo: 89%<\/p>\n<p>&#8211; Uso del piombo: 85%<\/p>\n<p>&#8211; Produzione delle miniere di zinco: 84%<\/p>\n<p>&#8211; Utilizzo dello zinco: 87%<\/p>\n","protected":false},"excerpt":{"rendered":"Il Gruppo Internazionale di Studio sul Piombo e lo Zinco (ILZSG) \u00e8 stato istituito nell&#8217;ambito delle Nazioni Unite nel 1959, e nel 1977 \u00e8 diventato un&#8217;organizzazione intergovernativa indipendente. Le sue funzioni principali sono: promuovere la trasparenza nei mercati del piombo e dello zinco attraverso la fornitura di informazioni aggiornate, accurate e continue sulla domanda e [&hellip;]","protected":false},"author":5,"featured_media":0,"parent":48164,"menu_order":16,"comment_status":"closed","ping_status":"closed","template":"","meta":{"footnotes":""},"class_list":["post-120439","page","type-page","status-publish","hentry"],"_links":{"self":[{"href":"https:\/\/www.esteri.it\/it\/wp-json\/wp\/v2\/pages\/120439","targetHints":{"allow":["GET"]}}],"collection":[{"href":"https:\/\/www.esteri.it\/it\/wp-json\/wp\/v2\/pages"}],"about":[{"href":"https:\/\/www.esteri.it\/it\/wp-json\/wp\/v2\/types\/page"}],"author":[{"embeddable":true,"href":"https:\/\/www.esteri.it\/it\/wp-json\/wp\/v2\/users\/5"}],"replies":[{"embeddable":true,"href":"https:\/\/www.esteri.it\/it\/wp-json\/wp\/v2\/comments?post=120439"}],"version-history":[{"count":1,"href":"https:\/\/www.esteri.it\/it\/wp-json\/wp\/v2\/pages\/120439\/revisions"}],"predecessor-version":[{"id":120441,"href":"https:\/\/www.esteri.it\/it\/wp-json\/wp\/v2\/pages\/120439\/revisions\/120441"}],"up":[{"embeddable":true,"href":"https:\/\/www.esteri.it\/it\/wp-json\/wp\/v2\/pages\/48164"}],"wp:attachment":[{"href":"https:\/\/www.esteri.it\/it\/wp-json\/wp\/v2\/media?parent=120439"}],"curies":[{"name":"wp","href":"https:\/\/api.w.org\/{rel}","templated":true}]}}