{"id":120450,"date":"2024-07-17T12:14:37","date_gmt":"2024-07-17T10:14:37","guid":{"rendered":"https:\/\/www.esteri.it\/?page_id=120450"},"modified":"2024-07-25T12:29:47","modified_gmt":"2024-07-25T10:29:47","slug":"fondo-comune-per-le-materie-prime-cfc","status":"publish","type":"page","link":"https:\/\/www.esteri.it\/it\/politica-estera-e-cooperazione-allo-sviluppo\/politica_europea\/politica-commerciale-internazionale\/prodotti-di-base\/fondo-comune-per-le-materie-prime-cfc\/","title":{"rendered":"Fondo Comune per le materie prime (CFC)"},"content":{"rendered":"<p>Il <a href=\"https:\/\/www.common-fund.org\">CFC (Common Fund for Commodities)<\/a> \u00e8 un Organismo finanziario intergovernativo, il cui Accordo \u00e8 stato negoziato in sede UNCTAD e firmato nel 1980. Fanno parte del CFC i Paesi Membri dell\u2019UE, l\u2019Organizzazione per l\u2019Unit\u00e0 Africana, il Mercato Comune per il sud est dell\u2019Africa e la Comunit\u00e0 Mercato Comune dei Carabi. Il Fondo \u00e8 governato dal Consiglio dei Governatori e da un Comitato Esecutivo presieduto dal Direttore Generale del Fondo.<\/p>\n<p>La finalit\u00e0 primaria dell\u2019Organismo \u00e8 il consolidamento dello sviluppo socio-economico dei paesi produttori di materie prime attraverso il finanziamento\/co-finanziamento di progetti destinati al miglioramento della produzione, della commercializzazione dei prodotti di base, di interesse dei PVS ed in particolare dei Paesi Meno Avanzati. Il Fondo tende, altres\u00ec, al miglioramento dell\u2019efficienza dei mercati ed allo sviluppo dei prodotti innovativi. Allo scopo di raggiungere i summenzionati obiettivi, sia per i progetti che per l\u2019elaborazione dei piani d\u2019azione quinquennali, lavora a stretto contatto con le Organizzazioni internazionali che si occupano dei prodotti di base.<\/p>\n<p>Per quanto riguarda le fonti di finanziamento, nell\u2019Accordo istitutivo si \u00e8 previsto di dotare il fondo di un capitale di partenza suddiviso in due conti. I fondi del primo conto servono a garantire, mediante gli interessi bancari annualmente derivati dall\u2019investimento dello stesso, la copertura dei costi del Segretariato e degli altri costi amministrativi; i fondi disponibili sul secondo conto servono per il finanziamento dei progetti.<\/p>\n<p>L\u2019Accordo istitutivo CFC, concernente la parte degli strumenti finanziari per il reperimento dei fondi necessari al funzionamento dell\u2019Organizzazione, \u00e8 stato emendato dal Consiglio dei Governatori del Fondo nel dicembre 2014, prevedendo nuove misure di fund raising per poter disporre di ulteriori fonti di finanziamento.<\/p>\n<p>Il CFC conta 101 Stati membri (di cui 14 membri OCSE) e 9 membri aggiuntivi istituzionali, tra i quali l\u2019Unione Europea. Il Consiglio direttivo \u00e8 composto dai rappresentanti degli Stati membri. L\u2019Assemblea Generale si riunisce ogni anno e vi partecipano i paesi membri, i membri istituzionali nonch\u00e9 delle organizzazioni internazionali in qualit\u00e0 di osservatori. La prossima Assemblea \u00e8 convocata per l\u201911 e 12 dicembre 2024. In tale occasione verr\u00e0 rinnovato il Comitato Consultivo<\/p>\n<p>Quali organi ulteriori si contano:<\/p>\n<ul>\n<li>il Comitato esecutivo, che garantisce la gestione complessiva del Fondo;<\/li>\n<li>il Comitato consultativo, composto da nove esperti indipendenti, che interviene sugli aspetti tecnici ed economici dei programmi presentati al Fondo per il finanziamento;<\/li>\n<li>il Segretariato.<\/li>\n<\/ul>\n<p><strong><em>Rapporto annuale del 2023 del <\/em><\/strong><strong><em>Fondo Comune per i Prodotti di Base<\/em><\/strong><\/p>\n<p>Il 17 luglio \u00e8 stato pubblicato il rapporto annuale 2023 del CFC, scaricabile dal sito web ( CFC_AR_23_P.pdf <a href=\"http:\/\/www.common-fund.org\">www.common-fund.org<\/a>).<br \/>\nIn sintesi<br \/>\n&#8211; Il 2023 ha registrato 400 richieste di supporto finanziario del CFC.<br \/>\n&#8211; Sono stati approvati 18 nuovi investimenti dal Consiglio Esecutivo del CFC per un valore totale di quasi 279,17 milioni di USD, di cui 13,98 milioni di USD provenienti direttamente dal CFC.<br \/>\n&#8211; Sono stati fatti progressi sull&#8217;SDG 5 (Uguaglianza di Genere): le donne che rappresentano il 33% dei beneficiari dei nostri investimenti nel 2023, rispetto al 31% nel 2022.<\/p>\n<p>Il rapporto include un articolo sulla umanizzazione delle catene del valore delle materie prime per ridurre le disparit\u00e0, collegando i consumatori ai produttori dei beni, viene promossa una giusta compensazione per i lavoratori. Tecnologie come blockchain e intelligenza artificiale assicurano che pi\u00f9 denaro raggiunga i piccoli agricoltori e forniscono una tracciabilit\u00e0 dettagliata dei prodotti. Inoltre, questi strumenti potrebbero consentire ai consumatori di pagare un extra ai contadini, similmente a come vengono date le mance ai lavoratori dei servizi.<br \/>\nIl rapporto contiene due nostre storie di impatto \u2013 Clearpath Coffee in Colombia e Organic Africa in Zimbabwe.<\/p>\n<p>Il CFC \u00e8 sempre stato attento a investire in aziende agricole che lavorano con prodotti di base come il miglio, aiutando i piccoli agricoltori a costruire la sicurezza alimentare e sviluppare mezzi di sussistenza pi\u00f9 stabili. Ad esempio, leggete come il nostro investimento ha permesso al commerciante di grano Shalem di trasformarsi in un produttore a valore aggiunto che sta supportando i piccoli agricoltori kenyoti a prosperare. Con progetti ad alto impatto come questo, il CFC \u00e8 stato un partecipante attivo nel celebrare il 2023 come l&#8217;Anno del Miglio, come designato dalle Nazioni Unite su richiesta dell&#8217;India.<\/p>\n","protected":false},"excerpt":{"rendered":"Il CFC (Common Fund for Commodities) \u00e8 un Organismo finanziario intergovernativo, il cui Accordo \u00e8 stato negoziato in sede UNCTAD e firmato nel 1980. Fanno parte del CFC i Paesi Membri dell\u2019UE, l\u2019Organizzazione per l\u2019Unit\u00e0 Africana, il Mercato Comune per il sud est dell\u2019Africa e la Comunit\u00e0 Mercato Comune dei Carabi. Il Fondo \u00e8 governato [&hellip;]","protected":false},"author":5,"featured_media":0,"parent":48164,"menu_order":22,"comment_status":"closed","ping_status":"closed","template":"","meta":{"footnotes":""},"class_list":["post-120450","page","type-page","status-publish","hentry"],"_links":{"self":[{"href":"https:\/\/www.esteri.it\/it\/wp-json\/wp\/v2\/pages\/120450","targetHints":{"allow":["GET"]}}],"collection":[{"href":"https:\/\/www.esteri.it\/it\/wp-json\/wp\/v2\/pages"}],"about":[{"href":"https:\/\/www.esteri.it\/it\/wp-json\/wp\/v2\/types\/page"}],"author":[{"embeddable":true,"href":"https:\/\/www.esteri.it\/it\/wp-json\/wp\/v2\/users\/5"}],"replies":[{"embeddable":true,"href":"https:\/\/www.esteri.it\/it\/wp-json\/wp\/v2\/comments?post=120450"}],"version-history":[{"count":2,"href":"https:\/\/www.esteri.it\/it\/wp-json\/wp\/v2\/pages\/120450\/revisions"}],"predecessor-version":[{"id":121024,"href":"https:\/\/www.esteri.it\/it\/wp-json\/wp\/v2\/pages\/120450\/revisions\/121024"}],"up":[{"embeddable":true,"href":"https:\/\/www.esteri.it\/it\/wp-json\/wp\/v2\/pages\/48164"}],"wp:attachment":[{"href":"https:\/\/www.esteri.it\/it\/wp-json\/wp\/v2\/media?parent=120450"}],"curies":[{"name":"wp","href":"https:\/\/api.w.org\/{rel}","templated":true}]}}