{"id":122724,"date":"2024-09-11T13:19:51","date_gmt":"2024-09-11T11:19:51","guid":{"rendered":"https:\/\/www.esteri.it\/?page_id=122724"},"modified":"2025-12-12T17:09:55","modified_gmt":"2025-12-12T16:09:55","slug":"wfeg2024","status":"publish","type":"page","link":"https:\/\/www.esteri.it\/it\/eventi\/wfeg2024\/","title":{"rendered":"Evento ministeriale inaugurale del Gruppo Mondiale per l\u2019Energia da Fusione dell\u2019AIEA (\u201cWorld Fusion Energy Group\u201d)"},"content":{"rendered":"<p><img decoding=\"async\" src=\"https:\/\/www.esteri.it\/wp-content\/uploads\/2024\/10\/WFEG_28102024_IT.jpeg\" alt=\"gruppo mondiale per l'energia da fusione\" \/><\/p>\n<p>I recenti progressi scientifici e tecnologici nella ricerca sull\u2019energia da fusione costituiscono motivo di crescente attenzione da parte di decisori politici, scienziati, investitori e societ\u00e0 civile. Accelerare tali progressi, al fine di portare questa fonte di energia alla piena realizzazione e immissione sul mercato, \u00e8 un obiettivo condiviso a livello globale. Il Gruppo Mondiale per l\u2019Energia da Fusione dell\u2019AIEA (Agenzia Internazionale per l\u2019Energia Atomica) nasce per realizzare questa ambizione.<\/p>\n<p>&nbsp;<\/p>\n<p><strong>Dettagli dell&#8217;evento<\/strong><\/p>\n<p>L\u2019evento inaugurale del Gruppo Mondiale per l\u2019Energia da Fusione si terr\u00e0 il 6 novembre 2024 a Roma, presso il Ministero degli Affari Esteri e della Cooperazione Internazionale. L&#8217;evento sar\u00e0 co-presieduto dal Presidente del Consiglio dei Ministri, Giorgia Meloni, e dal Direttore Generale dell&#8217;AIEA, Rafael Mariano Grossi.<\/p>\n<p>L\u2019evento, di livello ministeriale, sar\u00e0 aperto dal Vice Presidente del Consiglio e Ministro degli Affari Esteri e della Cooperazione Internazionale, Antonio Tajani, e vedr\u00e0 la partecipazione del Ministro dell\u2019Ambiente e della Sicurezza energetica, Gilberto Pichetto Fratin, insieme ai maggiori operatori e <em>stakeholder <\/em>mondiali nel campo dell\u2019energia da fusione.<\/p>\n<p>Nel corso dell&#8217;evento l&#8217;AIEA presenter\u00e0 due pubblicazioni di rilevanza mondiale: <em>\u201cFusion Key Elements<\/em>\u201d e \u201c<em>World Fusion Outlook 2024<\/em>\u201d.<\/p>\n<p>&nbsp;<\/p>\n<p><strong>Il Gruppo Mondiale per l\u2019Energia da Fusione dell\u2019AIEA<\/strong><\/p>\n<p>La ricerca, lo sviluppo industriale e la successiva diffusione dell&#8217;energia da fusione richiedono un approccio multisettoriale che dovr\u00e0 includere governi, mondo accademico e industria privata. Il potenziale della fusione come fonte di energia pulita, sicura e ampiamente disponibile potr\u00e0 essere sfruttato appieno solo con il coinvolgimento dell\u2019opinione pubblica e con la fiducia della societ\u00e0 civile.<\/p>\n<p>Questo significa impegnarsi fin dall&#8217;inizio con le comunit\u00e0 e con i territori, poich\u00e9 la tecnologia della fusione dovr\u00e0 essere diffusa in modo sicuro e sostenibile, in modo che i suoi benefici possano essere condivisi in modo giusto ed equo.<\/p>\n<p>Con la \u201cPiattaforma Nazionale per un Nucleare Sostenibile\u201d, istituita dal Ministero dell\u2019Ambiente e della Sicurezza Energetica, il Governo italiano ha avviato un percorso per valutare l\u2019opportunit\u00e0 di riprendere l\u2019utilizzo dell\u2019energia nucleare in Italia, sia a breve-medio termine tramite le nuove tecnologie da fissione nucleare, sia a medio-lungo termine con l\u2019energia da fusione, anche nell\u2019ottica del raggiungimento degli obiettivi di decarbonizzazione al 2050 e al fine di accrescere la sicurezza e la sostenibilit\u00e0 degli approvvigionamenti di energia. L\u2019obiettivo della Piattaforma \u00e8 mettere insieme tutte le pi\u00f9 importanti competenze italiane nel settore nucleare, dagli operatori agli utilizzatori finali, dalle universit\u00e0 ai centri di ricerca, dai Ministeri e gli altri enti pubblici alle associazioni di categoria, facendo sintesi delle diverse iniziative nazionali.<\/p>\n<p>Al Vertice sull\u2019Energia Nucleare tenutosi a Bruxelles nel marzo scorso, il Vice Presidente e Ministro degli Affari Esteri e della Cooperazione Internazionale, Antonio Tajani, aveva ribadito l\u2019impegno italiano nel ridurre l\u2019uso di combustibili fossili e rafforzare la sicurezza energetica e lo sviluppo economico. \u201cOccorre approfondire ogni opportunit\u00e0 per favorire la sicurezza e la sostenibilit\u00e0 degli approvvigionamenti di energia alla luce degli obiettivi di de-carbonizzazione entro il 2050\u201d, ha sottolineato il Ministro Tajani. \u201cL\u2019Italia non ha mai smesso di essere un importante protagonista internazionale, sia nel campo della fissione nucleare che dell\u2019energia da fusione, non solo in termini di ricerca ma anche attraverso le eccellenze industriali che gi\u00e0 oggi forniscono competenze di alto livello, tecnologia e servizi in tutto il mondo\u201d.<\/p>\n<p>Alla luce dell\u2019importanza della cooperazione internazionale, il Gruppo Mondiale per l\u2019Energia da Fusione mira quindi a riunire i pi\u00f9 importanti rappresentanti dei settori pubblico e privato, l&#8217;industria, il mondo accademico, gli enti di ricerca e la societ\u00e0 civile. Lo scopo \u00e8 quello di stimolare uno sforzo collaborativo incentrato sulla ricerca, sullo sviluppo e sulle applicazioni concrete dell&#8217;energia da fusione, con l\u2019obiettivo finale di ad accelerare la transizione dell&#8217;energia da fusione dall\u2019attuale fase di ricerca a quella dello sviluppo commerciale.<\/p>\n<p>&nbsp;<\/p>\n<p><strong>Obiettivi dell\u2019evento inaugurale<\/strong><\/p>\n<p>Il Gruppo Mondiale per l\u2019Energia da Fusione dell\u2019AIEA funzioner\u00e0 da catalizzatore, in una fase in cui \u00e8 essenziale aggregare gli sforzi per progredire rapidamente nello sviluppo dell&#8217;energia da fusione, concentrando la propria attenzione su alcuni argomenti principali, tra i quali:<\/p>\n<ul>\n<li>il rafforzamento della cooperazione globale, in particolare istituendo modalit\u00e0 di coordinamento e spazi per il dialogo interattivo, lo scambio, la pianificazione e la strutturazione di partenariati tra tutti i soggetti interessati (governi, settore privato, mondo accademico e della ricerca, enti regolatori e societ\u00e0 civile);<\/li>\n<li>l&#8217;efficacia dei programmi di ricerca e sviluppo sull&#8217;energia da fusione, sia ricorrendo alle collaborazioni e alle strutture esistenti che prevedendone di nuove;<\/li>\n<li>l\u2019identificazione comune delle lacune tecnologiche e ingegneristiche esistenti e lo sviluppo di strategie per la ricerca di soluzioni a livello internazionale;<\/li>\n<li>la regolamentazione della tecnologia della fusione a livello internazionale;<\/li>\n<li>il coinvolgimento del pubblico, con particolare attenzione alle generazioni pi\u00f9 giovani e all\u2019uguaglianza di genere;<\/li>\n<li>l\u2019integrazione della fusione nel mercato energetico;<\/li>\n<li>l\u2019integrazione della fusione nei sistemi energetici esistenti, incluse le infrastrutture di sostegno.<\/li>\n<\/ul>\n<p>L&#8217;AIEA, in collaborazione con i Paesi membri ed altri <em>partner<\/em>, organizzer\u00e0 i prossimi incontri del Gruppo Mondiale per l\u2019Energia da Fusione con cadenza periodica, al fine di esaminare i progressi ottenuti, garantire il necessario sostegno politico e promuovere ulteriori iniziative sul tema.<\/p>\n<p>&nbsp;<\/p>\n","protected":false},"excerpt":{"rendered":"I recenti progressi scientifici e tecnologici nella ricerca sull\u2019energia da fusione costituiscono motivo di crescente attenzione da parte di decisori politici, scienziati, investitori e societ\u00e0 civile. Accelerare tali progressi, al fine di portare questa fonte di energia alla piena realizzazione e immissione sul mercato, \u00e8 un obiettivo condiviso a livello globale. Il Gruppo Mondiale per [&hellip;]","protected":false},"author":1,"featured_media":0,"parent":122720,"menu_order":0,"comment_status":"closed","ping_status":"closed","template":"page-full.php","meta":{"footnotes":""},"class_list":["post-122724","page","type-page","status-publish","hentry"],"_links":{"self":[{"href":"https:\/\/www.esteri.it\/it\/wp-json\/wp\/v2\/pages\/122724","targetHints":{"allow":["GET"]}}],"collection":[{"href":"https:\/\/www.esteri.it\/it\/wp-json\/wp\/v2\/pages"}],"about":[{"href":"https:\/\/www.esteri.it\/it\/wp-json\/wp\/v2\/types\/page"}],"author":[{"embeddable":true,"href":"https:\/\/www.esteri.it\/it\/wp-json\/wp\/v2\/users\/1"}],"replies":[{"embeddable":true,"href":"https:\/\/www.esteri.it\/it\/wp-json\/wp\/v2\/comments?post=122724"}],"version-history":[{"count":4,"href":"https:\/\/www.esteri.it\/it\/wp-json\/wp\/v2\/pages\/122724\/revisions"}],"predecessor-version":[{"id":126035,"href":"https:\/\/www.esteri.it\/it\/wp-json\/wp\/v2\/pages\/122724\/revisions\/126035"}],"up":[{"embeddable":true,"href":"https:\/\/www.esteri.it\/it\/wp-json\/wp\/v2\/pages\/122720"}],"wp:attachment":[{"href":"https:\/\/www.esteri.it\/it\/wp-json\/wp\/v2\/media?parent=122724"}],"curies":[{"name":"wp","href":"https:\/\/api.w.org\/{rel}","templated":true}]}}