{"id":129042,"date":"2024-12-23T14:08:07","date_gmt":"2024-12-23T13:08:07","guid":{"rendered":"https:\/\/www.esteri.it\/?page_id=129042"},"modified":"2025-01-14T11:17:23","modified_gmt":"2025-01-14T10:17:23","slug":"informazioni-per-i-delegati","status":"publish","type":"page","link":"https:\/\/www.esteri.it\/it\/eventi\/atcm2025\/informazioni-per-i-delegati\/","title":{"rendered":"Informazioni per i Delegati"},"content":{"rendered":"<p style=\"text-align: center;\"><strong>Avviso sui visti<\/strong><\/p>\n<p>I Delegati che necessitano di un visto per entrare in Italia sono tenuti a richiederlo il prima possibile presso l\u2019Ambasciata\/Consolato Generale italiano competente. A tal fine, al momento della loro iscrizione al 47\u00b0 ATCM sul sito del Trattato Antartico, i Delegati riceveranno una lettera di invito a partecipare al Meeting di Milano. La lettera dovr\u00e0 essere presentata all\u2019Ambasciata\/Consolato Generale d\u2019Italia competente per il rilascio del visto. I Delegati dovranno seguire scrupolosamente tutte le altre istruzioni che l\u2019Ambasciata\/Consolato Generale italiano competente dar\u00e0 per ricevere il visto.<\/p>\n<p>&nbsp;<\/p>\n<p style=\"text-align: center;\"><strong>Iscrizione online e Documenti<\/strong><\/p>\n<p>La registrazione online e l\u2019invio dei documenti delle riunioni sono gestiti attraverso il sito web del Segretariato del Trattato sull\u2019Antartide. Queste sezioni saranno abilitate con l\u2019approssimarsi della data dell\u2019inizio della Riunione.<\/p>\n<p>Si prega di visitare il sito web del Segretariato del Trattato sull\u2019Antartide all\u2019indirizzo <a href=\"http:\/\/www.ats.aq\/\">http:\/\/www.ats.aq\/<\/a><\/p>\n<p>&nbsp;<\/p>\n<p style=\"text-align: center;\"><strong>Perch\u00e9 Milano<\/strong><\/p>\n<p>Milano \u00e8 la seconda citt\u00e0 pi\u00f9 grande d\u2019Italia, subito dopo la Capitale politica Roma. La popolazione di Milano ammonta a 1,4 milioni di abitanti. Un numero che aumenta sensibilmente se si considera anche l\u2019intera area metropolitana che ruota attorno alle attivit\u00e0 economiche della citt\u00e0 (il cosiddetto \u201cHinterland\u201d o \u201cGrande Milano\u201d), arrivando fino a 8 milioni di abitanti. Milano \u00e8 infatti la capitale economica d\u2019Italia e una delle capitali economiche pi\u00f9 importanti d\u2019Europa, ospitando la Borsa Italiana e le sedi di un gran numero di banche e societ\u00e0 nazionali e internazionali. Tra i vari settori di attivit\u00e0 che caratterizzano la vita economica di Milano, merita una menzione speciale la \u201cmoda\u201d; Milano \u00e8 infatti sede dei pi\u00f9 rinomati marchi italiani di moda di lusso e ospita alcuni degli eventi pi\u00f9 importanti a livello mondiale in questo campo, le \u201cMilano Fashion Weeks\u201d.<\/p>\n<p>La vita sociale e culturale di Milano \u00e8 estremamente vivace e diversificata, con una grande variet\u00e0 di eventi da seguire tutto l\u2019anno. Il sito <a href=\"http:\/\/www.yesmilano.it\">www.yesmilano.it<\/a> fornisce una visione completa e aggiornata di tutto ci\u00f2 che accade a Milano.<\/p>\n","protected":false},"excerpt":{"rendered":"Avviso sui visti I Delegati che necessitano di un visto per entrare in Italia sono tenuti a richiederlo il prima possibile presso l\u2019Ambasciata\/Consolato Generale italiano competente. A tal fine, al momento della loro iscrizione al 47\u00b0 ATCM sul sito del Trattato Antartico, i Delegati riceveranno una lettera di invito a partecipare al Meeting di Milano. [&hellip;]","protected":false},"author":17,"featured_media":0,"parent":127582,"menu_order":0,"comment_status":"closed","ping_status":"closed","template":"","meta":{"footnotes":""},"class_list":["post-129042","page","type-page","status-publish","hentry"],"_links":{"self":[{"href":"https:\/\/www.esteri.it\/it\/wp-json\/wp\/v2\/pages\/129042","targetHints":{"allow":["GET"]}}],"collection":[{"href":"https:\/\/www.esteri.it\/it\/wp-json\/wp\/v2\/pages"}],"about":[{"href":"https:\/\/www.esteri.it\/it\/wp-json\/wp\/v2\/types\/page"}],"author":[{"embeddable":true,"href":"https:\/\/www.esteri.it\/it\/wp-json\/wp\/v2\/users\/17"}],"replies":[{"embeddable":true,"href":"https:\/\/www.esteri.it\/it\/wp-json\/wp\/v2\/comments?post=129042"}],"version-history":[{"count":4,"href":"https:\/\/www.esteri.it\/it\/wp-json\/wp\/v2\/pages\/129042\/revisions"}],"predecessor-version":[{"id":129446,"href":"https:\/\/www.esteri.it\/it\/wp-json\/wp\/v2\/pages\/129042\/revisions\/129446"}],"up":[{"embeddable":true,"href":"https:\/\/www.esteri.it\/it\/wp-json\/wp\/v2\/pages\/127582"}],"wp:attachment":[{"href":"https:\/\/www.esteri.it\/it\/wp-json\/wp\/v2\/media?parent=129042"}],"curies":[{"name":"wp","href":"https:\/\/api.w.org\/{rel}","templated":true}]}}