{"id":134039,"date":"2025-03-27T16:15:09","date_gmt":"2025-03-27T15:15:09","guid":{"rendered":"https:\/\/www.esteri.it\/?page_id=134039"},"modified":"2025-10-29T14:31:15","modified_gmt":"2025-10-29T13:31:15","slug":"associazione-globe-mae","status":"publish","type":"page","link":"https:\/\/www.esteri.it\/it\/ministero\/sindacati-e-associazioni\/associazione-globe-mae\/","title":{"rendered":"Associazione Globe-MAE"},"content":{"rendered":"<p style=\"text-align: center;\"><img loading=\"lazy\" decoding=\"async\" class=\"alignnone size-full wp-image-134040 img-fluid\" src=\"https:\/\/www.esteri.it\/wp-content\/uploads\/2025\/03\/logoGlobeMAE.jpg\" alt=\"logo GlobeMAE\" width=\"199\" height=\"177\" \/><\/p>\n<p><strong>Chi siamo<\/strong><\/p>\n<p>Globe-MAE \u00e8 l\u2019associazione dei dipendenti LGBTQ+ del Ministero degli Affari Esteri e della Cooperazione Internazionale (MAECI). Costituita legalmente nel 2013 all\u2019interno del Ministero, l\u2019Associazione \u00e8 impegnata nella tutela e promozione dei diritti delle persone LGBTQ+ sia all\u2019interno dell\u2019amministrazione pubblica che nelle relazioni internazionali.<\/p>\n<p>L&#8217;associazione si ispira ai principi sanciti dall\u2019<strong>Articolo 21 della Carta dei Diritti Fondamentali dell\u2019Unione Europea<\/strong>, il quale vieta qualsiasi forma di discriminazione basata su sesso, razza, colore della pelle, origine etnica o sociale, caratteristiche genetiche, lingua, religione, convinzioni personali, opinioni politiche, appartenenza a minoranze nazionali, patrimonio, nascita, disabilit\u00e0, et\u00e0 o orientamento sessuale.<\/p>\n<p>&nbsp;<\/p>\n<p><strong>Scopi e obiettivi<\/strong><\/p>\n<p>L&#8217;Associazione Globe-MAE si propone di:<\/p>\n<ul>\n<li><strong>Affermare i principi dell\u2019Art. 21 della Carta UE<\/strong> e promuovere la non discriminazione sia all\u2019interno del MAECI che nel contesto internazionale.<\/li>\n<li><strong>Garantire la pari dignit\u00e0 giuridica ed economica<\/strong> di tutto il personale del MAECI, assicurando che i principi di inclusione e non discriminazione siano concretamente attuati.<\/li>\n<li><strong>Promuovere i diritti delle persone LGBTQ+ nelle relazioni internazionali<\/strong>, favorendo l\u2019impegno dell\u2019Italia nella tutela dei diritti delle persone LGBTQ+ in ambito multilaterale e bilaterale.<\/li>\n<li><strong>Sostenere i valori dell\u2019uguaglianza, della libert\u00e0 e dell\u2019antidiscriminazione<\/strong> in ogni settore di attivit\u00e0 del MAECI.<\/li>\n<\/ul>\n<p>&nbsp;<\/p>\n<p><strong>Attivit\u00e0 svolte<\/strong><\/p>\n<p>L\u2019Associazione Globe-MAE realizza diverse iniziative volte a sensibilizzare, promuovere e difendere i diritti delle persone LGBTQ+ all\u2019interno del MAECI e nella diplomazia internazionale. Le principali attivit\u00e0 includono:<\/p>\n<ul>\n<li><strong>Collaborazione con istituzioni e associazioni italiane e internazionali<\/strong> per promuovere politiche di inclusione e pari opportunit\u00e0.<\/li>\n<li><strong>Organizzazione di eventi e incontri<\/strong> per discutere di diritti LGBTQ+, diplomazia inclusiva e buone pratiche in materia di antidiscriminazione.<\/li>\n<li><strong>Sensibilizzazione interna al MAECI<\/strong>, attraverso attivit\u00e0 di formazione e informazione rivolte al personale per favorire un ambiente lavorativo pi\u00f9 equo e rispettoso delle diversit\u00e0.<\/li>\n<li><strong>Partecipazione a convegni e tavole rotonde internazionali<\/strong>, contribuendo al dibattito sui diritti umani e sull\u2019inclusione LGBTQ+ nel contesto diplomatico.<\/li>\n<li><strong>Azioni di advocacy<\/strong> per promuovere il riconoscimento e la tutela dei diritti LGBTQ+ nelle politiche e strategie internazionali del MAECI.<\/li>\n<\/ul>\n<p>&nbsp;<\/p>\n<p><strong>Contatti<\/strong><\/p>\n<p>Stanza 6181 \u2013 6\u00b0 piano \u2013 MAECI \u2013 Piazzale della Farnesina 1, Roma<\/p>\n<p>Telefono 06.3691.3421<\/p>\n<p>Sito web: <a href=\"https:\/\/globemaelgbt.wordpress.com\">https:\/\/globemaelgbt.wordpress.com<\/a><\/p>\n<p>Email: <a href=\"mailto:globemae@esteri.it\">globemae@esteri.it<\/a><\/p>\n<p>LinkedIn: <a href=\"https:\/\/www.linkedin.com\/in\/globe-mae-a5a827336\/\">https:\/\/www.linkedin.com\/in\/globe-mae-a5a827336\/<\/a><\/p>\n","protected":false},"excerpt":{"rendered":"Chi siamo Globe-MAE \u00e8 l\u2019associazione dei dipendenti LGBTQ+ del Ministero degli Affari Esteri e della Cooperazione Internazionale (MAECI). Costituita legalmente nel 2013 all\u2019interno del Ministero, l\u2019Associazione \u00e8 impegnata nella tutela e promozione dei diritti delle persone LGBTQ+ sia all\u2019interno dell\u2019amministrazione pubblica che nelle relazioni internazionali. L&#8217;associazione si ispira ai principi sanciti dall\u2019Articolo 21 della Carta [&hellip;]","protected":false},"author":1,"featured_media":0,"parent":28996,"menu_order":0,"comment_status":"closed","ping_status":"closed","template":"","meta":{"footnotes":""},"class_list":["post-134039","page","type-page","status-publish","hentry"],"_links":{"self":[{"href":"https:\/\/www.esteri.it\/it\/wp-json\/wp\/v2\/pages\/134039","targetHints":{"allow":["GET"]}}],"collection":[{"href":"https:\/\/www.esteri.it\/it\/wp-json\/wp\/v2\/pages"}],"about":[{"href":"https:\/\/www.esteri.it\/it\/wp-json\/wp\/v2\/types\/page"}],"author":[{"embeddable":true,"href":"https:\/\/www.esteri.it\/it\/wp-json\/wp\/v2\/users\/1"}],"replies":[{"embeddable":true,"href":"https:\/\/www.esteri.it\/it\/wp-json\/wp\/v2\/comments?post=134039"}],"version-history":[{"count":2,"href":"https:\/\/www.esteri.it\/it\/wp-json\/wp\/v2\/pages\/134039\/revisions"}],"predecessor-version":[{"id":134042,"href":"https:\/\/www.esteri.it\/it\/wp-json\/wp\/v2\/pages\/134039\/revisions\/134042"}],"up":[{"embeddable":true,"href":"https:\/\/www.esteri.it\/it\/wp-json\/wp\/v2\/pages\/28996"}],"wp:attachment":[{"href":"https:\/\/www.esteri.it\/it\/wp-json\/wp\/v2\/media?parent=134039"}],"curies":[{"name":"wp","href":"https:\/\/api.w.org\/{rel}","templated":true}]}}