{"id":134148,"date":"2025-03-28T17:51:36","date_gmt":"2025-03-28T16:51:36","guid":{"rendered":"https:\/\/www.esteri.it\/?page_id=134148"},"modified":"2026-01-27T11:32:50","modified_gmt":"2026-01-27T10:32:50","slug":"contributi-per-missioni-di-studio-e-ricerca-2025","status":"publish","type":"page","link":"https:\/\/www.esteri.it\/it\/servizi-opportunita\/opportunita\/contributi-per-missioni-di-studio-e-ricerca-2025\/","title":{"rendered":"Contributi per missioni di studio e ricerca 2025"},"content":{"rendered":"<p><strong>Contributi per visite di ricercatori, docenti, esperti, personalit\u00e0 e operatori culturali<\/strong><\/p>\n<p>&nbsp;<\/p>\n<p>La Direzione Generale per la Crescita e la Promozione delle Esportazioni (DGCE), tramite l&#8217;Ufficio VI: promozione della cultura italiana , eroga contributi ad istanza di parte per:<\/p>\n<ol>\n<li>il finanziamento delle spese di viaggio e soggiorno di ricercatori, docenti, esperti, personalit\u00e0 della cultura e operatori culturali italiani o stranieri\u00a0<strong>residenti in Italia <\/strong>da almeno due anni <strong>invitati all\u2019estero<\/strong>\u00a0da Istituzioni universitarie o culturali straniere;<\/li>\n<li>contributi alle spese di viaggio e soggiorno di ricercatori, docenti, esperti, personalit\u00e0 della cultura e operatori culturali stranieri o italiani\u00a0<strong>residenti all\u2019estero invitati dalle istituzioni universitarie e culturali italiane<\/strong>\u00a0al fine di promuoverne le collaborazioni e i programmi di ricerca comuni.<\/li>\n<\/ol>\n<p>I candidati possono richiedere al MAECI un contributo economico a copertura parziale delle spese di viaggio e soggiorno, erogato\u00a0<strong>in forma forfettaria<\/strong>\u00a0nella misura massima di 1.500 e 3.000 euro a seconda della destinazione e per un periodo massimo di <u>10 giorni di attivit\u00e0<\/u>.<\/p>\n<p>Non \u00e8 previsto il finanziamento oltre il decimo giorno.\u00a0<strong>Ai fini del conteggio, sono da includere solo i giorni di effettivo svolgimento di attivit\u00e0 culturali e\/o di ricerca<\/strong>.<\/p>\n<p>Il pagamento del contributo avverr\u00e0 a missione ultimata dietro presentazione della\u00a0<strong>relazione finale delle attivit\u00e0, del certificato rilasciato dall\u2019istituzione ospitante di permanenza e dei titoli di viaggio.<\/strong>\u00a0Il contributo consiste in un importo forfettario giornaliero onnicomprensivo per un massimo di 10 giorni, di cui 250 euro al giorno per permanenze fino a 5 giorni e 50 euro al giorno dal sesto fino al decimo giorno di permanenza all\u2019estero o in Italia, per un valore di massimo di 1.500 euro a missione.<\/p>\n<p>Per i Paesi dell\u2019Asia, dell\u2019Africa (esclusa l\u2019area MENA) e delle Americhe sono previsti contributi pari a 350 euro al giorno per permanenze fino a 5 giorni e 250 euro al giorno dal sesto fino al decimo giorno, nella misura massima di 3.000 euro a beneficiario.\u00a0<strong>L\u2019Amministrazione si riserva di modificare la lista delle suddette aree anche sulla base dei fondi disponibili.<\/strong><\/p>\n<p>Entro il tetto forfettario fissato, le missioni all\u2019estero effettuate dai candidati italiani possono prevedere attivit\u00e0 in pi\u00f9 Paesi. Si precisa che l\u2019invito all\u2019estero non pu\u00f2 essere vincolato all\u2019erogazione del contributo da parte del MAECI. Si precisa inoltre che non sono ammessi rimborsi per viaggi che non avvengano in classe economica.<\/p>\n<p>Alla luce della disponibilit\u00e0 di fondi, questa Unit\u00e0 pu\u00f2 decidere l\u2019erogazione di contributi a favore di beneficiari per un numero inferiore di giorni rispetto a quelli richiesti nella domanda.<\/p>\n<p><strong>L\u2019assegnazione dei contributi avverr\u00e0, in ogni caso, fino ad esaurimento dei fondi disponibili sul capitolo 2619 piano gestionale 7.<\/strong><\/p>\n<p><strong>\u00a0<\/strong><\/p>\n<p><strong>PROCEDURE PER LA RICHIESTA E L\u2019EROGAZIONE\u00a0<\/strong><\/p>\n<p>Gli interessati, sia italiani che stranieri, che desiderano presentare una richiesta di contributo devono inviarla all&#8217;Istituto italiano di Cultura (IIC) competente per territorio. Se nel Paese non \u00e8 presente un IIC, le richieste dovranno essere indirizzate alla Rappresentanza diplomatica o consolare italiana competente. In entrambi i casi, \u00e8 necessario inviare una copia della richiesta anche alla seguente email: <a href=\"mailto:dgce06@esteri.it\">dgce06@esteri.it<\/a>.<\/p>\n<p>Le richieste saranno accettate solo se accompagnate da un <strong>invito ufficiale<\/strong> da parte di un\u2019istituzione universitaria o culturale, preferibilmente nell\u2019ambito di Accordi e Programmi Esecutivi di Cooperazione Culturale bilaterale vigenti.<\/p>\n<p>Per i richiedenti italiani o stranieri residenti in Italia l&#8217;invito deve provenire da un&#8217;istituzione universitaria o culturale straniera. Invece, per i richiedenti stranieri o italiani residenti all\u2019estero l&#8217;invito dovr\u00e0 provenire da un&#8217;istituzione universitaria o culturale italiana.<\/p>\n<p>I contributi a favore di beneficiari stranieri saranno erogati da questo Ufficio per il tramite della Sede all\u2019estero che ha inviato la domanda. I beneficiari italiani, al contrario, riceveranno il contributo direttamente da questo Ufficio.<\/p>\n<p>Le richieste saranno esaminate in ordine di ricezione, compatibilmente con le risorse disponibili.<\/p>\n<p>&nbsp;<\/p>\n<p><strong>DOCUMENTAZIONE DA ALLEGARE DELLA DOMANDA\u00a0<\/strong><\/p>\n<p>I candidati interessati devono inviare la loro domanda, via email, utilizzando il modulo allegato a questa pagina.<\/p>\n<p>La domanda deve essere corredata dai seguenti documenti:<\/p>\n<ul>\n<li>Dichiarazione sostitutiva di certificazione;<\/li>\n<li>Lettera di invito \u2013 Un documento ufficiale che invita il candidato a partecipare all\u2019attivit\u00e0 culturale o accademica;<\/li>\n<li>Lettera di accettazione \u2013 Un documento che conferma l\u2019accettazione dell&#8217;invito da parte del candidato;<\/li>\n<li>Curriculum vitae;<\/li>\n<li>Copia di un documento di identit\u00e0 valido;<\/li>\n<li>Informativa sul trattamento dei dati personali;<\/li>\n<li>Modulo contenente i dati anagrafici e le coordinate bancarie del beneficiario.<\/li>\n<\/ul>\n<p>I candidati riceveranno successivamente un parere di conferma o diniego in merito alla candidatura. Se ritenuta idonea, al termine della missione, i beneficiari dovranno inviare i seguenti documenti aggiuntivi:<\/p>\n<ul>\n<li>Titoli di viaggio \u2013 Documentazione relativa al viaggio effettuato (es. biglietti aerei, treni, ecc.);<\/li>\n<li>Carte di imbarco \u2013 Le carte di imbarco relative ai voli o altri mezzi di trasporto utilizzati;<\/li>\n<li>Certificato di permanenza \u2013 Un certificato rilasciato dall&#8217;ente ospitante che attesti la durata della permanenza del candidato;<\/li>\n<li>Relazione finale \u2013 Una relazione dettagliata che descrive le attivit\u00e0 svolte durante la missione.<\/li>\n<\/ul>\n<p><strong>La compilazione, se in maniera autografa, dovr\u00e0 risultare leggibile al fine di essere considerata valida.<\/strong><\/p>\n<p>&nbsp;<\/p>\n<p><strong>CRITERI PER LA VALUTAZIONE DELLE DOMANDE\u00a0<\/strong><\/p>\n<p>Le domande potranno essere valutate da parte delle Sedi alla luce dei seguenti criteri:<\/p>\n<ul>\n<li>Curriculum del richiedente;<\/li>\n<li>Possibili ricadute di medio e lungo termine della missione in termini di sviluppo di progetti culturali o scientifici e partenariati fra istituzioni italiane e straniere;<\/li>\n<li>Prestigio delle istituzioni culturali coinvolte;<\/li>\n<li>Principio di rotazione fra i beneficiari dei contributi.<\/li>\n<li>Nel valutare le domande ricevute, la DGCE adotter\u00e0 anche i seguenti ulteriori criteri:<\/li>\n<li>Conformit\u00e0 della missione alle priorit\u00e0 geografiche e tematiche individuate dalla Direzione Generale per la Crescita e la Promozione delle Esportazioni;<\/li>\n<li>Esistenza di un programma esecutivo di cooperazione culturale in vigore fra l\u2019Italia e il Paese straniero di riferimento.<strong>\u00a0<\/strong><\/li>\n<\/ul>\n<p><u>L\u2019assegnazione dei contributi avverr\u00e0, in ogni caso, fino ad esaurimento dei fondi disponibili sul capitolo 2619 piano gestionale 7.<\/u><\/p>\n<p>&nbsp;<\/p>\n<p><strong>SCADENZE\u00a0<\/strong><\/p>\n<p>Le domande per la richiesta del contributo dovranno pervenire\u00a0<strong>entro e non oltre il 31 luglio 2025<\/strong>. Non saranno prese in considerazione richieste pervenute oltre tale data.<\/p>\n<p>Il contributo \u00e8 ammissibile per tutte le attivit\u00e0 che decorrono <strong>dal 1\u00b0 gennaio al 15 novembre<\/strong> <strong>2025<\/strong>. Si segnala che non sar\u00e0 possibile prevedere l\u2019erogazione di contributi per missioni che avranno luogo oltre tale data.<strong>\u00a0<\/strong><\/p>\n<p>Entro e non oltre i dieci giorni lavorativi dal termine della missione, i beneficiari sono tenuti ad inviare via posta elettronica all\u2019Istituto italiano di cultura o Rappresentanza diplomatico-consolare territorialmente competente e all\u2019Ufficio VI &#8211; promozione della cultura italiana della DGCE un resoconto sulle attivit\u00e0 svolte, i titoli di viaggio, le carte di imbarco e un certificato di avvenuta attivit\u00e0 firmato dal referente dell\u2019Istituzione ospitante.<\/p>\n<p>&nbsp;<\/p>\n<p><strong>CONTATTI<\/strong><\/p>\n<p>Per ogni dubbio o chiarimento i candidati possono rivolgersi alla Rete degli IIC o in assenza alla Rappresentanza diplomatica-consolare di riferimento. L\u2019elenco integrale della rete estera \u00e8 disponibile per la consultazione alla seguente pagina:\u00a0 <a href=\"https:\/\/www.esteri.it\/it\/ministero\/struttura\/laretediplomatica\/\">Rete diplomatica \u2013 Ministero degli Affari Esteri e della Cooperazione Internazionale<\/a><\/p>\n<p>&nbsp;<\/p>\n","protected":false},"excerpt":{"rendered":"Contributi per visite di ricercatori, docenti, esperti, personalit\u00e0 e operatori culturali &nbsp; La Direzione Generale per la Crescita e la Promozione delle Esportazioni (DGCE), tramite l&#8217;Ufficio VI: promozione della cultura italiana , eroga contributi ad istanza di parte per: il finanziamento delle spese di viaggio e soggiorno di ricercatori, docenti, esperti, personalit\u00e0 della cultura e [&hellip;]","protected":false},"author":1,"featured_media":0,"parent":53,"menu_order":10,"comment_status":"closed","ping_status":"closed","template":"","meta":{"footnotes":""},"class_list":["post-134148","page","type-page","status-publish","hentry"],"_links":{"self":[{"href":"https:\/\/www.esteri.it\/it\/wp-json\/wp\/v2\/pages\/134148","targetHints":{"allow":["GET"]}}],"collection":[{"href":"https:\/\/www.esteri.it\/it\/wp-json\/wp\/v2\/pages"}],"about":[{"href":"https:\/\/www.esteri.it\/it\/wp-json\/wp\/v2\/types\/page"}],"author":[{"embeddable":true,"href":"https:\/\/www.esteri.it\/it\/wp-json\/wp\/v2\/users\/1"}],"replies":[{"embeddable":true,"href":"https:\/\/www.esteri.it\/it\/wp-json\/wp\/v2\/comments?post=134148"}],"version-history":[{"count":6,"href":"https:\/\/www.esteri.it\/it\/wp-json\/wp\/v2\/pages\/134148\/revisions"}],"predecessor-version":[{"id":171825,"href":"https:\/\/www.esteri.it\/it\/wp-json\/wp\/v2\/pages\/134148\/revisions\/171825"}],"up":[{"embeddable":true,"href":"https:\/\/www.esteri.it\/it\/wp-json\/wp\/v2\/pages\/53"}],"wp:attachment":[{"href":"https:\/\/www.esteri.it\/it\/wp-json\/wp\/v2\/media?parent=134148"}],"curies":[{"name":"wp","href":"https:\/\/api.w.org\/{rel}","templated":true}]}}