{"id":138555,"date":"2025-06-27T15:44:53","date_gmt":"2025-06-27T13:44:53","guid":{"rendered":"https:\/\/www.esteri.it\/?page_id=138555"},"modified":"2025-12-12T17:12:55","modified_gmt":"2025-12-12T16:12:55","slug":"urc2025","status":"publish","type":"page","link":"https:\/\/www.esteri.it\/it\/eventi\/urc2025\/","title":{"rendered":"Ukraine Recovery Conference 2025"},"content":{"rendered":"<p style=\"text-align: center;\"><img loading=\"lazy\" decoding=\"async\" width=\"768\" height=\"505\" class=\"alignnone size-medium wp-image-139486 img-fluid\" src=\"https:\/\/www.esteri.it\/wp-content\/uploads\/2025\/06\/URC_2025.jpg\" alt=\"URC 2025\" srcset=\"https:\/\/www.esteri.it\/wp-content\/uploads\/2025\/06\/URC_2025.jpg 768w, https:\/\/www.esteri.it\/wp-content\/uploads\/2025\/06\/URC_2025-300x197.jpg 300w\" sizes=\"auto, (max-width: 768px) 100vw, 768px\" \/><\/p>\n<p>&nbsp;<\/p>\n<p><strong>Conferenza sulla Ripresa dell\u2019Ucraina 2025 \u2013 Roma, 10-11 luglio 2025<\/strong><\/p>\n<p>Il 10 e 11 luglio 2025 Roma ospiter\u00e0 la <strong>Conferenza sulla Ripresa dell\u2019Ucraina 2025 (URC2025)<\/strong>, quarta edizione di una serie di conferenze annuali di alto livello nate per sostenere la rapida ripresa e la ricostruzione a lungo termine dell&#8217;Ucraina, in risposta all&#8217;invasione su vasta scala da parte della Russia.<\/p>\n<p>L&#8217;evento \u00e8 co-organizzato dall&#8217;<strong>Italia e <\/strong>dall<strong>&#8216;Ucraina<\/strong>, con il coinvolgimento di governi, parlamenti, organizzazioni internazionali, imprese, comunit\u00e0 locali e societ\u00e0 civile.<\/p>\n<p>La Conferenza adotter\u00e0 un approccio alla ripresa trasversale (\u201cwhole-of-society\u201d), grazie alla partecipazione di tutti gli attori della societ\u00e0: istituzioni, imprese, cittadini e organizzazioni della societ\u00e0 civile.<\/p>\n<p>L&#8217;obiettivo principale dell\u2019evento \u00e8 sensibilizzare l&#8217;opinione pubblica e mobilitare sostegno e investimenti internazionali per la ripresa, la ricostruzione, le riforme e la modernizzazione dell&#8217;Ucraina. Verranno inoltre illustrati i progressi delle riforme ucraine nel contesto della sua resilienza economica e del processo di adesione all\u2019UE.<\/p>\n<p>La URC 2025 dar\u00e0 continuit\u00e0 al lavoro avviato nei precedenti appuntamenti di <strong>Lugano (2022), Londra (2023)<\/strong> e <strong>Berlino (2024),<\/strong> confermando le <strong>Quattro Dimensioni di Berlino<\/strong> come pilastri fondamentali per il processo di ripresa, modernizzazione e riforme dell&#8217;Ucraina: la Dimensione imprenditoriale, la Dimensione umana, la Dimensione locale e regionale e la Dimensione UE. Queste stesse Dimensioni hanno gi\u00e0 definito i lavori della URC 2024 e rimangono i temi pi\u00f9 rilevanti per la resilienza e la ricostruzione dell\u2019Ucraina.<\/p>\n<p>&nbsp;<\/p>\n<ul>\n<li><strong>Dimensione imprenditoriale \u2013 Mobilitare il settore privato per la ricostruzione e la crescita economica<\/strong><br \/>\nLa Conferenza sulla Ripresa dell\u2019Ucraina 2025 mira a creare un ambiente favorevole per gli investimenti privati, affrontando le principali criticit\u00e0 come la sicurezza, l&#8217;accesso a finanziamenti e assicurazioni e la semplificazione delle normative.<\/li>\n<li><strong>Dimensione umana \u2013 Recupero sociale e capitale umano per il futuro dell&#8217;Ucraina<\/strong><br \/>\nLa ripresa passa attraverso la valorizzazione del capitale umano, l&#8217;inclusione sociale, la reintegrazione di sfollati interni, rifugiati e veterani.<\/li>\n<li><strong>Dimensione locale e regionale \u2013 Recupero di municipalit\u00e0 e regioni<\/strong><br \/>\nLe autorit\u00e0 locali e regionali sono protagoniste del processo di ricostruzione. Saranno affrontati temi legati all&#8217;autonomia, al rafforzamento delle capacit\u00e0 amministrative e all&#8217;accesso ai finanziamenti.<\/li>\n<li><strong>Dimensione UE \u2013 Adesione all&#8217;Unione Europea e riforme correlate<\/strong><br \/>\nL&#8217;integrazione europea rappresenta un aspetto cruciale per l&#8217;allineamento delle politiche e delle istituzioni ucraine agli standard europei, favorendo il progresso economico e sociale a lungo termine.<\/li>\n<\/ul>\n<p>All&#8217;interno della sede della conferenza si svolger\u00e0 il <strong>Recovery Forum<\/strong>, una piattaforma interattiva che favorir\u00e0 il dialogo, il networking e la condivisione di esperienze tra rappresentanti ucraini, italiani e internazionali, autorit\u00e0 locali, istituzioni finanziarie e banche per lo sviluppo.<\/p>\n<p>Sar\u00e0 parte integrante dell\u2019evento una <strong>Fiera imprenditoriale, <\/strong>che permetter\u00e0 a imprese ucraine, italiane e internazionali, piccole e medie imprese, grandi aziende e rappresentanti di enti locali di incontrarsi, costruire nuove collaborazioni e cogliere opportunit\u00e0 concrete nel quadro della ricostruzione dell&#8217;Ucraina.<\/p>\n<p>Durante i giorni della conferenza a Roma, sono previsti numerosi <strong>eventi paralleli<\/strong> su argomenti specifici come l&#8217;efficienza energetica, la formazione, la ricostruzione verde, le politiche per il capitale umano, la difesa e lo sviluppo industriale.<\/p>\n<p>La Conferenza sulla Ripresa dell\u2019Ucraina 2025 sar\u00e0 un momento cruciale per rafforzare la cooperazione internazionale e definire strategie concrete per la ripresa, la riforma e l&#8217;integrazione europea dell&#8217;Ucraina.<\/p>\n<p>&nbsp;<\/p>\n<p>Per maggiori informazioni, consultare il <a href=\"https:\/\/www.urc-international.com\/\">sito web ufficiale URC 2025<\/a><\/p>\n<p>&nbsp;<\/p>\n<p><strong>Conferenza sulla Ripresa dell\u2019Ucraina 2025 \u2013 Programma<\/strong><\/p>\n<div id=\"collapseExample2\" class=\"accordion\">\n<div class=\"accordion-item\">\n<h2 class=\"accordion-header \"><button class=\"accordion-button collapsed\" type=\"button\" data-bs-toggle=\"collapse\" data-bs-target=\"#collapse0a\" aria-expanded=\"false\" aria-controls=\"collapse0a\">Gioved\u00ec 10 luglio<\/button><\/h2>\n<div id=\"collapse0a\" class=\"accordion-collapse collapse\" role=\"region\" aria-labelledby=\"heading0a\">\n<div class=\"accordion-body\">\n<p><strong>08:30<\/strong><\/p>\n<p style=\"padding-left: 40px;\"><span style=\"text-decoration: underline;\"><strong>Ingresso<\/strong><\/span><\/p>\n<p><strong>10:30<\/strong><\/p>\n<p style=\"padding-left: 40px;\"><span style=\"text-decoration: underline;\"><strong>I Sessione Plenaria<\/strong><\/span><\/p>\n<p style=\"padding-left: 40px;\"><span style=\"text-decoration: underline;\"><strong>II Sessione Plenaria<\/strong><\/span><\/p>\n<p style=\"padding-left: 40px;\"><span style=\"text-decoration: underline;\"><strong>III Sessione Plenaria \u2013 Apertura del Recovery Forum<\/strong><\/span><\/p>\n<p style=\"padding-left: 40px;\"><span style=\"text-decoration: underline;\">Pausa pranzo<\/span><\/p>\n<p style=\"padding-left: 40px;\"><span style=\"text-decoration: underline;\"><strong>IV Sessione Plenaria \u2013 Sessione Finanziaria<\/strong><\/span><\/p>\n<p>&nbsp;<\/p>\n<p><strong>16:00-17:15<\/strong><\/p>\n<p style=\"padding-left: 40px;\"><span style=\"text-decoration: underline;\"><strong>Sessione 1<\/strong><\/span><\/p>\n<p style=\"padding-left: 80px;\"><strong>Dimensione imprenditoriale: Panel 1.1<\/strong><\/p>\n<p style=\"padding-left: 80px;\">Sbloccare la crescita dell\u2019Ucraina:\u00a0una visione strategica per una ripresa guidata dalle imprese<\/p>\n<p style=\"padding-left: 80px;\"><strong>Dimensione capitale umano: Panel 2.1<\/strong><\/p>\n<p style=\"padding-left: 80px;\">Coinvolgimento, ritorno e reintegrazione dei cittadini ucraini<\/p>\n<p style=\"padding-left: 80px;\"><strong>Dimensione locale e regionale: Panel 3.1<\/strong><\/p>\n<p style=\"padding-left: 80px;\">Le comunit\u00e0 ucraine come simbolo globale di resilienza e unit\u00e0. Ripresa e sviluppo delle comunit\u00e0<\/p>\n<p style=\"padding-left: 80px;\"><strong>Dimensione delle riforme UE: Panel 4.1<\/strong><\/p>\n<p style=\"padding-left: 80px;\">Il percorso dell\u2019Ucraina verso l\u2019UE: risultati, sfide e prospettive future<\/p>\n<p style=\"padding-left: 80px;\"><strong>Workshop 1<\/strong><\/p>\n<p style=\"padding-left: 80px;\">Energia\/Energie rinnovabili (Titolo da definire)<\/p>\n<p style=\"padding-left: 80px;\"><strong>Workshop 2<\/strong><\/p>\n<p style=\"padding-left: 80px;\">Difesa \/ Industrie strategiche \/ Sminamento (Titolo da definire)<\/p>\n<p style=\"padding-left: 80px;\"><strong>Laboratorio 1<\/strong><\/p>\n<p style=\"padding-left: 80px;\">Cultura e turismo: catalizzatori per la ripresa dell\u2019Ucraina<\/p>\n<p>&nbsp;<\/p>\n<p><strong>17:30-18:45<\/strong><\/p>\n<p style=\"padding-left: 40px;\"><span style=\"text-decoration: underline;\"><strong>Sessione 2<\/strong><\/span><\/p>\n<p style=\"padding-left: 80px;\"><strong>Dimensione imprenditoriale: Panel 1.2<\/strong><\/p>\n<p style=\"padding-left: 80px;\">Ripristinare le infrastrutture energetiche ucraine: investire nella resilienza energetica<\/p>\n<p style=\"padding-left: 80px;\"><strong>Dimensione capitale umano: Panel 2.2<\/strong><\/p>\n<p style=\"padding-left: 80px;\">La cultura come pilastro dello sviluppo del capitale umano<\/p>\n<p style=\"padding-left: 80px;\"><strong>Dimensione locale e regionale: Panel 3.2<\/strong><\/p>\n<p style=\"padding-left: 80px;\">Un approccio globale alla ripresa: sinergie tra imprese e governo per la ricostruzione delle comunit\u00e0<\/p>\n<p style=\"padding-left: 80px;\"><strong>Dimensione delle riforme UE: Panel 4.2<\/strong><\/p>\n<p style=\"padding-left: 80px;\">Rafforzare lo Stato di diritto attraverso integrit\u00e0 e applicazione normativa<\/p>\n<p style=\"padding-left: 80px;\"><strong>Workshop 3<\/strong><\/p>\n<p style=\"padding-left: 80px;\">Collegare l\u2019Europa: il percorso dell\u2019Ucraina verso l\u2019integrazione nei trasporti<\/p>\n<p style=\"padding-left: 80px;\"><strong>Workshop 4<\/strong><\/p>\n<p style=\"padding-left: 80px;\">Finanziamento e mitigazione del rischio nella ripresa dell\u2019Ucraina: laboratorio pratico per gli investimenti<\/p>\n<p style=\"padding-left: 80px;\"><strong>Laboratorio 2<\/strong><\/p>\n<p style=\"padding-left: 80px;\">I risultati, le migliori pratiche e prospettive future di Skills Alliance<\/p>\n<p style=\"padding-left: 40px;\"><span style=\"text-decoration: underline;\"><strong>Ricevimento serale<\/strong><\/span><\/p>\n<\/div>\n<\/div>\n<\/div>\n<div class=\"accordion-item\">\n<h2 class=\"accordion-header \"><button class=\"accordion-button collapsed\" type=\"button\" data-bs-toggle=\"collapse\" data-bs-target=\"#collapse0d\" aria-expanded=\"false\" aria-controls=\"collapse0d\">Venerd\u00ec 11 luglio<\/button><\/h2>\n<div id=\"collapse0d\" class=\"accordion-collapse collapse\" role=\"region\" aria-labelledby=\"heading0d\">\n<div class=\"accordion-body\">\n<p><strong>09:00-10:15\u00a0\u00a0\u00a0\u00a0\u00a0 <\/strong><\/p>\n<p style=\"padding-left: 40px;\"><span style=\"text-decoration: underline;\"><strong>Sessione 3<\/strong><\/span><\/p>\n<p style=\"padding-left: 80px;\"><strong>Dimensione imprenditoriale: Panel 1.3<\/strong><\/p>\n<p style=\"padding-left: 80px;\">Investimenti nei minerali critici dell\u2019Ucraina: una risorsa strategica per le catene di approvvigionamento globali<\/p>\n<p style=\"padding-left: 80px;\"><strong>Dimensione capitale umano: Panel 2.3<\/strong><\/p>\n<p style=\"padding-left: 80px;\">Istruzione e sviluppo umano<\/p>\n<p style=\"padding-left: 80px;\"><strong>Dimensione locale e regionale: Panel 3.3<\/strong><\/p>\n<p style=\"padding-left: 80px;\">Verso citt\u00e0 moderne, sicure e sostenibili<\/p>\n<p style=\"padding-left: 80px;\"><strong>Dimensione delle riforme UE: Panel 4.3<\/strong><\/p>\n<p style=\"padding-left: 80px;\">Transizione energetica tramite l\u2019integrazione UE: il percorso verso la neutralit\u00e0 climatica<\/p>\n<p style=\"padding-left: 80px;\"><strong>Workshop 5<\/strong><\/p>\n<p style=\"padding-left: 80px;\">La trasformazione in atto: sfide energetiche ed economiche nelle comunit\u00e0 ucraine<\/p>\n<p style=\"padding-left: 80px;\"><strong>Workshop 6<\/strong><\/p>\n<p style=\"padding-left: 80px;\">Modello \u201cRamstein\u201d di cooperazione industriale: garantire la modernizzazione e la ripresa su larga scala dell\u2019industria ucraina<\/p>\n<p style=\"padding-left: 80px;\"><strong>Laboratorio 3<\/strong><\/p>\n<p style=\"padding-left: 80px;\">Strategie guidate dalla diaspora per rafforzare la ripresa e la coesione sociale dell\u2019Ucraina<\/p>\n<p>&nbsp;<\/p>\n<p><strong>10:30-11:45\u00a0\u00a0\u00a0 <\/strong><\/p>\n<p style=\"padding-left: 40px;\"><span style=\"text-decoration: underline;\"><strong>Sessione 4<\/strong><\/span><\/p>\n<p style=\"padding-left: 80px;\"><strong>Dimensione imprenditoriale: Panel 1.4<\/strong><\/p>\n<p style=\"padding-left: 80px;\">Industria di trasformazione: rivitalizzare e modernizzare il settore manifatturiero per potenziare la competitivit\u00e0 industriale<\/p>\n<p style=\"padding-left: 80px;\"><strong>Dimensione capitale umano: Panel 2.4<\/strong><\/p>\n<p style=\"padding-left: 80px;\">Scienza, ricerca e innovazione per la ricostruzione dell\u2019Ucraina<\/p>\n<p style=\"padding-left: 80px;\"><strong>Dimensione locale e regionale: Panel 3.4<\/strong><\/p>\n<p style=\"padding-left: 80px;\">La strada verso la ripresa: infrastrutture moderne<\/p>\n<p style=\"padding-left: 80px;\"><strong>Dimensione delle riforme UE: Panel 4.4<\/strong><\/p>\n<p style=\"padding-left: 80px;\">Ripristino ambientale<\/p>\n<p style=\"padding-left: 80px;\"><strong>Workshop 7<\/strong><\/p>\n<p style=\"padding-left: 80px;\">La tecnologia come strategia: espandere l\u2019innovazione per la ripresa dell\u2019Ucraina<\/p>\n<p style=\"padding-left: 80px;\"><strong>Workshop 8<\/strong><\/p>\n<p style=\"padding-left: 80px;\">Sviluppare il settore farmaceutico ucraino come garanzia per l\u2019accesso ai farmaci essenziali per l\u2019UE<\/p>\n<p style=\"padding-left: 80px;\"><strong>Laboratorio 4<\/strong><\/p>\n<p style=\"padding-left: 80px;\">Approcci moderni alla gestione degli investimenti pubblici: la riforma dell\u2019Ucraina e il ruolo dello strumento per la preparazione dei progetti (Project Preparation Facility, PPF).<\/p>\n<p>&nbsp;<\/p>\n<p><strong>12:00-13:15\u00a0\u00a0 <\/strong><\/p>\n<p style=\"padding-left: 40px;\"><span style=\"text-decoration: underline;\"><strong>Sessione 5<\/strong><\/span><\/p>\n<p style=\"padding-left: 80px;\"><strong>Dimensione imprenditoriale: Panel 1.5<\/strong><\/p>\n<p style=\"padding-left: 80px;\">Mobilitare gli investimenti internazionali per sostenere lo slancio dell\u2019industria della difesa in Ucraina<\/p>\n<p style=\"padding-left: 80px;\"><strong>Dimensione capitale umano: Panel 2.5<\/strong><\/p>\n<p style=\"padding-left: 80px;\">Ripresa economica centrata sull\u2019uomo e sviluppo del mercato del lavoro<\/p>\n<p style=\"padding-left: 80px;\"><strong>Dimensione locale e regionale: Panel 3.5<\/strong><\/p>\n<p style=\"padding-left: 80px;\">Comunit\u00e0 e regioni unite: una governance efficace per la ripresa dell\u2019Ucraina<\/p>\n<p style=\"padding-left: 80px;\"><strong>Dimensione delle riforme UE: Panel 4.5<\/strong><\/p>\n<p style=\"padding-left: 80px;\">Promuovere la sicurezza alimentare globale e la catena di approvvigionamento agroalimentare<\/p>\n<p style=\"padding-left: 80px;\"><strong>Workshop 9<\/strong><\/p>\n<p style=\"padding-left: 80px;\">Private equity in Ucraina: tendenze, strumenti e opportunit\u00e0<\/p>\n<p style=\"padding-left: 80px;\"><strong>Workshop 10<\/strong><\/p>\n<p style=\"padding-left: 80px;\">Come una buona governance pubblica contribuisce alla ripresa economica e attrae investimenti locali ed esteri<\/p>\n<p style=\"padding-left: 80px;\"><strong>Laboratorio 5<\/strong><\/p>\n<p style=\"padding-left: 80px;\">Soluzioni sostenibili per le persone pi\u00f9 colpite dall\u2019invasione su vasta scala: un approccio intersettoriale<\/p>\n<p>&nbsp;<\/p>\n<p><strong>13:30-14:45\u00a0 <\/strong><\/p>\n<p style=\"padding-left: 40px;\"><span style=\"text-decoration: underline;\"><strong>Sessione 6<\/strong><\/span><\/p>\n<p style=\"padding-left: 80px;\"><strong>Dimensione imprenditoriale: Panel 1.6<\/strong><\/p>\n<p style=\"padding-left: 80px;\">Aumentare l\u2019attrattivit\u00e0 degli investimenti nelle PMI: internazionalizzazione, accesso al capitale e catene di fornitura per la crescita e l\u2019impatto sociale<\/p>\n<p style=\"padding-left: 80px;\"><strong>Dimensione capitale umano: Panel 2.6<\/strong><\/p>\n<p style=\"padding-left: 80px;\">Rafforzare il tessuto sociale: promuovere inclusione e coesione sociale nella ripresa dell\u2019Ucraina<\/p>\n<p style=\"padding-left: 80px;\"><strong>Dimensione locale e regionale: Panel 3.6<\/strong><\/p>\n<p style=\"padding-left: 80px;\">Trasparenza e responsabilit\u00e0 nella ricostruzione: strumenti per una ripresa efficace dell\u2019Ucraina<\/p>\n<p style=\"padding-left: 80px;\"><strong>Dimensione delle riforme UE: Panel 4.6<\/strong><\/p>\n<p style=\"padding-left: 80px;\">Integrazione del settore finanziario ucraino nel Mercato Interno europeo<\/p>\n<p style=\"padding-left: 80px;\"><strong>Workshop 11<\/strong><\/p>\n<p style=\"padding-left: 80px;\">Minerali critici: gestione sostenibile delle risorse e dei territori<\/p>\n<p style=\"padding-left: 80px;\"><strong>Workshop 12<\/strong><\/p>\n<p style=\"padding-left: 80px;\">Valorizzare il potenziale economico dei veterani per la ripresa dell\u2019Ucraina<\/p>\n<p style=\"padding-left: 80px;\"><strong>Laboratorio 6<\/strong><\/p>\n<p style=\"padding-left: 80px;\">I parchi industriali ucraini: una nuova destinazione per gli investimenti manifatturieri Trasferimento tecnologico e co-creazione di imprese verdi \u2013 La cooperazione Giappone-Ucraina in azione<\/p>\n<p>&nbsp;<\/p>\n<p><strong>15:00-16:15\u00a0 <\/strong><\/p>\n<p style=\"padding-left: 40px;\"><span style=\"text-decoration: underline;\"><strong>Sessione 7<\/strong><\/span><\/p>\n<p style=\"padding-left: 80px;\"><strong>Dimensione capitale umano: Panel 2.7<\/strong><\/p>\n<p style=\"padding-left: 80px;\">La salute come prerequisito per la ripresa: risorse umane, servizi sanitari e infrastrutture<\/p>\n<p style=\"padding-left: 80px;\"><strong>Dimensione capitale umano: Panel 2.8<\/strong><\/p>\n<p style=\"padding-left: 80px;\">Parit\u00e0 di genere e leadership femminile nella ripresa e ricostruzione<\/p>\n<p style=\"padding-left: 80px;\"><strong>Dimensione locale e regionale: Panel 3.7<\/strong><\/p>\n<p style=\"padding-left: 80px;\">Resilienza e coesione attraverso i partenariati: cooperazione locale e internazionale<\/p>\n<p style=\"padding-left: 80px;\"><strong>Dimensione capitale umano: 2.9<\/strong><\/p>\n<p style=\"padding-left: 80px;\">Dalle politiche all\u2019azione: ecosistema per lo sviluppo giovanile e lo sport come ponte per la coesione intergenerazionale<\/p>\n<p style=\"padding-left: 80px;\"><strong>Workshop 13<\/strong><\/p>\n<p style=\"padding-left: 80px;\">Vincere il futuro: sviluppo strategico e professioni per la ripresa dell\u2019Ucraina<\/p>\n<p style=\"padding-left: 80px;\"><strong>Workshop 14<\/strong><\/p>\n<p style=\"padding-left: 80px;\">Oltre la ricostruzione: rilanciare la crescita attraverso la dinamicit\u00e0 imprenditoriale<\/p>\n<p style=\"padding-left: 80px;\"><strong>Laboratorio 7<\/strong><\/p>\n<p style=\"padding-left: 80px;\">Sbloccare investimenti privati e occupazione nelle comunit\u00e0 territoriali ucraine<\/p>\n<p>&nbsp;<\/p>\n<p><strong>16:30-17:15\u00a0 <\/strong><\/p>\n<p style=\"padding-left: 40px;\"><span style=\"text-decoration: underline;\"><strong>Sessione Plenaria di chiusura e Cerimonia di passaggio di consegne<\/strong><\/span><\/p>\n<\/div>\n<\/div>\n<\/div>\n<\/div>\n<p>&nbsp;<\/p>\n<p class=\"small\"><em>Il programma \u00e8 soggetto a modifiche<\/em><\/p>\n","protected":false},"excerpt":{"rendered":"&nbsp; Conferenza sulla Ripresa dell\u2019Ucraina 2025 \u2013 Roma, 10-11 luglio 2025 Il 10 e 11 luglio 2025 Roma ospiter\u00e0 la Conferenza sulla Ripresa dell\u2019Ucraina 2025 (URC2025), quarta edizione di una serie di conferenze annuali di alto livello nate per sostenere la rapida ripresa e la ricostruzione a lungo termine dell&#8217;Ucraina, in risposta all&#8217;invasione su vasta [&hellip;]","protected":false},"author":5,"featured_media":0,"parent":122720,"menu_order":0,"comment_status":"closed","ping_status":"closed","template":"page-full.php","meta":{"footnotes":""},"class_list":["post-138555","page","type-page","status-publish","hentry"],"_links":{"self":[{"href":"https:\/\/www.esteri.it\/it\/wp-json\/wp\/v2\/pages\/138555","targetHints":{"allow":["GET"]}}],"collection":[{"href":"https:\/\/www.esteri.it\/it\/wp-json\/wp\/v2\/pages"}],"about":[{"href":"https:\/\/www.esteri.it\/it\/wp-json\/wp\/v2\/types\/page"}],"author":[{"embeddable":true,"href":"https:\/\/www.esteri.it\/it\/wp-json\/wp\/v2\/users\/5"}],"replies":[{"embeddable":true,"href":"https:\/\/www.esteri.it\/it\/wp-json\/wp\/v2\/comments?post=138555"}],"version-history":[{"count":7,"href":"https:\/\/www.esteri.it\/it\/wp-json\/wp\/v2\/pages\/138555\/revisions"}],"predecessor-version":[{"id":139568,"href":"https:\/\/www.esteri.it\/it\/wp-json\/wp\/v2\/pages\/138555\/revisions\/139568"}],"up":[{"embeddable":true,"href":"https:\/\/www.esteri.it\/it\/wp-json\/wp\/v2\/pages\/122720"}],"wp:attachment":[{"href":"https:\/\/www.esteri.it\/it\/wp-json\/wp\/v2\/media?parent=138555"}],"curies":[{"name":"wp","href":"https:\/\/api.w.org\/{rel}","templated":true}]}}