{"id":140266,"date":"2025-07-10T15:54:54","date_gmt":"2025-07-10T13:54:54","guid":{"rendered":"https:\/\/www.esteri.it\/?page_id=140266"},"modified":"2026-03-10T09:00:18","modified_gmt":"2026-03-10T08:00:18","slug":"comitato-neapolis-2500","status":"publish","type":"page","link":"https:\/\/www.esteri.it\/it\/diplomazia-culturale-e-diplomazia-scientifica\/cultura\/comitato-neapolis-2500\/","title":{"rendered":"Comitato Neapolis 2500"},"content":{"rendered":"<p class=\"null\">In occasione del venticinquesimo centenario dalla fondazione di Napoli, il Ministero degli Affari Esteri e della Cooperazione Internazionale e il Ministero della Cultura hanno istituito il\u00a0<b>Comitato Nazionale Neapolis 2500<\/b>, con l\u2019obiettivo di sostenere un ampio programma di iniziative a carattere culturale, scientifico e diplomatico.<\/p>\n<p class=\"null\">Il programma si \u00e8 aperto ufficialmente il 26 e 27 maggio in occasione del vertice Nato sulla sicurezza del Mediterraneo e prosegue nel corso dell\u2019intero 2025 con l\u2019obiettivo non solo di celebrare questo importante anniversario, ma anche di generare momenti di dialogo costruttivo in cui Napoli possa contribuire, nel solco della sua tradizione,<b>\u00a0a plasmare il futuro dell\u2019Europa e dell\u2019Occidente.<\/b><\/p>\n<p class=\"null\">Promotore delle numerose iniziative \u00e8 il\u00a0<b>Comitato Nazionale Neapolis 2500<\/b>, composto dal Presidente, il Prefetto di Napoli Michele di Bari, dal Maestro Pupi Avati, dal rettore dell\u2019Universit\u00e0 Suor Orsola Benincasa Lucio D\u2019Alessandro, dall\u2019imprenditore Maria Luisa Faraone Mennella, dall\u2019Ambasciatore Pasquale Ferrara, dal medico-endocrinologo Salvatore Longobardi e dal giornalista e scrittore Gennaro Sangiuliano. Il programma degli eventi segue quattro linee di indirizzo: cultura, diplomazia, impresa e internazionalizzazione.<\/p>\n<p class=\"null\">Le iniziative del\u00a0<b>Comitato Nazionale Neapolis 2500<\/b>\u00a0riuniscono a<b>\u00a0Napoli<\/b>\u00a0rappresentanti delle istituzioni, delle organizzazioni governative, del mondo scientifico e accademico e, al tempo stesso,\u00a0<b>portano all\u2019estero il valore della citt\u00e0 in termini culturali, artistici, imprenditoriali e della scienza<\/b>. L\u2019obiettivo \u00e8 quello di generare un proficuo dialogo capace di originare un ecosistema che metta in diretta connessione le realt\u00e0 attuali della citt\u00e0 proiettandole verso un futuro di valore. Particolare attenzione \u00e8 inoltre rivolta alla valorizzazione della tradizione culturale e scientifica napoletana.<\/p>\n<p class=\"null\">Il programma delle iniziative, aperto con tre momenti di grande vocazione internazionale in collaborazione con Nato, Unesco e RAI, seguir\u00e0 in \u00a0ottobre con rassegne dedicate a Benedetto Croce, Tot\u00f2 e alla storia della cultura napoletana fino ai \u201c<b>Dialoghi mediterranei<\/b>\u201d (15-17 ottobre), tradizionale \u00a0spazio di riferimento per l&#8217;analisi e il confronto su geopolitica, energia, sicurezza e sviluppo nella regione mediterranea, che porta nel cuore del Sud una piattaforma dal respiro globale con rappresentanti politici, economici, culturali, civili e accademici. La citt\u00e0 di Napoli porter\u00e0 all\u2019interno della manifestazione la possibilit\u00e0 di stimolare, attraverso\u00a0<b>l\u2019innesto di momenti di cultura e narrazione<\/b>\u00a0aperti al pubblico, nuove traiettorie di\u00a0<b>pace<\/b>,\u00a0<b>cooperazione<\/b>e\u00a0<b>solidariet\u00e0<\/b>.<\/p>\n<p class=\"null\">Le numerose attivit\u00e0 previste nel corso dell\u2019anno, con il coinvolgimento di istituzioni, operatori culturali, esponenti del mondo scientifico e accademico, puntano a consolidare il ruolo internazionale di Napoli, promuovendo al contempo il dialogo, la cooperazione e la diffusione dei valori della cultura e della conoscenza.<\/p>\n<p style=\"text-align: center;\"><iframe loading=\"lazy\" title=\"YouTube video player\" src=\"https:\/\/www.youtube-nocookie.com\/embed\/I8s5JxYV5Uo?si=1RsTInFA3ojyNtV6\" width=\"560\" height=\"315\" frameborder=\"0\" allowfullscreen=\"allowfullscreen\"><span data-mce-type=\"bookmark\" style=\"display: inline-block; width: 0px; overflow: hidden; line-height: 0;\" class=\"mce_SELRES_start\">\ufeff<\/span><\/iframe><\/p>\n","protected":false},"excerpt":{"rendered":"In occasione del venticinquesimo centenario dalla fondazione di Napoli, il Ministero degli Affari Esteri e della Cooperazione Internazionale e il Ministero della Cultura hanno istituito il\u00a0Comitato Nazionale Neapolis 2500, con l\u2019obiettivo di sostenere un ampio programma di iniziative a carattere culturale, scientifico e diplomatico. Il programma si \u00e8 aperto ufficialmente il 26 e 27 maggio [&hellip;]","protected":false},"author":24,"featured_media":0,"parent":289,"menu_order":12,"comment_status":"closed","ping_status":"closed","template":"page-diplomazia.php","meta":{"footnotes":""},"class_list":["post-140266","page","type-page","status-publish","hentry"],"_links":{"self":[{"href":"https:\/\/www.esteri.it\/it\/wp-json\/wp\/v2\/pages\/140266","targetHints":{"allow":["GET"]}}],"collection":[{"href":"https:\/\/www.esteri.it\/it\/wp-json\/wp\/v2\/pages"}],"about":[{"href":"https:\/\/www.esteri.it\/it\/wp-json\/wp\/v2\/types\/page"}],"author":[{"embeddable":true,"href":"https:\/\/www.esteri.it\/it\/wp-json\/wp\/v2\/users\/24"}],"replies":[{"embeddable":true,"href":"https:\/\/www.esteri.it\/it\/wp-json\/wp\/v2\/comments?post=140266"}],"version-history":[{"count":6,"href":"https:\/\/www.esteri.it\/it\/wp-json\/wp\/v2\/pages\/140266\/revisions"}],"predecessor-version":[{"id":140288,"href":"https:\/\/www.esteri.it\/it\/wp-json\/wp\/v2\/pages\/140266\/revisions\/140288"}],"up":[{"embeddable":true,"href":"https:\/\/www.esteri.it\/it\/wp-json\/wp\/v2\/pages\/289"}],"wp:attachment":[{"href":"https:\/\/www.esteri.it\/it\/wp-json\/wp\/v2\/media?parent=140266"}],"curies":[{"name":"wp","href":"https:\/\/api.w.org\/{rel}","templated":true}]}}