{"id":155832,"date":"2025-10-27T15:15:45","date_gmt":"2025-10-27T14:15:45","guid":{"rendered":"https:\/\/www.esteri.it\/?page_id=155832"},"modified":"2026-03-09T18:08:13","modified_gmt":"2026-03-09T17:08:13","slug":"diplomazia-della-solidarieta","status":"publish","type":"page","link":"https:\/\/www.esteri.it\/it\/temi\/diplomazia-della-solidarieta\/","title":{"rendered":"Diplomazia della Solidariet\u00e0"},"content":{"rendered":"<p>La Diplomazia della solidariet\u00e0 \u00e8 l\u2019attivit\u00e0 del Ministero degli Affari Esteri e della Cooperazione Internazionale volta ad affiancare l\u2019azione diplomatica tradizionale a iniziative di carattere solidale. Tali attivit\u00e0 sono coordinate dal Consigliere Ecclesiastico e Cappellano della Farnesina, Mons. Marco Malizia, e sono finalizzate a promuovere progetti di carattere umanitario, sociale e culturale.<\/p>\n<p>&nbsp;<\/p>\n<p><strong>Attivit\u00e0 principali\u00a0<\/strong><\/p>\n<ul>\n<li><strong>Mensa solidale<\/strong><br \/>\nMensilmente, la mensa del Ministero apre le sue porte a persone in situazione di bisogno, offrendo un pasto caldo e un momento di accoglienza e ascolto. L\u2019iniziativa trae ispirazione dall\u2019esempio di Suor Paola D\u2019Auria e dal suo autentico spirito di carit\u00e0 verso i bisognosi.<\/li>\n<li><strong>Italy for Sudan<br \/>\n<\/strong>Il 25 dicembre 2025 ha preso concretamente avvio l\u2019iniziativa \u201cItaly for Sudan\u201d, realizzata dalla Cooperazione allo Sviluppo italiana, con la consegna di 25 tonnellate di aiuti umanitari destinati a 2500 studenti di scuole frequentate da figli di famiglie sfollate. Il programma di assistenza si inserisce nel contesto del costante impegno umanitario che l\u2019Italia ha messo in campo a favore del Sudan sin dall\u2019inizio del tremendo conflitto nel Paese.<br \/>\nL\u2019iniziativa non si esaurisce nel volo del 25 dicembre \u2013 accolto a Port Sudan da Michele Tommasi, Ambasciatore a Khartoum, e da Mons. Marco Malizia, Consigliere Ecclesiastico del Ministro; rappresenta infatti un tassello di un intervento pi\u00f9 ampio e strutturato che prevede, nel corso dei prossimi mesi, l\u2019invio di ulteriori aiuti per via marittima a beneficio dei 53 campi per sfollati presenti a Port Sudan e nelle aree limitrofe.<\/li>\n<li><strong>Giubileo della diplomazia<br \/>\n<\/strong>Sabato 13 dicembre, presso l\u2019Aula Paolo VI in Vaticano, si \u00e8 svolto il primo Giubileo della Diplomazia Italiana. La giornata \u2013 storica per la Farnesina \u2013 si \u00e8 aperta con il Pellegrinaggio giubilare e il passaggio della Porta Santa; in seguito i presenti hanno potuto assistere alla Santa Messa, celebrata dal Segretario di Stato Cardinale Parolin, e all\u2019udienza papale.<br \/>\nAlla celebrazione hanno preso parte quasi 5000 persone, tra personale della Farnesina, collaboratori del Ministero e rispettive famiglie. L\u2019iniziativa ha avuto il pregio di rinsaldare gli storici legami tra la diplomazia italiana e quella vaticana, che condividono l\u2019impegno comune per la pace e il dialogo nelle relazioni internazionali.<\/li>\n<li><strong>Collaborazione tra un prestigioso marchio della grande distribuzione e Odv<\/strong><br \/>\n\u00c8 in essere un accordo di collaborazione per la cessione a titolo gratuito di prodotti, prevalentemente alimentari, tra una nota catena di supermercati e le Organizzazioni di volontariato (Odv), a sostegno delle persone in difficolt\u00e0.<\/li>\n<li><strong>Raccolte solidali<br \/>\n<\/strong>Con cadenza mensile, presso il Ministero degli Affari Esteri e della Cooperazione Internazionale vengono organizzate raccolte di generi alimentari, prodotti per l\u2019igiene, articoli per l\u2019infanzia, materiali scolastici e capi di abbigliamento, destinate al sostegno di persone e famiglie in situazione di difficolt\u00e0.<\/li>\n<li><strong>Conferenze mediche<br \/>\n<\/strong>Organizzate nell\u2019ambito della convenzione stipulata tra l\u2019Universit\u00e0 Cattolica del Sacro Cuore e il MAECI, queste conferenze favoriscono lo scambio di conoscenze e competenze nel campo della medicina e della salute pubblica.<\/li>\n<li><strong>Eventi in occasione di commemorazioni di Giornate internazionali<br \/>\n<\/strong>In occasione della Giornata Internazionale della Donna 2026, \u00e8 stato organizzato presso il Ministero degli Esteri l\u2019evento \u201cDonne del mio tempo\u201d per ribadire l\u2019importanza di garantire e proteggere i diritti delle donne in tutto il mondo, tutti i giorni.<\/li>\n<\/ul>\n","protected":false},"excerpt":{"rendered":"La Diplomazia della solidariet\u00e0 \u00e8 l\u2019attivit\u00e0 del Ministero degli Affari Esteri e della Cooperazione Internazionale volta ad affiancare l\u2019azione diplomatica tradizionale a iniziative di carattere solidale. Tali attivit\u00e0 sono coordinate dal Consigliere Ecclesiastico e Cappellano della Farnesina, Mons. Marco Malizia, e sono finalizzate a promuovere progetti di carattere umanitario, sociale e culturale. &nbsp; Attivit\u00e0 principali\u00a0 [&hellip;]","protected":false},"author":1,"featured_media":0,"parent":155826,"menu_order":120,"comment_status":"closed","ping_status":"closed","template":"","meta":{"footnotes":""},"class_list":["post-155832","page","type-page","status-publish","hentry"],"_links":{"self":[{"href":"https:\/\/www.esteri.it\/it\/wp-json\/wp\/v2\/pages\/155832","targetHints":{"allow":["GET"]}}],"collection":[{"href":"https:\/\/www.esteri.it\/it\/wp-json\/wp\/v2\/pages"}],"about":[{"href":"https:\/\/www.esteri.it\/it\/wp-json\/wp\/v2\/types\/page"}],"author":[{"embeddable":true,"href":"https:\/\/www.esteri.it\/it\/wp-json\/wp\/v2\/users\/1"}],"replies":[{"embeddable":true,"href":"https:\/\/www.esteri.it\/it\/wp-json\/wp\/v2\/comments?post=155832"}],"version-history":[{"count":6,"href":"https:\/\/www.esteri.it\/it\/wp-json\/wp\/v2\/pages\/155832\/revisions"}],"predecessor-version":[{"id":178978,"href":"https:\/\/www.esteri.it\/it\/wp-json\/wp\/v2\/pages\/155832\/revisions\/178978"}],"up":[{"embeddable":true,"href":"https:\/\/www.esteri.it\/it\/wp-json\/wp\/v2\/pages\/155826"}],"wp:attachment":[{"href":"https:\/\/www.esteri.it\/it\/wp-json\/wp\/v2\/media?parent=155832"}],"curies":[{"name":"wp","href":"https:\/\/api.w.org\/{rel}","templated":true}]}}