{"id":159907,"date":"2025-11-18T10:11:30","date_gmt":"2025-11-18T09:11:30","guid":{"rendered":"https:\/\/www.esteri.it\/?page_id=159907"},"modified":"2025-12-12T17:14:27","modified_gmt":"2025-12-12T16:14:27","slug":"italof2025","status":"publish","type":"page","link":"https:\/\/www.esteri.it\/it\/eventi\/italof2025\/","title":{"rendered":"Prima Conferenza Internazionale dell\u2019Italofonia (Villa Madama, 18 novembre 2025)"},"content":{"rendered":"<p style=\"text-align: center;\"><img decoding=\"async\" class=\"alignnone size-medium wp-image-159870 img-fluid\" src=\"https:\/\/www.esteri.it\/wp-content\/uploads\/2025\/11\/Prima-Conferenza-Internazionale-Italofonia.jpeg\" alt=\"Prima Conferenza Internazionale dell\u2019Italofonia\" width=\"856\" srcset=\"https:\/\/www.esteri.it\/wp-content\/uploads\/2025\/11\/Prima-Conferenza-Internazionale-Italofonia.jpeg 1600w, https:\/\/www.esteri.it\/wp-content\/uploads\/2025\/11\/Prima-Conferenza-Internazionale-Italofonia-300x169.jpeg 300w, https:\/\/www.esteri.it\/wp-content\/uploads\/2025\/11\/Prima-Conferenza-Internazionale-Italofonia-1024x576.jpeg 1024w, https:\/\/www.esteri.it\/wp-content\/uploads\/2025\/11\/Prima-Conferenza-Internazionale-Italofonia-768x432.jpeg 768w, https:\/\/www.esteri.it\/wp-content\/uploads\/2025\/11\/Prima-Conferenza-Internazionale-Italofonia-1536x864.jpeg 1536w\" sizes=\"(max-width: 1600px) 100vw, 1600px\" \/><\/p>\n<p>Il Ministro degli Affari Esteri Antonio Tajani apre a Villa Madama i lavori della prima Conferenza dell\u2019Italofonia, un appuntamento che segna l\u2019inizio di un percorso di valorizzazione e promozione globale della lingua italiana e delle comunit\u00e0 che in essa si riconoscono.<\/p>\n<p>L\u2019iniziativa vede l\u2019istituzione della Comunit\u00e0 dell\u2019Italofonia, un forum permanente volto a promuovere dialogo, cooperazione e valorizzazione della lingua italiana. Il documento istitutivo di questa Comunit\u00e0 sar\u00e0 discusso con i rappresentanti dei Paesi invitati e formalmente adottato durante la Conferenza.<\/p>\n<p>\u201cCon questa giornata vogliamo dare un formale riconoscimento alla lingua italiana quale elemento di unit\u00e0, dialogo e progresso. L\u2019italiano, per sua natura, \u00e8 una lingua che unisce piuttosto che dividere. Per questo la Comunit\u00e0 dell\u2019Italofonia pu\u00f2 diventare un prezioso strumento di pace, un luogo per promuovere una visione condivisa delle relazioni internazionali, un ambito per favorire crescita e innovazione e uno spazio privilegiato per lo scambio culturale tra le comunit\u00e0 italofone del mondo\u201d, ha commentato il Ministro Tajani.<\/p>\n<p>Il programma dei lavori prevede un segmento istituzionale e uno dedicato alla societ\u00e0 civile. Tra gli ospiti istituzionali, figurano il Presidente del Parlamento Europeo Roberta Metsola (in videomessaggio), il Capo del Dipartimento Federale degli Affari Esteri della Svizzera Ignazio Cassis, il Direttore Generale dell\u2019AIEA Rafael Mariano Grossi, il Ministro dell\u2019Universit\u00e0 e della Ricerca Anna Maria Bernini, il Presidente della Societ\u00e0 Dante Alighieri Andrea Riccardi, il Vice Primo Ministro sloveno Matej Ar\u010don, il Ministro degli Esteri romeno Oana Toiu, il Ministro degli Esteri kosovaro Donika G\u00ebrvalla Schwarz, il Ministro degli Esteri somalo Abdisalam Abdi Ali, il Presidente della NIAF Robert Allegrini, l\u2019Inviato ONU per la Sicurezza Stradale Jean Todt, e il Sottosegretario di Stato per l\u2019Istruzione e il Merito Paola Frassinetti, oltre ai rappresentanti ministeriali degli oltre venti Paesi partecipanti.<\/p>\n<p>All\u2019evento partecipano anche i rappresentanti di Paesi in cui l\u2019italiano \u00e8 lingua ufficiale o veicolare e organizzazioni internazionali che tutelano il multilinguismo, oltre a istituzioni nelle quali l\u2019italiano \u00e8 lingua ufficiale o di lavoro.<\/p>\n<p>Questa ampia partecipazione nasce dai dati che testimoniano l\u2019uso e l\u2019interesse verso la lingua italiana nel mondo: secondo le ultime stime (2024), circa 2 milioni gli stranieri in 130 Paesi studiano l\u2019italiano presso scuole italiane e locali, oltre 900 Universit\u00e0 straniere e attraverso i corsi organizzati da Istituti Italiani di Cultura, enti gestori e Societ\u00e0 Dante Alighieri. In virt\u00f9 di questo, nel 2024 il Maeci ha erogato pi\u00f9 di 500 contributi per sostenere la creazione e il mantenimento delle cattedre di italiano nelle scuole e nelle Universit\u00e0 di circa 70 Paesi nel mondo, per un totale di oltre 2.800.000 euro.<\/p>\n","protected":false},"excerpt":{"rendered":"Il Ministro degli Affari Esteri Antonio Tajani apre a Villa Madama i lavori della prima Conferenza dell\u2019Italofonia, un appuntamento che segna l\u2019inizio di un percorso di valorizzazione e promozione globale della lingua italiana e delle comunit\u00e0 che in essa si riconoscono. L\u2019iniziativa vede l\u2019istituzione della Comunit\u00e0 dell\u2019Italofonia, un forum permanente volto a promuovere dialogo, cooperazione [&hellip;]","protected":false},"author":1,"featured_media":0,"parent":122720,"menu_order":0,"comment_status":"closed","ping_status":"closed","template":"page-full.php","meta":{"footnotes":""},"class_list":["post-159907","page","type-page","status-publish","hentry"],"_links":{"self":[{"href":"https:\/\/www.esteri.it\/it\/wp-json\/wp\/v2\/pages\/159907","targetHints":{"allow":["GET"]}}],"collection":[{"href":"https:\/\/www.esteri.it\/it\/wp-json\/wp\/v2\/pages"}],"about":[{"href":"https:\/\/www.esteri.it\/it\/wp-json\/wp\/v2\/types\/page"}],"author":[{"embeddable":true,"href":"https:\/\/www.esteri.it\/it\/wp-json\/wp\/v2\/users\/1"}],"replies":[{"embeddable":true,"href":"https:\/\/www.esteri.it\/it\/wp-json\/wp\/v2\/comments?post=159907"}],"version-history":[{"count":2,"href":"https:\/\/www.esteri.it\/it\/wp-json\/wp\/v2\/pages\/159907\/revisions"}],"predecessor-version":[{"id":159911,"href":"https:\/\/www.esteri.it\/it\/wp-json\/wp\/v2\/pages\/159907\/revisions\/159911"}],"up":[{"embeddable":true,"href":"https:\/\/www.esteri.it\/it\/wp-json\/wp\/v2\/pages\/122720"}],"wp:attachment":[{"href":"https:\/\/www.esteri.it\/it\/wp-json\/wp\/v2\/media?parent=159907"}],"curies":[{"name":"wp","href":"https:\/\/api.w.org\/{rel}","templated":true}]}}