{"id":160047,"date":"2025-11-19T12:01:48","date_gmt":"2025-11-19T11:01:48","guid":{"rendered":"https:\/\/www.esteri.it\/?page_id=160047"},"modified":"2026-01-30T14:28:52","modified_gmt":"2026-01-30T13:28:52","slug":"la-commissione-diu","status":"publish","type":"page","link":"https:\/\/www.esteri.it\/it\/politica-estera-e-cooperazione-allo-sviluppo\/temi_globali\/diritti_umani\/il_diritto_internazionale_umanitario\/la-commissione-diu\/","title":{"rendered":"La Commissione per lo Studio e lo Sviluppo del Diritto Internazionale Umanitario"},"content":{"rendered":"<p><strong>La Commissione per lo Studio e lo Sviluppo del Diritto Internazionale Umanitario<\/strong> \u00e8 un organo consultivo del Ministero degli Affari Esteri e della Cooperazione Internazionale (MAECI), ai sensi dell&#8217;articolo 8 del DPR n. 95\/2010. La Segreteria della Commissione \u00e8 situata presso il Servizio Affari Giuridici, Contenzioso Diplomatico e Accordi Internazionali (SGCT) del Ministero degli Affari Esteri e della Cooperazione Internazionale.<\/p>\n<p>La Commissione per lo Studio e l&#8217;Evoluzione del Diritto Internazionale Umanitario (DIU) \u00e8 stata istituita nel 2021 e i suoi membri sono stati rinnovati nel gennaio 2025 con <a href=\"https:\/\/www.esteri.it\/wp-content\/uploads\/2026\/01\/DM_DIU_2025.pdf\"><u>Decreto del Ministro degli Affari Esteri e della Cooperazione Internazionale del 24 gennaio 2025<\/u><\/a>. \u00c8 composta da rappresentanti dei Ministeri degli Affari Esteri, della Difesa, della Giustizia e della Croce Rossa Italiana, ed \u00e8 aperta ai contributi della societ\u00e0 civile.<\/p>\n<p>La Commissione ha un ruolo principalmente consultivo nei confronti delle autorit\u00e0 nazionali. In particolare, contribuisce allo studio della legislazione nazionale in materia di DIU e alla valutazione della sua attuazione, potendo formulare proposte volte a favorire l&#8217;adattamento della legislazione nazionale ai principi alla base del diritto internazionale umanitario. La Commissione svolge inoltre attivit\u00e0 di coordinamento tra le amministrazioni statali e le organizzazioni della societ\u00e0 civile che operano in ambito umanitario e diffonde i principi del diritto umanitario presso la societ\u00e0 civile.<\/p>\n","protected":false},"excerpt":{"rendered":"La Commissione per lo Studio e lo Sviluppo del Diritto Internazionale Umanitario \u00e8 un organo consultivo del Ministero degli Affari Esteri e della Cooperazione Internazionale (MAECI), ai sensi dell&#8217;articolo 8 del DPR n. 95\/2010. La Segreteria della Commissione \u00e8 situata presso il Servizio Affari Giuridici, Contenzioso Diplomatico e Accordi Internazionali (SGCT) del Ministero degli Affari [&hellip;]","protected":false},"author":1,"featured_media":0,"parent":31050,"menu_order":0,"comment_status":"closed","ping_status":"closed","template":"","meta":{"footnotes":""},"class_list":["post-160047","page","type-page","status-publish","hentry"],"_links":{"self":[{"href":"https:\/\/www.esteri.it\/it\/wp-json\/wp\/v2\/pages\/160047","targetHints":{"allow":["GET"]}}],"collection":[{"href":"https:\/\/www.esteri.it\/it\/wp-json\/wp\/v2\/pages"}],"about":[{"href":"https:\/\/www.esteri.it\/it\/wp-json\/wp\/v2\/types\/page"}],"author":[{"embeddable":true,"href":"https:\/\/www.esteri.it\/it\/wp-json\/wp\/v2\/users\/1"}],"replies":[{"embeddable":true,"href":"https:\/\/www.esteri.it\/it\/wp-json\/wp\/v2\/comments?post=160047"}],"version-history":[{"count":5,"href":"https:\/\/www.esteri.it\/it\/wp-json\/wp\/v2\/pages\/160047\/revisions"}],"predecessor-version":[{"id":173067,"href":"https:\/\/www.esteri.it\/it\/wp-json\/wp\/v2\/pages\/160047\/revisions\/173067"}],"up":[{"embeddable":true,"href":"https:\/\/www.esteri.it\/it\/wp-json\/wp\/v2\/pages\/31050"}],"wp:attachment":[{"href":"https:\/\/www.esteri.it\/it\/wp-json\/wp\/v2\/media?parent=160047"}],"curies":[{"name":"wp","href":"https:\/\/api.w.org\/{rel}","templated":true}]}}