{"id":161190,"date":"2025-11-25T16:49:24","date_gmt":"2025-11-25T15:49:24","guid":{"rendered":"https:\/\/www.esteri.it\/?page_id=161190"},"modified":"2026-01-14T10:38:50","modified_gmt":"2026-01-14T09:38:50","slug":"insiemeperglisdg","status":"publish","type":"page","link":"https:\/\/www.esteri.it\/it\/politica-estera-e-cooperazione-allo-sviluppo\/cooperaz_sviluppo\/eventi\/insiemeperglisdg\/","title":{"rendered":"#INSIEMEPERGLISDG"},"content":{"rendered":"<p><img decoding=\"async\" src=\"https:\/\/www.esteri.it\/wp-content\/uploads\/2024\/04\/ixsdg_2024.jpg\" alt=\"Poster INSIEMEPERGLISDG\" width=\"700\" \/><\/p>\n<p><strong>LA CAMPAGNA #INSIEMEPERGLISDG<\/strong><\/p>\n<div>\n<p>La Campagna #InsiemepergliSDG \u00e8 un\u2019iniziativa di comunicazione promossa dal <strong>Ministero degli Affari Esteri e della Cooperazione Internazionale<\/strong> in partenariato con l\u2019Organizzazione delle Nazioni Unite per l&#8217;Alimentazione e l&#8217;Agricoltura (<strong>FAO<\/strong>), la <strong>Commissione Europea<\/strong>, la Campagna d\u2019Azione delle Nazioni Unite sugli obiettivi di sviluppo sostenibile (<strong>UN SDG Action Campaign<\/strong>), l\u2019Istituto Agronomico Mediterraneo di Bari (<strong>CIHEAM Bari<\/strong>) e <strong>Save the Children<\/strong>.<\/p>\n<p><strong>L\u2019iniziativa #InsiemepergliSDG contribuisce a un percorso che crea legami e relazioni tra i partner promotori dell\u2019iniziativa e le realt\u00e0 locali con l\u2019obiettivo di far emergere e valorizzare le migliori esperienze locali<\/strong>; sostiene e sviluppa percorsi di condivisione attraverso formazione e didattica, politica partecipativa, cittadinanza attiva, gioco e creativit\u00e0; e sviluppa partenariati con le realt\u00e0 locali per promuovere i messaggi della campagna e partecipazione sul territorio.<\/p>\n<p><strong>Parte integrante della campagna #InsiemepergliSDG sono le installazioni itineranti ed interattive<\/strong> realizzate in collaborazione con i partner per informare e responsabilizzare giovani e famiglie sugli SDG e sul ruolo che ogni individuo pu\u00f2 svolgere per il loro raggiungimento. Una maniera innovativa per raccontare, con esempi pratici, il lavoro della Cooperazione Italiana e dei suoi partner internazionali, nazionali e locali per un pianeta pi\u00f9 equo, sostenibile e pacifico.<\/p>\n<p><strong>Il format della campagna prevede numerose attivit\u00e0, definite insieme ai partner locali<\/strong>, tra cui: laboratori curati da Save the Children Italia che illustrano gli SDG a bambine, bambini, adolescenti e scuole; consigli comunali straordinari sull\u2019Agenda2030 realizzati in collaborazione con gli enti locali partner; media partnership sia a livello locale che a livello nazionale; organizzazione dei Will Meets organizzati dal media partner nazionale Will Media in collaborazione con il comune e l\u2019universit\u00e0; realizzazione di opere di street-art murales sugli obiettivi di sviluppo sostenibile, come quelle gi\u00e0 realizzate nelle citt\u00e0 di Teramo (3 murales) e Cremona (il Murales mangia smog pi\u00f9 grande d\u2019Europa) in partenariato con la UN SDG Action Campaign.<\/p>\n<p>WILL MEDIA \u00e8 Media Partner nazionale. In ogni tappa vengono inoltre attivate media partnership locali.<\/p>\n<p>La Campagna si inserisce nella pi\u00f9 ampia strategia di informazione realizzata dalla Direzione Generale per la Cooperazione allo Sviluppo per sensibilizzare l\u2019opinione pubblica italiana, con particolare attenzione ai giovani e alle famiglie, sull\u2019azione del Ministero degli Affari Esteri e della Cooperazione Internazionale e della Cooperazione Italiana per il raggiungimento dei 17 Obiettivi dell\u2019Agenda 2030.<\/p>\n<p><strong>Dal 2020, la Campagna ha toccato le citt\u00e0 italiane di Bari, Bergamo, Brescia, Cremona, Milano, Napoli, Prato, Roma, Siena, Teramo, Trieste e Napoli raggiungendo milioni di persone<\/strong> e coinvolgendo numerose entit\u00e0 locali, tra cui anche Universit\u00e0 e Camere di Commercio.<\/p>\n<p class=\"x_MsoNormal\">Nel 2024, In concomitanza con la <strong>Riunione Ministeriale G7 Sviluppo<\/strong> (22-24 ottobre 2024), la campagna <strong>#InsiemepergliSDG<\/strong> ha fatto tappa a <strong>Pescara<\/strong> dal 22 al 27 ottobre 2024 con una serie di attivit\u00e0 ed eventi dedicati agli obiettivi di sviluppo sostenibile delle Nazioni Unite realizzati in collaborazione con il Comune di Pescara e l\u2019Universit\u00e0 degli Studi di Pescara. L\u2019installazione di InsiemepergliSDG \u00e8 stata visitata dai membri del G7 in chiusura della passeggiata nel centro del capoluogo abruzzese ed ha ospitato un evento dedicato allo \u201cSport per lo Sviluppo Sostenibile\u201d con la partecipazione del Vice Presidente del Consiglio e Ministro degli Affari Esteri e della Cooperazione Internazionale, Antonio Tajani, il Ministro per lo Sport e i Giovani, Andrea Abodi, e i due atleti Letsile Tebogo e Lorenzo Simonelli.<\/p>\n<\/div>\n<p>&nbsp;<\/p>\n<p><a href=\"https:\/\/www.esteri.it\/wp-content\/uploads\/2024\/11\/Levoluzione-del-dialogo-con-le-economie-emergenti.pdf\">L&#8217;evoluzione del dialogo con le economie emergenti <\/a>(Prof.ssa Gilda Antonelli, Dipartimento di Economia, Universit\u00e0 d\u2019Annunzio Chieti-Pescara)<\/p>\n<p><a href=\"https:\/\/www.esteri.it\/wp-content\/uploads\/2024\/11\/Progettare-il-futuro-Come-prepararsi-alle-carriere-internazioanli.pdf\">Progettare il futuro. Come prepararsi alle carriere internazionali. <\/a>(Prof.ssa Gilda Antonelli, Dipartimento di Economia, Universit\u00e0 d\u2019Annunzio Chieti-Pescara)<\/p>\n<p><a href=\"https:\/\/www.esteri.it\/wp-content\/uploads\/2024\/11\/Ppt_Progettare-il-futuro_MAECI-da-condividere.pdf\">Progettare il futuro. Come prepararsi alle carriere internazionali.<\/a> (Dott.ssa Clara D\u2019Ianni, Segretaria di Legazione)<\/p>\n<p>&nbsp;<\/p>\n<div>\n<p><strong><a href=\"https:\/\/www.youtube.com\/watch?v=pi2BPph5oUg\">Guarda il promo di #InsiemepergliSDG 2024<\/a> <\/strong><\/p>\n<p>&nbsp;<\/p>\n<\/div>\n<div>\n<p><strong>LA CAMPAGNA #INSIEMEPERGLISDG_LE TAPPE PRECEDENTI<\/strong><\/p>\n<p>Per maggiori info e galleria immagini di tutte le tappe di #InsiemepergliSDG 2023 realizzate finora visita il sito MAECI:<br \/>\n<a href=\"https:\/\/www.esteri.it\/it\/politica-estera-e-cooperazione-allo-sviluppo\/cooperaz_sviluppo\/eventi\/insiemeperglisdg\/insiemeperglisdg-2023\/\" target=\"_blank\" rel=\"noopener noreferrer\">#InsiemepergliSDG 2023 \u2013 Ministero degli Affari Esteri e della Cooperazione Internazionale<\/a><\/p>\n<p>Per maggiori info e galleria immagini di tutte le tappe di #InsiemepergliSDG 2022 realizzate finora visita il sito MAECI:<br \/>\n<a href=\"https:\/\/www.esteri.it\/it\/politica-estera-e-cooperazione-allo-sviluppo\/cooperaz_sviluppo\/eventi\/insiemeperglisdg\/insiemeperglisdg-2022\/\" target=\"_blank\" rel=\"noopener noreferrer\">#InsiemepergliSDG 2022 \u2013 Ministero degli Affari Esteri e della Cooperazione Internazionale<\/a><\/p>\n<p>Per maggiori info e galleria immagini di tutte le tappe di #InsiemepergliSDG 2021 realizzate finora visita il sito MAECI:<br \/>\n<a href=\"https:\/\/www.esteri.it\/it\/politica-estera-e-cooperazione-allo-sviluppo\/cooperaz_sviluppo\/eventi\/insiemeperglisdg\/insiemeperglisdg-2021\/\">https:\/\/www.esteri.it\/it\/politica-estera-e-cooperazione-allo-sviluppo\/cooperaz_sviluppo\/eventi\/insiemeperglisdg\/insiemeperglisdg-2021\/<\/a><\/p>\n<\/div>\n<p><strong>MULTIMEDIA<\/strong><\/p>\n  <div class=\"row\">\n        <div class=\"col-6 col-lg-4 mt-3\">\n        <div class=\"it-grid-item-wrapper shadow-sm rounded\">\n          <a href=\"https:\/\/www.esteri.it\/it\/sala_stampa\/archiviomultimedia\/insiemeperglisdg-pescara-22-27-ottobre-2024\/\" title=\"#InsiemepergliSDG \u2013 Pescara &#8211; 22-27 ottobre 2024\">\n            <div class=\"img-responsive-wrapper\">\n              <div class=\"img-responsive\">\n                <div class=\"img-wrapper\">\n                    <img loading=\"lazy\" decoding=\"async\" width=\"640\" height=\"427\" src=\"https:\/\/www.esteri.it\/wp-content\/uploads\/2024\/11\/InsiemepergliSDG-Pescara-22-27-ottobre-2024-768x512.jpg\" srcset= \"https:\/\/www.esteri.it\/wp-content\/uploads\/2024\/11\/InsiemepergliSDG-Pescara-22-27-ottobre-2024-scaled.jpg 2560w, https:\/\/www.esteri.it\/wp-content\/uploads\/2024\/11\/InsiemepergliSDG-Pescara-22-27-ottobre-2024-300x200.jpg 300w, https:\/\/www.esteri.it\/wp-content\/uploads\/2024\/11\/InsiemepergliSDG-Pescara-22-27-ottobre-2024-1024x683.jpg 1024w, https:\/\/www.esteri.it\/wp-content\/uploads\/2024\/11\/InsiemepergliSDG-Pescara-22-27-ottobre-2024-768x512.jpg 768w, https:\/\/www.esteri.it\/wp-content\/uploads\/2024\/11\/InsiemepergliSDG-Pescara-22-27-ottobre-2024-1536x1024.jpg 1536w, https:\/\/www.esteri.it\/wp-content\/uploads\/2024\/11\/InsiemepergliSDG-Pescara-22-27-ottobre-2024-2048x1365.jpg 2048w\" sizes=\"auto, (max-width: 2560px) 100vw, 2560px\" alt=\"#InsiemepergliSDG Pescara 22-27 ottobre 2024\" class=\"img-fluid\">\n                <\/div>\n              <\/div>\n            <\/div>\n            <span class=\"it-griditem-text-wrapper\">\n              <span class=\"it-griditem-text\">#InsiemepergliSDG \u2013 Pescara &#8211; 22-27 ottobre 2024<\/span>\n              <!-- <svg class=\"icon\">\n                <use xlink:href=\"assets\/svg\/sprite.svg#it-link\"><\/use>\n              <\/svg> -->\n            <\/span>\n          <\/a>\n        <\/div>\n    <\/div>\n        <div class=\"col-6 col-lg-4 mt-3\">\n        <div class=\"it-grid-item-wrapper shadow-sm rounded\">\n          <a href=\"https:\/\/www.esteri.it\/it\/sala_stampa\/archiviomultimedia\/insiemeperglisdg-cremona-3-6-novembre-2021\/\" title=\"#InsiemepergliSDG \u2013 Cremona &#8211; 3-6 Novembre 2021\">\n            <div class=\"img-responsive-wrapper\">\n              <div class=\"img-responsive\">\n                <div class=\"img-wrapper\">\n                    <img loading=\"lazy\" decoding=\"async\" width=\"640\" height=\"479\" src=\"https:\/\/www.esteri.it\/wp-content\/uploads\/2021\/11\/IMG_20211105_155035764_HDR-768x575.jpg\" srcset= \"https:\/\/www.esteri.it\/wp-content\/uploads\/2021\/11\/IMG_20211105_155035764_HDR-scaled.jpg 2560w, https:\/\/www.esteri.it\/wp-content\/uploads\/2021\/11\/IMG_20211105_155035764_HDR-300x224.jpg 300w, https:\/\/www.esteri.it\/wp-content\/uploads\/2021\/11\/IMG_20211105_155035764_HDR-1024x766.jpg 1024w, https:\/\/www.esteri.it\/wp-content\/uploads\/2021\/11\/IMG_20211105_155035764_HDR-768x575.jpg 768w, https:\/\/www.esteri.it\/wp-content\/uploads\/2021\/11\/IMG_20211105_155035764_HDR-1536x1149.jpg 1536w, https:\/\/www.esteri.it\/wp-content\/uploads\/2021\/11\/IMG_20211105_155035764_HDR-2048x1532.jpg 2048w\" sizes=\"auto, (max-width: 2560px) 100vw, 2560px\" alt=\"Murales CONCORDIA\" class=\"img-fluid\">\n                <\/div>\n              <\/div>\n            <\/div>\n            <span class=\"it-griditem-text-wrapper\">\n              <span class=\"it-griditem-text\">#InsiemepergliSDG \u2013 Cremona &#8211; 3-6 Novembre 2021<\/span>\n              <!-- <svg class=\"icon\">\n                <use xlink:href=\"assets\/svg\/sprite.svg#it-link\"><\/use>\n              <\/svg> -->\n            <\/span>\n          <\/a>\n        <\/div>\n    <\/div>\n        <div class=\"col-6 col-lg-4 mt-3\">\n        <div class=\"it-grid-item-wrapper shadow-sm rounded\">\n          <a href=\"https:\/\/www.esteri.it\/it\/sala_stampa\/archiviomultimedia\/insiemeperglisdg-a-prato\/\" title=\"#InsiemepergliSDG a Prato\">\n            <div class=\"img-responsive-wrapper\">\n              <div class=\"img-responsive\">\n                <div class=\"img-wrapper\">\n                    <img loading=\"lazy\" decoding=\"async\" width=\"640\" height=\"428\" src=\"https:\/\/www.esteri.it\/wp-content\/uploads\/2021\/10\/InsiemepergliSDG_ManifattureDigitaliCinemaPrato_4-768x513.jpg\" srcset= \"https:\/\/www.esteri.it\/wp-content\/uploads\/2021\/10\/InsiemepergliSDG_ManifattureDigitaliCinemaPrato_4-scaled.jpg 2560w, https:\/\/www.esteri.it\/wp-content\/uploads\/2021\/10\/InsiemepergliSDG_ManifattureDigitaliCinemaPrato_4-300x200.jpg 300w, https:\/\/www.esteri.it\/wp-content\/uploads\/2021\/10\/InsiemepergliSDG_ManifattureDigitaliCinemaPrato_4-1024x684.jpg 1024w, https:\/\/www.esteri.it\/wp-content\/uploads\/2021\/10\/InsiemepergliSDG_ManifattureDigitaliCinemaPrato_4-768x513.jpg 768w, https:\/\/www.esteri.it\/wp-content\/uploads\/2021\/10\/InsiemepergliSDG_ManifattureDigitaliCinemaPrato_4-1536x1026.jpg 1536w, https:\/\/www.esteri.it\/wp-content\/uploads\/2021\/10\/InsiemepergliSDG_ManifattureDigitaliCinemaPrato_4-2048x1368.jpg 2048w\" sizes=\"auto, (max-width: 2560px) 100vw, 2560px\" alt=\"\" class=\"img-fluid\">\n                <\/div>\n              <\/div>\n            <\/div>\n            <span class=\"it-griditem-text-wrapper\">\n              <span class=\"it-griditem-text\">#InsiemepergliSDG a Prato<\/span>\n              <!-- <svg class=\"icon\">\n                <use xlink:href=\"assets\/svg\/sprite.svg#it-link\"><\/use>\n              <\/svg> -->\n            <\/span>\n          <\/a>\n        <\/div>\n    <\/div>\n        <div class=\"col-6 col-lg-4 mt-3\">\n        <div class=\"it-grid-item-wrapper shadow-sm rounded\">\n          <a href=\"https:\/\/www.esteri.it\/it\/sala_stampa\/archiviomultimedia\/insiemeperglisdg-a-teramo-settembre-2021\/\" title=\"#InsiemepergliSDG a Teramo &#8211; settembre 2021\">\n            <div class=\"img-responsive-wrapper\">\n              <div class=\"img-responsive\">\n                <div class=\"img-wrapper\">\n                    <img loading=\"lazy\" decoding=\"async\" width=\"640\" height=\"360\" src=\"https:\/\/www.esteri.it\/wp-content\/uploads\/2021\/10\/29-768x432.png\" srcset= \"https:\/\/www.esteri.it\/wp-content\/uploads\/2021\/10\/29.png 5120w, https:\/\/www.esteri.it\/wp-content\/uploads\/2021\/10\/29-300x169.png 300w, https:\/\/www.esteri.it\/wp-content\/uploads\/2021\/10\/29-1024x576.png 1024w, https:\/\/www.esteri.it\/wp-content\/uploads\/2021\/10\/29-768x432.png 768w, https:\/\/www.esteri.it\/wp-content\/uploads\/2021\/10\/29-1536x864.png 1536w, https:\/\/www.esteri.it\/wp-content\/uploads\/2021\/10\/29-2048x1152.png 2048w\" sizes=\"auto, (max-width: 5120px) 100vw, 5120px\" alt=\"\" class=\"img-fluid\">\n                <\/div>\n              <\/div>\n            <\/div>\n            <span class=\"it-griditem-text-wrapper\">\n              <span class=\"it-griditem-text\">#InsiemepergliSDG a Teramo &#8211; settembre 2021<\/span>\n              <!-- <svg class=\"icon\">\n                <use xlink:href=\"assets\/svg\/sprite.svg#it-link\"><\/use>\n              <\/svg> -->\n            <\/span>\n          <\/a>\n        <\/div>\n    <\/div>\n        <div class=\"col-6 col-lg-4 mt-3\">\n        <div class=\"it-grid-item-wrapper shadow-sm rounded\">\n          <a href=\"https:\/\/www.esteri.it\/it\/sala_stampa\/archiviomultimedia\/insiemeperglisdg-teramo-giugno-2021\/\" title=\"#InsiemepergliSDG &#8211; Teramo &#8211; giugno 2021\">\n            <div class=\"img-responsive-wrapper\">\n              <div class=\"img-responsive\">\n                <div class=\"img-wrapper\">\n                    <img loading=\"lazy\" decoding=\"async\" width=\"640\" height=\"479\" src=\"https:\/\/www.esteri.it\/wp-content\/uploads\/2021\/09\/insiemeperglisdg_teramo_4-768x575.jpg\" srcset= \"https:\/\/www.esteri.it\/wp-content\/uploads\/2021\/09\/insiemeperglisdg_teramo_4.jpg 1140w, https:\/\/www.esteri.it\/wp-content\/uploads\/2021\/09\/insiemeperglisdg_teramo_4-300x224.jpg 300w, https:\/\/www.esteri.it\/wp-content\/uploads\/2021\/09\/insiemeperglisdg_teramo_4-1024x766.jpg 1024w, https:\/\/www.esteri.it\/wp-content\/uploads\/2021\/09\/insiemeperglisdg_teramo_4-768x575.jpg 768w\" sizes=\"auto, (max-width: 1140px) 100vw, 1140px\" alt=\"\" class=\"img-fluid\">\n                <\/div>\n              <\/div>\n            <\/div>\n            <span class=\"it-griditem-text-wrapper\">\n              <span class=\"it-griditem-text\">#InsiemepergliSDG &#8211; Teramo &#8211; giugno 2021<\/span>\n              <!-- <svg class=\"icon\">\n                <use xlink:href=\"assets\/svg\/sprite.svg#it-link\"><\/use>\n              <\/svg> -->\n            <\/span>\n          <\/a>\n        <\/div>\n    <\/div>\n        <div class=\"col-6 col-lg-4 mt-3\">\n        <div class=\"it-grid-item-wrapper shadow-sm rounded\">\n          <a href=\"https:\/\/www.esteri.it\/it\/sala_stampa\/archiviomultimedia\/insiemeperglisdg-roma\/\" title=\"#InsiemepergliSDG &#8211; Roma\">\n            <div class=\"img-responsive-wrapper\">\n              <div class=\"img-responsive\">\n                <div class=\"img-wrapper\">\n                    <img loading=\"lazy\" decoding=\"async\" width=\"640\" height=\"427\" src=\"https:\/\/www.esteri.it\/wp-content\/uploads\/2021\/09\/p1058463-768x512.jpg\" srcset= \"https:\/\/www.esteri.it\/wp-content\/uploads\/2021\/09\/p1058463-scaled.jpg 2560w, https:\/\/www.esteri.it\/wp-content\/uploads\/2021\/09\/p1058463-300x200.jpg 300w, https:\/\/www.esteri.it\/wp-content\/uploads\/2021\/09\/p1058463-1024x683.jpg 1024w, https:\/\/www.esteri.it\/wp-content\/uploads\/2021\/09\/p1058463-768x512.jpg 768w, https:\/\/www.esteri.it\/wp-content\/uploads\/2021\/09\/p1058463-1536x1024.jpg 1536w, https:\/\/www.esteri.it\/wp-content\/uploads\/2021\/09\/p1058463-2048x1365.jpg 2048w\" sizes=\"auto, (max-width: 2560px) 100vw, 2560px\" alt=\"\" class=\"img-fluid\">\n                <\/div>\n              <\/div>\n            <\/div>\n            <span class=\"it-griditem-text-wrapper\">\n              <span class=\"it-griditem-text\">#InsiemepergliSDG &#8211; Roma<\/span>\n              <!-- <svg class=\"icon\">\n                <use xlink:href=\"assets\/svg\/sprite.svg#it-link\"><\/use>\n              <\/svg> -->\n            <\/span>\n          <\/a>\n        <\/div>\n    <\/div>\n        <div class=\"col-6 col-lg-4 mt-3\">\n        <div class=\"it-grid-item-wrapper shadow-sm rounded\">\n          <a href=\"https:\/\/www.esteri.it\/it\/sala_stampa\/archiviomultimedia\/insiemeperglisdg-bari\/\" title=\"#InsiemepergliSDG &#8211; Bari\">\n            <div class=\"img-responsive-wrapper\">\n              <div class=\"img-responsive\">\n                <div class=\"img-wrapper\">\n                    <img loading=\"lazy\" decoding=\"async\" width=\"640\" height=\"480\" src=\"https:\/\/www.esteri.it\/wp-content\/uploads\/2021\/09\/img_20201003_120624-768x576.jpg\" srcset= \"https:\/\/www.esteri.it\/wp-content\/uploads\/2021\/09\/img_20201003_120624-scaled.jpg 2560w, https:\/\/www.esteri.it\/wp-content\/uploads\/2021\/09\/img_20201003_120624-300x225.jpg 300w, https:\/\/www.esteri.it\/wp-content\/uploads\/2021\/09\/img_20201003_120624-1024x768.jpg 1024w, https:\/\/www.esteri.it\/wp-content\/uploads\/2021\/09\/img_20201003_120624-768x576.jpg 768w, https:\/\/www.esteri.it\/wp-content\/uploads\/2021\/09\/img_20201003_120624-1536x1152.jpg 1536w, https:\/\/www.esteri.it\/wp-content\/uploads\/2021\/09\/img_20201003_120624-2048x1536.jpg 2048w\" sizes=\"auto, (max-width: 2560px) 100vw, 2560px\" alt=\"\" class=\"img-fluid\">\n                <\/div>\n              <\/div>\n            <\/div>\n            <span class=\"it-griditem-text-wrapper\">\n              <span class=\"it-griditem-text\">#InsiemepergliSDG &#8211; Bari<\/span>\n              <!-- <svg class=\"icon\">\n                <use xlink:href=\"assets\/svg\/sprite.svg#it-link\"><\/use>\n              <\/svg> -->\n            <\/span>\n          <\/a>\n        <\/div>\n    <\/div>\n      <\/div>\n    \n","protected":false},"excerpt":{"rendered":"LA CAMPAGNA #INSIEMEPERGLISDG La Campagna #InsiemepergliSDG \u00e8 un\u2019iniziativa di comunicazione promossa dal Ministero degli Affari Esteri e della Cooperazione Internazionale in partenariato con l\u2019Organizzazione delle Nazioni Unite per l&#8217;Alimentazione e l&#8217;Agricoltura (FAO), la Commissione Europea, la Campagna d\u2019Azione delle Nazioni Unite sugli obiettivi di sviluppo sostenibile (UN SDG Action Campaign), l\u2019Istituto Agronomico Mediterraneo di Bari [&hellip;]","protected":false},"author":1,"featured_media":0,"parent":31229,"menu_order":0,"comment_status":"closed","ping_status":"closed","template":"","meta":{"footnotes":""},"class_list":["post-161190","page","type-page","status-publish","hentry"],"_links":{"self":[{"href":"https:\/\/www.esteri.it\/it\/wp-json\/wp\/v2\/pages\/161190","targetHints":{"allow":["GET"]}}],"collection":[{"href":"https:\/\/www.esteri.it\/it\/wp-json\/wp\/v2\/pages"}],"about":[{"href":"https:\/\/www.esteri.it\/it\/wp-json\/wp\/v2\/types\/page"}],"author":[{"embeddable":true,"href":"https:\/\/www.esteri.it\/it\/wp-json\/wp\/v2\/users\/1"}],"replies":[{"embeddable":true,"href":"https:\/\/www.esteri.it\/it\/wp-json\/wp\/v2\/comments?post=161190"}],"version-history":[{"count":4,"href":"https:\/\/www.esteri.it\/it\/wp-json\/wp\/v2\/pages\/161190\/revisions"}],"predecessor-version":[{"id":169963,"href":"https:\/\/www.esteri.it\/it\/wp-json\/wp\/v2\/pages\/161190\/revisions\/169963"}],"up":[{"embeddable":true,"href":"https:\/\/www.esteri.it\/it\/wp-json\/wp\/v2\/pages\/31229"}],"wp:attachment":[{"href":"https:\/\/www.esteri.it\/it\/wp-json\/wp\/v2\/media?parent=161190"}],"curies":[{"name":"wp","href":"https:\/\/api.w.org\/{rel}","templated":true}]}}