{"id":161573,"date":"2025-11-28T12:57:07","date_gmt":"2025-11-28T11:57:07","guid":{"rendered":"https:\/\/www.esteri.it\/?page_id=161573"},"modified":"2026-04-02T16:33:40","modified_gmt":"2026-04-02T14:33:40","slug":"nuove-modalita-di-notifica-delle-esportazioni-di-rottami-metallici","status":"publish","type":"page","link":"https:\/\/www.esteri.it\/it\/politica-estera-e-cooperazione-allo-sviluppo\/politica_europea\/politica-commerciale-internazionale\/import-export\/nuove-modalita-di-notifica-delle-esportazioni-di-rottami-metallici\/","title":{"rendered":"Nuove modalit\u00e0 di notifica delle esportazioni di rottami metallici"},"content":{"rendered":"<p><strong>Circolare sulle nuove modalit\u00e0 di notifica delle esportazioni di rottami metallici ai sensi dell\u2019articolo 30 del decreto-legge 21 marzo 2022, n. 21, convertito con modifiche dalla legge 20 marzo 2022, n. 51<\/strong><\/p>\n<p>Il Ministero delle Imprese e del Made in Italy e il Ministero degli Affari Esteri e della Cooperazione Internazionale hanno adottato una nuova circolare che semplifica la procedura per le notifiche relative all\u2019esportazione di rottami metallici di cui all\u2019articolo 30 del decreto-legge 21 marzo 2022, n. 21, tramite l\u2019introduzione di una piattaforma digitale dedicata. La finalit\u00e0 \u00e8 quella di offrire uno strumento pi\u00f9 chiaro, strutturato e di agevole utilizzo per la trasmissione delle informazioni.<\/p>\n<p><strong>Entrata in vigore delle nuove modalit\u00e0<\/strong><\/p>\n<p>Dal 15 dicembre 2025, gli operatori dovranno effettuare le notifiche attraverso la nuova piattaforma, accessibile tramite il sistema pubblico di identit\u00e0 digitale. La piattaforma sar\u00e0 resa disponibile il 10 dicembre per consentire agli utenti di familiarizzare con le sue funzionalit\u00e0. <strong><u>L\u2019attivazione per la ricezione delle notifiche avverr\u00e0 invece a partire dal 15 dicembre<\/u><\/strong>.<\/p>\n<p>\u00c8 previsto un periodo transitorio, dal 15 dicembre 2025 al 15 marzo 2026, durante il quale sar\u00e0 necessario notificare:<\/p>\n<ul>\n<li>tramite la nuova piattaforma digitale raggiungibile al link <a href=\"https:\/\/notificaesportazioni.mimit.gov.it\/\">https:\/\/notificaesportazioni.mimit.gov.it\/<\/a> <u>e<\/u><\/li>\n<li>mediante l\u2019invio del documento PDF e del file Excel \u2013 generati dalla piattaforma stessa, ai consueti indirizzi di posta elettronica certificata (PEC):<\/li>\n<li><a href=\"mailto:nerf@pec.mise.gov.it\">nerf@pec.mise.gov.it<\/a><\/li>\n<li><a href=\"mailto:dgue.10@cert.esteri.it\">dgue.10@cert.esteri.it<\/a><\/li>\n<\/ul>\n<p>A partire dal 16 marzo 2026, la piattaforma costituir\u00e0 l\u2019unico canale di riferimento per la trasmissione delle notifiche, salvo diverse indicazioni.<\/p>\n<p><strong>La piattaforma digitale: accesso e dati da inserire<\/strong><\/p>\n<p>Pur restando invariati gli obblighi informativi previsti dalla normativa vigente, la piattaforma accompagna l\u2019utente lungo la procedura e ne facilita la compilazione.<\/p>\n<p>Vi accedono:<\/p>\n<ul>\n<li>il rappresentante legale dell\u2019impresa;<\/li>\n<li>eventuali delegati, previo caricamento della delega firmata digitalmente.<\/li>\n<\/ul>\n<p>Una volta effettuato l\u2019accesso, l\u2019utente procede all\u2019inserimento dei dati richiesti, tra cui:<\/p>\n<ol>\n<li>partita IVA e la ragione sociale dell\u2019esportatore;<\/li>\n<li>il paese di destinazione finale dell\u2019esportazione;<\/li>\n<li>la ragione sociale del destinatario;<\/li>\n<li>il codice doganale dei rottami esportati (TARIC);<\/li>\n<li>il peso netto complessivo in chilogrammi <u>e non in tonnellate<\/u>;<\/li>\n<li>il valore in euro dei rottami alla data di notifica;<\/li>\n<li>la data presunta di presentazione della dichiarazione di esportazione;<\/li>\n<li>la qualifica del rottame esportato;<\/li>\n<li>l\u2019ufficio doganale presso il quale viene operata l\u2019esportazione;<\/li>\n<li>eventuali note.<\/li>\n<\/ol>\n<p>&nbsp;<\/p>\n<p><strong>Aggiornamento delle informazioni inserite<\/strong><\/p>\n<p>Entro 30 giorni dalla data presunta di presentazione della dichiarazione di esportazione, gli operatori dovranno assicurare la coerenza e completezza dei dati comunicati in sede di notifica rispetto alle informazioni registrate in ambito doganale. A tal fine:<\/p>\n<ul>\n<li>dovranno indicare la data di accettazione della dichiarazione, motivando eventuali scostamenti superiori ai 15 giorni rispetto alla data presunta; e<\/li>\n<li>potranno rettificare, se necessario, i dati relativi alle lettere b), c), e), f) e i).<\/li>\n<\/ul>\n<p>Per il peso netto resta valido un margine di variazione massimo del 5%.<\/p>\n<p>Per ulteriori informazioni sar\u00e0 possibile consultare le FAQ presenti all\u2019interno della piattaforma.<\/p>\n<p><strong>Conclusione della procedura <\/strong><\/p>\n<p>Al termine delle attivit\u00e0 di notifica e delle eventuali rettifiche, la piattaforma consente di scaricare:<\/p>\n<ul>\n<li>un documento riepilogativo in formato PDF, firmato digitalmente e protocollato;<\/li>\n<li>un file in formato Excel contenente i dati inseriti.<\/li>\n<\/ul>\n<p><strong>Monitoraggio e accuratezza dei dati<\/strong><\/p>\n<p>Eventuali discordanze tra i dati comunicati e quelli acquisiti dall\u2019Agenzia delle Dogane e dei Monopoli possono rendere difficoltose le attivit\u00e0 di monitoraggio e portare all\u2019avvio di verifiche da parte degli uffici competenti.<\/p>\n<p>Si invitano pertanto le imprese a prestare massima attenzione alla compilazione dei dati e alle attivit\u00e0 di aggiornamento dei medesimi, cos\u00ec da garantire la completezza e precisione delle informazioni fornite.<\/p>\n<p>Eventuali richieste potranno essere indirizzate agli indirizzi PEC:<\/p>\n<ul>\n<li><a href=\"mailto:nerf@pec.mise.gov.it\">nerf@pec.mise.gov.it<\/a><\/li>\n<li><a href=\"mailto:dgue.10@cert.esteri.it\">dgue.10@cert.esteri.it<\/a><\/li>\n<\/ul>\n","protected":false},"excerpt":{"rendered":"Circolare sulle nuove modalit\u00e0 di notifica delle esportazioni di rottami metallici ai sensi dell\u2019articolo 30 del decreto-legge 21 marzo 2022, n. 21, convertito con modifiche dalla legge 20 marzo 2022, n. 51 Il Ministero delle Imprese e del Made in Italy e il Ministero degli Affari Esteri e della Cooperazione Internazionale hanno adottato una nuova [&hellip;]","protected":false},"author":17,"featured_media":0,"parent":30400,"menu_order":2,"comment_status":"closed","ping_status":"closed","template":"","meta":{"footnotes":""},"class_list":["post-161573","page","type-page","status-publish","hentry"],"_links":{"self":[{"href":"https:\/\/www.esteri.it\/it\/wp-json\/wp\/v2\/pages\/161573","targetHints":{"allow":["GET"]}}],"collection":[{"href":"https:\/\/www.esteri.it\/it\/wp-json\/wp\/v2\/pages"}],"about":[{"href":"https:\/\/www.esteri.it\/it\/wp-json\/wp\/v2\/types\/page"}],"author":[{"embeddable":true,"href":"https:\/\/www.esteri.it\/it\/wp-json\/wp\/v2\/users\/17"}],"replies":[{"embeddable":true,"href":"https:\/\/www.esteri.it\/it\/wp-json\/wp\/v2\/comments?post=161573"}],"version-history":[{"count":3,"href":"https:\/\/www.esteri.it\/it\/wp-json\/wp\/v2\/pages\/161573\/revisions"}],"predecessor-version":[{"id":161663,"href":"https:\/\/www.esteri.it\/it\/wp-json\/wp\/v2\/pages\/161573\/revisions\/161663"}],"up":[{"embeddable":true,"href":"https:\/\/www.esteri.it\/it\/wp-json\/wp\/v2\/pages\/30400"}],"wp:attachment":[{"href":"https:\/\/www.esteri.it\/it\/wp-json\/wp\/v2\/media?parent=161573"}],"curies":[{"name":"wp","href":"https:\/\/api.w.org\/{rel}","templated":true}]}}