{"id":162713,"date":"2025-12-04T11:26:21","date_gmt":"2025-12-04T10:26:21","guid":{"rendered":"https:\/\/www.esteri.it\/?page_id=162713"},"modified":"2026-02-27T14:46:07","modified_gmt":"2026-02-27T13:46:07","slug":"paesi-i-cui-cittadini-sono-soggetti-a-consultazione-preventiva","status":"publish","type":"page","link":"https:\/\/www.esteri.it\/it\/servizi-consolari-e-visti\/ingressosoggiornoinitalia\/visto_ingresso\/paesi-i-cui-cittadini-sono-soggetti-a-consultazione-preventiva\/","title":{"rendered":"Paesi terzi i cui cittadini sono oggetto di consultazione preventiva"},"content":{"rendered":"<p>Ai sensi dell&#8217;articolo 22 del Codice dei Visti, uno Stato membro pu\u00f2 chiedere alle autorit\u00e0 centrali di altri Stati membri di consultare le proprie autorit\u00e0 centrali durante l&#8217;esame delle domande di visto presentate da cittadini di specifici paesi terzi o da specifiche categorie di tali cittadini.<\/p>\n<p>Tale consultazione non si applica alle domande di visto di transito aeroportuale.<\/p>\n<p>L\u2019elenco seguente indica i paesi terzi e le categorie specifiche interessate. Quando un paese terzo \u00e8 elencato, significa che almeno uno Stato membro richiede tale consultazione preventiva.<\/p>\n<p><strong>Peasi Terzi<\/strong>: Afghanistan, Albania, Algeria, Armenia, Azerbaijan, Bangladesh, Belarus, Bosnia ed Erzegovina, Ciad, Repubblica Democratica del Congo, Egitto, Eritrea, Etiopia, Iran, Iraq, Giordania, Kazakistan, Kenya, Kirghizistan, Corea del Nord, Kosovo, Libano, Libia, Mali, Mauritania, Marocco, Niger, Nigeria, Pakistan, Palestina, Federazione Russa, Ruanda, Arabia Saudita, Somalia, Sudan del Sud, Sri Lanka, Sudan, Siria, Tagikistan, Tunisia, Turkmenistan, Uzbekistan, Vietnam, Yemen<\/p>\n<p><strong>Categorie di persone<\/strong>: rifugiati, apolidi<\/p>\n","protected":false},"excerpt":{"rendered":"Ai sensi dell&#8217;articolo 22 del Codice dei Visti, uno Stato membro pu\u00f2 chiedere alle autorit\u00e0 centrali di altri Stati membri di consultare le proprie autorit\u00e0 centrali durante l&#8217;esame delle domande di visto presentate da cittadini di specifici paesi terzi o da specifiche categorie di tali cittadini. Tale consultazione non si applica alle domande di visto [&hellip;]","protected":false},"author":6,"featured_media":0,"parent":29945,"menu_order":11,"comment_status":"closed","ping_status":"closed","template":"page-consolari.php","meta":{"footnotes":""},"class_list":["post-162713","page","type-page","status-publish","hentry"],"_links":{"self":[{"href":"https:\/\/www.esteri.it\/it\/wp-json\/wp\/v2\/pages\/162713","targetHints":{"allow":["GET"]}}],"collection":[{"href":"https:\/\/www.esteri.it\/it\/wp-json\/wp\/v2\/pages"}],"about":[{"href":"https:\/\/www.esteri.it\/it\/wp-json\/wp\/v2\/types\/page"}],"author":[{"embeddable":true,"href":"https:\/\/www.esteri.it\/it\/wp-json\/wp\/v2\/users\/6"}],"replies":[{"embeddable":true,"href":"https:\/\/www.esteri.it\/it\/wp-json\/wp\/v2\/comments?post=162713"}],"version-history":[{"count":2,"href":"https:\/\/www.esteri.it\/it\/wp-json\/wp\/v2\/pages\/162713\/revisions"}],"predecessor-version":[{"id":173889,"href":"https:\/\/www.esteri.it\/it\/wp-json\/wp\/v2\/pages\/162713\/revisions\/173889"}],"up":[{"embeddable":true,"href":"https:\/\/www.esteri.it\/it\/wp-json\/wp\/v2\/pages\/29945"}],"wp:attachment":[{"href":"https:\/\/www.esteri.it\/it\/wp-json\/wp\/v2\/media?parent=162713"}],"curies":[{"name":"wp","href":"https:\/\/api.w.org\/{rel}","templated":true}]}}