{"id":165844,"date":"2025-12-19T12:04:48","date_gmt":"2025-12-19T11:04:48","guid":{"rendered":"https:\/\/www.esteri.it\/?page_id=165844"},"modified":"2026-04-02T17:17:45","modified_gmt":"2026-04-02T15:17:45","slug":"innovazione-tecnologica-e-startup","status":"publish","type":"page","link":"https:\/\/www.esteri.it\/it\/diplomazia-economica-e-politica-commerciale\/diplomaziaeconomica\/innovazione-tecnologica-e-startup\/","title":{"rendered":"Innovazione Tecnologica e Startup"},"content":{"rendered":"<p><strong>Promozione delle filiere industriali innovative e start-up<\/strong><\/p>\n<p>Le attivit\u00e0 dell\u2019Ufficio IV si concentrano sulla\u00a0<strong>promozione internazionale dell\u2019ecosistema italiano dell\u2019innovazione e della tecnologia<\/strong>, che comprende\u00a0<strong>startup<\/strong>, PMI innovative, fondi di venture capital, acceleratori, incubatori e poli d\u2019innovazione operanti nei principali settori ad alto contenuto tecnologico, tra cui intelligenza artificiale, cybersicurezza, biotecnologie, fintech, aerospazio, tecnologie quantistiche, cleantech, foodtech, agritech e altri ambiti affini. Tale impegno si realizza attraverso una stretta collaborazione con soggetti istituzionali e privati incaricati del rafforzamento dell\u2019ecosistema innovativo nazionale, tra cui i Ministeri competenti, l\u2019ICE, CDP Venture Capital, SIMEST, AI4I, CHIPS-IT, le associazioni di startup e associazioni di investitori.<\/p>\n<p>L\u2019azione dell\u2019Ufficio comprende il sostegno ai processi di trasferimento tecnologico da universit\u00e0 e centri di ricerca verso startup e imprese, nonch\u00e9 l\u2019attrazione di investimenti e di talenti dall\u2019estero.<\/p>\n<p>Un focus particolare \u00e8 dedicato alla gestione della rete dei Centri Italiani per l\u2019Innovazione\u00a0<strong>INNOVIT\u00a0<\/strong>e all\u2019organizzazione di iniziative e progetti specifici finalizzati alla promozione internazionale delle filiere tecnologiche nazionali, inclusi tavoli di lavoro settoriali ed eventi dedicati.<\/p>\n<p>&nbsp;<\/p>\n<p><strong>ATTIVIT\u00c0<\/strong><\/p>\n<div id=\"collapseExample2\" class=\"accordion\">\n<div class=\"accordion-item\">\n<h2 class=\"accordion-header \"><button class=\"accordion-button collapsed\" type=\"button\" data-bs-toggle=\"collapse\" data-bs-target=\"#collapse0a\" aria-expanded=\"false\" aria-controls=\"collapse0a\">SOSTEGNO ALLE STARTUP | MISURE E STRUMENTI<\/button><\/h2>\n<div id=\"collapse0a\" class=\"accordion-collapse collapse\" role=\"region\" aria-labelledby=\"heading0a\">\n<div class=\"accordion-body\">\n<p><strong>Presenza a fiere all\u2019estero<\/strong><br \/>\nIl Ministero degli Esteri \u00e8 competente, tra le altre cose, del supporto all\u2019internazionalizzazione delle imprese, tra cui startup e PMI innovative.<\/p>\n<p>In quest\u2019azione, la Farnesina lavora in stretto accordo con Agenzia ICE (anche nota all\u2019estero come ITA \u2013 Italian Trade Agency), su cui il Ministero svolge il ruolo di vigilanza, indirizzo e controllo insieme a MIMIT e MEF.<\/p>\n<p><a class=\"read-more\" title=\"Leggi l'articolo: Sostegno Startup\" href=\"https:\/\/www.esteri.it\/it\/diplomazia-economica-e-politica-commerciale\/diplomaziaeconomica\/innovazione-tecnologica-e-startup\/sostegno-startup\/\" data-focus-mouse=\"false\"><br \/>\n<span class=\"text\">Leggi di pi\u00f9 &gt;&gt;<\/span><\/a><\/p>\n<\/div>\n<\/div>\n<\/div>\n<div class=\"accordion-item\">\n<h2 class=\"accordion-header \"><button class=\"accordion-button collapsed\" type=\"button\" data-bs-toggle=\"collapse\" data-bs-target=\"#collapse0b\" aria-expanded=\"false\" aria-controls=\"collapse0b\">INNOVIT | PROGRAMMI DI ACCELERAZIONE<\/button><\/h2>\n<div id=\"collapse0b\" class=\"accordion-collapse collapse\" role=\"region\" aria-labelledby=\"heading0b\">\n<div class=\"accordion-body\">\n<p><img loading=\"lazy\" decoding=\"async\" class=\"alignnone size-medium wp-image-169090 img-fluid\" src=\"https:\/\/www.esteri.it\/wp-content\/uploads\/2026\/01\/innovit-and-culture-hub-300x86.png\" alt=\"Innovit - Italian Innovation &amp; Culture Hub\" width=\"300\" height=\"86\" srcset=\"https:\/\/www.esteri.it\/wp-content\/uploads\/2026\/01\/innovit-and-culture-hub-300x86.png 300w, https:\/\/www.esteri.it\/wp-content\/uploads\/2026\/01\/innovit-and-culture-hub.png 419w\" sizes=\"auto, (max-width: 300px) 100vw, 300px\" \/><\/p>\n<p><strong>INNOVIT<\/strong>\u00a0\u2013\u00a0<em>Italian Innovation and Culture Hub<\/em>\u00a0\u2013 \u00e8 un progetto promosso dalla Direzione Generale per la Crescita e la Promozione della Esportazioni della Farnesina, in collaborazione con l\u2019Ambasciata d\u2019Italia a Washington e con il Consolato Generale a San Francisco. Attivo da fine 2021, \u00e8 gestito con il sostegno di Agenzia ICE e dell\u2019Istituto Italiano di Cultura di San Francisco, che hanno rispettivamente un\u00a0<em>desk<\/em>\u00a0e sede negli stessi spazi.<\/p>\n<p><a class=\"read-more\" title=\"Leggi l'articolo: Innovit\" href=\"https:\/\/www.esteri.it\/it\/diplomazia-economica-e-politica-commerciale\/diplomaziaeconomica\/innovazione-tecnologica-e-startup\/innovit\/\" data-focus-mouse=\"false\"><br \/>\n<span class=\"text\">Leggi di pi\u00f9 &gt;&gt;<\/span><br \/>\n<\/a><\/p>\n<\/div>\n<\/div>\n<\/div>\n<div class=\"accordion-item\">\n<h2 class=\"accordion-header \"><button class=\"accordion-button collapsed\" type=\"button\" data-bs-toggle=\"collapse\" data-bs-target=\"#collapse0c\" aria-expanded=\"false\" aria-controls=\"collapse0c\">SETTORI TECNOLOGICI DI INTERVENTO<\/button><\/h2>\n<div id=\"collapse0c\" class=\"accordion-collapse collapse\" role=\"region\" aria-labelledby=\"heading0c\">\n<div class=\"accordion-body\">\n<div id=\"collapseExample3\" class=\"accordion\">\n<div class=\"accordion-item\">\n<h2 class=\"accordion-header \"><button class=\"accordion-button collapsed\" type=\"button\" data-bs-toggle=\"collapse\" data-bs-target=\"#collapse1a\" aria-expanded=\"false\" aria-controls=\"collapse1a\">BIOTECNOLOGIE<\/button><\/h2>\n<div id=\"collapse1a\" class=\"accordion-collapse collapse\" role=\"region\" aria-labelledby=\"heading1a\">\n<div class=\"accordion-body\">\n<p>Il <strong>Ministero degli Affari Esteri e della Cooperazione Internazionale\u00a0<\/strong>e<strong>\u00a0l\u2019Ufficio IV\u00a0<\/strong>della<strong>\u00a0Direzione Generale per la Crescita e la Promozione delle Esportazioni<\/strong>\u00a0hanno avviato una serie di azioni strategiche finalizzate a promuovere il dialogo internazionale sulle opportunit\u00e0 di crescita e sviluppo dell\u2019<strong>ecosistema<\/strong>\u00a0<strong>delle scienze della vita e delle biotecnologie<\/strong>, valorizzando la collaborazione tra settore pubblico e privato.<\/p>\n<p><a class=\"read-more\" title=\"Leggi l'articolo: Biotecnologie\" href=\"https:\/\/www.esteri.it\/it\/diplomazia-economica-e-politica-commerciale\/diplomaziaeconomica\/innovazione-tecnologica-e-startup\/biotecnologie\/\" data-focus-mouse=\"false\"><br \/>\n<span class=\"text\">Leggi di pi\u00f9 &gt;&gt;<\/span><br \/>\n<\/a><\/p>\n<\/div>\n<\/div>\n<\/div>\n<div class=\"accordion-item\">\n<h2 class=\"accordion-header \"><button class=\"accordion-button collapsed\" type=\"button\" data-bs-toggle=\"collapse\" data-bs-target=\"#collapse1b\" aria-expanded=\"false\" aria-controls=\"collapse1b\">CYBER SICUREZZA<\/button><\/h2>\n<div id=\"collapse1b\" class=\"accordion-collapse collapse\" role=\"region\" aria-labelledby=\"heading1b\">\n<div class=\"accordion-body\">\n<p>Quello della cybersicurezza \u00e8 un tema trasversale, che riguarda i rapporti tra stati cos\u00ec come i privati. La digitalizzazione di un crescente numero di servizi &#8211; dalla telemedicina, all\u2019<em>e-government all\u2019internet banking &#8211; <\/em>aumenta l\u2019esposizione al rischio su questo fronte. Analogamente, la diffusione dell\u2019<em>internet of things<\/em> rende hackerabili anche gli oggetti di uso comune. La crescente diffusione dell\u2019intelligenza artificiale, poi, rende gli attacchi pi\u00f9 sofisticati (anche grazie all\u2019uso di <em>deepfake<\/em>) e promette di automatizzarne i processi, permettendo ai malintenzionati di agire con velocit\u00e0 e scale senza precedenti.<\/p>\n<p><a class=\"read-more\" title=\"Leggi l'articolo: Cyber Sicurezza\" href=\"https:\/\/www.esteri.it\/it\/diplomazia-economica-e-politica-commerciale\/diplomaziaeconomica\/innovazione-tecnologica-e-startup\/cyber-sicurezza\/\" data-focus-mouse=\"false\"><br \/>\n<span class=\"text\">Leggi di pi\u00f9 &gt;&gt;<\/span><br \/>\n<\/a><\/p>\n<\/div>\n<\/div>\n<\/div>\n<div class=\"accordion-item\">\n<h2 class=\"accordion-header \"><button class=\"accordion-button collapsed\" type=\"button\" data-bs-toggle=\"collapse\" data-bs-target=\"#collapse1c\" aria-expanded=\"false\" aria-controls=\"collapse1c\">TECNOLOGIE QUANTISTICHE<\/button><\/h2>\n<div id=\"collapse1c\" class=\"accordion-collapse collapse\" role=\"region\" aria-labelledby=\"heading1c\">\n<div class=\"accordion-body\">\n<p>Il <strong>Ministero degli Affari Esteri e della Cooperazione Internazionale<\/strong>\u00a0promuove una serie di azioni ed iniziative per favorire il dibattito internazionale sulle opportunit\u00e0 di crescita e sviluppo dell\u2019ecosistema delle\u00a0<strong>tecnologie quantistiche<\/strong>\u00a0e nel 2025 ha partecipato alla definizione della\u00a0<a href=\"https:\/\/www.mur.gov.it\/it\/strategia-italiana-le-tecnologie-quantistiche#:~:text=Il%20Governo%2C%20per%20dare%20concretezza%20agli%20obiettivi%20politico-strategici,tecnologie%20quantistiche%20%28leggi%20il%20documento%20ITA%20-%20ENG%29.\">Strategia italiana per le tecnologie quantistiche<\/a>.<\/p>\n<p><a class=\"read-more\" title=\"Leggi l'articolo: Tecnologie Quantistiche\" href=\"https:\/\/www.esteri.it\/it\/diplomazia-economica-e-politica-commerciale\/diplomaziaeconomica\/innovazione-tecnologica-e-startup\/tecnologie-quantistiche\/\" data-focus-mouse=\"false\"><br \/>\n<span class=\"text\">Leggi di pi\u00f9 &gt;&gt;<\/span><br \/>\n<\/a><\/p>\n<\/div>\n<\/div>\n<\/div>\n<div class=\"accordion-item\">\n<h2 class=\"accordion-header \"><button class=\"accordion-button collapsed\" type=\"button\" data-bs-toggle=\"collapse\" data-bs-target=\"#collapse1d\" aria-expanded=\"false\" aria-controls=\"collapse1d\">INTELLIGENZA ARTIFICIALE<\/button><\/h2>\n<div id=\"collapse1d\" class=\"accordion-collapse collapse\" role=\"region\" aria-labelledby=\"heading1d\">\n<div class=\"accordion-body\">\n<p>Di intelligenza artificiale si parla dagli anni \u201950, tra il test di Touring e la conferenza di Dartmouth (1956) dove per la prima volta si us\u00f2 il termine. La svolta nel settore, per\u00f2, \u00e8 arrivata solo dopo il 2017, quando i progressi della ricerca hanno reso possibile l\u2019introduzione dei modelli di apprendimento profondo noti come <em>transformer<\/em>. In particolare, negli ultimi anni si sono diffusi in modo estremamente veloce i modelli linguistici di larghe dimensioni (<em>LLM \u2013 Large Language Model<\/em>) di tipo GPT (<em>generative pre-trained transformer<\/em>), capaci di generare testi lunghi e di senso compiuto.<\/p>\n<p><a class=\"read-more\" title=\"Leggi l'articolo: Intelligenza Artificiale\" href=\"https:\/\/www.esteri.it\/it\/diplomazia-economica-e-politica-commerciale\/diplomaziaeconomica\/innovazione-tecnologica-e-startup\/intelligenza-artificiale\/\" data-focus-mouse=\"false\"><br \/>\n<span class=\"text\">Leggi di pi\u00f9 &gt;&gt;<\/span><br \/>\n<\/a><\/p>\n<\/div>\n<\/div>\n<\/div>\n<div class=\"accordion-item\">\n<h2 class=\"accordion-header \"><button class=\"accordion-button collapsed\" type=\"button\" data-bs-toggle=\"collapse\" data-bs-target=\"#collapse1e\" aria-expanded=\"false\" aria-controls=\"collapse1e\">STARTUP AEROSPAZIO<\/button><\/h2>\n<div id=\"collapse1e\" class=\"accordion-collapse collapse\" role=\"region\" aria-labelledby=\"heading1e\">\n<div class=\"accordion-body\">\n<p>Il <strong>Ministero degli Affari Esteri e della Cooperazione Internazionale<\/strong>\u00a0gioca un ruolo sempre pi\u00f9 rilevante nel\u00a0<strong>sostegno all\u2019ecosistema spaziale nazionale<\/strong>, con particolare attenzione a\u00a0<strong>startup e PMI innovative<\/strong>\u00a0attive nei segmenti pi\u00f9 dinamici della\u00a0<strong>new space economy<\/strong>.<\/p>\n<p><a class=\"read-more\" title=\"Leggi l'articolo: Intelligenza Artificiale\" href=\"https:\/\/www.esteri.it\/it\/diplomazia-economica-e-politica-commerciale\/diplomaziaeconomica\/innovazione-tecnologica-e-startup\/startup-aerospazio\/\" data-focus-mouse=\"false\"><br \/>\n<span class=\"text\">Leggi di pi\u00f9 &gt;&gt;<\/span><br \/>\n<\/a><\/p>\n<\/div>\n<\/div>\n<\/div>\n<div class=\"accordion-item\">\n<h2 class=\"accordion-header \"><button class=\"accordion-button collapsed\" type=\"button\" data-bs-toggle=\"collapse\" data-bs-target=\"#collapse1f\" aria-expanded=\"false\" aria-controls=\"collapse1f\">FOODTECH<\/button><\/h2>\n<div id=\"collapse1f\" class=\"accordion-collapse collapse\" role=\"region\" aria-labelledby=\"heading1f\">\n<div class=\"accordion-body\">\n<p>Con il termine Food tech si intendono le tecnologie applicate a valle della filiera alimentare, quelle che si concentrano quindi sulla <strong>trasformazione industriale degli alimenti, sulla distribuzione, sul consumo e sull\u2019esperienza alimentare del consumatore finale<\/strong>. Non si tratta quindi di \u201cprodurre di pi\u00f9\u201d, ma di\u00a0<strong>produrre, trasformare e consumare meglio<\/strong>, ripensando l\u2019intero sistema alimentare in termini di efficienza, sicurezza, valore nutrizionale e sostenibilit\u00e0.<\/p>\n<p><a class=\"read-more\" title=\"Leggi l'articolo: Foodtech\" href=\"https:\/\/www.esteri.it\/it\/diplomazia-economica-e-politica-commerciale\/diplomaziaeconomica\/innovazione-tecnologica-e-startup\/foodtech\/\" data-focus-mouse=\"false\"><br \/>\n<span class=\"text\">Leggi di pi\u00f9 &gt;&gt;<\/span><br \/>\n<\/a><\/p>\n<\/div>\n<\/div>\n<\/div>\n<div class=\"accordion-item\">\n<h2 class=\"accordion-header \"><button class=\"accordion-button collapsed\" type=\"button\" data-bs-toggle=\"collapse\" data-bs-target=\"#collapse1g\" aria-expanded=\"false\" aria-controls=\"collapse1g\">AGRITECH<\/button><\/h2>\n<div id=\"collapse1g\" class=\"accordion-collapse collapse\" role=\"region\" aria-labelledby=\"heading1g\">\n<div class=\"accordion-body\">\n<p>Il termine Agritech non ha una definizione univoca, con questo termine si tende ad indicare il passaggio da un modello agricolo basato su esperienza e lavoro manuale a uno data-driven, in cui decisioni operative e strategiche sono supportate da dati, sensori e algoritmi. Questo nuovo approccio ha portato allo sviluppo di nuove metodologie come Smart Farming, Agricoltura di Precisione o Digital Agriculture, termini spesso utilizzati come sinonimi o concetti complementari.<\/p>\n<p><a class=\"read-more\" title=\"Leggi l'articolo: Agritech\" href=\"https:\/\/www.esteri.it\/it\/diplomazia-economica-e-politica-commerciale\/diplomaziaeconomica\/innovazione-tecnologica-e-startup\/agritech\/\" data-focus-mouse=\"false\"><br \/>\n<span class=\"text\">Leggi di pi\u00f9 &gt;&gt;<\/span><br \/>\n<\/a><\/p>\n<\/div>\n<\/div>\n<\/div>\n<div class=\"accordion-item\">\n<h2 class=\"accordion-header \"><button class=\"accordion-button collapsed\" type=\"button\" data-bs-toggle=\"collapse\" data-bs-target=\"#collapse1h\" aria-expanded=\"false\" aria-controls=\"collapse1h\">FINTECH<\/button><\/h2>\n<div id=\"collapse1h\" class=\"accordion-collapse collapse\" role=\"region\" aria-labelledby=\"heading1h\">\n<div class=\"accordion-body\">\n<p>Il settore <strong>fintech<\/strong> rappresenta uno dei motori pi\u00f9 dinamici dell\u2019innovazione italiana. Negli ultimi anni sono emersi diversi casi di rilievo di successo aziendale che combinano competenze tecnologiche avanzate, creativit\u00e0 imprenditoriale e una profonda conoscenza dei mercati finanziari.<\/p>\n<p><a class=\"read-more\" title=\"Leggi l'articolo: Fintech\" href=\"https:\/\/www.esteri.it\/it\/diplomazia-economica-e-politica-commerciale\/diplomaziaeconomica\/innovazione-tecnologica-e-startup\/fintech\/\" data-focus-mouse=\"false\"><br \/>\n<span class=\"text\">Leggi di pi\u00f9 &gt;&gt;<\/span><br \/>\n<\/a><\/p>\n<\/div>\n<\/div>\n<\/div>\n<div class=\"accordion-item\">\n<h2 class=\"accordion-header \"><button class=\"accordion-button collapsed\" type=\"button\" data-bs-toggle=\"collapse\" data-bs-target=\"#collapse1i\" aria-expanded=\"false\" aria-controls=\"collapse1i\">CLEANTECH<\/button><\/h2>\n<div id=\"collapse1i\" class=\"accordion-collapse collapse\" role=\"region\" aria-labelledby=\"heading1i\">\n<div class=\"accordion-body\">\n<p>Clean tech \u00e8 il termine che indica l\u2019insieme di tecnologie, processi e soluzioni progettati per ridurre l\u2019impatto ambientale, migliorare l\u2019efficienza energetica e accelerare la transizione verso un\u2019economia a basse emissioni. Ne fanno parte settori come le energie rinnovabili, la mobilit\u00e0 elettrica e l\u2019economia circolare.<\/p>\n<p><a class=\"read-more\" title=\"Leggi l'articolo: Cleantech\" href=\"https:\/\/www.esteri.it\/it\/diplomazia-economica-e-politica-commerciale\/diplomaziaeconomica\/innovazione-tecnologica-e-startup\/cleantech\/\" data-focus-mouse=\"false\"><br \/>\n<span class=\"text\">Leggi di pi\u00f9 &gt;&gt;<\/span><br \/>\n<\/a><\/p>\n<\/div>\n<\/div>\n<\/div>\n<\/div>\n<\/div>\n<\/div>\n<\/div>\n<div class=\"accordion-item\">\n<h2 class=\"accordion-header \"><button class=\"accordion-button collapsed\" type=\"button\" data-bs-toggle=\"collapse\" data-bs-target=\"#collapse0d\" aria-expanded=\"false\" aria-controls=\"collapse0d\">VENTURE CAPITAL<\/button><\/h2>\n<div id=\"collapse0d\" class=\"accordion-collapse collapse\" role=\"region\" aria-labelledby=\"heading0d\">\n<div class=\"accordion-body\">\n<p>Il <strong>venture capital<\/strong>\u00a0\u00e8 un\u2019attivit\u00e0 di investimento attraverso la quale operatori professionali conferiscono capitali di rischio a imprese non ancora pienamente sviluppate, ma caratterizzate da un\u00a0<strong>elevato potenziale di crescita<\/strong>\u00a0e da un forte contenuto innovativo, acquisendo partecipazioni nel loro capitale sociale.<br \/>\nUn mercato di venture capital solido rappresenta un\u00a0<strong>elemento chiave<\/strong> per favorire la nascita e la crescita di nuove imprese ad alto contenuto tecnologico. Oltre alle risorse finanziarie, i fondi di VC offrono infatti supporto ai founder grazie a competenze tecniche, manageriali e strategiche fondamentali nelle prime fasi di sviluppo aziendale.<\/p>\n<p><a class=\"read-more\" title=\"Leggi l'articolo: Venture Capital\" href=\"https:\/\/www.esteri.it\/it\/diplomazia-economica-e-politica-commerciale\/diplomaziaeconomica\/innovazione-tecnologica-e-startup\/venture-capital\/\" data-focus-mouse=\"false\"><br \/>\n<span class=\"text\">Leggi di pi\u00f9 &gt;&gt;<\/span><br \/>\n<\/a><\/p>\n<\/div>\n<\/div>\n<\/div>\n<div class=\"accordion-item\">\n<h2 class=\"accordion-header \"><button class=\"accordion-button collapsed\" type=\"button\" data-bs-toggle=\"collapse\" data-bs-target=\"#collapse0e\" aria-expanded=\"false\" aria-controls=\"collapse0e\">ASSOCIAZIONI DI CATEGORIA<\/button><\/h2>\n<div id=\"collapse0e\" class=\"accordion-collapse collapse\" role=\"region\" aria-labelledby=\"heading0e\">\n<div class=\"accordion-body\">\n<p>Nel quadro dell\u2019azione di sostegno all\u2019<strong>internazionalizzazione delle imprese<\/strong>, il Ministero degli Affari Esteri e della Cooperazione Internazionale e\u00a0<strong>l\u2019Ufficio IV per la Promozione delle filiere industriali innovative e start-up della DGCE\u00a0<\/strong>dedicano una particolare attenzione alla promozione sui mercati internazionali delle\u00a0<strong>startup e scaleup italiane<\/strong>, e, pi\u00f9 in generale, degli ecosistemi nazionali dell\u2019innovazione, nell\u2019ottica di renderli sempre pi\u00f9 internazionalizzati e in grado di attrarre dall\u2019estero capitali, talenti, tecnologie e imprese.<\/p>\n<p><a class=\"read-more\" title=\"Leggi l'articolo: Associazioni di categoria\" href=\"https:\/\/www.esteri.it\/it\/diplomazia-economica-e-politica-commerciale\/diplomaziaeconomica\/innovazione-tecnologica-e-startup\/associazioni-di-categoria\/\" data-focus-mouse=\"false\"><br \/>\n<span class=\"text\">Leggi di pi\u00f9 &gt;&gt;<\/span><br \/>\n<\/a><\/p>\n<\/div>\n<\/div>\n<\/div>\n<div class=\"accordion-item\">\n<h2 class=\"accordion-header \"><button class=\"accordion-button collapsed\" type=\"button\" data-bs-toggle=\"collapse\" data-bs-target=\"#collapse0f\" aria-expanded=\"false\" aria-controls=\"collapse0f\">COLLABORAZIONI ISTITUZIONALI e LINK UTILI<\/button><\/h2>\n<div id=\"collapse0f\" class=\"accordion-collapse collapse\" role=\"region\" aria-labelledby=\"heading0f\">\n<div class=\"accordion-body\">\n<p>Le attivit\u00e0 dell\u2019Ufficio IV si concentrano sulla promozione internazionale dell\u2019ecosistema italiano dell\u2019innovazione e della tecnologia, che comprende startup, PMI innovative, fondi di venture capital, acceleratori, incubatori e poli d\u2019innovazione operanti nei principali settori ad alto contenuto tecnologico, tra cui intelligenza artificiale, cybersicurezza, biotecnologie, fintech, aerospazio, tecnologie quantistiche, cleantech, foodtech, agritech e altri ambiti affini.<\/p>\n<p><a class=\"read-more\" title=\"Leggi l'articolo: Collaborazioni istituzionali\" href=\"https:\/\/www.esteri.it\/it\/diplomazia-economica-e-politica-commerciale\/diplomaziaeconomica\/innovazione-tecnologica-e-startup\/collaborazioni-istituzionali\/\" data-focus-mouse=\"false\"><br \/>\n<span class=\"text\">Leggi di pi\u00f9 &gt;&gt;<\/span><br \/>\n<\/a><\/p>\n<\/div>\n<\/div>\n<\/div>\n<\/div>\n<p>&nbsp;<\/p>\n\n<p>&nbsp;<\/p>\n<p><strong>CONTATTI UTILI<\/strong><\/p>\n<p>Direzione Generale per la Crescita e la Promozione delle Esportazioni<\/p>\n<p>Ufficio IV \u2013 Promozione delle filiere industriali innovative e start-up<\/p>\n<p><a href=\"mailto:dgce04@esteri.it\">dgce04@esteri.it<\/a><\/p>\n","protected":false},"excerpt":{"rendered":"Promozione delle filiere industriali innovative e start-up Le attivit\u00e0 dell\u2019Ufficio IV si concentrano sulla\u00a0promozione internazionale dell\u2019ecosistema italiano dell\u2019innovazione e della tecnologia, che comprende\u00a0startup, PMI innovative, fondi di venture capital, acceleratori, incubatori e poli d\u2019innovazione operanti nei principali settori ad alto contenuto tecnologico, tra cui intelligenza artificiale, cybersicurezza, biotecnologie, fintech, aerospazio, tecnologie quantistiche, cleantech, foodtech, agritech [&hellip;]","protected":false},"author":1,"featured_media":0,"parent":329,"menu_order":2,"comment_status":"closed","ping_status":"closed","template":"","meta":{"footnotes":""},"class_list":["post-165844","page","type-page","status-publish","hentry"],"_links":{"self":[{"href":"https:\/\/www.esteri.it\/it\/wp-json\/wp\/v2\/pages\/165844","targetHints":{"allow":["GET"]}}],"collection":[{"href":"https:\/\/www.esteri.it\/it\/wp-json\/wp\/v2\/pages"}],"about":[{"href":"https:\/\/www.esteri.it\/it\/wp-json\/wp\/v2\/types\/page"}],"author":[{"embeddable":true,"href":"https:\/\/www.esteri.it\/it\/wp-json\/wp\/v2\/users\/1"}],"replies":[{"embeddable":true,"href":"https:\/\/www.esteri.it\/it\/wp-json\/wp\/v2\/comments?post=165844"}],"version-history":[{"count":23,"href":"https:\/\/www.esteri.it\/it\/wp-json\/wp\/v2\/pages\/165844\/revisions"}],"predecessor-version":[{"id":182341,"href":"https:\/\/www.esteri.it\/it\/wp-json\/wp\/v2\/pages\/165844\/revisions\/182341"}],"up":[{"embeddable":true,"href":"https:\/\/www.esteri.it\/it\/wp-json\/wp\/v2\/pages\/329"}],"wp:attachment":[{"href":"https:\/\/www.esteri.it\/it\/wp-json\/wp\/v2\/media?parent=165844"}],"curies":[{"name":"wp","href":"https:\/\/api.w.org\/{rel}","templated":true}]}}