{"id":165884,"date":"2025-12-19T12:16:11","date_gmt":"2025-12-19T11:16:11","guid":{"rendered":"https:\/\/www.esteri.it\/?page_id=165884"},"modified":"2025-12-19T12:16:11","modified_gmt":"2025-12-19T11:16:11","slug":"diplomazia-digitale-e-nuove-tecnologie","status":"publish","type":"page","link":"https:\/\/www.esteri.it\/it\/politica-estera-e-cooperazione-allo-sviluppo\/temi_globali\/diplomazia_cyber_e_digitale\/diplomazia-digitale-e-nuove-tecnologie\/","title":{"rendered":"Diplomazia digitale e nuove tecnologie"},"content":{"rendered":"<p>La diplomazia digitale \u00e8 un concetto in continua evoluzione che riflette il crescente ruolo delle tecnologie nell&#8217;arena internazionale. Come la diplomazia tradizionale, la diplomazia digitale ha lo scopo di promuovere la pace, la cooperazione e la stabilit\u00e0, ma lo fa sfruttando le opportunit\u00e0 e affrontando le sfide del mondo digitale.<\/p>\n<p>La diplomazia digitale facilita la creazione di legami tra Paesi, con l&#8217;obiettivo di sviluppare politiche comuni su temi globali, come la protezione della privacy, la regolamentazione di Internet, la lotta contro la criminalit\u00e0 informatica e la difesa degli utenti online.<\/p>\n<p>Questa nuova forma di diplomazia non solo rende le politiche estere pi\u00f9 agili e reattive, ma consente anche di raggiungere un pubblico globale, contribuendo alla costruzione di una comunit\u00e0 internazionale pi\u00f9 trasparente e interconnessa.<\/p>\n<p>In raccordo con le altre Amministrazioni dello Stato, il MAECI assicura il posizionamento dell\u2019Italia sui pertinenti tavoli internazionali: UE, ONU, OCSE, G7, G20 e altri gruppi tematici.<\/p>\n<p>Con riferimento al contesto europeo, particolarmente importante \u00e8 l\u2019impegno nell\u2019attuazione della <a href=\"https:\/\/digital-strategy.ec.europa.eu\/en\/policies\/international-digital-strategy\">Strategia Digitale Internazionale dell\u2019UE<\/a>.<\/p>\n<p>Centrali nelle attivit\u00e0 della diplomazia digitale sono la promozione dei diritti e delle libert\u00e0 fondamentali online, l\u2019attenzione alle infrastrutture digitali e la governance delle nuove tecnologie, come l\u2019intelligenza artificiale, il <em>quantum<\/em>, il <em>blockchain<\/em>, la connettivit\u00e0 5G, le reti neurali, le biotecnologie e l\u2019<em>Internet delle cose<\/em>.<\/p>\n<p>Per quanto riguarda queste ultime, il MAECI contribuisce anche all\u2019attuazione dei profili di competenza della <a href=\"https:\/\/innovazione.gov.it\/notizie\/articoli\/strategia-italiana-per-l-intelligenza-artificiale-2024-2026\/\">Strategia Nazionale per l\u2019Intelligenza Artificiale<\/a> e della <a href=\"https:\/\/www.mur.gov.it\/it\/strategia-italiana-le-tecnologie-quantistiche\">Strategia Nazionale per le Tecnologie Quantistiche<\/a>.<\/p>\n","protected":false},"excerpt":{"rendered":"La diplomazia digitale \u00e8 un concetto in continua evoluzione che riflette il crescente ruolo delle tecnologie nell&#8217;arena internazionale. Come la diplomazia tradizionale, la diplomazia digitale ha lo scopo di promuovere la pace, la cooperazione e la stabilit\u00e0, ma lo fa sfruttando le opportunit\u00e0 e affrontando le sfide del mondo digitale. La diplomazia digitale facilita la [&hellip;]","protected":false},"author":17,"featured_media":0,"parent":31096,"menu_order":20,"comment_status":"closed","ping_status":"closed","template":"page-estera.php","meta":{"footnotes":""},"class_list":["post-165884","page","type-page","status-publish","hentry"],"_links":{"self":[{"href":"https:\/\/www.esteri.it\/it\/wp-json\/wp\/v2\/pages\/165884","targetHints":{"allow":["GET"]}}],"collection":[{"href":"https:\/\/www.esteri.it\/it\/wp-json\/wp\/v2\/pages"}],"about":[{"href":"https:\/\/www.esteri.it\/it\/wp-json\/wp\/v2\/types\/page"}],"author":[{"embeddable":true,"href":"https:\/\/www.esteri.it\/it\/wp-json\/wp\/v2\/users\/17"}],"replies":[{"embeddable":true,"href":"https:\/\/www.esteri.it\/it\/wp-json\/wp\/v2\/comments?post=165884"}],"version-history":[{"count":1,"href":"https:\/\/www.esteri.it\/it\/wp-json\/wp\/v2\/pages\/165884\/revisions"}],"predecessor-version":[{"id":165890,"href":"https:\/\/www.esteri.it\/it\/wp-json\/wp\/v2\/pages\/165884\/revisions\/165890"}],"up":[{"embeddable":true,"href":"https:\/\/www.esteri.it\/it\/wp-json\/wp\/v2\/pages\/31096"}],"wp:attachment":[{"href":"https:\/\/www.esteri.it\/it\/wp-json\/wp\/v2\/media?parent=165884"}],"curies":[{"name":"wp","href":"https:\/\/api.w.org\/{rel}","templated":true}]}}