{"id":166375,"date":"2025-12-23T14:13:28","date_gmt":"2025-12-23T13:13:28","guid":{"rendered":"https:\/\/www.esteri.it\/?page_id=166375"},"modified":"2026-03-11T09:43:25","modified_gmt":"2026-03-11T08:43:25","slug":"sg","status":"publish","type":"page","link":"https:\/\/www.esteri.it\/it\/ministero\/struttura\/sg\/","title":{"rendered":"Segreteria Generale"},"content":{"rendered":"<div class=\"table-responsive\">\n<table id=\"Table1\">\n<tbody>\n<tr>\n<td class=\"col-1\" scope=\"col\">Denominazione ufficio<\/td>\n<td class=\"col-3\" scope=\"col\"><strong>Segreteria Generale<\/strong><\/td>\n<\/tr>\n<tr>\n<td>Competenze<\/td>\n<td>Il Segretario generale coadiuva direttamente il Ministro ai fini dell&#8217;elaborazione degli indirizzi e dei programmi del Ministero; sovrintende all&#8217;azione dell&#8217;Amministrazione e ne assicura la continuit\u00e0 delle funzioni, coordinandone gli uffici e le attivit\u00e0.<br \/>\nIl Segretario generale \u00e8 assistito da un Vice segretario generale cui sono conferite le funzioni vicarie e cui sono, in particolare, demandate le funzioni di coordinamento delle attivit\u00e0 degli uffici volte a promuovere, negli ambiti di competenza del Ministero, la crescita dell&#8217;economia nazionale e del sistema Italia. Essi si avvalgono delle unit\u00e0 e degli uffici della Segreteria generale.<br \/>\nQuando l&#8217;esercizio delle funzioni di cui all&#8217;articolo 6, comma 1, terzo periodo, del decreto legislativo 30 luglio 1999, n. 300, riguarda profili di cui all&#8217;articolo 5, comma 2, del DPR 19 maggio 2010, n. 95, il Segretario generale \u00e8 altres\u00ec assistito dal Direttore generale per gli affari politici e la sicurezza internazionale, cui \u00e8 conferito il titolo di vice Segretario generale.<br \/>\nLa funzione di coordinamento \u00e8 volta ad assicurare, sotto i diversi aspetti, l&#8217;unit\u00e0 di indirizzo, la tempestivit\u00e0 e la continuit\u00e0 dell&#8217;azione degli uffici dell&#8217;amministrazione in Italia e all&#8217;estero, a promuovere le attivit\u00e0 di comunicazione istituzionale degli uffici in Italia e all&#8217;estero, nonch\u00e9 a semplificare i procedimenti di competenza del Ministero e il rapporto dei cittadini e delle imprese con l&#8217;amministrazione, anche mediante i processi di innovazione e l&#8217;utilizzo di nuove tecnologie.<\/td>\n<\/tr>\n<tr>\n<td>Nominativo responsabile<\/td>\n<td>Amb. <a href=\"https:\/\/www.esteri.it\/it\/ministero\/struttura\/sg\/segretario-generale-sg\">Riccardo Guariglia<\/a><\/td>\n<\/tr>\n<tr>\n<td>Qualifica<\/td>\n<td>Segretario Generale<\/td>\n<\/tr>\n<tr>\n<td>Nominativo responsabile<\/td>\n<td>Amb. <a href=\"https:\/\/www.esteri.it\/it\/ministero\/struttura\/sg\/vice-segretario-generale-sg\/\">Carlo Lo Cascio<\/a><\/td>\n<\/tr>\n<tr>\n<td>Qualifica<\/td>\n<td>Vice Segretario Generale Vicario<\/td>\n<\/tr>\n<tr>\n<td>Recapito telefonico<\/td>\n<td>06.36911<\/td>\n<\/tr>\n<tr>\n<td>Casella di posta elettronica ordinaria<\/td>\n<td><a href=\"mailto:sg.segreteria@esteri.it\">sg.segreteria@esteri.it<\/a><\/td>\n<\/tr>\n<tr>\n<td>Casella di posta elettronica certificata<\/td>\n<td><a href=\"mailto:ministero.affariesteri@cert.esteri.it\">ministero.affariesteri@cert.esteri.it<\/a><\/td>\n<\/tr>\n<\/tbody>\n<\/table>\n<p>&nbsp;<\/p>\n<p><a href=\"http:\/\/www.esteri.it\/mae\/resource\/organigramma\/doc\/org_sg.pdf\"><img decoding=\"async\" class=\"img-fluid alignnone size-full\" src=\"http:\/\/www.esteri.it\/mae\/resource\/organigramma\/img\/org_sg.jpg\" alt=\"organigramma SG\" \/><\/a><\/p>\n<div class=\"table-responsive\">\n<table class=\"table table-sm export-table table-bordered\">\n<tbody>\n<tr>\n<td class=\"col-1\" scope=\"col\">Denominazione ufficio<\/td>\n<td class=\"col-3\" scope=\"col\"><strong>Unit\u00e0 per la semplificazione e il coordinamento<\/strong><\/td>\n<\/tr>\n<tr>\n<td>Competenze<\/td>\n<td>Unit\u00e0 che coadiuva il Segretario Generale e il Vice Segretario Generale con funzioni vicarie nel coordinamento dell\u2019attivit\u00e0 dell\u2019amministrazione e nella promozione della cultura della semplificazione; propone soluzioni innovative sul piano regolamentare e organizzativo e sotto il profilo dell\u2019efficacia e dell\u2019efficienza dell\u2019attivit\u00e0 dell\u2019Amministrazione.<\/td>\n<\/tr>\n<tr>\n<td>Nominativo responsabile<\/td>\n<td>Min.Plen. Francesca Santoro<\/td>\n<\/tr>\n<tr>\n<td>Qualifica<\/td>\n<td>Capo Unit\u00e0<\/td>\n<\/tr>\n<tr>\n<td>Recapito telefonico<\/td>\n<td>+39 06.3691.2050<\/td>\n<\/tr>\n<tr>\n<td>Casella di posta elettronica ordinaria<\/td>\n<td>SG, Unit\u00e0 di Coordinamento <a href=\"mailto:SGUDC@esteri.it\">SGUDC@esteri.it<\/a>; <a href=\"mailto:semplificazione@esteri.it\">semplificazione@esteri.it<\/a>;<\/td>\n<\/tr>\n<tr>\n<td>Casella di posta elettronica certificata<\/td>\n<td><a href=\"mailto:ministero.affariesteri@cert.esteri.it\">ministero.affariesteri@cert.esteri.it<\/a>; <a href=\"mailto:segreteria.generale@cert.esteri.it\">segreteria.generale@cert.esteri.it<\/a>; <a href=\"mailto:verificacertificati@cert.esteri.it\">verificacertificati@cert.esteri.it<\/a><\/td>\n<\/tr>\n<\/tbody>\n<\/table>\n<\/div>\n<p>&nbsp;<\/p>\n<div class=\"table-responsive\">\n<table class=\"table table-sm export-table table-bordered\">\n<tbody>\n<tr>\n<td class=\"col-1\" scope=\"col\">Denominazione ufficio<\/td>\n<td class=\"col-3\" scope=\"col\"><strong>Unit\u00e0 di crisi<\/strong><\/td>\n<\/tr>\n<tr>\n<td>Competenze<\/td>\n<td>Tutela degli italiani all\u2019estero in situazioni di crisi<\/td>\n<\/tr>\n<tr>\n<td>Nominativo responsabile<\/td>\n<td>Min. Plen. Nicola Minasi<\/td>\n<\/tr>\n<tr>\n<td>Qualifica<\/td>\n<td>Capo Unit\u00e0 di crisi<\/td>\n<\/tr>\n<tr>\n<td>Recapito telefonico<\/td>\n<td>+39 06.33225<\/td>\n<\/tr>\n<tr>\n<td>Casella di posta elettronica ordinaria<\/td>\n<td><a href=\"mailto:unita.crisi@esteri.it\">unita.crisi@esteri.it<\/a><\/td>\n<\/tr>\n<tr>\n<td>Casella di posta elettronica certificata<\/td>\n<td><a href=\"mailto:unita.crisi@cert.esteri.it\">unita.crisi@cert.esteri.it<\/a><\/td>\n<\/tr>\n<\/tbody>\n<\/table>\n<\/div>\n<p>&nbsp;<\/p>\n<div class=\"table-responsive\">\n<table class=\"table table-sm export-table table-bordered\">\n<tbody>\n<tr>\n<td class=\"col-1\" scope=\"col\">Denominazione ufficio<\/td>\n<td class=\"col-3\" scope=\"col\"><strong>Unit\u00e0 per la comunicazione<\/strong><\/td>\n<\/tr>\n<tr>\n<td>Competenze<\/td>\n<td>Assicura il coordinamento delle attivit\u00e0 del Ministero in materia di comunicazione: gestione dei rapporti con la stampa nazionale e internazionale; comunicazione istituzionale del vertice politico del Ministero, in collaborazione con gli uffici centrali del Ministero e le sedi estere; coordinamento delle campagne di comunicazione istituzionale per le iniziative e i grandi eventi del Ministero; comunicazione strategica; comunicazione istituzionale sui canali digitali e coordinamento dell\u2019identit\u00e0 visiva del Ministero; gestione degli aspetti stampa degli eventi organizzati dal Ministero; questioni relative all\u2019accreditamento e all\u2019attivit\u00e0 professionale in Italia dei giornalisti stranieri; gestione del sito web e dei mini-siti delle sedi all\u2019estero; predisposizione delle rassegne stampa; fornitura di beni e servizi nel campo dell\u2019informazione per gli uffici del Ministero; rapporti con il Dipartimento per l\u2019Informazione e l\u2019Editoria della Presidenza del Consiglio dei Ministri e altre istituzioni pubbliche nel campo della comunicazione; formazione stampa per uffici e funzionari di Ministero e rete estera, in collaborazione con gli uffici centrali del Ministero preposti.<\/td>\n<\/tr>\n<tr>\n<td>Nominativo responsabile<\/td>\n<td>Cons. Amb. Jessica Cupellini<\/td>\n<\/tr>\n<tr>\n<td>Qualifica<\/td>\n<td>Capo Unit\u00e0<\/td>\n<\/tr>\n<tr>\n<td>Recapito telefonico<\/td>\n<td>+39 06.3691 2070<\/td>\n<\/tr>\n<tr>\n<td>Casella di posta elettronica ordinaria<\/td>\n<td><a href=\"mailto:stampa.farnesina@esteri.it\">stampa.farnesina@esteri.it<\/a><\/td>\n<\/tr>\n<tr>\n<td>Casella di posta elettronica certificata<\/td>\n<td><a href=\"mailto:sg.stampa@cert.esteri.it\">sg.stampa@cert.esteri.it<\/a><\/td>\n<\/tr>\n<\/tbody>\n<\/table>\n<\/div>\n<p>&nbsp;<\/p>\n<div class=\"table-responsive\">\n<table class=\"table table-sm export-table table-bordered\">\n<tbody>\n<tr>\n<td class=\"col-1\" scope=\"col\">Denominazione ufficio<\/td>\n<td class=\"col-3\" scope=\"col\"><strong>Ufficio dell\u2019Organo Centrale di Sicurezza \u2013 Segreteria Speciale Principale<\/strong><\/td>\n<\/tr>\n<tr>\n<td>Competenze<\/td>\n<td>Coadiuva il funzionario alla sicurezza nei compiti disciplinati dalle Disposizioni per la tutela amministrativa del Segreto di Stato e delle informazioni classificate e a diffusione esclusiva.<\/td>\n<\/tr>\n<tr>\n<td>Nominativo responsabile<\/td>\n<td>&#8212;<\/td>\n<\/tr>\n<tr>\n<td>Qualifica<\/td>\n<td>Capo Ufficio<\/td>\n<\/tr>\n<tr>\n<td>Recapito telefonico<\/td>\n<td>+39 06.36915943 e 06.36912194<\/td>\n<\/tr>\n<tr>\n<td>Casella di posta elettronica ordinaria<\/td>\n<td><a href=\"mailto:segr.ocs-sez1@esteri.it\">segr.ocs-sez1@esteri.it<\/a>; <a href=\"mailto:ocs.absic@esteri.it\">ocs.absic@esteri.it<\/a>; <a href=\"mailto:ocs.segreteria@esteri.it\"><span style=\"font-family: inherit; font-size: inherit;\">ocs.segreteria@esteri.it<\/span><\/a><\/td>\n<\/tr>\n<tr>\n<td>Casella di posta elettronica certificata<\/td>\n<td><a href=\"mailto:segr.ocs_ssp@cert.esteri.it\">segr.ocs_ssp@cert.esteri.it<\/a>; <a href=\"mailto:segr.ocs_absic@cert.esteri.it\"><span style=\"font-family: inherit; font-size: inherit;\">segr.ocs_absic@cert.esteri.it<\/span><\/a><\/td>\n<\/tr>\n<\/tbody>\n<\/table>\n<\/div>\n<p>&nbsp;<\/p>\n<div class=\"table-responsive\">\n<table class=\"table table-sm export-table table-bordered\">\n<tbody>\n<tr>\n<td class=\"col-1\" scope=\"col\">Denominazione ufficio<\/td>\n<td class=\"col-3\" scope=\"col\"><strong>Autorit\u00e0 Nazionale UAMA<\/strong><\/td>\n<\/tr>\n<tr>\n<td>Competenze<\/td>\n<td>Autorit\u00e0 preposta al controllo sulla movimentazione di materiali d\u2019armamento e di beni a duplice uso<\/td>\n<\/tr>\n<tr>\n<td>Nominativo responsabile<\/td>\n<td>Min. Plen. Giorgio Aliberti<\/td>\n<\/tr>\n<tr>\n<td>Qualifica<\/td>\n<td>Direttore<\/td>\n<\/tr>\n<tr>\n<td>Recapito telefonico<\/td>\n<td>+39 06.3691.3603 e +39 06.3691.3605<\/td>\n<\/tr>\n<tr>\n<td>Casella di posta elettronica ordinaria<\/td>\n<td><a href=\"mailto:segreteria.uama@esteri.it\">segreteria.uama@esteri.it<\/a><\/td>\n<\/tr>\n<tr>\n<td>Casella di posta elettronica certificata<\/td>\n<td><a href=\"mailto:uama.mae@cert.esteri.it\">uama.mae@cert.esteri.it<\/a><\/td>\n<\/tr>\n<\/tbody>\n<\/table>\n<\/div>\n<p>&nbsp;<\/p>\n<p>&nbsp;<\/p>\n<\/div>\n","protected":false},"excerpt":{"rendered":"Denominazione ufficio Segreteria Generale Competenze Il Segretario generale coadiuva direttamente il Ministro ai fini dell&#8217;elaborazione degli indirizzi e dei programmi del Ministero; sovrintende all&#8217;azione dell&#8217;Amministrazione e ne assicura la continuit\u00e0 delle funzioni, coordinandone gli uffici e le attivit\u00e0. Il Segretario generale \u00e8 assistito da un Vice segretario generale cui sono conferite le funzioni vicarie e [&hellip;]","protected":false},"author":1,"featured_media":0,"parent":28818,"menu_order":30,"comment_status":"closed","ping_status":"closed","template":"","meta":{"footnotes":""},"class_list":["post-166375","page","type-page","status-publish","hentry"],"_links":{"self":[{"href":"https:\/\/www.esteri.it\/it\/wp-json\/wp\/v2\/pages\/166375","targetHints":{"allow":["GET"]}}],"collection":[{"href":"https:\/\/www.esteri.it\/it\/wp-json\/wp\/v2\/pages"}],"about":[{"href":"https:\/\/www.esteri.it\/it\/wp-json\/wp\/v2\/types\/page"}],"author":[{"embeddable":true,"href":"https:\/\/www.esteri.it\/it\/wp-json\/wp\/v2\/users\/1"}],"replies":[{"embeddable":true,"href":"https:\/\/www.esteri.it\/it\/wp-json\/wp\/v2\/comments?post=166375"}],"version-history":[{"count":8,"href":"https:\/\/www.esteri.it\/it\/wp-json\/wp\/v2\/pages\/166375\/revisions"}],"predecessor-version":[{"id":179168,"href":"https:\/\/www.esteri.it\/it\/wp-json\/wp\/v2\/pages\/166375\/revisions\/179168"}],"up":[{"embeddable":true,"href":"https:\/\/www.esteri.it\/it\/wp-json\/wp\/v2\/pages\/28818"}],"wp:attachment":[{"href":"https:\/\/www.esteri.it\/it\/wp-json\/wp\/v2\/media?parent=166375"}],"curies":[{"name":"wp","href":"https:\/\/api.w.org\/{rel}","templated":true}]}}