{"id":166387,"date":"2025-12-23T15:12:36","date_gmt":"2025-12-23T14:12:36","guid":{"rendered":"https:\/\/www.esteri.it\/?page_id=166387"},"modified":"2026-03-30T11:31:30","modified_gmt":"2026-03-30T09:31:30","slug":"dgce","status":"publish","type":"page","link":"https:\/\/www.esteri.it\/it\/ministero\/struttura\/dgce\/","title":{"rendered":"Direzione Generale per la Crescita e la Promozione delle Esportazioni"},"content":{"rendered":"<div class=\"table-responsive\">\n<table class=\"table table-sm export-table table-bordered\">\n<tbody>\n<tr>\n<td class=\"col-1\" scope=\"col\">Denominazione ufficio<\/td>\n<td class=\"col-3\" scope=\"col\"><strong>Direzione Generale per la Crescita e la Promozione delle Esportazioni<\/strong><\/td>\n<\/tr>\n<tr>\n<td>Competenze<\/td>\n<td>La Direzione generale per la crescita e la promozione delle esportazioni attende ai seguenti compiti:<br \/>\na) assicura, d&#8217;intesa con le altre Direzioni generali competenti, anche attraverso la rete degli uffici all&#8217;estero, la coerenza complessiva delle attivit\u00e0 di promozione, sostegno e valorizzazione con l&#8217;estero del Paese e di tutte le sue componenti;<br \/>\nb) promuove la diffusione della scienza, della tecnologia e della creativit\u00e0 italiane all&#8217;estero, anche attraverso il coordinamento della rete degli addetti scientifici e spaziali e tratta le questioni attinenti alle organizzazioni internazionali competenti in ambito scientifico e tecnologico;<br \/>\nc) tratta le questioni di competenza del Ministero relative allo spazio e all&#8217;aerospazio;<br \/>\nd) promuove, nel rispetto delle competenze delle altre amministrazioni dello Stato e d&#8217;intesa con queste, anche in relazione ad enti di rispettivo riferimento, l&#8217;internazionalizzazione del sistema Paese e segue i rapporti con le realt\u00e0 produttive italiane e le relative associazioni di categoria, nonch\u00e9 con le Regioni e le altre autonomie locali per quanto attiene alle loro attivit\u00e0 con l&#8217;estero;<br \/>\ne) promuove e sviluppa, d&#8217;intesa con le altre competenti amministrazioni dello Stato, iniziative dirette a sostenere l&#8217;attivit\u00e0 all&#8217;estero delle imprese italiane ed a favorire gli investimenti esteri in Italia;<br \/>\nf) partecipa alle attivit\u00e0 e si coordina con gli enti ed organismi di diritto italiano che assolvono a compiti relativi alla materia del credito e degli investimenti all&#8217;estero;<br \/>\ng) tratta le questioni di competenza delle organizzazioni internazionali per la cooperazione economica e commerciale e quelle relative alla tutela della propriet\u00e0 intellettuale;<br \/>\nh) promuove l&#8217;italofonia e la cultura italiana all&#8217;estero, anche attraverso la gestione della rete degli istituti italiani di cultura;<br \/>\ni) cura le attivit\u00e0 di competenza del Ministero in relazione alle borse di studio e ai programmi di scambio scolastici e accademici;<br \/>\nl) tratta le questioni afferenti alla cultura nelle relazioni con enti e organizzazioni internazionali, ferme restando le competenze di tutela del Ministero della cultura nell&#8217;azione di recupero di beni culturali appartenenti al patrimonio culturale nazionale illecitamente esportati all&#8217;estero;<br \/>\nm) adotta le opportune iniziative per agevolare l&#8217;attivit\u00e0 presso universit\u00e0 ed enti di ricerca italiani di docenti e ricercatori stranieri, nonch\u00e9 l&#8217;attivit\u00e0 presso universit\u00e0 ed enti di ricerca straniera di docenti e ricercatori italiani.<\/td>\n<\/tr>\n<tr>\n<td>Nominativo responsabile<\/td>\n<td><a href=\"https:\/\/www.esteri.it\/it\/ministero\/struttura\/dgce\/direttore-generale-dgce\">Mauro Battocchi<\/a><\/td>\n<\/tr>\n<tr>\n<td>Qualifica<\/td>\n<td>Direttore Generale per la Crescita e la Promozione delle Esportazioni<\/td>\n<\/tr>\n<tr>\n<td>Recapito telefonico<\/td>\n<td>06.36918492<\/td>\n<\/tr>\n<tr>\n<td>Casella di posta elettronica ordinaria<\/td>\n<td><a href=\"mailto:dgce.segreteria@esteri.it\">dgce.segreteria@esteri.it<\/a><\/td>\n<\/tr>\n<tr>\n<td>Casella di posta elettronica certificata<\/td>\n<td><a href=\"mailto:dgce.segreteria@cert.esteri.it\">dgce.segreteria@cert.esteri.it<\/a><\/td>\n<\/tr>\n<\/tbody>\n<\/table>\n<p>&nbsp;<\/p>\n<\/div>\n<p><a href=\"https:\/\/www.esteri.it\/mae\/resource\/organigramma\/doc\/org_dgce.pdf\"><img decoding=\"async\" class=\"img-fluid alignnone size-full\" src=\"https:\/\/www.esteri.it\/mae\/resource\/organigramma\/img\/org_dgce.jpg\" alt=\"organigramma DGCE\" \/><\/a><\/p>\n<p>&nbsp;<\/p>\n<div class=\"table-responsive\">\n<table class=\"table table-sm export-table table-bordered\">\n<tbody>\n<tr>\n<td class=\"col-1\" scope=\"col\">Denominazione ufficio<\/td>\n<td class=\"col-3\" scope=\"col\"><strong>Segreteria<\/strong><\/td>\n<\/tr>\n<tr>\n<td>Competenze<\/td>\n<td>Direzione Generale per la crescita e la promozione delle esportazioni<\/td>\n<\/tr>\n<tr>\n<td>Nominativo responsabile<\/td>\n<td>Cons. Leg. Francesco Corsaro<\/td>\n<\/tr>\n<tr>\n<td>Qualifica<\/td>\n<td>Capo Segreteria<\/td>\n<\/tr>\n<tr>\n<td>Recapito telefonico<\/td>\n<td>06.36918492<br \/>\n06.36918417<\/td>\n<\/tr>\n<tr>\n<td>Casella di posta elettronica ordinaria<\/td>\n<td><a href=\"mailto:dgce.segreteria@esteri.it\">dgce.segreteria@esteri.it<\/a><\/td>\n<\/tr>\n<tr>\n<td>Casella di posta elettronica certificata<\/td>\n<td><a href=\"mailto:dgce.segreteria@cert.esteri.it\">dgce.segreteria@cert.esteri.it<\/a><\/td>\n<\/tr>\n<\/tbody>\n<\/table>\n<\/div>\n<p>&nbsp;<\/p>\n<div class=\"table-responsive\">\n<table class=\"table table-sm export-table table-bordered\">\n<tbody>\n<tr>\n<td class=\"col-1\" scope=\"col\">Denominazione ufficio<\/td>\n<td class=\"col-3\" scope=\"col\"><strong>Ufficio I: Indirizzo e vigilanza sull\u2019ICE \u2013 Agenzia per la promozione all\u2019estero e l\u2019internazionalizzazione delle imprese italiane<\/strong><\/td>\n<\/tr>\n<tr>\n<td>Competenze<\/td>\n<td>Indirizzo e vigilanza sull\u2019ICE \u2013 Agenzia per la promozione all\u2019estero e l\u2019internazionalizzazione delle imprese italiane<\/td>\n<\/tr>\n<tr>\n<td>Nominativo responsabile<\/td>\n<td>Cons. Amb. Alessandra Pastorelli<\/td>\n<\/tr>\n<tr>\n<td>Qualifica<\/td>\n<td>Capo Ufficio<\/td>\n<\/tr>\n<tr>\n<td>Recapito telefonico<\/td>\n<td>06.36915143<\/td>\n<\/tr>\n<tr>\n<td>Casella di posta elettronica ordinaria<\/td>\n<td><a href=\"mailto:dgce01@esteri.it\">dgce01@esteri.it<\/a><\/td>\n<\/tr>\n<tr>\n<td>Casella di posta elettronica certificata<\/td>\n<td><a href=\"mailto:dgce01@cert.esteri.it\">dgce01@cert.esteri.it<\/a><\/td>\n<\/tr>\n<\/tbody>\n<\/table>\n<\/div>\n<p>&nbsp;<\/p>\n<div class=\"table-responsive\">\n<table class=\"table table-sm export-table table-bordered\">\n<tbody>\n<tr>\n<td class=\"col-1\" scope=\"col\">Denominazione ufficio<\/td>\n<td class=\"col-3\" scope=\"col\"><strong>Ufficio II: investimenti esteri e controlli sugli investimenti<\/strong><\/td>\n<\/tr>\n<tr>\n<td>Competenze<\/td>\n<td>Investimenti esteri e controlli sugli investimenti<\/td>\n<\/tr>\n<tr>\n<td>Nominativo responsabile<\/td>\n<td>Cons. Leg. Andrea Pompermaier<\/td>\n<\/tr>\n<tr>\n<td>Qualifica<\/td>\n<td>Capo Ufficio<\/td>\n<\/tr>\n<tr>\n<td>Recapito telefonico<\/td>\n<td>06.36912625<\/td>\n<\/tr>\n<tr>\n<td>Casella di posta elettronica ordinaria<\/td>\n<td><a href=\"mailto:dgce02@esteri.it\">dgce02@esteri.it<\/a><\/td>\n<\/tr>\n<tr>\n<td>Casella di posta elettronica certificata<\/td>\n<td><a href=\"mailto:dgce02@cert.esteri.it\">dgce02@cert.esteri.it<\/a><\/td>\n<\/tr>\n<\/tbody>\n<\/table>\n<\/div>\n<p>&nbsp;<\/p>\n<div class=\"table-responsive\">\n<table class=\"table table-sm export-table table-bordered\">\n<tbody>\n<tr>\n<td class=\"col-1\" scope=\"col\">Denominazione ufficio<\/td>\n<td class=\"col-3\" scope=\"col\"><strong>Ufficio III: strumenti finanziari per l\u2019internazionalizzazione<\/strong><\/td>\n<\/tr>\n<tr>\n<td>Competenze<\/td>\n<td>Strumenti finanziari per l\u2019internazionalizzazione<\/td>\n<\/tr>\n<tr>\n<td>Nominativo responsabile<\/td>\n<td>Cons. Leg. Alessandro Costa<\/td>\n<\/tr>\n<tr>\n<td>Qualifica<\/td>\n<td>Capo Ufficio<\/td>\n<\/tr>\n<tr>\n<td>Recapito telefonico<\/td>\n<td>06.36914021<\/td>\n<\/tr>\n<tr>\n<td>Casella di posta elettronica ordinaria<\/td>\n<td><a href=\"mailto:dgce03@esteri.it\">dgce03@esteri.it<\/a><\/td>\n<\/tr>\n<tr>\n<td>Casella di posta elettronica certificata<\/td>\n<td><a href=\"mailto:dgce03@cert.esteri.it\">dgce03@cert.esteri.it<\/a><\/td>\n<\/tr>\n<\/tbody>\n<\/table>\n<\/div>\n<p>&nbsp;<\/p>\n<div class=\"table-responsive\">\n<table class=\"table table-sm export-table table-bordered\">\n<tbody>\n<tr>\n<td class=\"col-1\" scope=\"col\">Denominazione ufficio<\/td>\n<td class=\"col-3\" scope=\"col\"><strong>Ufficio IV: promozione delle filiere industriali innovative e start-up<\/strong><\/td>\n<\/tr>\n<tr>\n<td>Competenze<\/td>\n<td>Promozione delle filiere industriali innovative e start-up<\/td>\n<\/tr>\n<tr>\n<td>Nominativo responsabile<\/td>\n<td>Cons. Amb. Sergio Strozzi<\/td>\n<\/tr>\n<tr>\n<td>Qualifica<\/td>\n<td>Capo Ufficio<\/td>\n<\/tr>\n<tr>\n<td>Recapito telefonico<\/td>\n<td>06.36913697<\/td>\n<\/tr>\n<tr>\n<td>Casella di posta elettronica ordinaria<\/td>\n<td><a href=\"mailto:dgce04@esteri.it\">dgce04@esteri.it<\/a><\/td>\n<\/tr>\n<tr>\n<td>Casella di posta elettronica certificata<\/td>\n<td><a href=\"mailto:dgce04@cert.esteri.it\">dgce04@cert.esteri.it<\/a><\/td>\n<\/tr>\n<\/tbody>\n<\/table>\n<\/div>\n<p>&nbsp;<\/p>\n<div class=\"table-responsive\">\n<table class=\"table table-sm export-table table-bordered\">\n<tbody>\n<tr>\n<td class=\"col-1\" scope=\"col\">Denominazione ufficio<\/td>\n<td class=\"col-3\" scope=\"col\"><strong>Ufficio V: ricostruzione dell\u2019Ucraina e delle aree post-crisi<\/strong><\/td>\n<\/tr>\n<tr>\n<td>Competenze<\/td>\n<td>Ricostruzione dell\u2019Ucraina e delle aree post-crisi<\/td>\n<\/tr>\n<tr>\n<td>Nominativo responsabile<\/td>\n<td>Cons. Leg. Yaroslava Romanova<\/td>\n<\/tr>\n<tr>\n<td>Qualifica<\/td>\n<td>Capo Ufficio<\/td>\n<\/tr>\n<tr>\n<td>Recapito telefonico<\/td>\n<td>06.36914304<\/td>\n<\/tr>\n<tr>\n<td>Casella di posta elettronica ordinaria<\/td>\n<td><a href=\"mailto:dgce05@esteri.it\">dgce05@esteri.it<\/a><\/td>\n<\/tr>\n<tr>\n<td>Casella di posta elettronica certificata<\/td>\n<td><a href=\"mailto:dgce05@cert.esteri.it\">dgce05@cert.esteri.it<\/a><\/td>\n<\/tr>\n<\/tbody>\n<\/table>\n<\/div>\n<p>&nbsp;<\/p>\n<div class=\"table-responsive\">\n<table class=\"table table-sm export-table table-bordered\">\n<tbody>\n<tr>\n<td class=\"col-1\" scope=\"col\">Denominazione ufficio<\/td>\n<td class=\"col-3\" scope=\"col\"><strong>Ufficio VI: promozione della cultura italiana<\/strong><\/td>\n<\/tr>\n<tr>\n<td>Competenze<\/td>\n<td>Promozione della cultura italiana<\/td>\n<\/tr>\n<tr>\n<td>Nominativo responsabile<\/td>\n<td>Cons. Amb. Maria Letizia Santangelo<\/td>\n<\/tr>\n<tr>\n<td>Qualifica<\/td>\n<td>Capo Ufficio<\/td>\n<\/tr>\n<tr>\n<td>Recapito telefonico<\/td>\n<td>06.36912919<\/td>\n<\/tr>\n<tr>\n<td>Casella di posta elettronica ordinaria<\/td>\n<td><a href=\"mailto:dgce06@esteri.it\">dgce06@esteri.it<\/a><\/td>\n<\/tr>\n<tr>\n<td>Casella di posta elettronica certificata<\/td>\n<td><a href=\"mailto:dgce06@cert.esteri.it\">dgce06@cert.esteri.it<\/a><\/td>\n<\/tr>\n<\/tbody>\n<\/table>\n<\/div>\n<p>&nbsp;<\/p>\n<div class=\"table-responsive\">\n<table class=\"table table-sm export-table table-bordered\">\n<tbody>\n<tr>\n<td class=\"col-1\" scope=\"col\">Denominazione ufficio<\/td>\n<td class=\"col-3\" scope=\"col\"><strong>Ufficio VII: promozione dell\u2019italofonia<\/strong><\/td>\n<\/tr>\n<tr>\n<td>Competenze<\/td>\n<td>Promozione dell\u2019italofonia<\/td>\n<\/tr>\n<tr>\n<td>Nominativo responsabile<\/td>\n<td>Cons. Leg. Giulia Campeggio<\/td>\n<\/tr>\n<tr>\n<td>Qualifica<\/td>\n<td>Capo Ufficio<\/td>\n<\/tr>\n<tr>\n<td>Recapito telefonico<\/td>\n<td>06.36913214<\/td>\n<\/tr>\n<tr>\n<td>Casella di posta elettronica ordinaria<\/td>\n<td><a href=\"mailto:dgce07@esteri.it\">dgce07@esteri.it<\/a><\/td>\n<\/tr>\n<tr>\n<td>Casella di posta elettronica certificata<\/td>\n<td><a href=\"mailto:dgce07@cert.esteri.it\">dgce07@cert.esteri.it<\/a><\/td>\n<\/tr>\n<\/tbody>\n<\/table>\n<\/div>\n<p>&nbsp;<\/p>\n<div class=\"table-responsive\">\n<table class=\"table table-sm export-table table-bordered\">\n<tbody>\n<tr>\n<td class=\"col-1\" scope=\"col\">Denominazione ufficio<\/td>\n<td class=\"col-3\" scope=\"col\"><strong>Ufficio VIII: promozione delle eccellenze italiane<\/strong><\/td>\n<\/tr>\n<tr>\n<td>Competenze<\/td>\n<td>Promozione delle eccellenze italiane<\/td>\n<\/tr>\n<tr>\n<td>Nominativo responsabile<\/td>\n<td>Cons. Amb. Alessandro De Masi<\/td>\n<\/tr>\n<tr>\n<td>Qualifica<\/td>\n<td>Capo Ufficio<\/td>\n<\/tr>\n<tr>\n<td>Recapito telefonico<\/td>\n<td>06.36914306<\/td>\n<\/tr>\n<tr>\n<td>Casella di posta elettronica ordinaria<\/td>\n<td><a href=\"mailto:dgce08@esteri.it\">dgce08@esteri.it<\/a><\/td>\n<\/tr>\n<tr>\n<td>Casella di posta elettronica certificata<\/td>\n<td><a href=\"mailto:dgce08@cert.esteri.it\">dgce08@cert.esteri.it<\/a><\/td>\n<\/tr>\n<\/tbody>\n<\/table>\n<\/div>\n<p>&nbsp;<\/p>\n<div class=\"table-responsive\">\n<table class=\"table table-sm export-table table-bordered\">\n<tbody>\n<tr>\n<td class=\"col-1\" scope=\"col\">Denominazione ufficio<\/td>\n<td class=\"col-3\" scope=\"col\"><strong>Ufficio IX: diplomazia dei territori ed esposizioni internazionali<\/strong><\/td>\n<\/tr>\n<tr>\n<td>Competenze<\/td>\n<td>Diplomazia dei territori ed esposizioni internazionali<\/td>\n<\/tr>\n<tr>\n<td>Nominativo responsabile<\/td>\n<td>Cons. Leg. Lara Lanzarini<\/td>\n<\/tr>\n<tr>\n<td>Qualifica<\/td>\n<td>Capo Ufficio<\/td>\n<\/tr>\n<tr>\n<td>Recapito telefonico<\/td>\n<td>06.36914295<\/td>\n<\/tr>\n<tr>\n<td>Casella di posta elettronica ordinaria<\/td>\n<td><a href=\"mailto:dgce09@esteri.it\">dgce09@esteri.it<\/a><\/td>\n<\/tr>\n<tr>\n<td>Casella di posta elettronica certificata<\/td>\n<td><a href=\"mailto:dgce09@cert.esteri.it\">dgce09@cert.esteri.it<\/a><\/td>\n<\/tr>\n<\/tbody>\n<\/table>\n<\/div>\n<p>&nbsp;<\/p>\n<div class=\"table-responsive\">\n<table class=\"table table-sm export-table table-bordered\">\n<tbody>\n<tr>\n<td class=\"col-1\" scope=\"col\">Denominazione ufficio<\/td>\n<td class=\"col-3\" scope=\"col\"><strong>Ufficio X: spazio, cooperazione scientifica multilaterale e propriet\u00e0 intellettuale<\/strong><\/td>\n<\/tr>\n<tr>\n<td>Competenze<\/td>\n<td>Spazio, cooperazione scientifica multilaterale e propriet\u00e0 intellettuale<\/td>\n<\/tr>\n<tr>\n<td>Nominativo responsabile<\/td>\n<td>Cons. Leg. Alessandro Garbellini<\/td>\n<\/tr>\n<tr>\n<td>Qualifica<\/td>\n<td>Capo Ufficio<\/td>\n<\/tr>\n<tr>\n<td>Recapito telefonico<\/td>\n<td>06.36914353<\/td>\n<\/tr>\n<tr>\n<td>Casella di posta elettronica ordinaria<\/td>\n<td><a href=\"mailto:dgce10@esteri.it\">dgce10@esteri.it<\/a><\/td>\n<\/tr>\n<tr>\n<td>Casella di posta elettronica certificata<\/td>\n<td><a href=\"mailto:dgce10@cert.esteri.it\">dgce10@cert.esteri.it<\/a><\/td>\n<\/tr>\n<\/tbody>\n<\/table>\n<\/div>\n<p>&nbsp;<\/p>\n<div class=\"table-responsive\">\n<table class=\"table table-sm export-table table-bordered\">\n<tbody>\n<tr>\n<td class=\"col-1\" scope=\"col\">Denominazione ufficio<\/td>\n<td class=\"col-3\" scope=\"col\"><strong>Ufficio XI: cooperazione scientifica bilaterale<\/strong><\/td>\n<\/tr>\n<tr>\n<td>Competenze<\/td>\n<td>Cooperazione scientifica bilaterale<\/td>\n<\/tr>\n<tr>\n<td>Nominativo responsabile<\/td>\n<td>Cons. Amb. Marco Silvi<\/td>\n<\/tr>\n<tr>\n<td>Qualifica<\/td>\n<td>Capo Ufficio<\/td>\n<\/tr>\n<tr>\n<td>Recapito telefonico<\/td>\n<td>06.36912737<\/td>\n<\/tr>\n<tr>\n<td>Casella di posta elettronica ordinaria<\/td>\n<td><a href=\"mailto:dgce11@esteri.it\">dgce11@esteri.it<\/a><\/td>\n<\/tr>\n<tr>\n<td>Casella di posta elettronica certificata<\/td>\n<td><a href=\"mailto:dgce11@cert.esteri.it\">dgce11@cert.esteri.it<\/a><\/td>\n<\/tr>\n<\/tbody>\n<\/table>\n<\/div>\n<p>&nbsp;<\/p>\n<div class=\"table-responsive\">\n<table class=\"table table-sm export-table table-bordered\">\n<tbody>\n<tr>\n<td class=\"col-1\" scope=\"col\">Denominazione ufficio<\/td>\n<td class=\"col-3\" scope=\"col\"><strong>Ufficio XII: diplomazia sportiva<\/strong><\/td>\n<\/tr>\n<tr>\n<td>Competenze<\/td>\n<td>Diplomazia sportiva<\/td>\n<\/tr>\n<tr>\n<td>Nominativo responsabile<\/td>\n<td>Cons. Amb. Silvia Marrara<\/td>\n<\/tr>\n<tr>\n<td>Qualifica<\/td>\n<td>Capo Ufficio<\/td>\n<\/tr>\n<tr>\n<td>Recapito telefonico<\/td>\n<td>06.36914058<\/td>\n<\/tr>\n<tr>\n<td>Casella di posta elettronica ordinaria<\/td>\n<td><a href=\"mailto:dgce12@esteri.it\">dgce12@esteri.it<\/a><\/td>\n<\/tr>\n<tr>\n<td>Casella di posta elettronica certificata<\/td>\n<td><a href=\"mailto:dgce12@cert.esteri.it\">dgce12@cert.esteri.it<\/a><\/td>\n<\/tr>\n<\/tbody>\n<\/table>\n<\/div>\n<p>&nbsp;<\/p>\n<div class=\"table-responsive\">\n<table class=\"table table-sm export-table table-bordered\">\n<tbody>\n<tr>\n<td class=\"col-1\" scope=\"col\">Denominazione ufficio<\/td>\n<td class=\"col-3\" scope=\"col\"><strong>Ufficio XIII: UNESCO, cooperazione culturale in ambito multilaterale, missioni archeologiche<\/strong><\/td>\n<\/tr>\n<tr>\n<td>Competenze<\/td>\n<td>UNESCO, cooperazione culturale in ambito multilaterale, missioni archeologiche<\/td>\n<\/tr>\n<tr>\n<td>Nominativo responsabile<\/td>\n<td>Cons. Amb. Paolo Andrea Bartorelli<\/td>\n<\/tr>\n<tr>\n<td>Qualifica<\/td>\n<td>Capo Ufficio<\/td>\n<\/tr>\n<tr>\n<td>Recapito telefonico<\/td>\n<td>06.36913019<\/td>\n<\/tr>\n<tr>\n<td>Casella di posta elettronica ordinaria<\/td>\n<td><a href=\"mailto:dgce13@esteri.it\">dgce13@esteri.it<\/a><\/td>\n<\/tr>\n<tr>\n<td>Casella di posta elettronica certificata<\/td>\n<td><a href=\"mailto:dgce13@cert.esteri.it\">dgce13@cert.esteri.it<\/a><\/td>\n<\/tr>\n<\/tbody>\n<\/table>\n<\/div>\n<p>&nbsp;<\/p>\n<div class=\"table-responsive\">\n<table class=\"table table-sm export-table table-bordered\">\n<tbody>\n<tr>\n<td class=\"col-1\" scope=\"col\">Denominazione ufficio<\/td>\n<td class=\"col-3\" scope=\"col\"><strong>Unit\u00e0 per le esportazioni<\/strong><\/td>\n<\/tr>\n<tr>\n<td>Competenze<\/td>\n<td>Export<\/td>\n<\/tr>\n<tr>\n<td>Nominativo responsabile<\/td>\n<td>Cons. Amb. Simone Turchetta<\/td>\n<\/tr>\n<tr>\n<td>Qualifica<\/td>\n<td>Capo Unit\u00e0<\/td>\n<\/tr>\n<tr>\n<td>Recapito telefonico<\/td>\n<td>06.36912619<\/td>\n<\/tr>\n<tr>\n<td>Casella di posta elettronica ordinaria<\/td>\n<td><a href=\"mailto:dgceuniexport@esteri.it\">dgceuniexport@esteri.it<\/a><\/td>\n<\/tr>\n<tr>\n<td>Casella di posta elettronica certificata<\/td>\n<td><a href=\"mailto:dgceunixport@cert.esteri.it\">dgceunixport@cert.esteri.it<\/a><\/td>\n<\/tr>\n<\/tbody>\n<\/table>\n<\/div>\n<p>&nbsp;<\/p>\n<div class=\"table-responsive\">\n<table class=\"table table-sm export-table table-bordered\">\n<tbody>\n<tr>\n<td class=\"col-1\" scope=\"col\">Denominazione ufficio<\/td>\n<td class=\"col-3\" scope=\"col\"><strong>Unit\u00e0 per le grandi imprese e i settori strategici<\/strong><\/td>\n<\/tr>\n<tr>\n<td>Competenze<\/td>\n<td>Grandi imprese e settori strategici<\/td>\n<\/tr>\n<tr>\n<td>Nominativo responsabile<\/td>\n<td>Cons. Amb. Marco Landolfi<\/td>\n<\/tr>\n<tr>\n<td>Qualifica<\/td>\n<td>Capo Unit\u00e0<\/td>\n<\/tr>\n<tr>\n<td>Recapito telefonico<\/td>\n<td>06.36912664<\/td>\n<\/tr>\n<tr>\n<td>Casella di posta elettronica ordinaria<\/td>\n<td><a href=\"mailto:dgceugiss@esteri.it\">dgceugiss@esteri.it<\/a><\/td>\n<\/tr>\n<tr>\n<td>Casella di posta elettronica certificata<\/td>\n<td><a href=\"mailto:dgceugiss@cert.esteri.it\">dgceugiss@cert.esteri.it<\/a><\/td>\n<\/tr>\n<\/tbody>\n<\/table>\n<\/div>\n<p>&nbsp;<\/p>\n","protected":false},"excerpt":{"rendered":"Denominazione ufficio Direzione Generale per la Crescita e la Promozione delle Esportazioni Competenze La Direzione generale per la crescita e la promozione delle esportazioni attende ai seguenti compiti: a) assicura, d&#8217;intesa con le altre Direzioni generali competenti, anche attraverso la rete degli uffici all&#8217;estero, la coerenza complessiva delle attivit\u00e0 di promozione, sostegno e valorizzazione con [&hellip;]","protected":false},"author":1,"featured_media":0,"parent":28818,"menu_order":90,"comment_status":"closed","ping_status":"closed","template":"","meta":{"footnotes":""},"class_list":["post-166387","page","type-page","status-publish","hentry"],"_links":{"self":[{"href":"https:\/\/www.esteri.it\/it\/wp-json\/wp\/v2\/pages\/166387","targetHints":{"allow":["GET"]}}],"collection":[{"href":"https:\/\/www.esteri.it\/it\/wp-json\/wp\/v2\/pages"}],"about":[{"href":"https:\/\/www.esteri.it\/it\/wp-json\/wp\/v2\/types\/page"}],"author":[{"embeddable":true,"href":"https:\/\/www.esteri.it\/it\/wp-json\/wp\/v2\/users\/1"}],"replies":[{"embeddable":true,"href":"https:\/\/www.esteri.it\/it\/wp-json\/wp\/v2\/comments?post=166387"}],"version-history":[{"count":7,"href":"https:\/\/www.esteri.it\/it\/wp-json\/wp\/v2\/pages\/166387\/revisions"}],"predecessor-version":[{"id":181318,"href":"https:\/\/www.esteri.it\/it\/wp-json\/wp\/v2\/pages\/166387\/revisions\/181318"}],"up":[{"embeddable":true,"href":"https:\/\/www.esteri.it\/it\/wp-json\/wp\/v2\/pages\/28818"}],"wp:attachment":[{"href":"https:\/\/www.esteri.it\/it\/wp-json\/wp\/v2\/media?parent=166387"}],"curies":[{"name":"wp","href":"https:\/\/api.w.org\/{rel}","templated":true}]}}