{"id":166390,"date":"2025-12-23T15:08:13","date_gmt":"2025-12-23T14:08:13","guid":{"rendered":"https:\/\/www.esteri.it\/?page_id=166390"},"modified":"2026-04-07T11:37:12","modified_gmt":"2026-04-07T09:37:12","slug":"dgcs","status":"publish","type":"page","link":"https:\/\/www.esteri.it\/it\/ministero\/struttura\/dgcs\/","title":{"rendered":"Direzione Generale per la Cooperazione allo Sviluppo"},"content":{"rendered":"<div class=\"table-responsive\">\n<table class=\"table table-sm export-table table-bordered\">\n<tbody>\n<tr>\n<td class=\"col-1\" scope=\"col\">Denominazione ufficio<\/td>\n<td class=\"col-3\" scope=\"col\"><strong>Direzione Generale per la Cooperazione allo Sviluppo<\/strong><\/td>\n<\/tr>\n<tr>\n<td>Competenze<\/td>\n<td>La Direzione Generale per la Cooperazione allo Sviluppo (DGCS) del Ministero degli Affari Esteri e della Cooperazione Internazionale \u00e8 l\u2019organo centrale responsabile della definizione, coordinamento e indirizzo delle politiche di cooperazione internazionale allo sviluppo. Nell\u2019ambito della governance della cooperazione, la DGCS formula gli orientamenti strategici e propedeutici per l\u2019attuazione delle iniziative italiane di sviluppo sostenibile, sia in sede bilaterale sia multilaterale, e supervisiona l\u2019elaborazione del Documento Triennale di Programmazione e Indirizzo che costituisce il quadro di riferimento per l\u2019intero sistema italiano di cooperazione secondo la legge vigente.<br \/>\nLa Direzione Generale inoltre promuove la cultura della cooperazione e della solidariet\u00e0 internazionale, sostenendo rapporti con organismi onusiani e multilaterali, coordina la partecipazione italiana nei processi globali in materia di sviluppo, promuove forme di partenariato e collaborazione dell\u2019intero sistema della cooperazione italiana allo sviluppo, costituito da soggetti pubblici e privati.<br \/>\nSotto la guida dell\u2019autorit\u00e0 politica, in raccordo con le altre strutture del Ministero e con le amministrazioni competenti, la DGCS definisce gli indirizzi politici della cooperazione allo sviluppo, incluse le priorit\u00e0 regionali e settoriali, e ne controlla l\u2019attuazione garantendo trasparenza, efficacia e rispetto dei principi internazionali.<br \/>\nLa DGCS, inoltre, ha il compito di vigilare sull\u2019attuazione delle politiche di cooperazione allo sviluppo da parte dell\u2019Agenzia italiana per la cooperazione allo sviluppo (AICS) che svolge, nel quadro di tali indirizzi politici, le attivit\u00e0 a carattere tecnico-operativo connesse alle fasi di istruttoria, formulazione, finanziamento, gestione e controllo delle iniziative di cooperazione.<\/td>\n<\/tr>\n<tr>\n<td>Nominativo responsabile<\/td>\n<td>Min. Plen. <a href=\"https:\/\/www.esteri.it\/it\/ministero\/struttura\/dgcs\/direttore-generale-dgcs\/\">Stefano Gatti<\/a><\/td>\n<\/tr>\n<tr>\n<td>Qualifica<\/td>\n<td>Direttore Generale<\/td>\n<\/tr>\n<tr>\n<td>Recapito telefonico<\/td>\n<td>06.3691.4471\/4472<\/td>\n<\/tr>\n<tr>\n<td>Casella di posta elettronica ordinaria<\/td>\n<td><a href=\"mailto:dgcs.segreteria@esteri.it\">dgcs.segreteria@esteri.it<\/a><\/td>\n<\/tr>\n<tr>\n<td>Casella di posta elettronica certificata<\/td>\n<td><u><a class=\"\" href=\"mailto:dgcs.segreteria@cert.esteri.it\" data-focus-mouse=\"false\">dgcs.segreteria@cert.esteri.it<\/a><\/u><\/td>\n<\/tr>\n<\/tbody>\n<\/table>\n<p>&nbsp;<\/p>\n<p><a href=\"http:\/\/www.esteri.it\/mae\/resource\/organigramma\/doc\/org_dgcs.pdf\"><img decoding=\"async\" class=\"img-fluid alignnone size-full\" src=\"http:\/\/www.esteri.it\/mae\/resource\/organigramma\/img\/org_dgcs.jpg\" alt=\"organigramma DGCS\" \/><\/a><\/p>\n<p>&nbsp;<\/p>\n<div class=\"table-responsive\">\n<table class=\"table table-sm export-table table-bordered\">\n<tbody>\n<tr>\n<td class=\"col-1\" scope=\"col\">Denominazione ufficio<\/td>\n<td class=\"col-3\" scope=\"col\"><strong>Ufficio I \u2013 Politiche e strumenti di cooperazione allo sviluppo nell\u2019ambito dell\u2019Unione europea\u00a0<\/strong><\/td>\n<\/tr>\n<tr>\n<td>Competenze<\/td>\n<td>Rapporti con l\u2019Unione Europea per gli aspetti relativi alle strategie e alle politiche di cooperazione allo sviluppo; Consiglio Sviluppo; relazioni con la Commissione europea sui temi dello sviluppo nei Paesi partner dell\u2019Africa sub-sahariana, dell\u2019area MENA (anche nell\u2019ambito dell\u2019attuazione del Patto per il Mediterraneo), dell\u2019America latina e Caraibi, dell\u2019Asia-Pacifico; relazioni con la Banca Europea per gli Investimenti per le attivit\u00e0 di cooperazione; partecipazione ai comitati di gestione nell\u2019ambito degli strumenti finanziari e di bilancio dell\u2019Unione Europea per la cooperazione allo sviluppo (Strumento per il Vicinato la Cooperazione allo Sviluppo e la Cooperazione Internazionale &#8211; NDICI e <em>Global Europe<\/em>); coordinamento della partecipazione italiana alle iniziative <em>Team Europa<\/em> e gestione indiretta dei fondi dell\u2019Unione Europea; coordinamento della partecipazione nazionale ai programmi INTERREG con il vicinato meridionale; erogazione dei rimanenti contributi al FES.<\/td>\n<\/tr>\n<tr>\n<td>Nominativo responsabile<\/td>\n<td>Cons. Amb. Daniele Bosio<\/td>\n<\/tr>\n<tr>\n<td>Qualifica<\/td>\n<td>Capo Ufficio<\/td>\n<\/tr>\n<tr>\n<td>Recapito telefonico<\/td>\n<td>06.36914130 e 06.3692848<\/td>\n<\/tr>\n<tr>\n<td>Casella di posta elettronica ordinaria<\/td>\n<td><a href=\"mailto:dgcs1@esteri.it\">dgcs1@esteri.it<\/a><\/td>\n<\/tr>\n<tr>\n<td>Casella di posta elettronica certificata<\/td>\n<td><a href=\"mailto:dgcs.01@cert.esteri.it\">dgcs.01@cert.esteri.it<\/a><\/td>\n<\/tr>\n<\/tbody>\n<\/table>\n<\/div>\n<p>&nbsp;<\/p>\n<div class=\"table-responsive\">\n<table class=\"table table-sm export-table table-bordered\">\n<tbody>\n<tr>\n<td class=\"col-1\" scope=\"col\">Denominazione ufficio<\/td>\n<td class=\"col-3\" scope=\"col\"><strong>Ufficio II \u2013 Politiche di cooperazione allo sviluppo in Africa<\/strong><\/td>\n<\/tr>\n<tr>\n<td>Competenze<\/td>\n<td>Indirizzi per la programmazione delle iniziative nei Paesi dell\u2019Africa; relazioni bilaterali in tema di cooperazione allo sviluppo e negoziati degli accordi bilaterali sia a dono, sia a credito di aiuto; relazioni con organismi internazionali per la concessione di contributi finalizzati ai Paesi di competenza; istruttoria di iniziative da presentare al Comitato congiunto per la cooperazione allo sviluppo; iniziative nell\u2019ambito dell\u2019Unione Europea e multilaterale per la stabilizzazione e lo sviluppo dei Paesi di competenza.<\/td>\n<\/tr>\n<tr>\n<td>Nominativo responsabile<\/td>\n<td>Cons. Amb. Matteo Romitelli<\/td>\n<\/tr>\n<tr>\n<td>Qualifica<\/td>\n<td>Capo Ufficio<\/td>\n<\/tr>\n<tr>\n<td>Recapito telefonico<\/td>\n<td>06.36915784<\/td>\n<\/tr>\n<tr>\n<td>Casella di posta elettronica ordinaria<\/td>\n<td><a href=\"mailto:dgcs02@esteri.it\">dgcs02@esteri.it<\/a><\/td>\n<\/tr>\n<tr>\n<td>Casella di posta elettronica certificata<\/td>\n<td><a href=\"mailto:dgcs02@cert.esteri.it\">dgcs02@cert.esteri.it<\/a><\/td>\n<\/tr>\n<\/tbody>\n<\/table>\n<\/div>\n<p>&nbsp;<\/p>\n<div class=\"table-responsive\">\n<table class=\"table table-sm export-table table-bordered\">\n<tbody>\n<tr>\n<td class=\"col-1\" scope=\"col\">Denominazione ufficio<\/td>\n<td class=\"col-3\" scope=\"col\"><strong>Ufficio III \u2013 Politiche di cooperazione allo sviluppo in Medio Oriente, Europa, Asia e America latina<\/strong><\/td>\n<\/tr>\n<tr>\n<td>Competenze<\/td>\n<td>Indirizzi per la programmazione delle iniziative nei Paesi del Medio Oriente, dell\u2019Europa, dell\u2019Asia, dell\u2019Oceania e dell\u2019America Latina; relazioni bilaterali in tema di cooperazione allo sviluppo e negoziati degli accordi bilaterali, sia a dono, sia a credito di aiuto; relazioni con organismi internazionali per la concessione di contributi finalizzati ai Paesi di competenza; istruttoria di iniziative da presentare al Comitato congiunto per la cooperazione allo sviluppo; iniziative nell\u2019ambito dell\u2019Unione Europea e multilaterale per la stabilizzazione e lo sviluppo dei Paesi di competenza.<\/td>\n<\/tr>\n<tr>\n<td>Nominativo responsabile<\/td>\n<td>Cons. Amb. Pierangelo Cammarota<\/td>\n<\/tr>\n<tr>\n<td>Qualifica<\/td>\n<td>Capo Ufficio<\/td>\n<\/tr>\n<tr>\n<td>Recapito telefonico<\/td>\n<td>06.36914217<\/td>\n<\/tr>\n<tr>\n<td>Casella di posta elettronica ordinaria<\/td>\n<td><a href=\"mailto:dgcs03@esteri.it\">dgcs03@esteri.it<\/a><\/td>\n<\/tr>\n<tr>\n<td>Casella di posta elettronica certificata<\/td>\n<td><a href=\"mailto:dgcs03@cert.esteri.it\">dgcs03@cert.esteri.it<\/a><\/td>\n<\/tr>\n<\/tbody>\n<\/table>\n<\/div>\n<p>&nbsp;<\/p>\n<div class=\"table-responsive\">\n<table class=\"table table-sm export-table table-bordered\">\n<tbody>\n<tr>\n<td class=\"col-1\" scope=\"col\">Denominazione ufficio<\/td>\n<td class=\"col-3\" scope=\"col\"><strong>Ufficio IV \u2013 Indirizzo e programmazione della cooperazione allo sviluppo<\/strong><\/td>\n<\/tr>\n<tr>\n<td>Competenze<\/td>\n<td>Programmazione, indirizzo e coordinamento della politica nazionale di cooperazione allo sviluppo; documento triennale di programmazione e indirizzo della cooperazione allo sviluppo; programmazione finanziaria; relazione consuntiva di cui all\u2019articolo 12 della Legge 125\/2014 e allegato al rendiconto generale dello Stato sulla cooperazione allo sviluppo; raccolta, elaborazione e notifica dei dati dell\u2019Aiuto Pubblico allo Sviluppo (APS) italiano;\u00a0 efficacia della cooperazione allo sviluppo; partecipazione ai negoziati e ai dibattiti in ambito OCSE-DAC; coerenza delle politiche per lo sviluppo; Consiglio Nazionale per la Cooperazione allo Sviluppo (CNCS) e Comitato Interministeriale per la Cooperazione allo Sviluppo (CICS); coordinamento e supporto alla realizzazione di eventi e campagne di comunicazione della Direzione Generale.<\/td>\n<\/tr>\n<tr>\n<td>Nominativo responsabile<\/td>\n<td>Cons. Amb. Maria Teresa Di Maio<\/td>\n<\/tr>\n<tr>\n<td>Qualifica<\/td>\n<td>Capo Ufficio<\/td>\n<\/tr>\n<tr>\n<td>Recapito telefonico<\/td>\n<td>06.36913090<\/td>\n<\/tr>\n<tr>\n<td>Casella di posta elettronica ordinaria<\/td>\n<td><a href=\"mailto:dgcs04@esteri.it\">dgcs04@esteri.it<\/a><\/td>\n<\/tr>\n<tr>\n<td>Casella di posta elettronica certificata<\/td>\n<td><a href=\"mailto:dgcs04@cert.esteri.it\">dgcs04@cert.esteri.it<\/a><\/td>\n<\/tr>\n<\/tbody>\n<\/table>\n<\/div>\n<p>&nbsp;<\/p>\n<div class=\"table-responsive\">\n<table class=\"table table-sm export-table table-bordered\">\n<tbody>\n<tr>\n<td class=\"col-1\" scope=\"col\">Denominazione ufficio<\/td>\n<td class=\"col-3\" scope=\"col\"><strong>Ufficio V \u2013 Crescita sostenibile, sicurezza alimentare, nesso migrazioni-sviluppo<\/strong><\/td>\n<\/tr>\n<tr>\n<td>Competenze<\/td>\n<td>In linea con gli obiettivi di sviluppo sostenibile dell\u2019Agenda 2030, analisi ed elaborazione delle politiche e delle strategie in materia di sicurezza alimentare, agricoltura e alimentazione; nesso migrazioni-sviluppo; rapporti con il polo romano delle Nazioni Unite e con gli altri organismi internazionali aventi competenza esclusiva in materia di sicurezza alimentare; rapporti con i soggetti della filiera agroalimentare partner della strategia italiana sulla sicurezza alimentare; rapporti con gli organismi internazionali competenti in materia di migrazioni; programmazione e proposta dei contributi volontari alle Organizzazioni Internazionali di competenza, in raccordo con l\u2019Unit\u00e0 per le strategie e i processi globali multilaterali della cooperazione allo sviluppo.<\/td>\n<\/tr>\n<tr>\n<td>Nominativo responsabile<\/td>\n<td>Cons. Leg. Alessandra Di Pippo<\/td>\n<\/tr>\n<tr>\n<td>Qualifica<\/td>\n<td>Capo Ufficio<\/td>\n<\/tr>\n<tr>\n<td>Recapito telefonico<\/td>\n<td>06.36915378<\/td>\n<\/tr>\n<tr>\n<td>Casella di posta elettronica ordinaria<\/td>\n<td><a href=\"mailto:dgcs05@esteri.it\">dgcs05@esteri.it<\/a><\/td>\n<\/tr>\n<tr>\n<td>Casella di posta elettronica certificata<\/td>\n<td><a href=\"mailto:dgcs05@cert.esteri.it\">dgcs05@cert.esteri.it<\/a><\/td>\n<\/tr>\n<\/tbody>\n<\/table>\n<\/div>\n<p>&nbsp;<\/p>\n<div class=\"table-responsive\">\n<table class=\"table table-sm export-table table-bordered\">\n<tbody>\n<tr>\n<td class=\"col-1\" scope=\"col\">Denominazione ufficio<\/td>\n<td class=\"col-3\" scope=\"col\"><strong>Ufficio VI \u2013 Rapporti con i soggetti pubblici e non profit<\/strong><\/td>\n<\/tr>\n<tr>\n<td>Competenze<\/td>\n<td>Rapporti istituzionali con i soggetti pubblici e <em>non profit<\/em> del sistema della cooperazione italiana allo sviluppo ex art. 23 della Legge 11 agosto 2014, n. 125 (amministrazioni dello Stato, universit\u00e0, enti pubblici, regioni, province autonome di Trento e di Bolzano, enti locali; organizzazioni della societ\u00e0 civile e altri soggetti senza finalit\u00e0 di lucro); nesso formazione-sviluppo; cooperazione universitaria e politiche culturali nell\u2019ambito della cooperazione allo sviluppo.<\/td>\n<\/tr>\n<tr>\n<td>Nominativo responsabile<\/td>\n<td>Cons. Amb. Marco Romiti<\/td>\n<\/tr>\n<tr>\n<td>Qualifica<\/td>\n<td>Capo Ufficio<\/td>\n<\/tr>\n<tr>\n<td>Recapito telefonico<\/td>\n<td>06.36915358<\/td>\n<\/tr>\n<tr>\n<td>Casella di posta elettronica ordinaria<\/td>\n<td><a href=\"mailto:dgcs-06@esteri.it\">dgcs-06@esteri.it<\/a><\/td>\n<\/tr>\n<tr>\n<td>Casella di posta elettronica certificata<\/td>\n<td><a href=\"mailto:dgcs06@cert.esteri.it\">dgcs06@cert.esteri.it<\/a><\/td>\n<\/tr>\n<\/tbody>\n<\/table>\n<\/div>\n<p>&nbsp;<\/p>\n<div class=\"table-responsive\">\n<table class=\"table table-sm export-table table-bordered\">\n<tbody>\n<tr>\n<td class=\"col-1\" scope=\"col\">Denominazione ufficio<\/td>\n<td class=\"col-3\" scope=\"col\"><strong>Ufficio VII \u2013 Questioni giuridiche, valutazione degli interventi e vigilanza sull\u2019Agenzia italiana per la cooperazione allo sviluppo<\/strong><\/td>\n<\/tr>\n<tr>\n<td>Competenze<\/td>\n<td>Trattazione delle questioni giuridiche afferenti alla cooperazione allo sviluppo, in particolare consulenza giuridica in ambito normativo, contenziosi, trattati internazionali, intese con organizzazioni internazionali, intese tecniche di progetto; programmazione e gestione delle attivit\u00e0 di valutazione delle iniziative di cooperazione allo sviluppo; partecipazione ai fori di dibattito internazionale in tema di valutazione; bilancio della Direzione generale per la cooperazione allo sviluppo e trasferimenti delle risorse finanziarie all\u2019AICS; attivit\u00e0 di controllo e vigilanza sull\u2019Agenzia in coordinamento con gli altri Uffici della Direzione, inclusa l\u2019istruttoria ai fini dell\u2019approvazione di bilanci e rendiconti<\/td>\n<\/tr>\n<tr>\n<td>Nominativo responsabile<\/td>\n<td>Cons. Leg. Beatrice Vecchioni<\/td>\n<\/tr>\n<tr>\n<td>Qualifica<\/td>\n<td>Capo Ufficio<\/td>\n<\/tr>\n<tr>\n<td>Recapito telefonico<\/td>\n<td>06.3691229<\/td>\n<\/tr>\n<tr>\n<td>Casella di posta elettronica ordinaria<\/td>\n<td><a href=\"mailto:dgcs07@esteri.it\">dgcs07@esteri.it<\/a><\/td>\n<\/tr>\n<tr>\n<td>Casella di posta elettronica certificata<\/td>\n<td><a href=\"mailto:dgcs07@cert.esteri.it\">dgcs07@cert.esteri.it<\/a><\/td>\n<\/tr>\n<\/tbody>\n<\/table>\n<\/div>\n<p>&nbsp;<\/p>\n<div class=\"table-responsive\">\n<table class=\"table table-sm export-table table-bordered\">\n<tbody>\n<tr>\n<td class=\"col-1\" scope=\"col\">Denominazione ufficio<\/td>\n<td class=\"col-3\" scope=\"col\"><strong>Unit\u00e0 per le strategie e i processi globali multilaterali della cooperazione allo sviluppo<\/strong><\/td>\n<\/tr>\n<tr>\n<td>Competenze<\/td>\n<td>Analisi ed elaborazione delle politiche e strategie di cooperazione allo sviluppo e definizione delle posizioni italiane ai fini della partecipazione ai dibattiti sullo sviluppo nei fori internazionali e nei processi G7 e G20; rapporti con le Organizzazioni Internazionali, le Agenzie, Fondi e Programmi delle Nazioni Unite nel settore della cooperazione allo sviluppo; uguaglianza di genere ed empowerment femminile; rapporti con gli organismi internazionali di competenza con sede in Italia; rapporti con il Fondo Globale per la lotta all\u2019AIDS, la Tubercolosi e la Malaria, la <em>Global Alliance for Vaccines and Immunisation<\/em> (GAVI) e la <em>Global Partnership for Education<\/em> (GPE); programmazione e proposta dei contributi volontari alle Organizzazioni Internazionali in coordinamento con gli altri Uffici e Unit\u00e0 della Direzione Generale; contributi obbligatori alle Organizzazioni Internazionali di competenza della DGCS; programma italiano <em>Junior Professional Officers<\/em> (JPO) e <em>UN Fellowships<\/em>; candidature italiane nelle organizzazioni internazionali di competenza, nel quadro del coordinamento complessivo attribuito alla Direzione generale per gli affari politici e la sicurezza internazionale.<\/td>\n<\/tr>\n<tr>\n<td>Nominativo responsabile<\/td>\n<td>Cons. Amb. Susanna Schlein<\/td>\n<\/tr>\n<tr>\n<td>Qualifica<\/td>\n<td>Capo Unit\u00e0<\/td>\n<\/tr>\n<tr>\n<td>Recapito telefonico<\/td>\n<td>06.36918924<\/td>\n<\/tr>\n<tr>\n<td>Casella di posta elettronica ordinaria<\/td>\n<td><a href=\"mailto:dgcs-multilaterale@esteri.it\">dgcs-multilaterale@esteri.it<\/a><\/td>\n<\/tr>\n<tr>\n<td>Casella di posta elettronica certificata<\/td>\n<td><a href=\"mailto:dgcs.multilaterale@cert.esteri.it\">dgcs.multilaterale@cert.esteri.it<\/a><\/td>\n<\/tr>\n<\/tbody>\n<\/table>\n<\/div>\n<p>&nbsp;<\/p>\n<div class=\"table-responsive\">\n<table class=\"table table-sm export-table table-bordered\">\n<tbody>\n<tr>\n<td class=\"col-1\" scope=\"col\">Denominazione ufficio<\/td>\n<td class=\"col-3\" scope=\"col\"><strong>Unit\u00e0 per gli interventi internazionali di emergenza umanitaria<\/strong><\/td>\n<\/tr>\n<tr>\n<td>Competenze<\/td>\n<td>Analisi ed elaborazione delle politiche e strategie di aiuto umanitario e definizione delle posizioni italiane ai fini della partecipazione ai dibattiti di settore nei fori del sistema UN, del sistema della Croce rossa internazionale, della UE e nei processi G7 e G20; rapporti con le Organizzazioni Internazionali e con le organizzazioni della societ\u00e0 civile in materia di aiuti di emergenza e umanitari; rapporti con la Commissione Europea in materia di Aiuti umanitari e protezione civile e partecipazione al Gruppo del Consiglio UE sull\u2019aiuto umanitario e alimentare (COHAFA); programmazione su base annuale e proposta degli interventi di assistenza umanitaria (compreso sminamento e riduzione del rischio da disastri) in contesti di crisi protratta in ambito bilaterale e multilaterale; proposta degli interventi di emergenza sul canale multilaterale; proposta, organizzazione e gestione di tutti gli aspetti connessi alle spedizioni umanitarie italiane realizzate dalla base di pronto intervento umanitario UNHRD di Brindisi; valorizzazione e promozione dei servizi offerti dalla Base UNHRD di Brindisi in raccordo con il PAM.<\/td>\n<\/tr>\n<tr>\n<td>Nominativo responsabile<\/td>\n<td>Cons. Amb. Gianluca Brusco<\/td>\n<\/tr>\n<tr>\n<td>Qualifica<\/td>\n<td>Capo Unit\u00e0<\/td>\n<\/tr>\n<tr>\n<td>Recapito telefonico<\/td>\n<td>06.36918367<\/td>\n<\/tr>\n<tr>\n<td>Casella di posta elettronica ordinaria<\/td>\n<td><a href=\"mailto:dgcs.umanitario@esteri.it\">dgcs.umanitario@esteri.it<\/a><\/td>\n<\/tr>\n<tr>\n<td>Casella di posta elettronica certificata<\/td>\n<td><a href=\"mailto:dgcs.umanitario@cert.esteri.it\">dgcs.umanitario@cert.esteri.it<\/a><\/td>\n<\/tr>\n<\/tbody>\n<\/table>\n<\/div>\n<p>&nbsp;<\/p>\n<div class=\"table-responsive\">\n<table class=\"table table-sm export-table table-bordered\">\n<tbody>\n<tr>\n<td class=\"col-1\" scope=\"col\">Denominazione ufficio<\/td>\n<td class=\"col-3\" scope=\"col\"><strong>Unit\u00e0 per la finanza per lo sviluppo, l\u2019ambiente e il digitale<\/strong><\/td>\n<\/tr>\n<tr>\n<td>Competenze<\/td>\n<td>Analisi ed elaborazione delle politiche e strategie volte all\u2019efficientamento degli strumenti della Finanza per lo Sviluppo, incluso il Fondo Rotativo per la Cooperazione allo Sviluppo (FRCS); rapporti con Cassa Depositi e Prestiti per le attivit\u00e0 inerenti alla cooperazione allo sviluppo; rapporti con le Istituzioni Finanziarie Internazionali nel settore della cooperazione allo sviluppo; nesso clima-sviluppo; gestione e sostegno all\u2019attivit\u00e0 di indirizzo e controllo del Fondo italiano per il Clima, in coordinamento con la Direzione Generale per l\u2019Africa subsahariana, l\u2019America latina, l\u2019Asia e l\u2019Oceania; coinvolgimento del settore <em>profit<\/em> nelle iniziative di sviluppo; gestione degli strumenti finanziari previsti ai sensi dell\u2019art. 27, comma 3, lett. a), b), c) della Legge 11 agosto 2014, n. 125; rafforzamento della componente della trasformazione digitale nell\u2019azione di sviluppo, incluso il coordinamento della partecipazione italiana al <em>Digital for Development hub<\/em> dell\u2019Unione Europea.<\/td>\n<\/tr>\n<tr>\n<td>Nominativo responsabile<\/td>\n<td>Cons. Amb. Stefano Lo Savio<\/td>\n<\/tr>\n<tr>\n<td>Qualifica<\/td>\n<td>Capo Unit\u00e0<\/td>\n<\/tr>\n<tr>\n<td>Recapito telefonico<\/td>\n<td>06.36915079<\/td>\n<\/tr>\n<tr>\n<td>Casella di posta elettronica ordinaria<\/td>\n<td><a href=\"mailto:dgcs.ambientefinanzadigitale@esteri.it\">dgcs.ambientefinanzadigitale@esteri.it<\/a><\/td>\n<\/tr>\n<tr>\n<td>Casella di posta elettronica certificata<\/td>\n<td><a href=\"mailto:dgcs.ufad@cert.esteri.it\">dgcs.ufad@cert.esteri.it<\/a><\/td>\n<\/tr>\n<\/tbody>\n<\/table>\n<\/div>\n<p>&nbsp;<\/p>\n<div class=\"table-responsive\">\n<table class=\"table table-sm export-table table-bordered\">\n<tbody>\n<tr>\n<td class=\"col-1\" scope=\"col\">Denominazione ufficio<\/td>\n<td class=\"col-3\" scope=\"col\"><strong>Segreteria del Comitato Congiunto per la Cooperazione allo Sviluppo<\/strong><\/td>\n<\/tr>\n<tr>\n<td>Competenze<\/td>\n<td>Il Comitato Congiunto per la Cooperazione allo Sviluppo \u00e8 istituito ai sensi dell&#8217;art. 21 della Legge n. 125\/2014.<\/td>\n<\/tr>\n<tr>\n<td>Nominativo responsabile<\/td>\n<td>Cons. Leg. Pietro Tombaccini<\/td>\n<\/tr>\n<tr>\n<td>Qualifica<\/td>\n<td>Segretario del Comitato Congiunto<\/td>\n<\/tr>\n<tr>\n<td>Recapito telefonico<\/td>\n<td>06.36914198<\/td>\n<\/tr>\n<tr>\n<td>Casella di posta elettronica ordinaria<\/td>\n<td><a href=\"mailto:dgcs.comitatocongiunto@esteri.it\">dgcs.comitatocongiunto@esteri.it<\/a><\/td>\n<\/tr>\n<tr>\n<td>Casella di posta elettronica certificata<\/td>\n<td><a href=\"mailto:dgcs.comitatocongiunto@cert.esteri.it\">dgcs.comitatocongiunto@cert.esteri.it<\/a><\/td>\n<\/tr>\n<\/tbody>\n<\/table>\n<p>&nbsp;<\/p>\n<\/div>\n<\/div>\n","protected":false},"excerpt":{"rendered":"Denominazione ufficio Direzione Generale per la Cooperazione allo Sviluppo Competenze La Direzione Generale per la Cooperazione allo Sviluppo (DGCS) del Ministero degli Affari Esteri e della Cooperazione Internazionale \u00e8 l\u2019organo centrale responsabile della definizione, coordinamento e indirizzo delle politiche di cooperazione internazionale allo sviluppo. Nell\u2019ambito della governance della cooperazione, la DGCS formula gli orientamenti strategici [&hellip;]","protected":false},"author":1,"featured_media":0,"parent":28818,"menu_order":110,"comment_status":"closed","ping_status":"closed","template":"","meta":{"footnotes":""},"class_list":["post-166390","page","type-page","status-publish","hentry"],"_links":{"self":[{"href":"https:\/\/www.esteri.it\/it\/wp-json\/wp\/v2\/pages\/166390","targetHints":{"allow":["GET"]}}],"collection":[{"href":"https:\/\/www.esteri.it\/it\/wp-json\/wp\/v2\/pages"}],"about":[{"href":"https:\/\/www.esteri.it\/it\/wp-json\/wp\/v2\/types\/page"}],"author":[{"embeddable":true,"href":"https:\/\/www.esteri.it\/it\/wp-json\/wp\/v2\/users\/1"}],"replies":[{"embeddable":true,"href":"https:\/\/www.esteri.it\/it\/wp-json\/wp\/v2\/comments?post=166390"}],"version-history":[{"count":6,"href":"https:\/\/www.esteri.it\/it\/wp-json\/wp\/v2\/pages\/166390\/revisions"}],"predecessor-version":[{"id":182593,"href":"https:\/\/www.esteri.it\/it\/wp-json\/wp\/v2\/pages\/166390\/revisions\/182593"}],"up":[{"embeddable":true,"href":"https:\/\/www.esteri.it\/it\/wp-json\/wp\/v2\/pages\/28818"}],"wp:attachment":[{"href":"https:\/\/www.esteri.it\/it\/wp-json\/wp\/v2\/media?parent=166390"}],"curies":[{"name":"wp","href":"https:\/\/api.w.org\/{rel}","templated":true}]}}