{"id":166393,"date":"2025-12-23T15:05:51","date_gmt":"2025-12-23T14:05:51","guid":{"rendered":"https:\/\/www.esteri.it\/?page_id=166393"},"modified":"2026-04-23T16:16:59","modified_gmt":"2026-04-23T14:16:59","slug":"dgct","status":"publish","type":"page","link":"https:\/\/www.esteri.it\/it\/ministero\/struttura\/dgct\/","title":{"rendered":"Direzione Generale per le Questioni Cibernetiche, l&#8217;Informatica e l&#8217;Innovazione Tecnologica"},"content":{"rendered":"<div class=\"table-responsive\">\n<table class=\"table table-sm export-table table-bordered\">\n<tbody>\n<tr>\n<td class=\"col-1\" scope=\"col\">Denominazione ufficio<\/td>\n<td class=\"col-3\" scope=\"col\"><strong>Direzione generale per le questioni cibernetiche, l\u2019informatica e l\u2019innovazione tecnologica<\/strong><\/td>\n<\/tr>\n<tr>\n<td>Competenze<\/td>\n<td>Direzione generale per le questioni cibernetiche, l&#8217;informatica e l&#8217;innovazione tecnologica attende ai seguenti compiti:<br \/>\na) assicura la trattazione delle questioni inerenti alle politiche internazionali sulla sicurezza cibernetica e sull&#8217;impiego dei mezzi cibernetici, anche per il contrasto ad attivit\u00e0 di disinformazione, di competenza del Ministero;<br \/>\nb) assicura la trattazione delle tematiche di competenza del Ministero relative all&#8217;intelligenza artificiale;<br \/>\nc) cura la sicurezza cibernetica;<br \/>\nd) cura la gestione e lo sviluppo delle tecnologie informatiche del Ministero;<br \/>\ne) promuove la digitalizzazione dell&#8217;amministrazione ed assicura la gestione delle relative infrastrutture;<br \/>\nf) assicura lo svolgimento e lo sviluppo delle attivit\u00e0 nei settori della cifra e delle comunicazioni;<br \/>\ng) promuove l&#8217;innovazione tecnologica nell&#8217;attivit\u00e0 dell&#8217;amministrazione centrale e delle sedi all&#8217;estero.<\/td>\n<\/tr>\n<tr>\n<td>Nominativo responsabile<\/td>\n<td>Min.Plen <a href=\"https:\/\/www.esteri.it\/it\/ministero\/struttura\/dgct\/direttore-generale-dgct\/\">Alessandro De Pedys<\/a><\/td>\n<\/tr>\n<tr>\n<td>Qualifica<\/td>\n<td>Direttore generale<\/td>\n<\/tr>\n<tr>\n<td>Recapito telefonico<\/td>\n<td>06.36912090<\/td>\n<\/tr>\n<tr>\n<td>Casella di posta elettronica ordinaria<\/td>\n<td><a href=\"mailto:dgct.segreteria@esteri.it\">dgct.segreteria@esteri.it<\/a><\/td>\n<\/tr>\n<tr>\n<td>Casella di posta elettronica certificata<\/td>\n<td><a href=\"mailto:dgct.segreteria@cert.esteri.it\">dgct.segreteria@cert.esteri.it<\/a><\/td>\n<\/tr>\n<\/tbody>\n<\/table>\n<p><a href=\"https:\/\/www.esteri.it\/mae\/resource\/organigramma\/doc\/org_dgct.pdf\"><img decoding=\"async\" class=\"img-fluid alignnone wp-image-68726\" src=\"https:\/\/www.esteri.it\/mae\/resource\/organigramma\/img\/org_dgct.jpg\" alt=\"ORGANIGRAMMA DGCT\" \/><\/a><\/p>\n<p>&nbsp;<\/p>\n<div class=\"table-responsive\">\n<table class=\"table table-sm export-table table-bordered\">\n<tbody>\n<tr>\n<td class=\"col-1\" scope=\"col\">Denominazione ufficio<\/td>\n<td class=\"col-3\" scope=\"col\"><strong>Ufficio I<\/strong><strong>: Applicazioni informatiche, digitalizzazione e automazione dei servizi<\/strong>;<\/td>\n<\/tr>\n<tr>\n<td>Competenze<\/td>\n<td>Progettazione, realizzazione, gestione e assistenza degli applicativi informatici dell\u2019Amministrazione relativi a funzioni consolari, esercizio del voto all\u2019estero, sistema visti Schengen, gestione del personale, sistema di controllo degli ingressi e sistema MAENET, concorsi, candidature internazionali, borse di studio, materiali d\u2019armamento, settore agroalimentare, missioni archeologiche, servizi alle imprese, gestione contabile della Farnesina e della rete estera, gestione degli stipendi di tutto il personale; progettazione, realizzazione e gestione delle piattaforme software e middleware, incluse le strutture di dati dell\u2019Amministrazione e dei relativi flussi logici; gestione documentale e messaggistica dell\u2019Amministrazione; supervisione e pareri tecnici inerenti gli applicativi gestiti da altri Centri di Responsabilit\u00e0; digitalizzazione degli archivi consolari della rete estera; in raccordo con l\u2019Ufficio III della Direzione Generale, sicurezza applicativa, delle piattaforme, dei middleware e dei servizi di competenza; rapporti con soggetti istituzionali negli ambiti di competenza; gestione dei fondi europei legati al sistema Schengen; acquisto di beni e servizi negli ambiti di competenza.<\/td>\n<\/tr>\n<tr>\n<td>Nominativo responsabile<\/td>\n<td>Cons. Amb. Enrico Vattani<\/td>\n<\/tr>\n<tr>\n<td>Qualifica<\/td>\n<td>Capo Ufficio<\/td>\n<\/tr>\n<tr>\n<td>Casella di posta elettronica certificata<\/td>\n<td><a href=\"mailto:dgct01@cert.esteri.it\">dgct01@cert.esteri.it<\/a><\/td>\n<\/tr>\n<\/tbody>\n<\/table>\n<\/div>\n<p>&nbsp;<\/p>\n<div class=\"table-responsive\">\n<table class=\"table table-sm export-table table-bordered\">\n<tbody>\n<tr>\n<td class=\"col-1\" scope=\"col\">Denominazione ufficio<\/td>\n<td class=\"col-3\" scope=\"col\"><strong>Ufficio II<\/strong><strong>: Centro comunicazioni classificate e cifra<\/strong><\/td>\n<\/tr>\n<tr>\n<td>Competenze<\/td>\n<td>Gestione e manutenzione delle reti e dei sistemi crittografici della Farnesina, di altri enti della Pubblica Amministrazione e degli Organismi Internazionali (UE, NATO e OSCE) presso la sede centrale e le sedi della rete estera; progettazione e sviluppo sistemi crittografici del MAECI; Centro CIS (<em>Communication and Information Systems<\/em>); COMSEC; coordinamento, negli ambiti di propria competenza, con gli attori istituzionali preposti alla sicurezza in ambito nazionale e UE; corsi di formazione sulle comunicazioni classificate; fornitura, manutenzione e gestione dei contenitori e mobili di sicurezza; consegnatario per gli apparati crittografici e i contenitori e mobili di sicurezza; funzionario di turno e sorvoli (voli soggetti alla procedura di autorizzazione diplomatica per gli aeromobili italiani all\u2019estero e stranieri in Italia); acquisto di beni e servizi negli ambiti di competenza.<\/td>\n<\/tr>\n<tr>\n<td>Nominativo responsabile<\/td>\n<td>Cons. Amb. Massimiliano Lagi<\/td>\n<\/tr>\n<tr>\n<td>Qualifica<\/td>\n<td>Capo Ufficio<\/td>\n<\/tr>\n<tr>\n<td>Casella di posta elettronica certificata<\/td>\n<td><a href=\"mailto:dgct02@cert.esteri.it\">dgct02@cert.esteri.it<\/a><\/td>\n<\/tr>\n<\/tbody>\n<\/table>\n<\/div>\n<p>&nbsp;<\/p>\n<div class=\"table-responsive\">\n<table class=\"table table-sm export-table table-bordered\">\n<tbody>\n<tr>\n<td class=\"col-1\" scope=\"col\">Denominazione ufficio<\/td>\n<td class=\"col-3\" scope=\"col\"><strong>Ufficio III<\/strong><strong>: Sicurezza cibernetica e gestione dei rischi<\/strong><\/td>\n<\/tr>\n<tr>\n<td>Competenze<\/td>\n<td>Cybersicurezza dell\u2019Amministrazione centrale e delle Sedi estere: compliance normativa, threat intelligence, analisi e gestione del rischio, policy di sicurezza, monitoraggio e risposta agli incidenti ICT, validazione della sicurezza di sistemi, applicativi e servizi ICT, vulnerability assessment e management, penetration test; audit, supporto alle ispezioni e alla formazione in materia di cybersecurity; Responsabile della Protezione dei Dati Personali (RPD); rapporti con soggetti istituzionali negli ambiti di competenza; acquisto di beni e servizi negli ambiti di competenza. Il Capo dell\u2019Ufficio opera come Chief Information Security Officer dell\u2019Amministrazione.<\/td>\n<\/tr>\n<tr>\n<td>Nominativo responsabile<\/td>\n<td><\/td>\n<\/tr>\n<tr>\n<td>Qualifica<\/td>\n<td>Capo Ufficio<\/td>\n<\/tr>\n<tr>\n<td>Casella di posta elettronica certificata<\/td>\n<td><a href=\"mailto:dgct03@cert.esteri.it\">dgct03@cert.esteri.it<\/a><\/td>\n<\/tr>\n<\/tbody>\n<\/table>\n<\/div>\n<p>&nbsp;<\/p>\n<div class=\"table-responsive\">\n<table class=\"table table-sm export-table table-bordered\">\n<tbody>\n<tr>\n<td class=\"col-1\" scope=\"col\">Denominazione ufficio<\/td>\n<td class=\"col-3\" scope=\"col\"><strong>Ufficio IV<em>:<\/em><\/strong><strong> Infrastrutture informatiche e delle telecomunicazioni<\/strong><\/td>\n<\/tr>\n<tr>\n<td>Competenze<\/td>\n<td>Progettazione, realizzazione, gestione e assistenza dell\u2019infrastruttura ICT non classificata dell\u2019Amministrazione centrale e di quella a gestione centralizzata delle Sedi estere: sistemi server e client, sia fissi che mobili, inclusi i relativi sistemi operativi e i software di base; networking, inclusa la connettivit\u00e0 Internet, SPC e SRIPA; servizi ICT infrastrutturali, inclusi i sistemi di autenticazione e di firma digitale rivolti agli utenti interni, i sistemi di condivisione dati, la posta elettronica ordinaria e certificata e gli altri sistemi di comunicazione ICT; telefonia\u00a0 fissa e mobile; manutenzione e sviluppo della centrale telefonica e pareri tecnici sul sistema telefonico delle sedi estere; centralino telefonico; emanazione policy, standard e pareri tecnici inerenti l\u2019infrastruttura ICT non classificata delle Sedi estere; in raccordo con l\u2019Ufficio III della Direzione Generale, sicurezza dei sistemi e servizi di competenza; rapporti con soggetti istituzionali negli ambiti di competenza; acquisto di beni e servizi negli ambiti di competenza; consegnatario per i beni informatici e telefonici dell\u2019Amministrazione centrale. Il Capo dell\u2019Ufficio opera come Chief Technology Officer dell\u2019Amministrazione<\/td>\n<\/tr>\n<tr>\n<td>Nominativo responsabile<\/td>\n<td>dott. Federico Del Bene<\/td>\n<\/tr>\n<tr>\n<td>Qualifica<\/td>\n<td>Capo Ufficio<\/td>\n<\/tr>\n<tr>\n<td>Casella di posta elettronica certificata<\/td>\n<td><a href=\"mailto:dgct04@cert.esteri.it\">dgct04@cert.esteri.it<\/a><\/td>\n<\/tr>\n<\/tbody>\n<\/table>\n<\/div>\n<p>&nbsp;<\/p>\n<div class=\"table-responsive\">\n<table class=\"table table-sm export-table table-bordered\">\n<tbody>\n<tr>\n<td class=\"col-1\" scope=\"col\">Denominazione ufficio<\/td>\n<td class=\"col-3\" scope=\"col\"><strong>Ufficio V<em>:<\/em><\/strong><strong> Minacce ibride<\/strong><\/td>\n<\/tr>\n<tr>\n<td>Competenze<\/td>\n<td>Indirizzo e coordinamento delle attivit\u00e0 del Ministero in materia di contrasto alle minacce ibride, contrasto alla disinformazione e miglioramento della resilienza dello Stato e della societ\u00e0; \u00a0questioni bilaterali e multilaterali nel campo delle minacce ibride e del contrasto alla disinformazione, incluso il Gruppo del G7 Rapid Response Mechanism<u>;<\/u> coordinamento delle posizioni italiane in merito ai lavori del gruppo Hybrid del Consiglio, partecipazione alla Hybrid Fusion Cell e agli incontri degli Inviati Speciali <em>Hybrid<\/em> della UE; partecipazione al Centro di eccellenza europeo per il contrasto alle minacce ibride di Helsinki;\u00a0 cooperazione nelle principali organizzazioni internazionali (UE, NATO) e nei gruppi <em>like-minded<\/em> nei settori del monitoraggio e del contrasto delle minacce ibride e della disinformazione; coordinamento con le articolazioni dello Stato competenti in materia; analisi e monitoraggio di sviluppi e tendenze della percezione internazionale del Paese, in coordinamento con l\u2019Unit\u00e0 per la comunicazione della Segreteria Generale.<\/td>\n<\/tr>\n<tr>\n<td>Nominativo responsabile<\/td>\n<td>Cons. Tancredi Francese<\/td>\n<\/tr>\n<tr>\n<td>Qualifica<\/td>\n<td>Capo Ufficio<\/td>\n<\/tr>\n<tr>\n<td>Casella di posta elettronica certificata<\/td>\n<td><a href=\"mailto:dgct05@cert.esteri.it\">dgct05@cert.esteri.it<\/a><\/td>\n<\/tr>\n<\/tbody>\n<\/table>\n<\/div>\n<p>&nbsp;<\/p>\n<div class=\"table-responsive\">\n<table class=\"table table-sm export-table table-bordered\">\n<tbody>\n<tr>\n<td class=\"col-1\" scope=\"col\">Denominazione ufficio<\/td>\n<td class=\"col-3\" scope=\"col\"><strong>Ufficio VI<\/strong><strong>: Diplomazia cibernetica<\/strong><\/td>\n<\/tr>\n<tr>\n<td>Competenze<\/td>\n<td>Diplomazia cibernetica e cooperazione internazionale in materia di misure strategiche per la difesa informatica; questioni bilaterali e multilaterali nel campo della cybersicurezza e della difesa del cyberspazio (negli ambiti ONU, UE, NATO, G7, OSCE, <em>Counter Ransomware Initiative, Pall Mall Process, Meccanismo di Tallinn, Global Forum on Cyber Expertise, Likeminded Cyber Deterrence Group<\/em>, altre coalizioni formali e informali); coordinamento con le articolazioni dello Stato competenti in materia; contrasto al cybercrime in raccordo con la Direzione Generale per gli Affari Politici e di Sicurezza Internazionale e le altre articolazioni dello Stato; supervisione della attivit\u00e0 di diplomazia cibernetica, incluse quelle in capo ad altri Centri di Responsabilit\u00e0; collaborazione e dialogo con istituzioni accademiche, reti internazionali e istanze della societ\u00e0 civile attive in materia.<\/td>\n<\/tr>\n<tr>\n<td>Nominativo responsabile<\/td>\n<td>Cons. Leg. Nicol\u00f2 Costantini<\/td>\n<\/tr>\n<tr>\n<td>Qualifica<\/td>\n<td>Capo Ufficio<\/td>\n<\/tr>\n<tr>\n<td>Casella di posta elettronica certificata<\/td>\n<td><a href=\"mailto:dgct06@cert.esteri.it\">dgct06@cert.esteri.it<\/a><\/td>\n<\/tr>\n<\/tbody>\n<\/table>\n<\/div>\n<p>&nbsp;<\/p>\n<div class=\"table-responsive\">\n<table class=\"table table-sm export-table table-bordered\">\n<tbody>\n<tr>\n<td class=\"col-1\" scope=\"col\">Denominazione ufficio<\/td>\n<td class=\"col-3\" scope=\"col\"><strong>Ufficio VII<\/strong><strong>: Diplomazia digitale e nuove tecnologie<\/strong><\/td>\n<\/tr>\n<tr>\n<td>Competenze<\/td>\n<td>Cooperazione internazionale nel campo dell\u2019innovazione tecnologica e dell\u2019intelligenza artificiale; questioni bilaterali e multilaterali relative alle applicazioni dell\u2019innovazione tecnologica e delle tecnologie emergenti e dirompenti, come intelligenza artificiale, quantum, blockchain, reti neurali, reti 5G\/6G; cooperazione nelle principali organizzazioni internazionali e nei gruppi <em>like-minded<\/em> nei settori dell\u2019innovazione tecnologica e dell\u2019intelligenza artificiale (negli ambiti ONU, UE, NATO, Consiglio d\u2019Europa, G7, G20, OCSE, REAIM, altre coalizioni formali e informali); iniziative bilaterali e multilaterali inerenti la diplomazia digitale (negli ambiti <em>ONU, UE, Freedom Online Coalition, Internet Governance Forum, Alliance for the Future of the Internet, Internet Corporation for Assigned Names and Numbers<\/em>, altre coalizioni formali e informali); coordinamento con le articolazioni dello Stato competenti in materia; collaborazione e dialogo con istituzioni accademiche, reti internazionali e istanze della societ\u00e0 civile attive in materia.<\/td>\n<\/tr>\n<tr>\n<td>Nominativo responsabile<\/td>\n<td>Cons. Leg. Rita Federica Mazzotta<\/td>\n<\/tr>\n<tr>\n<td>Qualifica<\/td>\n<td>Capo Ufficio<\/td>\n<\/tr>\n<tr>\n<td>Casella di posta elettronica certificata<\/td>\n<td><a href=\"mailto:dgct07@cert.esteri.it\">dgct07@cert.esteri.it<\/a><\/td>\n<\/tr>\n<\/tbody>\n<\/table>\n<\/div>\n<p>&nbsp;<\/p>\n<\/div>\n","protected":false},"excerpt":{"rendered":"Denominazione ufficio Direzione generale per le questioni cibernetiche, l\u2019informatica e l\u2019innovazione tecnologica Competenze Direzione generale per le questioni cibernetiche, l&#8217;informatica e l&#8217;innovazione tecnologica attende ai seguenti compiti: a) assicura la trattazione delle questioni inerenti alle politiche internazionali sulla sicurezza cibernetica e sull&#8217;impiego dei mezzi cibernetici, anche per il contrasto ad attivit\u00e0 di disinformazione, di competenza [&hellip;]","protected":false},"author":1,"featured_media":0,"parent":28818,"menu_order":120,"comment_status":"closed","ping_status":"closed","template":"","meta":{"footnotes":""},"class_list":["post-166393","page","type-page","status-publish","hentry"],"_links":{"self":[{"href":"https:\/\/www.esteri.it\/it\/wp-json\/wp\/v2\/pages\/166393","targetHints":{"allow":["GET"]}}],"collection":[{"href":"https:\/\/www.esteri.it\/it\/wp-json\/wp\/v2\/pages"}],"about":[{"href":"https:\/\/www.esteri.it\/it\/wp-json\/wp\/v2\/types\/page"}],"author":[{"embeddable":true,"href":"https:\/\/www.esteri.it\/it\/wp-json\/wp\/v2\/users\/1"}],"replies":[{"embeddable":true,"href":"https:\/\/www.esteri.it\/it\/wp-json\/wp\/v2\/comments?post=166393"}],"version-history":[{"count":7,"href":"https:\/\/www.esteri.it\/it\/wp-json\/wp\/v2\/pages\/166393\/revisions"}],"predecessor-version":[{"id":184087,"href":"https:\/\/www.esteri.it\/it\/wp-json\/wp\/v2\/pages\/166393\/revisions\/184087"}],"up":[{"embeddable":true,"href":"https:\/\/www.esteri.it\/it\/wp-json\/wp\/v2\/pages\/28818"}],"wp:attachment":[{"href":"https:\/\/www.esteri.it\/it\/wp-json\/wp\/v2\/media?parent=166393"}],"curies":[{"name":"wp","href":"https:\/\/api.w.org\/{rel}","templated":true}]}}