{"id":167745,"date":"2025-12-29T12:25:37","date_gmt":"2025-12-29T11:25:37","guid":{"rendered":"https:\/\/www.esteri.it\/?page_id=167745"},"modified":"2026-01-19T15:32:31","modified_gmt":"2026-01-19T14:32:31","slug":"dg-risorse-e-formazione","status":"publish","type":"page","link":"https:\/\/www.esteri.it\/it\/trasparenza_comunicazioni_legali\/organizzazione\/organi_indirizzo_politico_amministrativo\/segr-gen-dir-gen-vice-dir-gen-e-incarichi-di-liv-dir-gen\/dg-risorse-e-formazione\/","title":{"rendered":"DG Risorse e Formazione"},"content":{"rendered":"<p><strong>Direttore Generale Ministro Plenipotenziario FALCINELLI PATRIZIA<\/strong><\/p>\n<div class=\"table-responsive mb-4\">\n<table class=\"table table-sm table-bordered\">\n<tbody>\n<tr>\n<td>Atto di conferimento<\/td>\n<td>Decreto N. 48 del 25-11-2025<\/td>\n<\/tr>\n<tr>\n<td>CV<\/td>\n<td><a href=\"https:\/\/www.esteri.it\/it\/trasparenza_comunicazioni_legali\/personale\/informazioni_dirigenti\/cv_funzionari_diplomatici\/?searchCV=FALCINELLI+PATRIZIA\">link<\/a><\/td>\n<\/tr>\n<tr>\n<td>Compensi di qualsiasi natura connessi all&#8217;assunzione dell&#8217;incarico<\/td>\n<td><a href=\"https:\/\/www.esteri.it\/it\/trasparenza_comunicazioni_legali\/personale\/informazioni_dirigenti\/retribuzioni_dirigenziali_mae\/\">link<\/a><\/td>\n<\/tr>\n<tr>\n<td>Importi di viaggi di servizio e missioni pagati con fondi pubblici<\/td>\n<td><a href=\"https:\/\/www.esteri.it\/it\/trasparenza_comunicazioni_legali\/personale\/dirigenti\/viaggi-e-missioni\/?pin=2818\">link<\/a><\/td>\n<\/tr>\n<tr>\n<td>Dati relativi all&#8217;assunzione di altre cariche, presso enti pubblici o privati, e relativi compensi a qualsiasi titolo corrisposti<\/td>\n<td><a href=\"https:\/\/consulentipubblici.dfp.gov.it\/\">https:\/\/consulentipubblici.dfp.gov.it\/<\/a><\/td>\n<\/tr>\n<tr>\n<td>1) dichiarazione concernente diritti reali su beni immobili e su beni mobili iscritti in pubblici registri, titolarit\u00e0 di imprese, azioni di societ\u00e0, quote di partecipazione a societ\u00e0, esercizio di funzioni di amministratore o di sindaco di societ\u00e0<\/td>\n<td>Non applicabile<\/td>\n<\/tr>\n<tr>\n<td>2) copia dell&#8217;ultima dichiarazione dei redditi soggetti all&#8217;imposta sui redditi delle persone fisiche<\/td>\n<td>Non applicabile<\/td>\n<\/tr>\n<tr>\n<td>3) attestazione concernente le variazioni della situazione patrimoniale intervenute nell&#8217;anno precedente e copia della dichiarazione dei redditi<\/td>\n<td>Non applicabile<\/td>\n<\/tr>\n<tr>\n<td>Altri eventuali incarichi con oneri a carico della finanza pubblica e indicazione dei compensi spettanti<\/td>\n<td><a href=\"https:\/\/www.esteri.it\/it\/trasparenza_comunicazioni_legali\/personale\/incarichi-conferiti-e-autorizzati\/\">link<\/a><\/td>\n<\/tr>\n<tr>\n<td>Ammontare complessivo degli emolumenti percepiti a carico della finanza pubblica<\/td>\n<td><a href=\"https:\/\/www.esteri.it\/it\/trasparenza_comunicazioni_legali\/personale\/informazioni_dirigenti\/retribuzioni_dirigenziali_mae\/\">link<\/a><\/td>\n<\/tr>\n<tr>\n<td>Dichiarazione sulla insussistenza di una delle cause di inconferibilit\u00e0 dell&#8217;incarico<\/td>\n<td><a href=\"https:\/\/www.esteri.it\/it\/trasparenza_comunicazioni_legali\/personale\/informazioni_dirigenti\/dichiarazioni_sostitutive_e_acquisizione_ufficio_dei_dati\/\">link<\/a><\/td>\n<\/tr>\n<tr>\n<td>Dichiarazione sulla insussistenza di una delle cause di incompatibilit\u00e0 dell&#8217;incarico<\/td>\n<td><a href=\"https:\/\/www.esteri.it\/it\/trasparenza_comunicazioni_legali\/personale\/informazioni_dirigenti\/dichiarazioni_sostitutive_e_acquisizione_ufficio_dei_dati\/\">link<\/a><\/td>\n<\/tr>\n<\/tbody>\n<\/table>\n<\/div>\n<p>&nbsp;<\/p>\n<p><strong>Vice Direttore Generale\/Direttore Centrale\/Vicario &#8211; C1 Ministro Plenipotenziario PERUZZI LUCA<\/strong><\/p>\n<div class=\"table-responsive mb-4\">\n<table class=\"table table-sm table-bordered\">\n<tbody>\n<tr>\n<td>Atto di conferimento<\/td>\n<td>&#8211; &#8211;<\/td>\n<\/tr>\n<tr>\n<td>CV<\/td>\n<td><a href=\"https:\/\/www.esteri.it\/it\/trasparenza_comunicazioni_legali\/personale\/informazioni_dirigenti\/cv_funzionari_diplomatici\/?searchCV=PERUZZI+LUCA\">link<\/a><\/td>\n<\/tr>\n<tr>\n<td>Compensi di qualsiasi natura connessi all&#8217;assunzione dell&#8217;incarico<\/td>\n<td><a href=\"https:\/\/www.esteri.it\/it\/trasparenza_comunicazioni_legali\/personale\/informazioni_dirigenti\/retribuzioni_dirigenziali_mae\/\">link<\/a><\/td>\n<\/tr>\n<tr>\n<td>Importi di viaggi di servizio e missioni pagati con fondi pubblici<\/td>\n<td><a href=\"https:\/\/www.esteri.it\/it\/trasparenza_comunicazioni_legali\/personale\/dirigenti\/viaggi-e-missioni\/?pin=6168\">link<\/a><\/td>\n<\/tr>\n<tr>\n<td>Dati relativi all&#8217;assunzione di altre cariche, presso enti pubblici o privati, e relativi compensi a qualsiasi titolo corrisposti<\/td>\n<td><a href=\"https:\/\/consulentipubblici.dfp.gov.it\/\">https:\/\/consulentipubblici.dfp.gov.it\/<\/a><\/td>\n<\/tr>\n<tr>\n<td>1) dichiarazione concernente diritti reali su beni immobili e su beni mobili iscritti in pubblici registri, titolarit\u00e0 di imprese, azioni di societ\u00e0, quote di partecipazione a societ\u00e0, esercizio di funzioni di amministratore o di sindaco di societ\u00e0<\/td>\n<td>Non applicabile<\/td>\n<\/tr>\n<tr>\n<td>2) copia dell&#8217;ultima dichiarazione dei redditi soggetti all&#8217;imposta sui redditi delle persone fisiche<\/td>\n<td>Non applicabile<\/td>\n<\/tr>\n<tr>\n<td>3) attestazione concernente le variazioni della situazione patrimoniale intervenute nell&#8217;anno precedente e copia della dichiarazione dei redditi<\/td>\n<td>Non applicabile<\/td>\n<\/tr>\n<tr>\n<td>Altri eventuali incarichi con oneri a carico della finanza pubblica e indicazione dei compensi spettanti<\/td>\n<td><a href=\"https:\/\/www.esteri.it\/it\/trasparenza_comunicazioni_legali\/personale\/incarichi-conferiti-e-autorizzati\/\">link<\/a><\/td>\n<\/tr>\n<tr>\n<td>Ammontare complessivo degli emolumenti percepiti a carico della finanza pubblica<\/td>\n<td><a href=\"https:\/\/www.esteri.it\/it\/trasparenza_comunicazioni_legali\/personale\/informazioni_dirigenti\/retribuzioni_dirigenziali_mae\/\">link<\/a><\/td>\n<\/tr>\n<tr>\n<td>Dichiarazione sulla insussistenza di una delle cause di inconferibilit\u00e0 dell&#8217;incarico<\/td>\n<td><a href=\"https:\/\/www.esteri.it\/it\/trasparenza_comunicazioni_legali\/personale\/informazioni_dirigenti\/dichiarazioni_sostitutive_e_acquisizione_ufficio_dei_dati\/\">link<\/a><\/td>\n<\/tr>\n<tr>\n<td>Dichiarazione sulla insussistenza di una delle cause di incompatibilit\u00e0 dell&#8217;incarico<\/td>\n<td><a href=\"https:\/\/www.esteri.it\/it\/trasparenza_comunicazioni_legali\/personale\/informazioni_dirigenti\/dichiarazioni_sostitutive_e_acquisizione_ufficio_dei_dati\/\">link<\/a><\/td>\n<\/tr>\n<\/tbody>\n<\/table>\n<\/div>\n<p>&nbsp;<\/p>\n<p><strong>Vice Direttore Generale\/Direttore Centrale Dirigente I Fascia PIETRASANTA RICCARDA GIULIA<\/strong><\/p>\n<div class=\"table-responsive mb-4\">\n<table class=\"table table-sm table-bordered\">\n<tbody>\n<tr>\n<td>Atto di conferimento<\/td>\n<td>&#8211; &#8211;<\/td>\n<\/tr>\n<tr>\n<td>CV<\/td>\n<td><a href=\"https:\/\/www.esteri.it\/it\/trasparenza_comunicazioni_legali\/personale\/informazioni_dirigenti\/cv_funzionari_diplomatici\/?searchCV=PIETRASANTA+RICCARDA+GIULIA\">link<\/a><\/td>\n<\/tr>\n<tr>\n<td>Compensi di qualsiasi natura connessi all&#8217;assunzione dell&#8217;incarico<\/td>\n<td><a href=\"https:\/\/www.esteri.it\/it\/trasparenza_comunicazioni_legali\/personale\/informazioni_dirigenti\/retribuzioni_dirigenziali_mae\/\">link<\/a><\/td>\n<\/tr>\n<tr>\n<td>Importi di viaggi di servizio e missioni pagati con fondi pubblici<\/td>\n<td><a href=\"https:\/\/www.esteri.it\/it\/trasparenza_comunicazioni_legali\/personale\/dirigenti\/viaggi-e-missioni\/?pin=6320\">link<\/a><\/td>\n<\/tr>\n<tr>\n<td>Dati relativi all&#8217;assunzione di altre cariche, presso enti pubblici o privati, e relativi compensi a qualsiasi titolo corrisposti<\/td>\n<td><a href=\"https:\/\/consulentipubblici.dfp.gov.it\/\">https:\/\/consulentipubblici.dfp.gov.it\/<\/a><\/td>\n<\/tr>\n<tr>\n<td>1) dichiarazione concernente diritti reali su beni immobili e su beni mobili iscritti in pubblici registri, titolarit\u00e0 di imprese, azioni di societ\u00e0, quote di partecipazione a societ\u00e0, esercizio di funzioni di amministratore o di sindaco di societ\u00e0<\/td>\n<td>Non applicabile<\/td>\n<\/tr>\n<tr>\n<td>2) copia dell&#8217;ultima dichiarazione dei redditi soggetti all&#8217;imposta sui redditi delle persone fisiche<\/td>\n<td>Non applicabile<\/td>\n<\/tr>\n<tr>\n<td>3) attestazione concernente le variazioni della situazione patrimoniale intervenute nell&#8217;anno precedente e copia della dichiarazione dei redditi<\/td>\n<td>Non applicabile<\/td>\n<\/tr>\n<tr>\n<td>Altri eventuali incarichi con oneri a carico della finanza pubblica e indicazione dei compensi spettanti<\/td>\n<td><a href=\"https:\/\/www.esteri.it\/it\/trasparenza_comunicazioni_legali\/personale\/incarichi-conferiti-e-autorizzati\/\">link<\/a><\/td>\n<\/tr>\n<tr>\n<td>Ammontare complessivo degli emolumenti percepiti a carico della finanza pubblica<\/td>\n<td><a href=\"https:\/\/www.esteri.it\/it\/trasparenza_comunicazioni_legali\/personale\/informazioni_dirigenti\/retribuzioni_dirigenziali_mae\/\">link<\/a><\/td>\n<\/tr>\n<tr>\n<td>Dichiarazione sulla insussistenza di una delle cause di inconferibilit\u00e0 dell&#8217;incarico<\/td>\n<td><a href=\"https:\/\/www.esteri.it\/it\/trasparenza_comunicazioni_legali\/personale\/informazioni_dirigenti\/dichiarazioni_sostitutive_e_acquisizione_ufficio_dei_dati\/\">link<\/a><\/td>\n<\/tr>\n<tr>\n<td>Dichiarazione sulla insussistenza di una delle cause di incompatibilit\u00e0 dell&#8217;incarico<\/td>\n<td><a href=\"https:\/\/www.esteri.it\/it\/trasparenza_comunicazioni_legali\/personale\/informazioni_dirigenti\/dichiarazioni_sostitutive_e_acquisizione_ufficio_dei_dati\/\">link<\/a><\/td>\n<\/tr>\n<\/tbody>\n<\/table>\n<\/div>\n<p>&nbsp;<\/p>\n<p><strong>Coordinatore della attivit\u00e0 di programmazione economico finanziaria e di bilancio Dirigente I Fascia CONTE ASSUNTA<\/strong><\/p>\n<div class=\"table-responsive mb-4\">\n<table class=\"table table-sm table-bordered\">\n<tbody>\n<tr>\n<td>Atto di conferimento<\/td>\n<td>&#8211; &#8211;<\/td>\n<\/tr>\n<tr>\n<td>CV<\/td>\n<td><a href=\"https:\/\/www.esteri.it\/it\/trasparenza_comunicazioni_legali\/personale\/informazioni_dirigenti\/cv_funzionari_diplomatici\/?searchCV=CONTE+ASSUNTA\">link<\/a><\/td>\n<\/tr>\n<tr>\n<td>Compensi di qualsiasi natura connessi all&#8217;assunzione dell&#8217;incarico<\/td>\n<td><a href=\"https:\/\/www.esteri.it\/it\/trasparenza_comunicazioni_legali\/personale\/informazioni_dirigenti\/retribuzioni_dirigenziali_mae\/\">link<\/a><\/td>\n<\/tr>\n<tr>\n<td>Importi di viaggi di servizio e missioni pagati con fondi pubblici<\/td>\n<td><a href=\"https:\/\/www.esteri.it\/it\/trasparenza_comunicazioni_legali\/personale\/dirigenti\/viaggi-e-missioni\/?pin=15081\">link<\/a><\/td>\n<\/tr>\n<tr>\n<td>Dati relativi all&#8217;assunzione di altre cariche, presso enti pubblici o privati, e relativi compensi a qualsiasi titolo corrisposti<\/td>\n<td><a href=\"https:\/\/consulentipubblici.dfp.gov.it\/\">https:\/\/consulentipubblici.dfp.gov.it\/<\/a><\/td>\n<\/tr>\n<tr>\n<td>1) dichiarazione concernente diritti reali su beni immobili e su beni mobili iscritti in pubblici registri, titolarit\u00e0 di imprese, azioni di societ\u00e0, quote di partecipazione a societ\u00e0, esercizio di funzioni di amministratore o di sindaco di societ\u00e0<\/td>\n<td>Non applicabile<\/td>\n<\/tr>\n<tr>\n<td>2) copia dell&#8217;ultima dichiarazione dei redditi soggetti all&#8217;imposta sui redditi delle persone fisiche<\/td>\n<td>Non applicabile<\/td>\n<\/tr>\n<tr>\n<td>3) attestazione concernente le variazioni della situazione patrimoniale intervenute nell&#8217;anno precedente e copia della dichiarazione dei redditi<\/td>\n<td>Non applicabile<\/td>\n<\/tr>\n<tr>\n<td>Altri eventuali incarichi con oneri a carico della finanza pubblica e indicazione dei compensi spettanti<\/td>\n<td><a href=\"https:\/\/www.esteri.it\/it\/trasparenza_comunicazioni_legali\/personale\/incarichi-conferiti-e-autorizzati\/\">link<\/a><\/td>\n<\/tr>\n<tr>\n<td>Ammontare complessivo degli emolumenti percepiti a carico della finanza pubblica<\/td>\n<td><a href=\"https:\/\/www.esteri.it\/it\/trasparenza_comunicazioni_legali\/personale\/informazioni_dirigenti\/retribuzioni_dirigenziali_mae\/\">link<\/a><\/td>\n<\/tr>\n<tr>\n<td>Dichiarazione sulla insussistenza di una delle cause di inconferibilit\u00e0 dell&#8217;incarico<\/td>\n<td><a href=\"https:\/\/www.esteri.it\/it\/trasparenza_comunicazioni_legali\/personale\/informazioni_dirigenti\/dichiarazioni_sostitutive_e_acquisizione_ufficio_dei_dati\/\">link<\/a><\/td>\n<\/tr>\n<tr>\n<td>Dichiarazione sulla insussistenza di una delle cause di incompatibilit\u00e0 dell&#8217;incarico<\/td>\n<td><a href=\"https:\/\/www.esteri.it\/it\/trasparenza_comunicazioni_legali\/personale\/informazioni_dirigenti\/dichiarazioni_sostitutive_e_acquisizione_ufficio_dei_dati\/\">link<\/a><\/td>\n<\/tr>\n<\/tbody>\n<\/table>\n<\/div>\n<p>&nbsp;<\/p>\n<p><em>(*) Per la Carriera diplomatica, in regime di diritto pubblico (art. 3, c. 1, D.lgs. n. 165\/2001), non \u00e8 prevista durata minima o massima dell\u2019incarico.<\/em><\/p>\n<p><em>(**) Per la dirigenza amministrativa, la durata dell\u2019incarico non pu\u00f2 essere inferiore a tre anni n\u00e9 eccedere il termine di cinque anni (art. 19, comma 2, D.lgs. n. 165\/2001).<\/em><\/p>\n","protected":false},"excerpt":{"rendered":"Direttore Generale Ministro Plenipotenziario FALCINELLI PATRIZIA Atto di conferimento Decreto N. 48 del 25-11-2025 CV link Compensi di qualsiasi natura connessi all&#8217;assunzione dell&#8217;incarico link Importi di viaggi di servizio e missioni pagati con fondi pubblici link Dati relativi all&#8217;assunzione di altre cariche, presso enti pubblici o privati, e relativi compensi a qualsiasi titolo corrisposti https:\/\/consulentipubblici.dfp.gov.it\/ [&hellip;]","protected":false},"author":1,"featured_media":0,"parent":99207,"menu_order":0,"comment_status":"closed","ping_status":"closed","template":"","meta":{"footnotes":""},"class_list":["post-167745","page","type-page","status-publish","hentry"],"_links":{"self":[{"href":"https:\/\/www.esteri.it\/it\/wp-json\/wp\/v2\/pages\/167745","targetHints":{"allow":["GET"]}}],"collection":[{"href":"https:\/\/www.esteri.it\/it\/wp-json\/wp\/v2\/pages"}],"about":[{"href":"https:\/\/www.esteri.it\/it\/wp-json\/wp\/v2\/types\/page"}],"author":[{"embeddable":true,"href":"https:\/\/www.esteri.it\/it\/wp-json\/wp\/v2\/users\/1"}],"replies":[{"embeddable":true,"href":"https:\/\/www.esteri.it\/it\/wp-json\/wp\/v2\/comments?post=167745"}],"version-history":[{"count":3,"href":"https:\/\/www.esteri.it\/it\/wp-json\/wp\/v2\/pages\/167745\/revisions"}],"predecessor-version":[{"id":170673,"href":"https:\/\/www.esteri.it\/it\/wp-json\/wp\/v2\/pages\/167745\/revisions\/170673"}],"up":[{"embeddable":true,"href":"https:\/\/www.esteri.it\/it\/wp-json\/wp\/v2\/pages\/99207"}],"wp:attachment":[{"href":"https:\/\/www.esteri.it\/it\/wp-json\/wp\/v2\/media?parent=167745"}],"curies":[{"name":"wp","href":"https:\/\/api.w.org\/{rel}","templated":true}]}}