{"id":169072,"date":"2026-01-07T18:41:02","date_gmt":"2026-01-07T17:41:02","guid":{"rendered":"https:\/\/www.esteri.it\/?page_id=169072"},"modified":"2026-03-16T17:35:56","modified_gmt":"2026-03-16T16:35:56","slug":"intelligenza-artificiale","status":"publish","type":"page","link":"https:\/\/www.esteri.it\/it\/diplomazia-economica-e-politica-commerciale\/diplomaziaeconomica\/innovazione-tecnologica-e-startup\/intelligenza-artificiale\/","title":{"rendered":"Intelligenza Artificiale"},"content":{"rendered":"<p><img decoding=\"async\" class=\"alignnone size-medium wp-image-179390 img-fluid\" src=\"https:\/\/www.esteri.it\/wp-content\/uploads\/2026\/03\/intelligenza-artificiale.webp\" alt=\"Intelligenza Artificiale\" width=\"800\" srcset=\"https:\/\/www.esteri.it\/wp-content\/uploads\/2026\/03\/intelligenza-artificiale.webp 1280w, https:\/\/www.esteri.it\/wp-content\/uploads\/2026\/03\/intelligenza-artificiale-300x200.webp 300w, https:\/\/www.esteri.it\/wp-content\/uploads\/2026\/03\/intelligenza-artificiale-1024x682.webp 1024w, https:\/\/www.esteri.it\/wp-content\/uploads\/2026\/03\/intelligenza-artificiale-768x512.webp 768w\" sizes=\"(max-width: 1280px) 100vw, 1280px\" \/><\/p>\n<p><strong>Panoramica<\/strong><\/p>\n<p>Di intelligenza artificiale si parla dagli anni \u201950, tra il test di Touring e la conferenza di Dartmouth (1956) dove per la prima volta si us\u00f2 il termine. La svolta nel settore, per\u00f2, \u00e8 arrivata solo dopo il 2017, quando i progressi della ricerca hanno reso possibile l\u2019introduzione dei modelli di apprendimento profondo noti come\u00a0<em>transformer<\/em>. In particolare, negli ultimi anni si sono diffusi in modo estremamente veloce i modelli linguistici di larghe dimensioni (LLM \u2013\u00a0<em>Large Language Model<\/em>) di tipo GPT (<em>generative pre-trained transformer<\/em>), capaci di generare testi lunghi e di senso compiuto.<\/p>\n<p>Oggi l\u2019intelligenza artificiale generativa e agentica promette di cambiare drasticamente diversi settori. Pu\u00f2 velocizzare la ricerca scientifica, aumentare la produttivit\u00e0 e cambiare i processi nel mondo del lavoro, ma richiede anche un potenziamento delle fonti energetiche e un\u2019attivit\u00e0 regolatoria che ne prevenga gli abusi.<\/p>\n<p>Il settore \u00e8 comunque molto vitale anche nel nostro Paese, come provano la diffusione di startup, l\u2019approvazione della normativa sull\u2019AI (entrata in vigore a ottobre 2025, prima nel suo genere nell\u2019Unione Europea) e il recente lancio di un fondo di investimento\u00a0<em>ad hoc\u00a0<\/em>da Cassa Depositi e Prestiti\u00a0<em>Venture Capital<\/em>.<\/p>\n<p>&nbsp;<\/p>\n<p><strong>La diplomazia dell\u2019innovazione e l\u2019IA<\/strong><\/p>\n<p>La Farnesina supporta, con la diplomazia della crescita e con la diplomazia dell\u2019innovazione, lo sviluppo e l\u2019internazionalizzazione delle aziende italiane attive nel campo.<\/p>\n<p>Il Ministero coordina<a href=\"https:\/\/www.esteri.it\/it\/diplomazia-economica-e-politica-commerciale\/diplomaziaeconomica\/innovazione-tecnologica-e-startup\/sostegno-startup\/\" rel=\"\">\u00a0la nostra partecipazione<\/a>, organizzata da Agenzia ICE, a fiere di settore, come il\u00a0<em>Cannes AI Festival<\/em>, l\u2019<em>AI Summit\u00a0<\/em>di Londra o le grandi manifestazioni generaliste della tecnologia, tra cui, ad esempio\u00a0<em>Gitex<\/em>\u00a0e\u00a0<em>Web Summit<\/em>.<\/p>\n<p>Il Centro di innovazione italiano\u00a0<a href=\"https:\/\/www.esteri.it\/it\/diplomazia-economica-e-politica-commerciale\/diplomaziaeconomica\/innovazione-tecnologica-e-startup\/innovit\/\" rel=\"\">INNOVIT a San Francisco<\/a>, nato su iniziativa della Farnesina, dedica grande attenzione all\u2019intelligenza artificiale. Ogni anno, INNOVIT offre dei programmi di accelerazione e\u00a0<em>soft landing<\/em>\u00a0sul mercato statunitense alle nostre startup e PMI innovative. I programmi sono incentrati su diversi settori di interesse strategico nazionale. Nel tempo, INNOVIT ha dedicato diversi programmi alle aziende dell\u2019intelligenza artificiale. Ad oggi, INNOVIT ha scelto di considerare l\u2019IA come tecnologia abilitante e quindi trasversale: per ogni programma di accelerazione sono favorite aziende che integrino l\u2019intelligenza artificiale nei loro prodotti o nello sviluppo degli stessi.<\/p>\n<p>&nbsp;<\/p>\n<p><strong>Il Sistema Paese e l\u2019IA<\/strong><\/p>\n<p>Essenziale, nell\u2019attivit\u00e0 di supporto all\u2019internazionalizzazione, la cooperazione con altri attori nazionali di settore, come l\u2019istituto AI4I per l\u2019IA applicata all\u2019industria e il consorzio interuniversitario CINECA, che gestisce il supercomputer Leonardo.<\/p>\n<p>Leonardo risulta -a novembre 2025- il decimo supercomputer pi\u00f9 potente al mondo, contribuendo cos\u00ec a rendere l\u2019Italia quarto Paese al mondo per potenza di calcolo. CINECA gestisce anche l\u2019<em>AI factory\u00a0<\/em>italiana IT4LIA, realizzata con il finanziamento del Governo e dell\u2019Unione Europea e inaugurata a settembre 2025. Obiettivo della\u00a0<em>factory\u00a0<\/em>\u00e8 quello di rendere disponibile la loro enorme potenza di calcolo alle imprese. Il Ministero collabora con CINECA per rendere accessibili questi strumenti a tutte le imprese innovative italiane interessate a internazionalizzarsi.<\/p>\n<p>&nbsp;<\/p>\n<p><em>Ultimo aggiornamento: gennaio 2026<\/em><\/p>\n","protected":false},"excerpt":{"rendered":"Panoramica Di intelligenza artificiale si parla dagli anni \u201950, tra il test di Touring e la conferenza di Dartmouth (1956) dove per la prima volta si us\u00f2 il termine. La svolta nel settore, per\u00f2, \u00e8 arrivata solo dopo il 2017, quando i progressi della ricerca hanno reso possibile l\u2019introduzione dei modelli di apprendimento profondo noti [&hellip;]","protected":false},"author":1,"featured_media":0,"parent":165844,"menu_order":50,"comment_status":"closed","ping_status":"closed","template":"","meta":{"footnotes":""},"class_list":["post-169072","page","type-page","status-publish","hentry"],"_links":{"self":[{"href":"https:\/\/www.esteri.it\/it\/wp-json\/wp\/v2\/pages\/169072","targetHints":{"allow":["GET"]}}],"collection":[{"href":"https:\/\/www.esteri.it\/it\/wp-json\/wp\/v2\/pages"}],"about":[{"href":"https:\/\/www.esteri.it\/it\/wp-json\/wp\/v2\/types\/page"}],"author":[{"embeddable":true,"href":"https:\/\/www.esteri.it\/it\/wp-json\/wp\/v2\/users\/1"}],"replies":[{"embeddable":true,"href":"https:\/\/www.esteri.it\/it\/wp-json\/wp\/v2\/comments?post=169072"}],"version-history":[{"count":5,"href":"https:\/\/www.esteri.it\/it\/wp-json\/wp\/v2\/pages\/169072\/revisions"}],"predecessor-version":[{"id":179926,"href":"https:\/\/www.esteri.it\/it\/wp-json\/wp\/v2\/pages\/169072\/revisions\/179926"}],"up":[{"embeddable":true,"href":"https:\/\/www.esteri.it\/it\/wp-json\/wp\/v2\/pages\/165844"}],"wp:attachment":[{"href":"https:\/\/www.esteri.it\/it\/wp-json\/wp\/v2\/media?parent=169072"}],"curies":[{"name":"wp","href":"https:\/\/api.w.org\/{rel}","templated":true}]}}