{"id":177453,"date":"2026-02-27T14:48:27","date_gmt":"2026-02-27T13:48:27","guid":{"rendered":"https:\/\/www.esteri.it\/?page_id=177453"},"modified":"2026-03-03T14:22:37","modified_gmt":"2026-03-03T13:22:37","slug":"informazioni-utili","status":"publish","type":"page","link":"https:\/\/www.esteri.it\/it\/servizi-consolari-e-visti\/ingressosoggiornoinitalia\/visto_ingresso\/informazioni-utili\/","title":{"rendered":"Informazioni Utili"},"content":{"rendered":"<p><span id=\"biometrici\"><\/span><br \/>\n<strong>Informazioni utili<\/strong><\/p>\n<p><strong>Richiesta dati biometrici:\u00a0<\/strong>Tutti i richiedenti visto, sia Schengen che nazionale, dovranno fornire i loro dati biometrici (le impronte digitali delle dieci dita delle mani e una foto) al momento della richiesta di visto Schengen. I richiedenti dovranno dunque presentarsi di persona al momento della domanda di visto. Si tratta di una procedura semplice e che richiede solo pochi minuti. Poich\u00e9 le informazioni sui dati biometrici saranno conservate per 59 mesi, per eventuali successive richieste di visto non si dovranno prelevare nuovamente le impronte (salvo casi particolari). L\u2019esenzione dall\u2019obbligo di raccolta delle impronte digitali \u00e8 prevista per un numero limitato di richiedenti visto: bambini di et\u00e0 inferiore ai 12 anni e persone per le quali la raccolta delle impronte digitali \u00e8 fisicamente impossibile. Sono altres\u00ec esentati, in occasione di visite ufficiali, i Capi di Stato e i membri del Governo, assieme ai componenti della delegazione al seguito e ai coniugi.<\/p>\n<p><strong>L\u2019ottenimento del visto non d\u00e0 automaticamente diritto all\u2019ingresso dell\u2019area Schengen<\/strong><\/p>\n<p><strong>Si attira l\u2019attenzione dei richiedenti visto sul fatto che il semplice possesso di un visto non conferisce automaticamente il diritto di ingresso nell\u2019area Schengen e che i titolari di un visto possono essere richiesti, una volta arrivati alla frontiera esterna dell\u2019area Schengen o in occasione di altri controlli, di fornire informazioni circa i mezzi di sostentamento, sulla durata del soggiorno previsto in area Schengen e sullo scopo del viaggio.<\/strong><\/p>\n<p><strong>Si raccomanda di portare con s\u00e9 copia dei documenti presentati in fase di domanda di visto (quali ad esempio, lettere di invito, prenotazioni alberghiere e aeree o altri documenti atti a dimostrare lo scopo del viaggio). Per maggiori informazioni, si veda\u00a0<\/strong><a href=\"https:\/\/eur-lex.europa.eu\/legal-content\/IT\/TXT\/?uri=CELEX%3A02009R0810-20200202\"><strong>Il Codice comunitario dei Visti<\/strong><\/a>.<\/p>\n<p>&nbsp;<\/p>\n<p><span id=\"usoschengen\"><\/span><br \/>\n<strong>Come utilizzare correttamente un visto Schengen<\/strong><\/p>\n<p>Il visto Schengen d\u00e0 diritto a circolare nei Paesi dell\u2019area Schengen. \u00c8 possibile rimanere in area Schengen solamente per il numero di giorni indicati sul visto, che va utilizzato esclusivamente nel lasso temporale indicato \u201cdal\u201d \u201cal\u201d. La dicitura \u201cDurata del soggiorno \u2026 giorni\u201d indica il numero di giorni che \u00e8 possibile trascorrere nell\u2019area Schengen, a partire dalla data in cui si fa ingresso nel territorio Schengen (da contare sulla base dei timbri di ingresso e uscita). Il lasso temporale indicato \u201cDa\u2026a\u201d pu\u00f2 essere pi\u00f9 lungo rispetto alla \u201cDurata del soggiorno\u201d al fine di consentire una certa flessibilit\u00e0. Tuttavia, non \u00e8 possibile rimanere in area Schengen pi\u00f9 giorni rispetto a quelli indicati sotto la voce \u201cDurata del soggiorno\u2026giorni\u201d. Inoltre, non \u00e8 possibile soggiornare oltre la data indicata alla voce \u201cAl\u201d.<\/p>\n<p>Il numero di ingressi concessi pu\u00f2 essere: uno, due o multipli. Quanti hanno necessit\u00e0 di recarsi frequentemente in area Schengen possono richiedere visti ad ingressi multipli pluriennali fino ad un massimo di 5 anni. Si ricorda ai possessori di visti ad ingressi multipli che in base alla normativa \u00e8 possibile rimanere all\u2019interno dell\u2019area Schengen per un massimo di 90 giorni ogni 180 giorni.<\/p>\n<p>Al fine di evitare over-staying e per sapere quanti giorni rimangono a disposizione rispetto a quelli gi\u00e0 utilizzati, \u00e8 possibile utilizzare (a titolo indicativo) il sistema di calcolo approntato sul\u00a0<a href=\"https:\/\/home-affairs.ec.europa.eu\/policies\/schengen\/border-crossing\/short-stay-calculator_en\">sito<\/a>\u00a0della Commissione europea.<\/p>\n<p>&nbsp;<\/p>\n<p><span id=\"vistonazionale\"><\/span><br \/>\n<strong>Come utilizzare correttamente un visto nazionale italiano<\/strong><\/p>\n<p>Una volta giunti in Italia con un visto nazionale italiano, \u00e8 necessario recarsi entro 8 (otto) giorni lavorativi presso la competente Questura della Provincia ove si intende risiedere per fare richiesta di Permesso di soggiorno. La durata del Permesso di soggiorno sar\u00e0 corrispondente a quella indicata sul visto. Il Permesso di soggiorno dovr\u00e0 essere rinnovato direttamente in Italia. Clicca\u00a0<a href=\"http:\/\/questure.poliziadistato.it\/\">qui<\/a>\u00a0per individuare la Questura competente.<\/p>\n<p>&nbsp;<\/p>\n<p><span id=\"obbligopassaporto\"><\/span><br \/>\n<strong>Obbligo di controllare i dati del visto all\u2019atto del ritiro del passaporto<\/strong><\/p>\n<p>\u00c8 responsabilit\u00e0 del richiedente controllare i dati sul visto al momento del ritiro del passaporto al fine di evitare errori che potrebbero causare problemi in frontiera.<\/p>\n<p>Dati da controllare:<\/p>\n<ul>\n<li><strong>Dati personali<\/strong>: Nome, cognome, data e luogo di nascita devono corrispondere ai dati del passaporto.<\/li>\n<li><strong>Dati del visto<\/strong>: Numero del visto, data di emissione e validit\u00e0.<\/li>\n<li><strong>Tipo di visto<\/strong>: Verifica che il tipo di visto (es. turistico, studio, lavoro) sia corretto per lo scopo del viaggio.<\/li>\n<li><strong>Numero di ingressi<\/strong>: Se applicabile, controlla che il numero di ingressi consentiti sia corretto (es. uno o pi\u00f9 ingressi).<\/li>\n<\/ul>\n<p>&nbsp;<\/p>\n","protected":false},"excerpt":{"rendered":"Informazioni utili Richiesta dati biometrici:\u00a0Tutti i richiedenti visto, sia Schengen che nazionale, dovranno fornire i loro dati biometrici (le impronte digitali delle dieci dita delle mani e una foto) al momento della richiesta di visto Schengen. I richiedenti dovranno dunque presentarsi di persona al momento della domanda di visto. Si tratta di una procedura semplice [&hellip;]","protected":false},"author":17,"featured_media":0,"parent":29945,"menu_order":5,"comment_status":"closed","ping_status":"closed","template":"page-consolari.php","meta":{"footnotes":""},"class_list":["post-177453","page","type-page","status-publish","hentry"],"_links":{"self":[{"href":"https:\/\/www.esteri.it\/it\/wp-json\/wp\/v2\/pages\/177453","targetHints":{"allow":["GET"]}}],"collection":[{"href":"https:\/\/www.esteri.it\/it\/wp-json\/wp\/v2\/pages"}],"about":[{"href":"https:\/\/www.esteri.it\/it\/wp-json\/wp\/v2\/types\/page"}],"author":[{"embeddable":true,"href":"https:\/\/www.esteri.it\/it\/wp-json\/wp\/v2\/users\/17"}],"replies":[{"embeddable":true,"href":"https:\/\/www.esteri.it\/it\/wp-json\/wp\/v2\/comments?post=177453"}],"version-history":[{"count":4,"href":"https:\/\/www.esteri.it\/it\/wp-json\/wp\/v2\/pages\/177453\/revisions"}],"predecessor-version":[{"id":177841,"href":"https:\/\/www.esteri.it\/it\/wp-json\/wp\/v2\/pages\/177453\/revisions\/177841"}],"up":[{"embeddable":true,"href":"https:\/\/www.esteri.it\/it\/wp-json\/wp\/v2\/pages\/29945"}],"wp:attachment":[{"href":"https:\/\/www.esteri.it\/it\/wp-json\/wp\/v2\/media?parent=177453"}],"curies":[{"name":"wp","href":"https:\/\/api.w.org\/{rel}","templated":true}]}}