{"id":178411,"date":"2026-03-05T14:18:50","date_gmt":"2026-03-05T13:18:50","guid":{"rendered":"https:\/\/www.esteri.it\/?page_id=178411"},"modified":"2026-03-05T14:21:38","modified_gmt":"2026-03-05T13:21:38","slug":"il-nesso-clima-sviluppo","status":"publish","type":"page","link":"https:\/\/www.esteri.it\/it\/politica-estera-e-cooperazione-allo-sviluppo\/cooperaz_sviluppo\/la-finanza-per-lo-sviluppo\/il-nesso-clima-sviluppo\/","title":{"rendered":"Il Nesso Clima-Sviluppo"},"content":{"rendered":"<p>L\u2019integrazione delle tematiche ambientali e climatiche negli interventi di sviluppo rappresenta un <strong>elemento trasversale e prioritario<\/strong> dell\u2019azione del Sistema della Cooperazione Italiano, in coerenza con gli impegni assunti nell\u2019ambito dell\u2019Agenda 2030 per lo Sviluppo Sostenibile e dell\u2019Accordo di Parigi sul clima. La Cooperazione Italiana promuove interventi che affrontano le sfide ambientali attraverso un <strong>approccio integrato<\/strong>, coniugando mitigazione e adattamento ai cambiamenti climatici, conservazione della biodiversit\u00e0, sicurezza alimentare, gestione sostenibile delle risorse naturali, e promozione di modelli di produzione e consumo responsabili.<\/p>\n<h5>Il Fondo Italiano per il Clima<\/h5>\n<p>Il Fondo Italiano per il Clima rappresenta il principale strumento pubblico nazionale dedicato al finanziamento di interventi di mitigazione e adattamento climatico nei Paesi <em>partner<\/em>. Incardinato presso il Ministero dell\u2019Ambiente e della Sicurezza Energetica (MASE) e gestito da Cassa Depositi e Prestiti (CDP), e con una dotazione di <strong>4,4 miliardi di euro<\/strong>, il Fondo consente all\u2019Italia di contribuire agli impegni internazionali assunti in materia di finanza climatica.<\/p>\n<p>Le risorse del Fondo sono destinate a progetti che affrontano le cause e gli effetti dei cambiamenti climatici, con particolare attenzione ad iniziative di mitigazione ed adattamento climatico, conservazione della biodiversit\u00e0, e lotta alla desertificazione.<\/p>\n<p>Dall\u2019avvio della sua operativit\u00e0, il Fondo ha approvato progetti e iniziative anche nell&#8217;ambito del Piano Mattei per l\u2019Africa, tra cui la partecipazione a fondi multilaterali come il \u201c<strong>Mattei Plan and Rome Process Financial Facility<\/strong>\u201d istituito presso la Banca Africana di Sviluppo, la \u201c<strong>Alliance for Green Infrastructure in Africa<\/strong>\u201d, e progetti di accesso all\u2019energia sostenibile e di supporto alla sovranit\u00e0 alimentare in diversi Paesi africani.<\/p>\n<p>Il Fondo assicura inoltre la partecipazione italiana al <strong>\u201cFund for Responding to Loss and Damage\u201d (Fondo <em>Loss and Damage<\/em>)<\/strong>, istituito nell\u2019ambito della UNFCCC e dell\u2019Accordo di Parigi e ospitato presso la Banca Mondiale. Questo si configura quale meccanismo finanziario multilaterale finalizzato a fornire assistenza ai Paesi in via di sviluppo particolarmente vulnerabili agli impatti avversi dei cambiamenti climatici, attraverso il finanziamento di interventi volti a fronteggiare perdite e danni gi\u00e0 verificatisi, di natura economica e non economica, derivanti da eventi climatici estremi e da fenomeni a lenta insorgenza.<\/p>\n<p><strong>Link correlati<\/strong><\/p>\n<p><a href=\"https:\/\/www.mase.gov.it\/portale\/web\/guest\/fondo-italiano-per-il-clima\">Fondo Italiano per il Clima &#8211; Ministero dell&#8217;Ambiente e della Sicurezza energetica<\/a><\/p>\n<p><a href=\"https:\/\/www.governo.it\/it\/articolo\/piano-mattei-lafrica-le-risorse-e-gli-strumenti-finanziari\/28747\">Piano Mattei per l&#8217;Africa: le risorse e gli strumenti finanziari | www.governo.it<\/a><\/p>\n<p><a href=\"https:\/\/www.afdb.org\/en\/topics-and-sectors\/initiatives-and-partnerships\/alliance-green-infrastructure-africa\">Alliance for Green Infrastructure in Africa<\/a><\/p>\n<p><a href=\"https:\/\/unfccc.int\/fund-for-responding-to-loss-and-damage\">Fund for responding to Loss and Damage | UNFCCC<\/a><\/p>\n<p>&nbsp;<\/p>\n<h5><strong>La \u201cGreen Cities Initiative in Action for Africa\u201d<\/strong><\/h5>\n<p>Tra le iniziative pi\u00f9 significative della Cooperazione Italiana nel settore ambientale figura la \u201cGreen Cities Initiative in Action for Africa\u201d, realizzata in partenariato con l\u2019<strong>Organizzazione delle Nazioni Unite per l\u2019Alimentazione e l\u2019Agricoltura (FAO<\/strong>) e inserita nella cornice di una pi\u00f9 ampia progettualit\u00e0 dell\u2019Organizzazione. Questa iniziativa sostiene due citt\u00e0 in ciascuno dei cinque Paesi africani coinvolti (Algeria, Costa d\u2019Avorio, Kenya, Mozambico, e Uganda) nello sviluppo di piani d\u2019azione per interventi di <strong>adattamento climatico <\/strong>implementati a livello urbano.<\/p>\n<p>Questi piani di azione, co-generati con le controparti locali, governative e non, si tradurranno poi in progettualit\u00e0 bancabili, sistemiche e innovative in ambiti quali la forestazione urbana, la gestione sostenibile dei rifiuti, il rafforzamento dei legami tra aree urbane e rurali, e l\u2019aumento della resilienza dei sistemi alimentari. L\u2019obiettivo di tale azione \u00e8 duplice: da un lato, <strong>integrare i dati gi\u00e0 disponibili<\/strong> con nuove analisi al fine mappare i bisogni di adattamento climatico delle aree urbane interessate, evidenziando i collegamenti tra vulnerabilit\u00e0 climatica e difficolt\u00e0 socioeconomiche delle popolazioni urbane e periurbane; dall\u2019altro, fornire agli attori locali coinvolti gli elementi necessari per identificare aree prioritarie di intervento e <strong>accedere a finanziamenti<\/strong> da parte degli strumenti finanziari a disposizione del Sistema di Cooperazione Italiano, <em>in primis<\/em> il Fondo Italiano per il Clima.<\/p>\n<p><strong>Link correlati<\/strong><\/p>\n<p><a href=\"https:\/\/www.fao.org\/green-cities-initiative\/cgi-africa\/en\">GCI in action for Africa<\/a><\/p>\n<p><a href=\"https:\/\/www.fao.org\/themes\/en\/\">Themes | FAO | Food and Agriculture Organization of the United Nations<\/a><\/p>\n<p>&nbsp;<\/p>\n<h5>Il ruolo dell\u2019Italia nelle conferenze internazionali sul clima<\/h5>\n<p>L\u2019Italia partecipa storicamente in maniera attiva alle principali conferenze internazionali sul clima, partendo innanzitutto dalle <strong>Conferenze delle Parti (COP) della Convenzione Quadro delle Nazioni Unite sui Cambiamenti Climatici (UNFCCC)<\/strong>. La presenza italiana alle COP si caratterizza di anno in anno per un impegno concreto nella promozione di iniziative che collegano l\u2019azione climatica alla cooperazione allo sviluppo, sostenendo il principio della giustizia climatica e lavorando affinch\u00e9 le risorse finanziarie destinate al clima raggiungano effettivamente le comunit\u00e0 pi\u00f9 vulnerabili.<\/p>\n<p>Alla COP30 di Bel\u00e9m, svoltasi nel novembre 2025, l\u2019Italia ha assunto un ruolo particolarmente profilato, tra gli altri, nel settore della transizione energetica, facendosi co-promotrice insieme a Giappone e India del <strong>\u201cBel\u00e9m 4X Pledge on Sustainable Fuels\u201d<\/strong>, iniziativa lanciata dal Brasile e volta a quadruplicare entro il 2035 la produzione di carburanti sostenibili, partendo dei livelli del 2024. Tale impegno nasce da un riconoscimento del necessario connubio tra l\u2019urgenza di una transizione energetica volta a frenare il riscaldamento climatico, da un lato; e l\u2019esigenza di continuare a garantire una sicurezza energetica atta a preservare benessere e competitivit\u00e0 delle economie globali, dall\u2019altro. Secondo questo approccio pragmatico non c\u2019\u00e8 contraddizione tra transizione energetica e sicurezza energetica, e abbracciando lo stesso l\u2019Italia si \u00e8 confermata protagonista nella ricerca di soluzioni concrete, innovative e all\u2019avanguardia per un futuro energetico sostenibile.<\/p>\n<p><strong>Link correlati<\/strong><\/p>\n<p><a href=\"https:\/\/unfccc.int\/cop30\">UN Climate Change Conference &#8211; Bel\u00e9m, November 2025 | UNFCCC<\/a><\/p>\n<p><a href=\"https:\/\/www.mase.gov.it\/portale\/cop30-ministerial-roundtable-sull-implementazione-del-bel%C3%A9m-4x-pledge-spinta-decisiva-ai-carburanti-sostenibili-entro-il-2035\">COP30, Ministerial Roundtable sull&#8217;implementazione del Bel\u00e9m 4X Pledge spinta <\/a><\/p>\n<p><a href=\"https:\/\/www.weforum.org\/stories\/2025\/11\/quadrupling-clean-fuels-by-2035\/\">Clean fuels: The COP30 pledge to scale sustainable energy | World Economic Forum<\/a><\/p>\n","protected":false},"excerpt":{"rendered":"L\u2019integrazione delle tematiche ambientali e climatiche negli interventi di sviluppo rappresenta un elemento trasversale e prioritario dell\u2019azione del Sistema della Cooperazione Italiano, in coerenza con gli impegni assunti nell\u2019ambito dell\u2019Agenda 2030 per lo Sviluppo Sostenibile e dell\u2019Accordo di Parigi sul clima. La Cooperazione Italiana promuove interventi che affrontano le sfide ambientali attraverso un approccio integrato, [&hellip;]","protected":false},"author":17,"featured_media":0,"parent":178393,"menu_order":0,"comment_status":"closed","ping_status":"closed","template":"","meta":{"footnotes":""},"class_list":["post-178411","page","type-page","status-publish","hentry"],"_links":{"self":[{"href":"https:\/\/www.esteri.it\/it\/wp-json\/wp\/v2\/pages\/178411","targetHints":{"allow":["GET"]}}],"collection":[{"href":"https:\/\/www.esteri.it\/it\/wp-json\/wp\/v2\/pages"}],"about":[{"href":"https:\/\/www.esteri.it\/it\/wp-json\/wp\/v2\/types\/page"}],"author":[{"embeddable":true,"href":"https:\/\/www.esteri.it\/it\/wp-json\/wp\/v2\/users\/17"}],"replies":[{"embeddable":true,"href":"https:\/\/www.esteri.it\/it\/wp-json\/wp\/v2\/comments?post=178411"}],"version-history":[{"count":3,"href":"https:\/\/www.esteri.it\/it\/wp-json\/wp\/v2\/pages\/178411\/revisions"}],"predecessor-version":[{"id":178421,"href":"https:\/\/www.esteri.it\/it\/wp-json\/wp\/v2\/pages\/178411\/revisions\/178421"}],"up":[{"embeddable":true,"href":"https:\/\/www.esteri.it\/it\/wp-json\/wp\/v2\/pages\/178393"}],"wp:attachment":[{"href":"https:\/\/www.esteri.it\/it\/wp-json\/wp\/v2\/media?parent=178411"}],"curies":[{"name":"wp","href":"https:\/\/api.w.org\/{rel}","templated":true}]}}