{"id":178477,"date":"2026-03-05T14:29:40","date_gmt":"2026-03-05T13:29:40","guid":{"rendered":"https:\/\/www.esteri.it\/?page_id=178477"},"modified":"2026-03-05T14:30:58","modified_gmt":"2026-03-05T13:30:58","slug":"il-coinvolgimento-del-settore-privato-nella-cooperazione-allo-sviluppo","status":"publish","type":"page","link":"https:\/\/www.esteri.it\/it\/politica-estera-e-cooperazione-allo-sviluppo\/cooperaz_sviluppo\/la-finanza-per-lo-sviluppo\/il-coinvolgimento-del-settore-privato-nella-cooperazione-allo-sviluppo\/","title":{"rendered":"Il coinvolgimento del settore privato nella cooperazione allo sviluppo"},"content":{"rendered":"<p>Il coinvolgimento del settore privato negli interventi di sviluppo rappresenta una componente strutturale dell\u2019approccio della Cooperazione Italiana, nella consapevolezza del ruolo strategico che le imprese possono svolgere nel contribuire al conseguimento degli Obiettivi di Sviluppo Sostenibile. In linea con la legge n. 125\/2014, il Sistema Italiano di Cooperazione promuove la partecipazione dei soggetti a fini di lucro alle iniziative di cooperazione, valorizzandone la capacit\u00e0 di generare innovazione, investimenti sostenibili e valore condiviso nei Paesi <em>partner<\/em>.<\/p>\n<p>L\u2019azione italiana in questo ambito si fonda su un insieme articolato di strumenti normativi, finanziari e operativi volti a favorire <strong>partenariati pubblico-privati<\/strong> efficaci e orientati all\u2019impatto, nonch\u00e9 su un dialogo strutturato con il mondo imprenditoriale e con gli attori dell\u2019innovazione.<\/p>\n<p>&nbsp;<\/p>\n<h5><strong>La Misura \u201cImprese Impatto\u201d<\/strong><\/h5>\n<p>Tra gli strumenti pi\u00f9 innovativi per il coinvolgimento del settore privato si inserisce la Misura \u201cImprese Impatto\u201d, concepita per favorire <strong>la progettazione e la realizzazione di soluzioni imprenditoriali<\/strong> ad alto impatto sociale, ambientale ed economico nei Paesi <em>partner<\/em> della Cooperazione Italiana, con priorit\u00e0 per il continente africano e in coerenza con le direttrici del Piano Mattei per l\u2019Africa.<\/p>\n<p>La misura si rivolge ai soggetti a fini di lucro di cui all\u2019articolo 27 della legge n. 125\/2014 ed \u00e8 finalizzata a soddisfare fabbisogni di innovazione attraverso la sperimentazione di soluzioni scalabili e replicabili, capaci di contribuire a una crescita economica duratura, alla creazione di lavoro dignitoso, e all\u2019inclusione sociale delle comunit\u00e0 locali, nel rispetto dei diritti umani e dei principi base dell\u2019approccio della cooperazione italiana. Le imprese sono chiamate a operare in partenariato con soggetti locali e con altri attori del sistema della cooperazione, favorendo il trasferimento di competenze, il rafforzamento degli ecosistemi imprenditoriali, e la sostenibilit\u00e0 degli interventi nel medio-lungo periodo.<\/p>\n<p>La procedura si caratterizza per un dialogo strutturato con il mercato e per l\u2019utilizzo di <strong>strumenti innovativi di selezione e finanziamento<\/strong>, orientati a sostenere le fasi di ricerca, sviluppo e sperimentazione delle soluzioni pi\u00f9 promettenti, assicurando al contempo complementarit\u00e0 con le priorit\u00e0 della politica estera e della strategia di cooperazione allo sviluppo.<\/p>\n<p><strong>Link correlati<\/strong><\/p>\n<p><a href=\"https:\/\/www.aics.gov.it\/settori-di-intervento\/osc-profit-ed-enti-territoriali\/area-imprese\/#page-acc\">Area Imprese \u2013 Misura Imprese Impatto bando 4.0- AICS<\/a><\/p>\n<p><a href=\"https:\/\/appaltinnovativi.gov.it\/soluzioni-innovative-per-promuovere-lo-sviluppo-sostenibile-nei-paesi-della-cooperazione-internazionale\/\">Soluzioni innovative per promuovere lo sviluppo sostenibile nei paesi della cooperazione internazionale | Appaltinnovativi<\/a><\/p>\n<p>&nbsp;<\/p>\n<h5><strong>La manifestazione \u201cCodeway Expo\u201d<\/strong><\/h5>\n<p>Un ruolo centrale nel dialogo con il settore privato \u00e8 svolto dalla manifestazione \u201cCodeway Expo\u201d, appuntamento annuale dedicato al ruolo delle imprese nel Sistema della Cooperazione Italiana allo sviluppo, tradizionalmente patrocinato dal Ministero degli Affari Esteri e della Cooperazione Internazionale e dall\u2019Agenzia Italiana per la Cooperazione allo Sviluppo (AICS).<\/p>\n<p>Nel corso degli anni, Codeway si \u00e8 affermata come una piattaforma privilegiata di <strong>confronto e <em>networking<\/em><\/strong> tra imprese, istituzioni, organizzazioni internazionali, banche multilaterali di sviluppo e attori della societ\u00e0 civile. La manifestazione offre uno spazio strutturato per valorizzare le competenze del sistema produttivo italiano, promuovere partenariati pubblico-privati e facilitare l\u2019accesso delle imprese alle opportunit\u00e0 offerte dai programmi di cooperazione e dai meccanismi di <em>procurement<\/em> internazionale. Particolare attenzione \u00e8 dedicata alla promozione delle opportunit\u00e0 di collaborazione nei settori prioritari dello sviluppo sostenibile, nonch\u00e9 al rafforzamento della partecipazione delle imprese italiane alle iniziative multilaterali.<\/p>\n<p><strong>Link correlati<\/strong><\/p>\n<p><a href=\"https:\/\/www.codewayexpo.com\/\">Codeway Expo 2026 | VII Edizione<\/a><\/p>\n<p>&nbsp;<\/p>\n<h5>L\u2019Italia\u2013Africa <em>Business Week<\/em><\/h5>\n<p>Nel quadro delle iniziative volte a rafforzare il dialogo economico e imprenditoriale tra Italia e Africa, un rilievo specifico assume l\u2019Italia\u2013Africa <em>Business Week<\/em>, <strong>piattaforma internazionale di <em>business<\/em> e <em>networking<\/em><\/strong> finalizzata a promuovere relazioni commerciali e partenariati sostenibili tra il sistema produttivo italiano e i Paesi africani.<\/p>\n<p>L\u2019evento si inserisce pienamente nelle priorit\u00e0 del Piano Mattei per l\u2019Africa e del Documento Triennale di Programmazione e di Indirizzo della politica di cooperazione allo sviluppo, con particolare attenzione alla valorizzazione del <strong>ruolo delle diaspore<\/strong> quali attori di co-sviluppo, innovazione sociale ed economica. Attraverso il coinvolgimento di imprese, istituzioni, associazioni di categoria e organizzazioni internazionali, l\u2019Italia\u2013Africa <em>Business Week<\/em> contribuisce a rafforzare un ecosistema di cooperazione fondato su investimenti responsabili, trasferimento di competenze e creazione di valore condiviso.<\/p>\n<p><strong>Link correlati<\/strong><\/p>\n<p><a href=\"https:\/\/iabw.eu\/\">Home | IABW Italia Africa Business Week<\/a><\/p>\n","protected":false},"excerpt":{"rendered":"Il coinvolgimento del settore privato negli interventi di sviluppo rappresenta una componente strutturale dell\u2019approccio della Cooperazione Italiana, nella consapevolezza del ruolo strategico che le imprese possono svolgere nel contribuire al conseguimento degli Obiettivi di Sviluppo Sostenibile. In linea con la legge n. 125\/2014, il Sistema Italiano di Cooperazione promuove la partecipazione dei soggetti a fini [&hellip;]","protected":false},"author":17,"featured_media":0,"parent":178393,"menu_order":4,"comment_status":"closed","ping_status":"closed","template":"","meta":{"footnotes":""},"class_list":["post-178477","page","type-page","status-publish","hentry"],"_links":{"self":[{"href":"https:\/\/www.esteri.it\/it\/wp-json\/wp\/v2\/pages\/178477","targetHints":{"allow":["GET"]}}],"collection":[{"href":"https:\/\/www.esteri.it\/it\/wp-json\/wp\/v2\/pages"}],"about":[{"href":"https:\/\/www.esteri.it\/it\/wp-json\/wp\/v2\/types\/page"}],"author":[{"embeddable":true,"href":"https:\/\/www.esteri.it\/it\/wp-json\/wp\/v2\/users\/17"}],"replies":[{"embeddable":true,"href":"https:\/\/www.esteri.it\/it\/wp-json\/wp\/v2\/comments?post=178477"}],"version-history":[{"count":3,"href":"https:\/\/www.esteri.it\/it\/wp-json\/wp\/v2\/pages\/178477\/revisions"}],"predecessor-version":[{"id":178499,"href":"https:\/\/www.esteri.it\/it\/wp-json\/wp\/v2\/pages\/178477\/revisions\/178499"}],"up":[{"embeddable":true,"href":"https:\/\/www.esteri.it\/it\/wp-json\/wp\/v2\/pages\/178393"}],"wp:attachment":[{"href":"https:\/\/www.esteri.it\/it\/wp-json\/wp\/v2\/media?parent=178477"}],"curies":[{"name":"wp","href":"https:\/\/api.w.org\/{rel}","templated":true}]}}