{"id":182326,"date":"2026-04-02T16:15:15","date_gmt":"2026-04-02T14:15:15","guid":{"rendered":"https:\/\/www.esteri.it\/?page_id=182326"},"modified":"2026-04-02T16:15:15","modified_gmt":"2026-04-02T14:15:15","slug":"programma-jpo","status":"publish","type":"page","link":"https:\/\/www.esteri.it\/it\/servizi-opportunita\/opportunita\/nelle_oo_ii\/pergiovani\/programma-jpo\/","title":{"rendered":"Programma JPO"},"content":{"rendered":"<p>Il Programma \u201cGiovani Funzionari delle Organizzazioni Internazionali\u201d, noto anche come Programma JPO, \u00e8 <strong>un\u2019iniziativa finanziata dal Governo Italiano<\/strong> attraverso la Direzione Generale per la Cooperazione allo Sviluppo del MAECI e l\u2019AICS e <strong>curata dal Dipartimento degli Affari Economici e Sociali delle Nazioni Unite (UN\/DESA)<\/strong>. Il Programma deriva da una risoluzione del Consiglio Economico e Sociale delle Nazioni Unite adottata nel 1961, che approvava e incoraggiava la collaborazione dei volontari (finanziati dai rispettivi paesi di origine) in iniziative e programmi di cooperazione allo sviluppo.<\/p>\n<p>L&#8217;Italia ha aderito a questo schema a met\u00e0 degli anni &#8217;70 e nel corso degli anni lo ha sviluppato in un Programma completo, estendendo la sua sponsorizzazione dal <strong>Segretariato delle Nazioni Unite<\/strong> e dagli <strong>Organismi competenti<\/strong> a <strong>enti e agenzie specializzate del sistema delle Nazioni Unite<\/strong>, nonch\u00e9 ad <strong>altre organizzazioni internazionali<\/strong> con cui il Governo italiano ha stipulato accordi specifici.<\/p>\n<p>I Junior Professional Officers sono impiegati delle varie OOII, in generale con <strong>status di funzionari internazionali a tutti gli effetti (<em>UN Professional Staff<\/em>, livello P2 del sistema UN)<\/strong> in accordo con i rispettivi MoUs.<\/p>\n<p>Lo scopo del Programma JPO \u00e8 duplice:<\/p>\n<ol>\n<li>a) <strong>favorire le attivit\u00e0 di cooperazione delle organizzazioni internazionali<\/strong> associando giovani talenti ad iniziative di sviluppo;<\/li>\n<li>b) <strong>consentire a giovani professionisti<\/strong> che aspirano a una carriera internazionale <strong>di maturare esperienze rilevanti che potrebbero ampliarne le possibilit\u00e0 di reclutamento<\/strong> da parte delle organizzazioni stesse o in ambito internazionale.<\/li>\n<\/ol>\n<p>La posizione \u00e8 della durata di <strong>due anni<\/strong>, estendibili ad un <strong>terzo anno su richiesta dell\u2019organizzazione<\/strong> ricevente.<\/p>\n<p>Ad oggi (2026), l&#8217;Italia ha sponsorizzato <strong>pi\u00f9 di 2000<\/strong> Junior Professional Officers.<\/p>\n<p>Anche grazie alla qualit\u00e0 dei JPO italiani, i <strong>tassi di <em>retainment<\/em><\/strong> nel Sistema onusiano sono molto elevati, con punte superiori al 90% dopo qualche anno dalla conclusione dell\u2019esperienza. Fra quanti non proseguono il proprio percorso professionale nelle Nazioni Unite, molti intraprendono percorsi di carriera ugualmente brillanti nelle ONG, in diplomazia o nel settore privato.<\/p>\n<p>La qualit\u00e0 dei JPO italiani, ampiamente riconosciuta nell\u2019ambito delle Nazioni Unite, \u00e8 garantita da un <strong>processo selettivo indipendente e meritocratico<\/strong> curato da UNDESA sotto la supervisione del MAECI. Le <strong>candidature sono circa 3.000 ogni anno<\/strong> (le donne sono il 60%), e la selezione risulta pertanto estremamente competitiva.<\/p>\n<p>&nbsp;<\/p>\n<p><strong>Requisiti per candidarsi<\/strong><\/p>\n<p>I requisiti necessari per l\u2019ammissione Programma JPO sono:<\/p>\n<p>&#8211; l\u2019<strong>et\u00e0<\/strong> (tra i 28 e i 32 anni)<\/p>\n<p>&#8211; la <strong>cittadinanza italiana<\/strong> (salvo per le posizioni dedicate a candidati dei PVS, vedi approfondimento al 3.1)<\/p>\n<p>&#8211; l\u2019ottima conoscenza della <strong>lingua inglese e italiana<\/strong><\/p>\n<p>&#8211; la <strong>laurea specialistica\/magistrale<\/strong> o laurea magistrale a ciclo unico o laurea\/laurea triennale accompagnata da un titolo di Master universitario oppure il Bachelor\u2019s degree accompagnato da un titolo di Master universitario.<\/p>\n<p>Oltre ai requisiti essenziali, alcune qualificazioni aggiuntive sono considerate elementi importanti in fase di valutazione, come ad esempio la conoscenza di <strong>altre lingue<\/strong> ufficiali delle Nazioni Unite o lingue parlate nei paesi in via di sviluppo; il possesso di <strong>ulteriori titoli accademici<\/strong> e\/o corsi di formazione rilevanti; una solida <strong>esperienza professionale<\/strong>.<\/p>\n<p>I candidati dovranno inoltre essere <strong>motivati e disposti ad adattarsi a diversi ambienti di lavoro<\/strong>; dovranno dimostrare dedizione nei confronti dei valori fondamentali delle Nazioni Unite, cio\u00e8 integrit\u00e0, professionalit\u00e0 e rispetto della diversit\u00e0.<\/p>\n<p>&nbsp;<\/p>\n<p>&nbsp;<\/p>\n","protected":false},"excerpt":{"rendered":"Il Programma \u201cGiovani Funzionari delle Organizzazioni Internazionali\u201d, noto anche come Programma JPO, \u00e8 un\u2019iniziativa finanziata dal Governo Italiano attraverso la Direzione Generale per la Cooperazione allo Sviluppo del MAECI e l\u2019AICS e curata dal Dipartimento degli Affari Economici e Sociali delle Nazioni Unite (UN\/DESA). Il Programma deriva da una risoluzione del Consiglio Economico e Sociale [&hellip;]","protected":false},"author":30,"featured_media":0,"parent":29546,"menu_order":5,"comment_status":"closed","ping_status":"closed","template":"","meta":{"footnotes":""},"class_list":["post-182326","page","type-page","status-publish","hentry"],"_links":{"self":[{"href":"https:\/\/www.esteri.it\/it\/wp-json\/wp\/v2\/pages\/182326","targetHints":{"allow":["GET"]}}],"collection":[{"href":"https:\/\/www.esteri.it\/it\/wp-json\/wp\/v2\/pages"}],"about":[{"href":"https:\/\/www.esteri.it\/it\/wp-json\/wp\/v2\/types\/page"}],"author":[{"embeddable":true,"href":"https:\/\/www.esteri.it\/it\/wp-json\/wp\/v2\/users\/30"}],"replies":[{"embeddable":true,"href":"https:\/\/www.esteri.it\/it\/wp-json\/wp\/v2\/comments?post=182326"}],"version-history":[{"count":1,"href":"https:\/\/www.esteri.it\/it\/wp-json\/wp\/v2\/pages\/182326\/revisions"}],"predecessor-version":[{"id":182328,"href":"https:\/\/www.esteri.it\/it\/wp-json\/wp\/v2\/pages\/182326\/revisions\/182328"}],"up":[{"embeddable":true,"href":"https:\/\/www.esteri.it\/it\/wp-json\/wp\/v2\/pages\/29546"}],"wp:attachment":[{"href":"https:\/\/www.esteri.it\/it\/wp-json\/wp\/v2\/media?parent=182326"}],"curies":[{"name":"wp","href":"https:\/\/api.w.org\/{rel}","templated":true}]}}