{"id":27401,"date":"2018-01-16T12:12:25","date_gmt":"2018-01-16T11:12:25","guid":{"rendered":"https:\/\/www.esteri.it\/trasparenza_comunicazioni_legali\/bilancio-trasparente\/"},"modified":"2025-11-26T11:24:11","modified_gmt":"2025-11-26T10:24:11","slug":"bilancio-trasparente","status":"publish","type":"page","link":"https:\/\/www.esteri.it\/it\/trasparenza_comunicazioni_legali\/bilancio-trasparente\/","title":{"rendered":"Bilancio Trasparente"},"content":{"rendered":"<p><a href=\"https:\/\/openbdap.rgs.mef.gov.it\/it\/BDS\/Esplora?fase=2&amp;esercizio=2025&amp;entrate_spese=1&amp;spese_navigazione=2&amp;spese_missioni=0&amp;navigazione_entrate=1&amp;entrate_tipologie=0&amp;spese_ministeri=6&amp;spese_titoli=0&amp;spese_categorie=0&amp;entrate_titoli=0&amp;entrate_categorie=0&amp;navigazione_saldi=1&amp;totale=1&amp;navigazione_dettaglio=Affari%20esteri&amp;descrizione_unica=M06_00.99\" target=\"_blank\" rel=\"noopener\">OpenBDAP | Scopri, Esplora e Analizza il Bilancio Dello Stato<\/a><\/p>\n<p><strong><br \/>\nPerch\u00e9 Bilancio Trasparente?<\/strong><\/p>\n<p><img loading=\"lazy\" decoding=\"async\" src=\"https:\/\/www.esteri.it\/mae\/resource\/img\/2017\/12\/bilancio_trasparente_pag.png\" alt=\"bilancio trasparente pag\" width=\"700\" height=\"300\" \/><\/p>\n<p>Leggere e soprattutto capire il bilancio di un Ministero: quasi un\u2019impresa impossibile, se non si \u00e8 tra gli addetti ai lavori. Lo scopo di questo progetto \u00e8 rendere il bilancio comprensibile ed accessibile, in una parola:\u00a0 trasparente.<\/p>\n<p>Crediamo, infatti, che la trasparenza del bilancio sia uno strumento essenziale per \u201cattuare il\u00a0principio democratico e\u00a0i principi costituzionali di eguaglianza, di imparzialit\u00e0, buon andamento, responsabilit\u00e0,\u00a0efficacia\u00a0ed efficienza nell&#8217;utilizzo di risorse pubbliche, integrit\u00e0 e lealt\u00e0 nel servizio alla nazione\u201d.<\/p>\n<p>Le norme emanate negli ultimi anni ribadiscono questi principi.<\/p>\n<p>Il Ministero degli Affari Esteri e della Cooperazione Internazionale non ha voluto fermarsi al mero adempimento formale, assicurato gi\u00e0 da tempo. L\u2019intenzione di queste pagine \u00e8 di andare oltre noiose tabelle e grafici complessi.<\/p>\n<p>Vogliamo rendere visibile la destinazione che viene data alle risorse finanziarie provenienti dal contribuente, evidenziando i servizi e le attivit\u00e0 che con esse sono realizzati, spiegando quante risorse sono spese, come sono spese e perch\u00e9 \u00e8 importante continuare a spenderle.<\/p>\n<p>Speriamo di esserci riusciti.<\/p>\n<p style=\"text-align: center;\"><strong>Mappa sintetica del sito<\/strong><\/p>\n<p><img decoding=\"async\" style=\"display: block; margin-left: auto; margin-right: auto;\" src=\"https:\/\/www.esteri.it\/mae\/resource\/img\/2015\/04\/MAPPA-SITO.jpg\" alt=\"MAPPA-SITO\" \/><\/p>\n","protected":false},"excerpt":{"rendered":"OpenBDAP | Scopri, Esplora e Analizza il Bilancio Dello Stato Perch\u00e9 Bilancio Trasparente? Leggere e soprattutto capire il bilancio di un Ministero: quasi un\u2019impresa impossibile, se non si \u00e8 tra gli addetti ai lavori. Lo scopo di questo progetto \u00e8 rendere il bilancio comprensibile ed accessibile, in una parola:\u00a0 trasparente. Crediamo, infatti, che la trasparenza [&hellip;]","protected":false},"author":1,"featured_media":0,"parent":27327,"menu_order":15,"comment_status":"closed","ping_status":"closed","template":"","meta":{"footnotes":""},"class_list":["post-27401","page","type-page","status-publish","hentry"],"_links":{"self":[{"href":"https:\/\/www.esteri.it\/it\/wp-json\/wp\/v2\/pages\/27401","targetHints":{"allow":["GET"]}}],"collection":[{"href":"https:\/\/www.esteri.it\/it\/wp-json\/wp\/v2\/pages"}],"about":[{"href":"https:\/\/www.esteri.it\/it\/wp-json\/wp\/v2\/types\/page"}],"author":[{"embeddable":true,"href":"https:\/\/www.esteri.it\/it\/wp-json\/wp\/v2\/users\/1"}],"replies":[{"embeddable":true,"href":"https:\/\/www.esteri.it\/it\/wp-json\/wp\/v2\/comments?post=27401"}],"version-history":[{"count":2,"href":"https:\/\/www.esteri.it\/it\/wp-json\/wp\/v2\/pages\/27401\/revisions"}],"predecessor-version":[{"id":161243,"href":"https:\/\/www.esteri.it\/it\/wp-json\/wp\/v2\/pages\/27401\/revisions\/161243"}],"up":[{"embeddable":true,"href":"https:\/\/www.esteri.it\/it\/wp-json\/wp\/v2\/pages\/27327"}],"wp:attachment":[{"href":"https:\/\/www.esteri.it\/it\/wp-json\/wp\/v2\/media?parent=27401"}],"curies":[{"name":"wp","href":"https:\/\/api.w.org\/{rel}","templated":true}]}}