{"id":27572,"date":"2021-01-28T15:49:55","date_gmt":"2021-01-28T14:49:55","guid":{"rendered":"https:\/\/www.esteri.it\/trasparenza_comunicazioni_legali\/consulenti-e-collaboratori\/autorita_nazionale\/"},"modified":"2026-04-10T12:20:21","modified_gmt":"2026-04-10T10:20:21","slug":"autorita_nazionale","status":"publish","type":"page","link":"https:\/\/www.esteri.it\/it\/trasparenza_comunicazioni_legali\/consulenti-e-collaboratori\/titolari-di-incarichi-di-collaborazione\/autorita_nazionale\/","title":{"rendered":"Autorit\u00e0 Nazionale per la Proibizione delle Armi Chimiche e del Trattato per la Messa al Bando Totale degli Esperimenti Nucleari"},"content":{"rendered":"<p style=\"text-align: center;\"><strong>Anni 2025-2027<\/strong><\/p>\n<table id=\"Table1\" class=\"tblComLegali\" summary=\"Tabella esperti dell'Autorit\u00e0 Nazionale per l'attuazione della Convenzione per la Proibizione delle Armi Chimiche\">\n<tbody>\n<tr>\n<th scope=\"col\">Nominativo<\/th>\n<th scope=\"col\">Oggetto dell&#8217;incarico<\/th>\n<th scope=\"col\">Estremi Atto conferimento<\/th>\n<th scope=\"col\">Decorrenza attivit\u00e0<\/th>\n<th scope=\"col\">Fine attivit\u00e0<\/th>\n<th scope=\"col\">Compenso lordo per l&#8217;intero periodo dell&#8217;attivit\u00e0 (Euro)<\/th>\n<th scope=\"col\"><strong>Curriculum Vitae<\/strong><\/th>\n<th scope=\"col\"><strong>Dichiarazione di insussistenza conflitto di interessi<\/strong><\/th>\n<\/tr>\n<tr>\n<td>Tessari Paola<\/td>\n<td style=\"width: 220px;\">Contratto consulenza<br \/>\n2025-2027<br \/>\nEsperto di disarmo nucleare con competenze Tecnico-Internaz.<\/td>\n<td style=\"width: 200px;\">Contratto stipulato in data 29.11.2024<br \/>\nDecreto n. 2100\/684 del 17.12.2024<\/td>\n<td>01.06.2025<\/td>\n<td>30.05.2027<\/td>\n<td>Euro 48.000,00<\/td>\n<td><a href=\"https:\/\/www.esteri.it\/wp-content\/uploads\/2025\/05\/CV_Tessari-Paola.pdf\">CV<\/a><\/td>\n<td><a href=\"https:\/\/www.esteri.it\/wp-content\/uploads\/2025\/05\/Dichiarazione-drssa-Tessari-per-pubblicazione-sul-sito.pdf\">SI <\/a><\/td>\n<\/tr>\n<tr>\n<td>Dall\u2019Arche<br \/>\nFederica<\/td>\n<td>Contratto consulenza<br \/>\n2025-2027<br \/>\nEsperto di disarmo nucleare con competenze Tecnico-Internaz.<\/td>\n<td style=\"width: 250px;\">Contratto stipulato in data 29.11.2024<br \/>\nDecreto n. 2100\/685 del 17.12.2024<\/td>\n<td>01.06.2025<\/td>\n<td>30.05.2027<\/td>\n<td>Euro 48.000,00<\/td>\n<td><a href=\"https:\/\/www.esteri.it\/wp-content\/uploads\/2025\/05\/FedericaDallArche_CV-ITALIANO.pdf\">CV<\/a><\/td>\n<td><a href=\"https:\/\/www.esteri.it\/wp-content\/uploads\/2025\/05\/Dichiarazione-drssa-DallArche-per-pubblicazione-sul-sito.pdf\">SI<\/a><\/td>\n<\/tr>\n<\/tbody>\n<\/table>\n<p>&nbsp;<\/p>\n<p style=\"text-align: center;\"><strong>Anni 2022-2024<\/strong><\/p>\n<table id=\"Table1\" class=\"tblComLegali\" summary=\"Tabella esperti dell'Autorit\u00e0 Nazionale per l'attuazione della Convenzione per la Proibizione delle Armi Chimiche\">\n<tbody>\n<tr>\n<th scope=\"col\">Nominativo<\/th>\n<th scope=\"col\">Oggetto dell&#8217;incarico<\/th>\n<th scope=\"col\">Estremi Atto conferimento<\/th>\n<th scope=\"col\">Decorrenza attivit\u00e0<\/th>\n<th scope=\"col\">Fine attivit\u00e0<\/th>\n<th scope=\"col\">Compenso lordo per l&#8217;intero periodo dell&#8217;attivit\u00e0 (Euro)<\/th>\n<th scope=\"col\"><strong>Curriculum Vitae<\/strong><\/th>\n<th scope=\"col\"><strong>Dichiarazione di insussistenza conflitto di interessi<\/strong><\/th>\n<\/tr>\n<tr>\n<td>Dall\u2019Arche<br \/>\nFederica<\/td>\n<td>Contratto consulenza<br \/>\n2022-2024<br \/>\nJunior Advisor con competenze Tecnico-Internaz. (CWC)<\/td>\n<td style=\"width: 250px;\">Contratto stipulato in data 26.04.2022<br \/>\nDecreto n. 2100\/195 del 25.05.2022<\/td>\n<td>15.12.2022<\/td>\n<td>14.12.2024<\/td>\n<td>Euro 48.000,00<\/td>\n<td><a href=\"https:\/\/www.esteri.it\/wp-content\/uploads\/2025\/05\/FedericaDallArche_CV-ITALIANO.pdf\">CV<\/a><\/td>\n<td><a href=\"https:\/\/www.esteri.it\/wp-content\/uploads\/2025\/11\/Consulenti___Dichiarazione_altri_incarichi.pdf\">SI<\/a><\/td>\n<\/tr>\n<\/tbody>\n<\/table>\n<p>&nbsp;<\/p>\n<p style=\"text-align: center;\"><strong>Anni 2021-2023<\/strong><\/p>\n<table id=\"Table1\" class=\"tblComLegali\" summary=\"Tabella esperti dell'Autorit\u00e0 Nazionale per l'attuazione della Convenzione per la Proibizione delle Armi Chimiche\">\n<tbody>\n<tr>\n<th scope=\"col\">Nominativo<\/th>\n<th scope=\"col\">Oggetto dell&#8217;incarico<\/th>\n<th scope=\"col\">Estremi Atto conferimento<\/th>\n<th scope=\"col\">Decorrenza attivit\u00e0<\/th>\n<th scope=\"col\">Fine attivit\u00e0<\/th>\n<th scope=\"col\">Compenso lordo per l&#8217;intero periodo dell&#8217;attivit\u00e0 (Euro)<\/th>\n<th scope=\"col\"><strong>Curriculum Vitae<\/strong><\/th>\n<th scope=\"col\"><strong>Dichiarazione di insussistenza conflitto di interessi<\/strong><\/th>\n<\/tr>\n<tr>\n<td>Borgiani Stefano<\/td>\n<td style=\"width: 220px;\">Contratto consulenza<br \/>\n2021-2023<br \/>\nJunior Advisor con competenze Tecnico-internaz. (CWC)<\/td>\n<td style=\"width: 200px;\">Contratto stipulato in data 10.02.2020<br \/>\nDecreto n. 2115\/161 del 10.07.2020<\/td>\n<td>01.02.2021<\/td>\n<td>15.10.2021<\/td>\n<td>Euro 17.000,00<\/td>\n<td><a href=\"https:\/\/www.esteri.it\/mae\/resource\/doc\/2021\/01\/cv_stefano_borgiani_2021.pdf\">CV<\/a><\/td>\n<td><a title=\"SI\" href=\"https:\/\/www.esteri.it\/wp-content\/uploads\/2022\/12\/Dichiarazione_Borgiani_2020.pdf\">SI <\/a><\/td>\n<\/tr>\n<tr>\n<td>Fiorentini<br \/>\nEnrico<\/td>\n<td>Contratto consulenza<br \/>\n2021-2023<br \/>\nJunior Advisor con competenze Tecnico-Internaz. (CWC)<\/td>\n<td style=\"width: 250px;\">Contratto stipulato in data 02.07.2020<br \/>\nDecreto n. 2115\/162 del 10.07.2020<\/td>\n<td>01.02.2021<\/td>\n<td>31.01.2023<\/td>\n<td>Euro 48.000,00<\/td>\n<td><a href=\"https:\/\/www.esteri.it\/mae\/resource\/doc\/2021\/01\/cv_enrico_fiorentini_2021.pdf\">CV<\/a><\/td>\n<td><a href=\"https:\/\/www.esteri.it\/wp-content\/uploads\/2022\/12\/Dichiarazione_Fiorentini_2020.pdf\">SI<\/a><\/td>\n<\/tr>\n<\/tbody>\n<\/table>\n<p align=\"center\">\n","protected":false},"excerpt":{"rendered":"Anni 2025-2027 Nominativo Oggetto dell&#8217;incarico Estremi Atto conferimento Decorrenza attivit\u00e0 Fine attivit\u00e0 Compenso lordo per l&#8217;intero periodo dell&#8217;attivit\u00e0 (Euro) Curriculum Vitae Dichiarazione di insussistenza conflitto di interessi Tessari Paola Contratto consulenza 2025-2027 Esperto di disarmo nucleare con competenze Tecnico-Internaz. Contratto stipulato in data 29.11.2024 Decreto n. 2100\/684 del 17.12.2024 01.06.2025 30.05.2027 Euro 48.000,00 CV SI [&hellip;]","protected":false},"author":1,"featured_media":0,"parent":27570,"menu_order":0,"comment_status":"closed","ping_status":"closed","template":"page-trasparente.php","meta":{"footnotes":""},"class_list":["post-27572","page","type-page","status-publish","hentry"],"_links":{"self":[{"href":"https:\/\/www.esteri.it\/it\/wp-json\/wp\/v2\/pages\/27572","targetHints":{"allow":["GET"]}}],"collection":[{"href":"https:\/\/www.esteri.it\/it\/wp-json\/wp\/v2\/pages"}],"about":[{"href":"https:\/\/www.esteri.it\/it\/wp-json\/wp\/v2\/types\/page"}],"author":[{"embeddable":true,"href":"https:\/\/www.esteri.it\/it\/wp-json\/wp\/v2\/users\/1"}],"replies":[{"embeddable":true,"href":"https:\/\/www.esteri.it\/it\/wp-json\/wp\/v2\/comments?post=27572"}],"version-history":[{"count":10,"href":"https:\/\/www.esteri.it\/it\/wp-json\/wp\/v2\/pages\/27572\/revisions"}],"predecessor-version":[{"id":182863,"href":"https:\/\/www.esteri.it\/it\/wp-json\/wp\/v2\/pages\/27572\/revisions\/182863"}],"up":[{"embeddable":true,"href":"https:\/\/www.esteri.it\/it\/wp-json\/wp\/v2\/pages\/27570"}],"wp:attachment":[{"href":"https:\/\/www.esteri.it\/it\/wp-json\/wp\/v2\/media?parent=27572"}],"curies":[{"name":"wp","href":"https:\/\/api.w.org\/{rel}","templated":true}]}}