{"id":27631,"date":"2020-12-11T12:36:16","date_gmt":"2020-12-11T11:36:16","guid":{"rendered":"https:\/\/www.esteri.it\/trasparenza_comunicazioni_legali\/personale\/dirigenti-cessati\/"},"modified":"2025-11-13T09:53:21","modified_gmt":"2025-11-13T08:53:21","slug":"dirigenti-cessati","status":"publish","type":"page","link":"https:\/\/www.esteri.it\/it\/trasparenza_comunicazioni_legali\/personale\/dirigenti-cessati\/","title":{"rendered":"Dirigenti cessati"},"content":{"rendered":"<p>&nbsp;<\/p>\n<table class=\"table table-sm table-bordered\">\n<tbody>\n<tr>\n<td>Atto di conferimento<\/td>\n<td>Atto conferimento ultimo incarico del <a href=\"https:\/\/www.esteri.it\/wp-content\/uploads\/2025\/01\/Stati_Servizio_Diplomatici_Dirigenti_cessati_dal_01012022_aggiornamento_01012025.pdf\">link<\/a><\/td>\n<\/tr>\n<tr>\n<td>Curriculum vitae<\/td>\n<td><a href=\"https:\/\/www.esteri.it\/wp-content\/uploads\/resource\/doc\/2025\/05\/cv_dirigenti_cessati.zip\">link zip<\/a><\/td>\n<\/tr>\n<tr>\n<td>Compensi di qualsiasi natura connessi all\u2019assunzione dell\u2019incarico<\/td>\n<td><a href=\"https:\/\/www.esteri.it\/it\/trasparenza_comunicazioni_legali\/personale\/informazioni_dirigenti\/retribuzioni_dirigenziali_mae\/\">link<\/a><\/td>\n<\/tr>\n<tr>\n<td>Importi di viaggi di servizio e missioni pagati con fondi pubblici<\/td>\n<td>Non applicabile<\/td>\n<\/tr>\n<tr>\n<td>Dati relativi all\u2019assunzione di altre cariche, presso enti pubblici o privati, e relativi compensi a qualsiasi titolo corrisposti<\/td>\n<td><a href=\"https:\/\/consulentipubblici.dfp.gov.it\/\">https:\/\/consulentipubblici.dfp.gov.it\/<\/a><\/td>\n<\/tr>\n<tr>\n<td>Altri eventuali incarichi con oneri a carico della finanza pubblica e indicazione dei compensi spettanti<\/td>\n<td><a href=\"https:\/\/consulentipubblici.dfp.gov.it\/\">https:\/\/consulentipubblici.dfp.gov.it\/<\/a><\/td>\n<\/tr>\n<tr>\n<td>1) dichiarazione concernente diritti reali su beni immobili e su beni mobili iscritti in pubblici registri, titolarit\u00e0 di imprese, azioni di societ\u00e0, quote di partecipazione a societ\u00e0, esercizio di funzioni di amministratore o di sindaco di societ\u00e0<\/td>\n<td>Non applicabile<\/td>\n<\/tr>\n<tr>\n<td>2) copia dell\u2019ultima dichiarazione dei redditi soggetti all\u2019imposta sui redditi delle persone fisiche<\/td>\n<td>Non applicabile<\/td>\n<\/tr>\n<tr>\n<td>3) attestazione concernente le variazioni della situazione patrimoniale intervenute nell\u2019anno precedente e copia della dichiarazione dei redditi<\/td>\n<td>Non applicabile<\/td>\n<\/tr>\n<\/tbody>\n<\/table>\n<p>&nbsp;<\/p>\n","protected":false},"excerpt":{"rendered":"&nbsp; Atto di conferimento Atto conferimento ultimo incarico del link Curriculum vitae link zip Compensi di qualsiasi natura connessi all\u2019assunzione dell\u2019incarico link Importi di viaggi di servizio e missioni pagati con fondi pubblici Non applicabile Dati relativi all\u2019assunzione di altre cariche, presso enti pubblici o privati, e relativi compensi a qualsiasi titolo corrisposti https:\/\/consulentipubblici.dfp.gov.it\/ Altri [&hellip;]","protected":false},"author":1,"featured_media":0,"parent":27412,"menu_order":3,"comment_status":"closed","ping_status":"closed","template":"page-trasparente.php","meta":{"footnotes":""},"class_list":["post-27631","page","type-page","status-publish","hentry"],"_links":{"self":[{"href":"https:\/\/www.esteri.it\/it\/wp-json\/wp\/v2\/pages\/27631","targetHints":{"allow":["GET"]}}],"collection":[{"href":"https:\/\/www.esteri.it\/it\/wp-json\/wp\/v2\/pages"}],"about":[{"href":"https:\/\/www.esteri.it\/it\/wp-json\/wp\/v2\/types\/page"}],"author":[{"embeddable":true,"href":"https:\/\/www.esteri.it\/it\/wp-json\/wp\/v2\/users\/1"}],"replies":[{"embeddable":true,"href":"https:\/\/www.esteri.it\/it\/wp-json\/wp\/v2\/comments?post=27631"}],"version-history":[{"count":6,"href":"https:\/\/www.esteri.it\/it\/wp-json\/wp\/v2\/pages\/27631\/revisions"}],"predecessor-version":[{"id":159309,"href":"https:\/\/www.esteri.it\/it\/wp-json\/wp\/v2\/pages\/27631\/revisions\/159309"}],"up":[{"embeddable":true,"href":"https:\/\/www.esteri.it\/it\/wp-json\/wp\/v2\/pages\/27412"}],"wp:attachment":[{"href":"https:\/\/www.esteri.it\/it\/wp-json\/wp\/v2\/media?parent=27631"}],"curies":[{"name":"wp","href":"https:\/\/api.w.org\/{rel}","templated":true}]}}