{"id":27704,"date":"2021-06-22T15:10:09","date_gmt":"2021-06-22T13:10:09","guid":{"rendered":"https:\/\/www.esteri.it\/?page_id=27704"},"modified":"2026-03-12T15:37:20","modified_gmt":"2026-03-12T14:37:20","slug":"retribuzioni_dirigenziali_mae","status":"publish","type":"page","link":"https:\/\/www.esteri.it\/it\/trasparenza_comunicazioni_legali\/personale\/informazioni_dirigenti\/retribuzioni_dirigenziali_mae\/","title":{"rendered":"Retribuzioni diplomatiche e dirigenziali MAE"},"content":{"rendered":"<p><strong>Retribuzioni annue lorde (1), comprensive della tredicesima mensilit\u00e0, corrisposte ai gradi della carriera diplomatica titolari di struttura dirigenziale ex DPR 195\/2022 (Triennio Economico 2019-2021) \u2013\u00a0 importi validi dal 01.01.2021<\/strong><\/p>\n<div class=\"table-responsive\" style=\"font-size: 12px;\">\n<div class=\"responsive\">\n<table id=\"Table1\" class=\"table table-bordered table-sm export-table\" style=\"height: 402px;\" width=\"1318\" cellspacing=\"0\" cellpadding=\"0\">\n<tbody>\n<tr class=\"thead-light\">\n<th><strong>Funzione<\/strong><\/th>\n<th><strong>Grado<\/strong><\/th>\n<th><strong>Fascia<\/strong><\/th>\n<th><strong>Stipendio Tabellare<\/strong><\/th>\n<th><strong>Indennit\u00e0 Integrativa speciale (IIS)<\/strong><\/th>\n<th><strong>Retribuzione di posizione<\/strong><\/th>\n<th><strong>Retribuzione di risultato (2)\u00a0<\/strong><\/th>\n<th><strong>Totale annuo lordo (3)<\/strong><\/th>\n<\/tr>\n<tr>\n<td>Segretario Generale<\/td>\n<td>Ambasciatore<\/td>\n<td>A<\/td>\n<td>103.957,19 \u20ac<\/td>\n<td>10.106,85 \u20ac<\/td>\n<td>141.063,79 \u20ac (4)<\/td>\n<td>0,00 \u20ac (4)<\/td>\n<td>255.127,83 (3)<\/td>\n<\/tr>\n<tr>\n<td>Capo di Gabinetto<\/td>\n<td>Ambasciatore<\/td>\n<td>B1<\/td>\n<td>103.957,19 \u20ac<\/td>\n<td>10.106,85 \u20ac<\/td>\n<td>110.000,00 \u20ac<\/td>\n<td>31.063,79 \u20ac<\/td>\n<td>255.127,83 (3)<\/td>\n<\/tr>\n<tr>\n<td>Vice Segretario Generale<\/td>\n<td>Ministro Plenipotenziario<\/td>\n<td>B1<\/td>\n<td>88.046,53 \u20ac<\/td>\n<td>9.790,04 \u20ac<\/td>\n<td>110.000,00 \u20ac<\/td>\n<td>47.291,26 \u20ac<\/td>\n<td>255.127,83 (3)<\/td>\n<\/tr>\n<tr>\n<td>Direttore Generale e posizioni equiparate (5)<\/td>\n<td>Ambasciatore<\/td>\n<td>B<\/td>\n<td>103.957,19 \u20ac<\/td>\n<td>10.106,85 \u20ac<\/td>\n<td>93.300,00 \u20ac<\/td>\n<td>47.763,79 \u20ac<\/td>\n<td>255.127,83 (3)<\/td>\n<\/tr>\n<tr>\n<td>Direttore Generale e posizioni equiparate (5)<\/td>\n<td>Ministro Plenipotenziario<\/td>\n<td>B<\/td>\n<td>88.046,53 \u20ac<\/td>\n<td>9.790,04 \u20ac<\/td>\n<td>93.300,00 \u20ac<\/td>\n<td>48.555,10 \u20ac<\/td>\n<td>239.691,67 \u20ac<\/td>\n<\/tr>\n<tr>\n<td>V. Direttore Generale e posizioni equiparate (5)<\/td>\n<td>Ministro Plenipotenziario<\/td>\n<td>C1<\/td>\n<td>88.046,53 \u20ac<\/td>\n<td>9.790,04 \u20ac<\/td>\n<td>64.900,00 \u20ac<\/td>\n<td>34.767,85 \u20ac<\/td>\n<td>197.504,42 \u20ac<\/td>\n<\/tr>\n<tr>\n<td>V. Direttore Generale e posizioni equiparate (5)<\/td>\n<td>Consigliere d\u2019Ambasciata<\/td>\n<td>C1<\/td>\n<td>68.080,53 \u20ac<\/td>\n<td>8.789,69 \u20ac<\/td>\n<td>64.900,00 \u20ac<\/td>\n<td>34.767,85 \u20ac<\/td>\n<td>176.538,07 \u20ac<\/td>\n<\/tr>\n<tr>\n<td>Capo Unit\u00e0 di Direzione Generale e posizioni equiparate (5)<\/td>\n<td>Ambasciatore<\/td>\n<td>C<\/td>\n<td>103.957,19 \u20ac<\/td>\n<td>10.106,85 \u20ac<\/td>\n<td>58.900,00 \u20ac<\/td>\n<td>34.434,82 \u20ac<\/td>\n<td>207.398,86 \u20ac<\/td>\n<\/tr>\n<tr>\n<td>Capo Unit\u00e0 di Direzione Generale e posizioni equiparate (5)<\/td>\n<td>Ministro Plenipotenziario<\/td>\n<td>C<\/td>\n<td>88.046,53 \u20ac<\/td>\n<td>9.790,04 \u20ac<\/td>\n<td>58.900,00 \u20ac<\/td>\n<td>34.434,82 \u20ac<\/td>\n<td>191.171,39 \u20ac<\/td>\n<\/tr>\n<tr>\n<td>Capo Unit\u00e0 di Direzione Generale e posizioni equiparate (5)<\/td>\n<td>Consigliere d\u2019Ambasciata<\/td>\n<td>C<\/td>\n<td>68.080,53 \u20ac<\/td>\n<td>8.789,69 \u20ac<\/td>\n<td>58.900,00 \u20ac<\/td>\n<td>34.434,82 \u20ac<\/td>\n<td>170.205,04 \u20ac<\/td>\n<\/tr>\n<tr>\n<td>Capo Ufficio di particolare responsabilit\u00e0 e rilevanza (5)<\/td>\n<td>Ministro Plenipotenziario<\/td>\n<td>C<\/td>\n<td>88.046,53 \u20ac<\/td>\n<td>9.790,04 \u20ac<\/td>\n<td>58.900,00 \u20ac<\/td>\n<td>34.434,82 \u20ac<\/td>\n<td>191.171,39 \u20ac<\/td>\n<\/tr>\n<tr>\n<td>Capo Ufficio e posizioni equiparate (5)<\/td>\n<td>Ministro Plenipotenziario<\/td>\n<td>D<\/td>\n<td>88.046,53 \u20ac<\/td>\n<td>9.790,04 \u20ac<\/td>\n<td>45.380,00 \u20ac<\/td>\n<td>17.317,32 \u20ac<\/td>\n<td>160.533,89 \u20ac<\/td>\n<\/tr>\n<tr>\n<td>Capo Ufficio e posizioni equiparate (5)<\/td>\n<td>Consigliere d\u2019Ambasciata<\/td>\n<td>D<\/td>\n<td>68.080,53 \u20ac<\/td>\n<td>8.789,69 \u20ac<\/td>\n<td>45.380,00 \u20ac<\/td>\n<td>17.317,32 \u20ac<\/td>\n<td>139.567,54 \u20ac<\/td>\n<\/tr>\n<tr>\n<td>Capo Ufficio e posizioni equiparate (5)<\/td>\n<td>Consigliere di Legazione<\/td>\n<td>D<\/td>\n<td>52.209,13 \u20ac<\/td>\n<td>8.346,00 \u20ac<\/td>\n<td>45.380,00 \u20ac<\/td>\n<td>17.317,32 \u20ac<\/td>\n<td>123.252,45 \u20ac<\/td>\n<\/tr>\n<tr>\n<td>Vicario di Capo Ufficio e posizioni equiparate (5)<\/td>\n<td>Consigliere di Legazione<\/td>\n<td>E1<\/td>\n<td>52.209,13 \u20ac<\/td>\n<td>8.346,00 \u20ac<\/td>\n<td>19.900,00 \u20ac<\/td>\n<td>12.654,96 \u20ac<\/td>\n<td>93.110,09 \u20ac<\/td>\n<\/tr>\n<tr>\n<td>Vicario di Capo Ufficio e posizioni equiparate (5)<\/td>\n<td>Segretario di Legazione<\/td>\n<td>E1<\/td>\n<td>38.230,59 \u20ac<\/td>\n<td>8.184,28 \u20ac<\/td>\n<td>19.900,00 \u20ac<\/td>\n<td>12.654,96 \u20ac<\/td>\n<td>78.969,83 \u20ac<\/td>\n<\/tr>\n<tr>\n<td>Capo sezione e posizioni equiparate (5)<\/td>\n<td>Consigliere di Legazione<\/td>\n<td>E<\/td>\n<td>52.209,13 \u20ac<\/td>\n<td>8.346,00 \u20ac<\/td>\n<td>16.000,00 \u20ac<\/td>\n<td>7.859,40 \u20ac<\/td>\n<td>84.414,53 \u20ac<\/td>\n<\/tr>\n<tr>\n<td>Capo Sezione e posizioni equiparate (5)<\/td>\n<td>Segretario di Legazione<\/td>\n<td>E<\/td>\n<td>38.230,59 \u20ac<\/td>\n<td>8.184,28 \u20ac<\/td>\n<td>16.000,00 \u20ac<\/td>\n<td>7.859,40 \u20ac<\/td>\n<td>70.274,27 \u20ac<\/td>\n<\/tr>\n<tr>\n<td>Funzionario addetto a Ufficio e posizioni equiparate (5)<\/td>\n<td>Segretario di Legazione<\/td>\n<td>F<\/td>\n<td>38.230,59 \u20ac<\/td>\n<td>8.184,28 \u20ac<\/td>\n<td>12.000,00 \u20ac<\/td>\n<td>6.593,90 \u20ac<\/td>\n<td>65.008,77 \u20ac<\/td>\n<\/tr>\n<\/tbody>\n<\/table>\n<\/div>\n<\/div>\n<div style=\"font-size: 8pt;\"><em><br \/>\n<strong>(1)<\/strong><\/em><em> Gli importi lordi sono soggetti alle seguenti ritenute: <\/em><em>&#8211; Previdenziali e assistenziali: 11,15% per Stipendio Tabellare e Indennit\u00e0 Posizione, 9,15% su Indennit\u00e0 di Risultato. \u00c8 previsto un conguaglio previdenziale dell\u20191% su importi eccedenti un limite annuale fissato per legge (art. 3-ter del D.L. n. 384\/1992). Per il 2025 il limite \u00e8 Euro 55.448,00.<\/em><em><br \/>\n&#8211; IRPEF: secondo gli scaglioni di reddito previsti dalla legge, con aliquota marginale al 43%.<br \/>\n&#8211; Addizionali regionali e comunali<br \/>\n<\/em><strong><em>(2)<\/em><\/strong><em> La retribuzione di risultato viene quantificata al termine dell\u2019anno in funzione della disponibilit\u00e0 dell\u2019apposito fondo per le retribuzioni di posizione e di risultato e dei risultati conseguiti. Gli importi indicati sono basati sulla retribuzione di risultato massima pagata nel 2025 e relativa al 2024. \u00c8 possibile in particolari condizioni la maggiorazione del 20% sull\u2019importo massimo. La retribuzione di risultato \u00e8 ridotta per i gradi apicali in applicazione della normativa sui \u201ctetti retributivi\u201d (vedi nota 3). .<br \/>\n<\/em><strong><em>(3)<\/em><\/strong><em> Con Sentenza n.135\/2025, la Corte Costituzionale ha dichiarato la sopravvenuta illegittimit\u00e0 costituzionale dell&#8217;art. 13 comma 1 D.L. 24 aprile 2014, n. 66, con decorrenza 31\/07\/2025. Nelle more dell&#8217;individuazione del nuovo tetto con apposito d.P.C.M., si riporta il limite sino ad allora in vigore, pari ad Euro 255.127,83 al lordo dei contributi previdenziali ed assistenziali e degli oneri fiscali a carico del dipendente.<br \/>\n<\/em><strong><em>(4)<\/em><\/strong><em> Il Segretario Generale percepisce un\u2019indennit\u00e0 di posizione ridotta e un\u2019indennit\u00e0 di risultato pari a \u201czero\u201d, in applicazione della normativa sui \u201ctetti retributivi\u201d.<br \/>\n<\/em><em><strong>(5)<\/strong> Vedasi il Decreto del Ministro degli Affari Esteri 1 agosto 2013, n. 1518 \u201cDecreto di attuazione dell\u2019articolo 112, comma settimo, del D.P.R. n.18\/67, in materia di graduazione delle posizioni funzionali ricoperte dai funzionari diplomatici durante il servizio prestato in Italia\u201d. La posizione dei funzionari diplomatici collocati alle dirette dipendenze dei Capi degli Uffici di livello dirigenziale generale \u00e8 conferita in funzione del livello di responsabilit\u00e0 che l\u2019incarico comporta e della rilevanza della materia trattata e pu\u00f2 variare tra quella di cui alla lettera c dell\u2019art. 1 del citato decreto e quella di cui alla lettera e.\u00a0<\/em><\/div>\n<p>&nbsp;<\/p>\n<p>&nbsp;<\/p>\n<p><strong><em>Retribuzioni annue lorde (1), comprensive della tredicesima mensilit\u00e0, corrisposte al personale della carriera dirigenziale a Roma.<\/em><\/strong><\/p>\n<div class=\"table-responsive\" style=\"font-size: 12px;\">\n<table id=\"Table1\" cellspacing=\"0\" cellpadding=\"0\">\n<tbody>\n<tr>\n<th><strong>Funzione<\/strong><\/th>\n<th><strong>Grado<\/strong><\/th>\n<th><strong>Stipendio (13 mensilit\u00e0)<\/strong><\/th>\n<th><strong>Stipendio mensile<\/strong><\/th>\n<th><strong>Retribuzione posizione fissa (13 mensilit\u00e0)<\/strong><\/th>\n<th><strong>Posizione fissa mensile<\/strong><\/th>\n<th><strong>Retribuzione posizione variabile (13 mensilit\u00e0)<\/strong><\/th>\n<th><strong>Posizione variabile mensile<\/strong><\/th>\n<th><strong>Retribuzione di risultato (2)<\/strong><\/th>\n<th><strong>Totale<\/strong><\/th>\n<\/tr>\n<tr>\n<td>Direttore Generale<\/td>\n<td>Dirigente di I^ fascia<\/td>\n<td>60.102,90 \u20ac<\/td>\n<td>\u00a04.623,30 \u20ac<\/td>\n<td>\u00a039.803,14 \u20ac<\/td>\n<td>\u00a03.061,78 \u20ac<\/td>\n<td>\u00a085.250,00 \u20ac<\/td>\n<td>\u00a06.557,69 \u20ac<\/td>\n<td>\u00a044.312,44 \u20ac<\/td>\n<td>\u00a0229.468,48 \u20ac<\/td>\n<\/tr>\n<tr>\n<td>Consigliere ministeriale<\/td>\n<td>Dirigente di I^ fascia<\/td>\n<td>\u00a060.102,90 \u20ac<\/td>\n<td>\u00a04.623,30 \u20ac<\/td>\n<td>\u00a039.803,14 \u20ac<\/td>\n<td>\u00a03.061,78 \u20ac<\/td>\n<td>\u00a068.200,00 \u20ac<\/td>\n<td>\u00a05.246,15 \u20ac<\/td>\n<td>\u00a044.312,44 \u20ac<\/td>\n<td>\u00a0212.418,48 \u20ac<\/td>\n<\/tr>\n<tr>\n<td>Vice Direttore Generale<\/td>\n<td>Dirigente di I^ fascia<\/td>\n<td>\u00a060.102,90 \u20ac<\/td>\n<td>\u00a04.623,30 \u20ac<\/td>\n<td>\u00a039.803,14 \u20ac<\/td>\n<td>\u00a03.061,78 \u20ac<\/td>\n<td>\u00a068.200,00 \u20ac<\/td>\n<td>\u00a05.246,15 \u20ac<\/td>\n<td>\u00a044.312,44 \u20ac<\/td>\n<td>\u00a0212.418,48 \u20ac<\/td>\n<\/tr>\n<tr>\n<td>Capo Ufficio di particolare responsabilit\u00e0 e rilevanza<\/td>\n<td>Dirigente di II^ fascia<\/td>\n<td>\u00a047.015,80 \u20ac<\/td>\n<td>\u00a03.616,60 \u20ac<\/td>\n<td>\u00a013.345,15 \u20ac<\/td>\n<td>\u00a01.026,55 \u20ac<\/td>\n<td>\u00a032.900,00 \u20ac<\/td>\n<td>\u00a02.530,76 \u20ac<\/td>\n<td>\u00a058.549,14 \u20ac<\/td>\n<td>\u00a0151.810,09 \u20ac<\/td>\n<\/tr>\n<tr>\n<td>Capo Ufficio<\/td>\n<td>Dirigente di II^ fascia<\/td>\n<td>\u00a047.015,80 \u20ac<\/td>\n<td>\u00a03.616,60 \u20ac<\/td>\n<td>\u00a013.345,15 \u20ac<\/td>\n<td>\u00a01.026,55 \u20ac<\/td>\n<td>\u00a028.200,00 \u20ac<\/td>\n<td>\u00a02.169,23 \u20ac<\/td>\n<td>\u00a058.549,14 \u20ac<\/td>\n<td>\u00a0147.110,09 \u20ac<\/td>\n<\/tr>\n<tr>\n<td>Consigliere ministeriale<\/td>\n<td>Dirigente di II^ fascia<\/td>\n<td>\u00a047.015,80 \u20ac<\/td>\n<td>\u00a03.616,60 \u20ac<\/td>\n<td>\u00a013.345,15 \u20ac<\/td>\n<td>\u00a01.026,55 \u20ac<\/td>\n<td>\u00a015.000,00 \u20ac<\/td>\n<td>\u00a01.153,84 \u20ac<\/td>\n<td>\u00a058.549,14 \u20ac<\/td>\n<td>\u00a0133.910,09 \u20ac<\/td>\n<\/tr>\n<\/tbody>\n<\/table>\n<p><span style=\"font-size: 8pt;\"><strong><i>(1)<\/i><\/strong><i>\u00a0Gli importi lordi sono soggetti alle seguenti ritenute:<\/i><\/span><br \/>\n<span style=\"font-size: 8pt;\"><i>&#8211; Previdenziali e assistenziali: 11,15% per Stipendio Tabellare e Indennit\u00e0 Posizione, 9,15% su Indennit\u00e0 di Risultato. E\u2019 previsto un conguaglio previdenziale dell\u20191% su importi eccedenti un limite annuale fissato per legge (art. 3-ter del D.L. n. 384\/1992). Per il 2025 il limite \u00e8 Euro 55.448,00.<\/i><\/span><br \/>\n<span style=\"font-size: 8pt;\"><i>&#8211;\u00a0IRPEF: secondo gli scaglioni di reddito previsti dalla legge, con aliquota marginale al 43%.<\/i><\/span><br \/>\n<span style=\"font-size: 8pt;\"><i>&#8211; Addizionale regionale e comunale<\/i><\/span><\/p>\n<p><span style=\"font-size: 8pt;\"><strong><i>(2)<\/i><\/strong><i> La retribuzione di risultato viene quantificata al termine dell\u2019anno e in base alle disponibilit\u00e0 dei Fondi. I dati indicati si riferiscono all\u2019importo massimo dell\u2019ultima retribuzione di risultato erogata, relativa all\u2019anno 2023, comprensiva, per i dirigenti di II fascia, della quota di maggiorazione ai sensi dell\u2019art. 28 CCNL 9 febbraio 2020.<\/i><\/span><\/p>\n<\/div>\n<p><strong><br \/>\nRetribuzioni annue lorde (1), comprensive della tredicesima mensilit\u00e0, corrisposte ai funzionari della carriera diplomatica in servizio all\u2019estero (2)<\/strong><\/p>\n<div class=\"table-responsive\" style=\"font-size: 12px;\">\n<table id=\"Table1\" cellspacing=\"0\" cellpadding=\"0\">\n<tbody>\n<tr>\n<th><strong>Grado<\/strong><\/th>\n<th><strong>\u00a0Stipendio tabellare <\/strong><\/th>\n<th><strong>\u00a0Importo posizione al minimo del grado <\/strong><\/th>\n<th><strong>\u00a0Totale annuo lordo <\/strong><\/th>\n<\/tr>\n<tr>\n<td>Ambasciatore<\/td>\n<td>103.957,19 \u20ac<\/td>\n<td>21.900,00 \u20ac<\/td>\n<td>125.857,19 \u20ac<\/td>\n<\/tr>\n<tr>\n<td>Ministro Plenipotenziario<\/td>\n<td>88.046,53 \u20ac<\/td>\n<td>14.200,00 \u20ac<\/td>\n<td>102.246,53 \u20ac<\/td>\n<\/tr>\n<tr>\n<td>Consigliere di Ambasciata<\/td>\n<td>68.080,53 \u20ac<\/td>\n<td>8.750,00 \u20ac<\/td>\n<td>76.830,53 \u20ac<\/td>\n<\/tr>\n<tr>\n<td>Consigliere di Legazione<\/td>\n<td>52.209,13 \u20ac<\/td>\n<td>8.200,00 \u20ac<\/td>\n<td>60.409,13 \u20ac<\/td>\n<\/tr>\n<tr>\n<td>Segretario di Legazione<\/td>\n<td>38.230,59 \u20ac<\/td>\n<td>7.500,00 \u20ac<\/td>\n<td>45.730,59 \u20ac<\/td>\n<\/tr>\n<\/tbody>\n<\/table>\n<p><span style=\"font-size: 8pt;\"><strong><i>(1)<\/i><\/strong><i>\u00a0Gli importi lordi sono soggetti alle seguenti ritenute:<\/i><\/span><br \/>\n<span style=\"font-size: 8pt;\"><i>\u2013 Previdenziali e assistenziali: 11,15% per Stipendio Tabellare e Indennit\u00e0 Posizione. E\u2019 previsto un conguaglio previdenziale dell\u2019 1% su importi eccedenti un limite annuale fissato per legge. Per il 2025 il limite \u00e8 Euro 55.448,00.<\/i><\/span><br \/>\n<span style=\"font-size: 8pt;\"><i>\u2013 IRPEF: secondo gli scaglioni di reddito previsti dalla legge, con aliquota marginale al 43%.<\/i><\/span><br \/>\n<span style=\"font-size: 8pt;\"><i>\u2013 Addizionali regionali e comunali<\/i><\/span><\/p>\n<p><span style=\"font-size: 8pt;\"><strong><i>(2)<\/i><\/strong><i> I funzionari diplomatici in servizio all\u2019estero percepiscono lo stipendio tabellare e la retribuzione di posizione (quest\u2019ultima nella misura prevista al minimo del grado). Non hanno diritto alla retribuzione di risultato e all\u2019indennit\u00e0 integrativa speciale.<\/i><\/span><\/p>\n<p>&nbsp;<\/p>\n<\/div>\n<p><strong>Retribuzioni annue lorde (1), comprensive della tredicesima mensilit\u00e0, corrisposte ai dirigenti in servizio all\u2019estero (2)<\/strong><\/p>\n<div class=\"table-responsive\" style=\"font-size: 12px;\">\n<table id=\"Table1\" cellspacing=\"0\" cellpadding=\"0\">\n<tbody>\n<tr>\n<th><strong>Fascia<\/strong><\/th>\n<th><strong>Stipendio tabellare<\/strong><\/th>\n<th><strong>Posizione (parte fissa)<\/strong><\/th>\n<th><strong>Totale annuo lordo<\/strong><\/th>\n<\/tr>\n<tr>\n<td>Dirigenti prima fascia<\/td>\n<td>\u00a0\u20ac 60.102,90<\/td>\n<td>\u00a0\u20ac 39.803,14<\/td>\n<td>\u00a0\u20ac 99.906,04<\/td>\n<\/tr>\n<tr>\n<td>Dirigenti seconda fascia<\/td>\n<td>\u00a0\u20ac 47.015,80<\/td>\n<td>\u00a0\u20ac 13.345,15<\/td>\n<td>\u00a0\u20ac 60.360,95<\/td>\n<\/tr>\n<\/tbody>\n<\/table>\n<p><span style=\"font-size: 8pt;\"><i><strong>(1)<\/strong><\/i> <i>Gli importi lordi sono soggetti alle seguenti ritenute:<\/i><\/span><br \/>\n<span style=\"font-size: 8pt;\"><i>&#8211; Previdenziali e assistenziali: 11,15% per Stipendio Tabellare e Indennit\u00e0 Posizione. E\u2019 previsto un conguaglio previdenziale dell\u20191% su importi eccedenti un limite annuale fissato per legge. Per il 2025 il limite \u00e8 Euro 55.448,00.<\/i><\/span><br \/>\n<span style=\"font-size: 8pt;\"><i>&#8211;\u00a0IRPEF: secondo gli scaglioni di reddito previsti dalla legge, con aliquota marginale al 43%.<\/i><\/span><br \/>\n<span style=\"font-size: 8pt;\"><i>&#8211; Addizionali regionali e comunali <\/i><\/span><\/p>\n<p><span style=\"font-size: 8pt;\"><i><strong>(2)<\/strong><\/i><i> I dirigenti in servizio all\u2019estero percepiscono lo stipendio tabellare e la retribuzione di posizione parte \u201cfissa\u201d. Non hanno diritto alla retribuzione di posizione variabile e a quella di risultato.<\/i><\/span><\/p>\n<\/div>\n<p>In aggiunta agli assegni metropolitani, \u00e8 prevista mensilmente la corresponsione di un&#8217;Indennit\u00e0 di Servizio Estero (ISE) ai sensi dell&#8217;art. 170 e ss. del DPR n. 18\/1967, che non ha natura retributiva ed \u00e8 destinata a sopperire agli oneri derivanti dalla vita all&#8217;estero.<\/p>\n<p>La quota fiscalmente imponibile dell&#8217;ISE, che concorre a tutti gli effetti a formare il reddito, viene determinata in base all&#8217;art. 51, comma 8 del Testo unico delle Imposte sui redditi DPR n. 917\/1986 (Cfr. Tabella &#8220;Reddito relativo alle Indennit\u00e0 di Servizio Estero (ISE) per i posti funzione ricoperti all&#8217;estero dalla carriera diplomatica e dalle qualifiche dirigenziali del MAECI&#8221;).<\/p>\n<p>&nbsp;<\/p>\n<p><strong id=\"ise\">Reddito relativo alle Indennit\u00e0 di Servizio Estero (ISE) per i posti funzione ricoperti all&#8217;estero dalla carriera diplomatica e dalle qualifiche dirigenziali del MAECI (1)<\/strong><\/p>\n<table id=\"Table1\" cellspacing=\"0\" cellpadding=\"0\">\n<tbody>\n<tr>\n<th colspan=\"2\">Posti Funzione all&#8217;estero<\/th>\n<th>Reddito ISE annuo (2)<\/th>\n<\/tr>\n<tr>\n<td colspan=\"2\">Capo Missione<\/td>\n<td>\u00a0\u20ac 45.328,32<\/td>\n<\/tr>\n<tr>\n<td colspan=\"2\">Ministro<\/td>\n<td>\u00a0\u20ac 36.837,84<\/td>\n<\/tr>\n<tr>\n<td colspan=\"2\">Console Generale di prima classe<\/td>\n<td>\u00a0\u20ac 34.705,92<\/td>\n<\/tr>\n<tr>\n<td colspan=\"2\">Ministro Consigliere<\/td>\n<td>\u00a0\u20ac 33.590,40<\/td>\n<\/tr>\n<tr>\n<td colspan=\"2\">Console Generale<\/td>\n<td>\u00a0\u20ac 33.094,56<\/td>\n<\/tr>\n<tr>\n<td colspan=\"2\">Primo Consigliere o Console Generale aggiunto presso Consolato Generale di prima classe<\/td>\n<td>\u00a0\u20ac 30.305,76<\/td>\n<\/tr>\n<tr>\n<td colspan=\"2\">Consigliere o Console presso Consolato Generale di prima classe<\/td>\n<td>\u00a0\u20ac 27.913,44<\/td>\n<\/tr>\n<tr>\n<td colspan=\"2\">Console di prima classe<\/td>\n<td>\u00a0\u20ac\u00a027.913,44<\/td>\n<\/tr>\n<tr>\n<td colspan=\"2\">Capo di Consolato<\/td>\n<td>\u00a0\u20ac\u00a023.599,92<\/td>\n<\/tr>\n<tr>\n<td colspan=\"2\">Primo Segretario o Console presso Consolato Generale o Console aggiunto presso Consolato Generale di prima classe<\/td>\n<td>\u00a0\u20ac\u00a023.116,56<\/td>\n<\/tr>\n<tr>\n<td colspan=\"2\">Capo di Vice Consolato<\/td>\n<td>\u00a0\u20ac\u00a022.310,88<\/td>\n<\/tr>\n<tr>\n<td colspan=\"2\">Secondo Segretario o Vice Console<\/td>\n<td>\u00a0\u20ac 22.310,88<\/td>\n<\/tr>\n<tr>\n<td colspan=\"2\">Capo di Agenzia Consolare<\/td>\n<td>\u00a0\u20ac 22.125,12<\/td>\n<\/tr>\n<tr>\n<td colspan=\"2\">Esperto amministrativo capo<\/td>\n<td>\u00a0\u20ac 33.156,48<\/td>\n<\/tr>\n<tr>\n<td colspan=\"2\">Esperto amministrativo<\/td>\n<td>\u00a0\u20ac 27.913,44<\/td>\n<\/tr>\n<tr>\n<td colspan=\"2\">Direttore di Istituto Italiano di Cultura<\/td>\n<td>\u00a0\u20ac 24.913,92<\/td>\n<\/tr>\n<\/tbody>\n<\/table>\n<p><span style=\"font-size: 8pt;\"><em><strong>(1)<\/strong> In base all&#8217;art. 51 comma 8 del TUIR DPR n. 917\/1986, se per i servizi prestati all&#8217;estero dai dipendenti delle amministrazioni statali la legge prevede la corresponsione di una indennit\u00e0 base e di maggiorazioni ad esse collegate, concorre a formare reddito l&#8217;indennit\u00e0 base nella misura del 50 per cento nonch\u00e9 il 50 per cento delle maggiorazioni percepite fino alla concorrenza di due volte l&#8217;indennit\u00e0 base.<\/em><\/span><\/p>\n<p><span style=\"font-size: 8pt;\"><em><strong>(2)<\/strong> L&#8217;Indennit\u00e0 di Servizio Estero (ISE) viene corrisposta mensilmente per dodici mensilit\u00e0<\/em><\/span>.<\/p>\n<table style=\"border-collapse: collapse; width: 94px;\" border=\"0\" cellspacing=\"0\" cellpadding=\"0\">\n<tbody>\n<tr style=\"height: 15.75pt;\">\n<td class=\"xl63\" style=\"height: 15.75pt; width: 71pt;\" width=\"94\" height=\"21\">\u00a0\u00a0\u00a0 57.892,87 \u20ac<\/td>\n<\/tr>\n<\/tbody>\n<\/table>\n","protected":false},"excerpt":{"rendered":"Retribuzioni annue lorde (1), comprensive della tredicesima mensilit\u00e0, corrisposte ai gradi della carriera diplomatica titolari di struttura dirigenziale ex DPR 195\/2022 (Triennio Economico 2019-2021) \u2013\u00a0 importi validi dal 01.01.2021 Funzione Grado Fascia Stipendio Tabellare Indennit\u00e0 Integrativa speciale (IIS) Retribuzione di posizione Retribuzione di risultato (2)\u00a0 Totale annuo lordo (3) Segretario Generale Ambasciatore A 103.957,19 \u20ac [&hellip;]","protected":false},"author":1,"featured_media":0,"parent":27701,"menu_order":3,"comment_status":"closed","ping_status":"closed","template":"page-trasparente.php","meta":{"footnotes":""},"class_list":["post-27704","page","type-page","status-publish","hentry"],"_links":{"self":[{"href":"https:\/\/www.esteri.it\/it\/wp-json\/wp\/v2\/pages\/27704","targetHints":{"allow":["GET"]}}],"collection":[{"href":"https:\/\/www.esteri.it\/it\/wp-json\/wp\/v2\/pages"}],"about":[{"href":"https:\/\/www.esteri.it\/it\/wp-json\/wp\/v2\/types\/page"}],"author":[{"embeddable":true,"href":"https:\/\/www.esteri.it\/it\/wp-json\/wp\/v2\/users\/1"}],"replies":[{"embeddable":true,"href":"https:\/\/www.esteri.it\/it\/wp-json\/wp\/v2\/comments?post=27704"}],"version-history":[{"count":15,"href":"https:\/\/www.esteri.it\/it\/wp-json\/wp\/v2\/pages\/27704\/revisions"}],"predecessor-version":[{"id":179364,"href":"https:\/\/www.esteri.it\/it\/wp-json\/wp\/v2\/pages\/27704\/revisions\/179364"}],"up":[{"embeddable":true,"href":"https:\/\/www.esteri.it\/it\/wp-json\/wp\/v2\/pages\/27701"}],"wp:attachment":[{"href":"https:\/\/www.esteri.it\/it\/wp-json\/wp\/v2\/media?parent=27704"}],"curies":[{"name":"wp","href":"https:\/\/api.w.org\/{rel}","templated":true}]}}